{"id":10,"date":"2012-06-22T09:37:13","date_gmt":"2012-06-22T07:37:13","guid":{"rendered":"http:\/\/semmelweis-egyetem.hu\/farmakoterapia\/?page_id=10"},"modified":"2022-09-09T09:34:20","modified_gmt":"2022-09-09T07:34:20","slug":"tortenet","status":"publish","type":"page","link":"https:\/\/semmelweis.hu\/pharmacology\/a-farmakologiai-es-farmakoterapias-intezetrol\/tortenet\/","title":{"rendered":"Farmakol\u00f3giai \u00e9s Farmakoter\u00e1pi\u00e1s Int\u00e9zet t\u00f6rt\u00e9nete"},"content":{"rendered":"<p>Az els\u0151 \u00f6n\u00e1ll\u00f3 Gy\u00f3gyszertani Int\u00e9zetet Magyarorsz\u00e1gon, Pesten, 1872-ben alap\u00edtott\u00e1k, nem sokkal azut\u00e1n, hogy m\u00e1s, k\u00fclf\u00f6ldi egyetemeken is l\u00e9trej\u00f6ttek ilyen tansz\u00e9kek. Azt megel\u0151z\u0151en a gy\u00f3gyszertant az \u00e9lettan, k\u00e9s\u0151bb a patol\u00f3gia keret\u00e9ben oktatt\u00e1k. Az 1884\/85-\u00f6s \u00e9vben k\u00f6lt\u00f6z\u00f6tt \u00e1t a Gy\u00f3gyszertani Int\u00e9zet az \u00dcll\u0151i \u00fat 26. sz\u00e1m alatti \u00e9p\u00fcletbe, ahol k\u00f6zel 100 \u00e9vig folytatta a hallgat\u00f3k oktat\u00e1s\u00e1t \u00e9s az egyre nagyobb teret kapott kutat\u00e1st. 1978-ban a Gy\u00f3gyszertani Int\u00e9zet az egyetem \u00faj elm\u00e9leti k\u00f6zpontj\u00e1ba, a Nagyv\u00e1rad-t\u00e9ri Elm\u00e9leti T\u00f6mbbe (NET) k\u00f6lt\u00f6z\u00f6tt. Az int\u00e9zet a 22 emeletes \u00e9p\u00fclet 3-5. emelet\u00e9t foglalja el. A Gy\u00f3gyszertani Int\u00e9zet neve 1999-ben v\u00e1ltozott Farmakol\u00f3gia \u00e9s Farmakoter\u00e1pi\u00e1s Int\u00e9zetre, ami utal az int\u00e9zeti profil b\u0151v\u00fcl\u00e9s\u00e9re.<\/p>\n<p>Az int\u00e9zet jelenlegi igazgat\u00f3ja 2011 \u00f3ta Ferdinandy P\u00e9ter. Kor\u00e1bbi igazgat\u00f3i: Balogh K\u00e1lm\u00e1n (1871-1888), B\u00f3kai (B\u00f3kay) \u00c1rp\u00e1d (1890-1919), V\u00e1mossy Zolt\u00e1n (1919-1939), Issekutz B\u00e9la (1939-1962), Knoll J\u00f3zsef (1963-1993), Kelemen K\u00e1roly (1993-1994), F\u00fcrst Zsuzsanna (1994-2004) \u00e9s Gyires Kl\u00e1ra (2004-2011).<\/p>\n<h4><strong>Az int\u00e9zet igazgat\u00f3i:\u00a0<\/strong><\/h4>\n<p>\n<a href=\"https:\/\/semmelweis.hu\/pharmacology\/files\/2014\/01\/balogh.jpg\"><img loading=\"lazy\" decoding=\"async\" class=\"alignright\" src=\"https:\/\/semmelweis.hu\/pharmacology\/files\/2014\/01\/balogh.jpg\" alt=\"balogh\" width=\"150\" height=\"200\" \/><\/a><strong>Balogh K\u00e1lm\u00e1n<\/strong> <br \/>\n(1871-1888)<\/p>\n<hr \/>\n<p><a href=\"https:\/\/semmelweis.hu\/pharmacology\/files\/2014\/01\/bokay.jpg\"><img loading=\"lazy\" decoding=\"async\" class=\"alignright\" src=\"https:\/\/semmelweis.hu\/pharmacology\/files\/2014\/01\/bokay.jpg\" alt=\"bokay\" width=\"150\" height=\"204\" \/><\/a><strong>B\u00f3kai (B\u00f3kay) \u00c1rp\u00e1d<\/strong> <br \/>\n(1890-1919)<\/p>\n<hr \/>\n<p><a href=\"https:\/\/semmelweis.hu\/pharmacology\/files\/2014\/01\/vamossy.jpg\"><img loading=\"lazy\" decoding=\"async\" class=\"alignright\" src=\"https:\/\/semmelweis.hu\/pharmacology\/files\/2014\/01\/vamossy.jpg\" alt=\"vamossy\" width=\"150\" height=\"204\" \/><\/a><strong>V\u00e1mossy Zolt\u00e1n<\/strong> <br \/>\n(1919-1939)<\/p>\n<hr \/>\n<p><a href=\"https:\/\/semmelweis.hu\/pharmacology\/files\/2014\/01\/is.jpg\"><img loading=\"lazy\" decoding=\"async\" class=\"alignright\" src=\"https:\/\/semmelweis.hu\/pharmacology\/files\/2014\/01\/is.jpg\" alt=\"is\" width=\"150\" height=\"201\" \/><\/a><strong>Issekutz B\u00e9la<\/strong> <br \/>\n(1939-1962)<\/p>\n<hr \/>\n<p><a href=\"https:\/\/semmelweis.hu\/pharmacology\/files\/2014\/01\/Knoll.jpg\"><img loading=\"lazy\" decoding=\"async\" class=\"alignright\" src=\"https:\/\/semmelweis.hu\/pharmacology\/files\/2014\/01\/Knoll.jpg\" alt=\"Knoll\" width=\"150\" height=\"203\" \/><\/a><strong>Knoll J\u00f3zsef<\/strong> <br \/>\n(1963-1993)<\/p>\n<hr \/>\n<p><a href=\"https:\/\/semmelweis.hu\/pharmacology\/files\/2014\/01\/92ig.jpg\"><img loading=\"lazy\" decoding=\"async\" class=\"alignright\" src=\"https:\/\/semmelweis.hu\/pharmacology\/files\/2014\/01\/92ig.jpg\" alt=\"kelemen\" width=\"148\" height=\"210\" \/><\/a><strong>Kelemen K\u00e1roly<\/strong> <br \/>\n(1993-1994)<\/p>\n<hr \/>\n<p>\u00a0<a href=\"https:\/\/semmelweis.hu\/pharmacology\/files\/2014\/01\/F\u00fcrst-e1390293217904.jpg\"><img loading=\"lazy\" decoding=\"async\" class=\"alignright\" src=\"https:\/\/semmelweis.hu\/pharmacology\/files\/2014\/01\/F\u00fcrst-199x300.jpg\" alt=\"F\u00fcrst\" width=\"133\" height=\"201\" \/><\/a><strong>F\u00fcrst Zsuzsanna<\/strong> <br \/>\n(1994-2004)<\/p>\n<hr \/>\n<p><a href=\"https:\/\/semmelweis.hu\/pharmacology\/files\/2014\/01\/Gyires-e1390293240224.jpg\"><img loading=\"lazy\" decoding=\"async\" class=\"alignright\" src=\"https:\/\/semmelweis.hu\/pharmacology\/files\/2014\/01\/Gyires-199x300.jpg\" alt=\"Gyires\" width=\"133\" height=\"201\" \/><\/a><strong>Gyires Kl\u00e1ra<\/strong> <br \/>\n(2004-2011)<\/p>\n<hr \/>\n<p><a href=\"https:\/\/semmelweis.hu\/pharmacology\/files\/2014\/01\/Ferdinandy.jpg\"><img loading=\"lazy\" decoding=\"async\" class=\"alignright\" src=\"https:\/\/semmelweis.hu\/pharmacology\/files\/2014\/01\/Ferdinandy-225x300.jpg\" alt=\"Ferdinandy\" width=\"150\" height=\"200\" \/><\/a><strong>Ferdinandy P\u00e9ter<\/strong> <br \/>\n(2011-)<\/p>\n<p>&nbsp;<\/p>\n","protected":false},"excerpt":{"rendered":"<p>Az els\u0151 \u00f6n\u00e1ll\u00f3 Gy\u00f3gyszertani Int\u00e9zetet Magyarorsz\u00e1gon, Pesten, 1872-ben alap\u00edtott\u00e1k, nem sokkal azut\u00e1n, hogy m\u00e1s, k\u00fclf\u00f6ldi egyetemeken is l\u00e9trej\u00f6ttek ilyen tansz\u00e9kek. Azt megel\u0151z\u0151en a gy\u00f3gyszertant az \u00e9lettan, k\u00e9s\u0151bb a patol\u00f3gia keret\u00e9ben oktatt\u00e1k. Az 1884\/85-\u00f6s \u00e9vben k\u00f6lt\u00f6z\u00f6tt \u00e1t a Gy\u00f3gyszertani Int\u00e9zet az \u00dcll\u0151i \u00fat 26. sz\u00e1m alatti \u00e9p\u00fcletbe, ahol k\u00f6zel 100 \u00e9vig folytatta a hallgat\u00f3k oktat\u00e1s\u00e1t \u00e9s &hellip;<\/p>\n","protected":false},"author":12,"featured_media":0,"parent":2861,"menu_order":0,"comment_status":"closed","ping_status":"closed","template":"","meta":{"_acf_changed":false,"footnotes":""},"categories":[],"tags":[],"class_list":["post-10","page","type-page","status-publish","hentry"],"acf":[],"_links":{"self":[{"href":"https:\/\/semmelweis.hu\/pharmacology\/wp-json\/wp\/v2\/pages\/10","targetHints":{"allow":["GET"]}}],"collection":[{"href":"https:\/\/semmelweis.hu\/pharmacology\/wp-json\/wp\/v2\/pages"}],"about":[{"href":"https:\/\/semmelweis.hu\/pharmacology\/wp-json\/wp\/v2\/types\/page"}],"author":[{"embeddable":true,"href":"https:\/\/semmelweis.hu\/pharmacology\/wp-json\/wp\/v2\/users\/12"}],"replies":[{"embeddable":true,"href":"https:\/\/semmelweis.hu\/pharmacology\/wp-json\/wp\/v2\/comments?post=10"}],"version-history":[{"count":11,"href":"https:\/\/semmelweis.hu\/pharmacology\/wp-json\/wp\/v2\/pages\/10\/revisions"}],"predecessor-version":[{"id":11643,"href":"https:\/\/semmelweis.hu\/pharmacology\/wp-json\/wp\/v2\/pages\/10\/revisions\/11643"}],"up":[{"embeddable":true,"href":"https:\/\/semmelweis.hu\/pharmacology\/wp-json\/wp\/v2\/pages\/2861"}],"wp:attachment":[{"href":"https:\/\/semmelweis.hu\/pharmacology\/wp-json\/wp\/v2\/media?parent=10"}],"wp:term":[{"taxonomy":"category","embeddable":true,"href":"https:\/\/semmelweis.hu\/pharmacology\/wp-json\/wp\/v2\/categories?post=10"},{"taxonomy":"post_tag","embeddable":true,"href":"https:\/\/semmelweis.hu\/pharmacology\/wp-json\/wp\/v2\/tags?post=10"}],"curies":[{"name":"wp","href":"https:\/\/api.w.org\/{rel}","templated":true}]}}