{"id":5,"date":"2021-01-19T13:11:18","date_gmt":"2021-01-19T12:11:18","guid":{"rendered":"https:\/\/semmelweis.hu\/petokonyvtar\/?page_id=5"},"modified":"2023-11-20T13:29:54","modified_gmt":"2023-11-20T12:29:54","slug":"a-konyvtarrol","status":"publish","type":"page","link":"https:\/\/semmelweis.hu\/petokonyvtar\/a-konyvtarrol\/","title":{"rendered":"A k\u00f6nyvt\u00e1rr\u00f3l"},"content":{"rendered":"<p>A Pet\u0151 Andr\u00e1s Karon m\u0171k\u00f6d\u0151\u00a0<strong>H\u00e1ri<\/strong>\u00a0<strong>M\u00e1ria Kari K\u00f6nyvt\u00e1r \u00e9s Forr\u00e1sk\u00f6zpont <\/strong><strong>a kondukt\u00edv pedag\u00f3gia<\/strong>, valamint a\u00a0<strong>konduktor-k\u00e9pz\u00e9s<\/strong>, illetve tov\u00e1bbk\u00e9pz\u00e9s\u00a0<strong>szakk\u00f6nyvt\u00e1ra<\/strong>.<\/p>\n<p>Feladatunk a <strong>mozg\u00e1ss\u00e9r\u00fcltek kondukt\u00edv nevel\u00e9s\u00e9vel<\/strong> foglalkoz\u00f3 int\u00e9zm\u00e9nyek munkat\u00e1rsainak \u00e9s hallgat\u00f3inak ell\u00e1t\u00e1sa az oktat\u00e1shoz, szakszer\u0171 tev\u00e9kenys\u00e9ghez sz\u00fcks\u00e9ges szakirodalommal, valamint <strong>inform\u00e1ci\u00f3 szolg\u00e1ltat\u00e1sa<\/strong> a kondukt\u00edv nevel\u00e9s ir\u00e1nt \u00e9rdekl\u0151d\u0151k sz\u00e1m\u00e1ra.<\/p>\n<p>A k\u00f6nyvt\u00e1r gy\u0171jtem\u00e9nye <strong>orsz\u00e1gos szinten egyed\u00fcl\u00e1ll\u00f3<\/strong>. C\u00e9lunk, hogy szakirodalmi szolg\u00e1ltat\u00e1saink r\u00e9v\u00e9n seg\u00edts\u00fck a kondukt\u00edv nevel\u00e9sben r\u00e9szes\u00fcl\u0151 mozg\u00e1ss\u00e9r\u00fcltek <strong>\u00e9letvitel\u00e9t, t\u00e1rsadalmi integr\u00e1ci\u00f3j\u00e1t.\u00a0<\/strong><\/p>\n\r\n        [slb_exclude]\r\n        <div class=\"row galeria-wrapper mx-0 h-auto\">\r\n            <div class=\"col-9 pl-0 pr-2\">\r\n            <span class=\"gallery-item frame\">\r\n\t\t\t\t<div class=\"galeria-left-img\"><a href=\"https:\/\/semmelweis.hu\/petokonyvtar\/files\/2023\/11\/RS106114_C19A7961-scr.jpg\"><img src=https:\/\/semmelweis.hu\/petokonyvtar\/files\/2023\/11\/RS106114_C19A7961-scr.jpg  \r\n                            alt=\"\" \r\n                            class=\"attachment-sote-gallery-big size-sote-gallery-big\" \r\n                            srcset=\"https:\/\/semmelweis.hu\/petokonyvtar\/files\/2023\/11\/RS106114_C19A7961-scr-400x267.jpg 400w, https:\/\/semmelweis.hu\/petokonyvtar\/files\/2023\/11\/RS106114_C19A7961-scr-1024x683.jpg 1024w, https:\/\/semmelweis.hu\/petokonyvtar\/files\/2023\/11\/RS106114_C19A7961-scr-768x512.jpg 768w, https:\/\/semmelweis.hu\/petokonyvtar\/files\/2023\/11\/RS106114_C19A7961-scr-753x502.jpg 753w, https:\/\/semmelweis.hu\/petokonyvtar\/files\/2023\/11\/RS106114_C19A7961-scr-203x135.jpg 203w, https:\/\/semmelweis.hu\/petokonyvtar\/files\/2023\/11\/RS106114_C19A7961-scr.jpg 1200w\" ><\/a><\/div>\r\n            <\/span>\r\n\r\n            <\/div>\r\n\r\n\t\t\t<div class=\"col-3 pl-0 pr-0\">\r\n\t\t\t\t<div class=\"galeria-right-img d-flex justify-content-between flex-column h-100 w-100 px-0 mx-0 \">\r\n                <div class=\"galeria-box\">\r\n\t\t\t\t\t<h3 class=\"galeria-title\">Gal\u00e9ria<\/h3>\r\n\t\t\t\t\t<div class=\"galeria-subtitle\">\r\n\r\n\t\t\t\t\t\t<div class=\"galeria-page-counter\"><span>7<\/span>k\u00e9p<\/div>\r\n                    <\/div> <\/div>\r\n                    <span class=\"gallery-item frame d-none d-md-flex\">\r\n\t\t\t\t\t<div class=\"galeria-small-img mt-0\"><a href=\"https:\/\/semmelweis.hu\/petokonyvtar\/files\/2023\/11\/RS106113_C19A7968-scr.jpg\"><img src=https:\/\/semmelweis.hu\/petokonyvtar\/files\/2023\/11\/RS106113_C19A7968-scr.jpg \r\n                                alt=\"\"  \r\n                                class=\"attachment-sote-gallery-small size-sote-gallery-small\" \r\n                                srcset=\"https:\/\/semmelweis.hu\/petokonyvtar\/files\/2023\/11\/RS106113_C19A7968-scr-400x267.jpg 400w, https:\/\/semmelweis.hu\/petokonyvtar\/files\/2023\/11\/RS106113_C19A7968-scr-1024x683.jpg 1024w, https:\/\/semmelweis.hu\/petokonyvtar\/files\/2023\/11\/RS106113_C19A7968-scr-768x512.jpg 768w, https:\/\/semmelweis.hu\/petokonyvtar\/files\/2023\/11\/RS106113_C19A7968-scr-753x502.jpg 753w, https:\/\/semmelweis.hu\/petokonyvtar\/files\/2023\/11\/RS106113_C19A7968-scr-203x135.jpg 203w, https:\/\/semmelweis.hu\/petokonyvtar\/files\/2023\/11\/RS106113_C19A7968-scr.jpg 1200w\" ><\/a><\/div>\r\n                    <\/span>\r\n                    <span class=\"gallery-item frame d-none d-md-flex\">\r\n\t\t\t\t\t<div class=\"galeria-small-img mt-0\"><a href=\"https:\/\/semmelweis.hu\/petokonyvtar\/files\/2023\/11\/RS106109_C19A7983-scr.jpg\"><img src=https:\/\/semmelweis.hu\/petokonyvtar\/files\/2023\/11\/RS106109_C19A7983-scr.jpg \r\n                                alt=\"\" \r\n                                class=\"attachment-sote-gallery-small size-sote-gallery-small\" \r\n                                srcset=\"https:\/\/semmelweis.hu\/petokonyvtar\/files\/2023\/11\/RS106109_C19A7983-scr-400x267.jpg 400w, https:\/\/semmelweis.hu\/petokonyvtar\/files\/2023\/11\/RS106109_C19A7983-scr-1024x683.jpg 1024w, https:\/\/semmelweis.hu\/petokonyvtar\/files\/2023\/11\/RS106109_C19A7983-scr-768x512.jpg 768w, https:\/\/semmelweis.hu\/petokonyvtar\/files\/2023\/11\/RS106109_C19A7983-scr-753x502.jpg 753w, https:\/\/semmelweis.hu\/petokonyvtar\/files\/2023\/11\/RS106109_C19A7983-scr-203x135.jpg 203w, https:\/\/semmelweis.hu\/petokonyvtar\/files\/2023\/11\/RS106109_C19A7983-scr.jpg 1200w\" ><\/a><\/div>\r\n                    <\/span>\r\n\r\n                <\/div>\r\n\r\n            <\/div>\r\n\r\n            <span class=\"gallery-item\"><div class=\"hidden\"><a href=\"https:\/\/semmelweis.hu\/petokonyvtar\/files\/2023\/11\/RS106121_C19A7916-scr.jpg\">\r\n        <img src=https:\/\/semmelweis.hu\/petokonyvtar\/files\/2023\/11\/RS106121_C19A7916-scr.jpg alt=\"\" class=\"attachment-sote-gallery-big size-sote-gallery-big\" srcset=\"https:\/\/semmelweis.hu\/petokonyvtar\/files\/2023\/11\/RS106121_C19A7916-scr-400x267.jpg 400w, https:\/\/semmelweis.hu\/petokonyvtar\/files\/2023\/11\/RS106121_C19A7916-scr-1024x683.jpg 1024w, https:\/\/semmelweis.hu\/petokonyvtar\/files\/2023\/11\/RS106121_C19A7916-scr-768x512.jpg 768w, https:\/\/semmelweis.hu\/petokonyvtar\/files\/2023\/11\/RS106121_C19A7916-scr-753x502.jpg 753w, https:\/\/semmelweis.hu\/petokonyvtar\/files\/2023\/11\/RS106121_C19A7916-scr-203x135.jpg 203w, https:\/\/semmelweis.hu\/petokonyvtar\/files\/2023\/11\/RS106121_C19A7916-scr.jpg 1200w\" >\r\n        <\/a><\/div><\/span><span class=\"gallery-item\"><div class=\"hidden\"><a href=\"https:\/\/semmelweis.hu\/petokonyvtar\/files\/2023\/11\/RS106117_C19A7943-scr.jpg\">\r\n        <img src=https:\/\/semmelweis.hu\/petokonyvtar\/files\/2023\/11\/RS106117_C19A7943-scr.jpg alt=\"\" class=\"attachment-sote-gallery-big size-sote-gallery-big\" srcset=\"https:\/\/semmelweis.hu\/petokonyvtar\/files\/2023\/11\/RS106117_C19A7943-scr-400x258.jpg 400w, https:\/\/semmelweis.hu\/petokonyvtar\/files\/2023\/11\/RS106117_C19A7943-scr-1024x660.jpg 1024w, https:\/\/semmelweis.hu\/petokonyvtar\/files\/2023\/11\/RS106117_C19A7943-scr-768x495.jpg 768w, https:\/\/semmelweis.hu\/petokonyvtar\/files\/2023\/11\/RS106117_C19A7943-scr-753x485.jpg 753w, https:\/\/semmelweis.hu\/petokonyvtar\/files\/2023\/11\/RS106117_C19A7943-scr.jpg 1200w\" >\r\n        <\/a><\/div><\/span><span class=\"gallery-item\"><div class=\"hidden\"><a href=\"https:\/\/semmelweis.hu\/petokonyvtar\/files\/2023\/11\/RS106119_C19A7939-scr.jpg\">\r\n        <img src=https:\/\/semmelweis.hu\/petokonyvtar\/files\/2023\/11\/RS106119_C19A7939-scr.jpg alt=\"\" class=\"attachment-sote-gallery-big size-sote-gallery-big\" srcset=\"https:\/\/semmelweis.hu\/petokonyvtar\/files\/2023\/11\/RS106119_C19A7939-scr-400x255.jpg 400w, https:\/\/semmelweis.hu\/petokonyvtar\/files\/2023\/11\/RS106119_C19A7939-scr-1024x653.jpg 1024w, https:\/\/semmelweis.hu\/petokonyvtar\/files\/2023\/11\/RS106119_C19A7939-scr-768x490.jpg 768w, https:\/\/semmelweis.hu\/petokonyvtar\/files\/2023\/11\/RS106119_C19A7939-scr-753x480.jpg 753w, https:\/\/semmelweis.hu\/petokonyvtar\/files\/2023\/11\/RS106119_C19A7939-scr.jpg 1200w\" >\r\n        <\/a><\/div><\/span><span class=\"gallery-item\"><div class=\"hidden\"><a href=\"https:\/\/semmelweis.hu\/petokonyvtar\/files\/2023\/11\/RS106124_C19A7906-scr.jpg\">\r\n        <img src=https:\/\/semmelweis.hu\/petokonyvtar\/files\/2023\/11\/RS106124_C19A7906-scr.jpg alt=\"\" class=\"attachment-sote-gallery-big size-sote-gallery-big\" srcset=\"https:\/\/semmelweis.hu\/petokonyvtar\/files\/2023\/11\/RS106124_C19A7906-scr-400x267.jpg 400w, https:\/\/semmelweis.hu\/petokonyvtar\/files\/2023\/11\/RS106124_C19A7906-scr-1024x683.jpg 1024w, https:\/\/semmelweis.hu\/petokonyvtar\/files\/2023\/11\/RS106124_C19A7906-scr-768x512.jpg 768w, https:\/\/semmelweis.hu\/petokonyvtar\/files\/2023\/11\/RS106124_C19A7906-scr-753x502.jpg 753w, https:\/\/semmelweis.hu\/petokonyvtar\/files\/2023\/11\/RS106124_C19A7906-scr-203x135.jpg 203w, https:\/\/semmelweis.hu\/petokonyvtar\/files\/2023\/11\/RS106124_C19A7906-scr.jpg 1200w\" >\r\n        <\/a><\/div><\/span>\r\n            <\/div>\r\n\r\n            [\/slb_exclude]\r\n\t\n","protected":false},"excerpt":{"rendered":"<p>A Pet\u0151 Andr\u00e1s Karon m\u0171k\u00f6d\u0151\u00a0H\u00e1ri\u00a0M\u00e1ria Kari K\u00f6nyvt\u00e1r \u00e9s Forr\u00e1sk\u00f6zpont a kondukt\u00edv pedag\u00f3gia, valamint a\u00a0konduktor-k\u00e9pz\u00e9s, illetve tov\u00e1bbk\u00e9pz\u00e9s\u00a0szakk\u00f6nyvt\u00e1ra. Feladatunk a mozg\u00e1ss\u00e9r\u00fcltek kondukt\u00edv nevel\u00e9s\u00e9vel foglalkoz\u00f3 int\u00e9zm\u00e9nyek munkat\u00e1rsainak, hallgat\u00f3inak \u00e9s neveltjeinek ell\u00e1t\u00e1sa az oktat\u00e1shoz, szakszer\u0171 tev\u00e9kenys\u00e9ghez sz\u00fcks\u00e9ges szakirodalommal, valamint inform\u00e1ci\u00f3t ny\u00fajtunk a kondukt\u00edv nevel\u00e9s ir\u00e1nt \u00e9rdekl\u0151d\u0151k sz\u00e1m\u00e1ra.<\/p>\n","protected":false},"author":12,"featured_media":0,"parent":0,"menu_order":0,"comment_status":"closed","ping_status":"closed","template":"","meta":{"_acf_changed":false,"footnotes":""},"categories":[],"tags":[],"class_list":["post-5","page","type-page","status-publish","hentry"],"acf":[],"_links":{"self":[{"href":"https:\/\/semmelweis.hu\/petokonyvtar\/wp-json\/wp\/v2\/pages\/5","targetHints":{"allow":["GET"]}}],"collection":[{"href":"https:\/\/semmelweis.hu\/petokonyvtar\/wp-json\/wp\/v2\/pages"}],"about":[{"href":"https:\/\/semmelweis.hu\/petokonyvtar\/wp-json\/wp\/v2\/types\/page"}],"author":[{"embeddable":true,"href":"https:\/\/semmelweis.hu\/petokonyvtar\/wp-json\/wp\/v2\/users\/12"}],"replies":[{"embeddable":true,"href":"https:\/\/semmelweis.hu\/petokonyvtar\/wp-json\/wp\/v2\/comments?post=5"}],"version-history":[{"count":6,"href":"https:\/\/semmelweis.hu\/petokonyvtar\/wp-json\/wp\/v2\/pages\/5\/revisions"}],"predecessor-version":[{"id":1318,"href":"https:\/\/semmelweis.hu\/petokonyvtar\/wp-json\/wp\/v2\/pages\/5\/revisions\/1318"}],"wp:attachment":[{"href":"https:\/\/semmelweis.hu\/petokonyvtar\/wp-json\/wp\/v2\/media?parent=5"}],"wp:term":[{"taxonomy":"category","embeddable":true,"href":"https:\/\/semmelweis.hu\/petokonyvtar\/wp-json\/wp\/v2\/categories?post=5"},{"taxonomy":"post_tag","embeddable":true,"href":"https:\/\/semmelweis.hu\/petokonyvtar\/wp-json\/wp\/v2\/tags?post=5"}],"curies":[{"name":"wp","href":"https:\/\/api.w.org\/{rel}","templated":true}]}}