{"id":480,"date":"2021-12-20T10:41:23","date_gmt":"2021-12-20T09:41:23","guid":{"rendered":"https:\/\/semmelweis.hu\/petokonyvtar\/?page_id=480"},"modified":"2025-05-12T13:58:05","modified_gmt":"2025-05-12T11:58:05","slug":"ajanlott-irodalom","status":"publish","type":"page","link":"https:\/\/semmelweis.hu\/petokonyvtar\/informacioforrasok\/ajanlott-irodalom\/","title":{"rendered":"Aj\u00e1nlott irodalom magyar nyelven"},"content":{"rendered":"<ul>\n<li><a href=\"https:\/\/semmelweis.hu\/petokonyvtar\/informacioforrasok\/konduktiv-pedagogia-szakirodalma\/ami-a-konpeditabol-kimaradt\/\" target=\"_blank\" rel=\"noopener\">Ami a Konpedit\u00e1b\u00f3l kimaradt, de fontos szakirodalom<\/a><\/li>\n<\/ul>\n<p>&nbsp;<\/p>\n<p><strong>Online el\u00e9rhet\u0151 aj\u00e1nlott dokumentumok<\/strong><\/p>\n<ul style=\"list-style-type: square\">\n<li>\n<p>363\/2012. (XII. 17.) Korm. rendelet\u00a0<strong>az \u00d3vodai nevel\u00e9s orsz\u00e1gos\u00a0alapprogramj\u00e1r\u00f3l<\/strong>.\u00a0<br \/>\n<a href=\"https:\/\/net.jogtar.hu\/jr\/gen\/hjegy_doc.cgi?docid=a1200363.kor\" target=\"_blank\" rel=\"noopener\">Megtekint\u00e9s a jogtar.hu-n<\/a><\/p>\n<\/li>\n<li>\n<p><strong>Pedag\u00f3giai \u00e9s szakm\u00f3dszertani tanulm\u00e1nyok.\u00a0<\/strong>Szerk. Karlovitz J\u00e1nos Tibor. 2016<br \/>\n<a href=\"http:\/\/www.irisro.org\/pedagogia2016kotet\/index.html\" target=\"_blank\" rel=\"noopener\">El\u00e9rhet\u0151 az International Research Institute oldal\u00e1n<\/a><\/p>\n<p><strong>Bauer Gabriella: Gyermekirodalmi sz\u00f6veggy\u0171jtem\u00e9ny<\/strong>: Egys\u00e9ges jegyzet (K\u00e9zirat. \u00d3v\u00f3n\u0151k\u00e9pz\u0151 Int\u00e9zetek) Tank\u00f6nyvkiad\u00f3, Budapest, 1989<br \/>\n<a href=\"https:\/\/www.scribd.com\/doc\/197259326\/Bauer-Gizella-Gyermekirodalmi-Szoveggy%C5%B1jtemeny\">A dokumentum megnyit\u00e1sa<\/a><\/p>\n<\/li>\n<\/ul>\n","protected":false},"excerpt":{"rendered":"<p><a href=\"https:\/\/semmelweis.hu\/petokonyvtar\/informacioforrasok\/konduktiv-pedagogia-szakirodalma\/ami-a-konpeditabol-kimaradt\/\" target=\"_blank\" rel=\"noopener\">Ami a Konpedit\u00e1b\u00f3l kimaradt, de fontos szakirodalom<\/a><\/p>\n<p>&nbsp;<br \/>\nOnline el\u00e9rhet\u0151 aj\u00e1nlott dokumentumok<\/p>\n<p>363\/2012. (XII. 17.) Korm. rendelet\u00a0az \u00d3vodai nevel\u00e9s orsz\u00e1gos\u00a0alapprogramj\u00e1r\u00f3l.\u00a0<br \/>\n<a href=\"https:\/\/net.jogtar.hu\/jr\/gen\/hjegy_doc.cgi?docid=a1200363.kor\" target=\"_blank\" rel=\"noopener\">Megtekint\u00e9s a jogtar.hu-n<\/a><\/p>\n<p>Pedag\u00f3giai \u00e9s szakm\u00f3dszertani tanulm\u00e1nyok.\u00a0Szerk. Karlovitz J\u00e1nos Tibor. 2016<br \/>\n<a href=\"http:\/\/www.irisro.org\/pedagogia2016kotet\/index.html\" target=\"_blank\" rel=\"noopener\">El\u00e9rhet\u0151 az International Research Institute oldal\u00e1n<\/a><br \/>\nBauer Gabriella: Gyermekirodalmi sz\u00f6veggy\u0171jtem\u00e9ny: Egys\u00e9ges jegyzet (K\u00e9zirat. \u00d3v\u00f3n\u0151k\u00e9pz\u0151 Int\u00e9zetek) Tank\u00f6nyvkiad\u00f3, Budapest, 1989<br \/>\n<a href=\"https:\/\/www.scribd.com\/doc\/197259326\/Bauer-Gizella-Gyermekirodalmi-Szoveggy%C5%B1jtemeny\">A dokumentum megnyit\u00e1sa<\/a><\/p>\n","protected":false},"author":101866,"featured_media":0,"parent":37,"menu_order":5,"comment_status":"closed","ping_status":"closed","template":"","meta":{"_acf_changed":false,"footnotes":""},"categories":[],"tags":[],"class_list":["post-480","page","type-page","status-publish","hentry"],"acf":[],"_links":{"self":[{"href":"https:\/\/semmelweis.hu\/petokonyvtar\/wp-json\/wp\/v2\/pages\/480","targetHints":{"allow":["GET"]}}],"collection":[{"href":"https:\/\/semmelweis.hu\/petokonyvtar\/wp-json\/wp\/v2\/pages"}],"about":[{"href":"https:\/\/semmelweis.hu\/petokonyvtar\/wp-json\/wp\/v2\/types\/page"}],"author":[{"embeddable":true,"href":"https:\/\/semmelweis.hu\/petokonyvtar\/wp-json\/wp\/v2\/users\/101866"}],"replies":[{"embeddable":true,"href":"https:\/\/semmelweis.hu\/petokonyvtar\/wp-json\/wp\/v2\/comments?post=480"}],"version-history":[{"count":6,"href":"https:\/\/semmelweis.hu\/petokonyvtar\/wp-json\/wp\/v2\/pages\/480\/revisions"}],"predecessor-version":[{"id":1076,"href":"https:\/\/semmelweis.hu\/petokonyvtar\/wp-json\/wp\/v2\/pages\/480\/revisions\/1076"}],"up":[{"embeddable":true,"href":"https:\/\/semmelweis.hu\/petokonyvtar\/wp-json\/wp\/v2\/pages\/37"}],"wp:attachment":[{"href":"https:\/\/semmelweis.hu\/petokonyvtar\/wp-json\/wp\/v2\/media?parent=480"}],"wp:term":[{"taxonomy":"category","embeddable":true,"href":"https:\/\/semmelweis.hu\/petokonyvtar\/wp-json\/wp\/v2\/categories?post=480"},{"taxonomy":"post_tag","embeddable":true,"href":"https:\/\/semmelweis.hu\/petokonyvtar\/wp-json\/wp\/v2\/tags?post=480"}],"curies":[{"name":"wp","href":"https:\/\/api.w.org\/{rel}","templated":true}]}}