{"id":475,"date":"2021-12-20T10:36:45","date_gmt":"2021-12-20T09:36:45","guid":{"rendered":"https:\/\/semmelweis.hu\/petokonyvtar\/?page_id=475"},"modified":"2025-05-12T13:59:58","modified_gmt":"2025-05-12T11:59:58","slug":"konduktiv-pedagogia-szakirodalma","status":"publish","type":"page","link":"https:\/\/semmelweis.hu\/petokonyvtar\/informacioforrasok\/konduktiv-pedagogia-szakirodalma\/","title":{"rendered":"Kondukt\u00edv pedag\u00f3gia szakirodalma"},"content":{"rendered":"<ul style=\"list-style-type: square\">\n<li>\n<p><a href=\"https:\/\/unisemmelweis.sharepoint.com\/sites\/KONPEDITA\" target=\"_blank\" rel=\"noopener\">KONPEDITA<\/a><strong> \u2013 <\/strong>a kondukt\u00edv pedag\u00f3gia digitaliz\u00e1lt szakirodalma\u00a0 &#8211; el\u00e9rhet\u0151 a <a href=\"https:\/\/semmelweis.hu\/petokonyvtar\/2023\/05\/23\/konpedita\/\" target=\"_blank\" rel=\"noopener\">PAK k\u00f6nyvt\u00e1r\u00e1ban<\/a>, illetve m\u00e1r <a href=\"https:\/\/semmelweis.hu\/petokonyvtar\/2023\/12\/11\/konpedita-otthonrol\/\" target=\"_blank\" rel=\"noopener\">t\u00e1volr\u00f3l<\/a> is. <br \/>\n(A <a href=\"https:\/\/semmelweis.hu\/petokonyvtar\/files\/2025\/02\/Konpedita_tartalomjegyzek.pdf\" target=\"_blank\" rel=\"noopener\">bet\u0171rendes c\u00edmlist\u00e1ban<\/a> ellen\u0151rizheti, hogy a keresett k\u00f6nyv benne van-e a KONPEDITA adatb\u00e1zisban)<\/p>\n<\/li>\n<li><a href=\"https:\/\/semmelweis.hu\/petokonyvtar\/informacioforrasok\/konduktiv-pedagogia-szakirodalma\/ami-a-konpeditabol-kimaradt\/\" target=\"_blank\" rel=\"noopener\">Ami a Konpedit\u00e1b\u00f3l kimaradt, de fontos szakirodalom<\/a><\/li>\n<\/ul>\n<p>&nbsp;<\/p>\n<ul style=\"list-style-type: square\">\n<li>\n<p><a href=\"https:\/\/semmelweis.hu\/pak\/files\/2017\/12\/Konduktiv_pedagogia_szakirodalom.pdf\" target=\"_blank\" rel=\"noopener\">A kondukt\u00edv pedag\u00f3gia \u00e9s szakirodalma \u2013 t\u00f6rt\u00e9neti \u00e1ttekint\u00e9s<\/a><\/p>\n<\/li>\n<li>\n<p><a href=\"https:\/\/semmelweis.hu\/pak\/files\/2017\/12\/konped_magyar.pdf\" target=\"_blank\" rel=\"noopener\">A kondukt\u00edv pedag\u00f3gia magyar nyelven megjelent szakirodalmi bibliogr\u00e1fi\u00e1ja (1955\u20132016)<\/a><\/p>\n<\/li>\n<li>\n<p><a href=\"https:\/\/semmelweis.hu\/pak\/files\/2017\/12\/konped_idegennyelvu.pdf\" target=\"_blank\" rel=\"noopener\">A kondukt\u00edv pedag\u00f3gia idegen nyelven megjelent szakirodalmi bibliogr\u00e1fi\u00e1ja\u00a0(1955\u20132016)\u00a0<\/a><\/p>\n<\/li>\n<li>\n<p><a href=\"https:\/\/semmelweis.hu\/petokonyvtar\/files\/2024\/11\/Konduktiv_Neveles_szakirodalma_2016-2024.pdf\" target=\"_blank\" rel=\"noopener\">A kondukt\u00edv pedag\u00f3gia magyar nyelv\u0171 szakirodalma 2016-2024<\/a>\u00a0<\/p>\n<\/li>\n<li><a href=\"https:\/\/semmelweis.hu\/petokonyvtar\/files\/2024\/11\/KP_Szakirodalom_angol_2016-2024.pdf\" target=\"_blank\" rel=\"noopener\">Idegen nyelven megjelent szakirodalom 2016-2024<\/a><\/li>\n<\/ul>\n<p>&nbsp;<\/p>\n<ul style=\"list-style-type: square\">\n<li><a href=\"https:\/\/semmelweis.hu\/petokonyvtar\/a-peto-andras-kar-munkatarsainak-kozlemenyei-mtmt-alapjan\/\" target=\"_blank\" rel=\"noopener\">A Pet\u0151 Andr\u00e1s Kar munkat\u00e1rsainak publik\u00e1ci\u00f3i az MTMT-ben<\/a><\/li>\n<\/ul>\n","protected":false},"excerpt":{"rendered":"<p><a href=\"https:\/\/unisemmelweis.sharepoint.com\/sites\/KONPEDITA\" target=\"_blank\" rel=\"noopener\">KONPEDITA<\/a> \u2013 a kondukt\u00edv pedag\u00f3gia digitaliz\u00e1lt szakirodalma\u00a0 &#8211; el\u00e9rhet\u0151 a <a href=\"https:\/\/semmelweis.hu\/petokonyvtar\/2023\/05\/23\/konpedita\/\" target=\"_blank\" rel=\"noopener\">PAK k\u00f6nyvt\u00e1r\u00e1ban<\/a>, illetve m\u00e1r <a href=\"https:\/\/semmelweis.hu\/petokonyvtar\/2023\/12\/11\/konpedita-otthonrol\/\" target=\"_blank\" rel=\"noopener\">t\u00e1volr\u00f3l<\/a> is.<br \/>\n(A <a href=\"https:\/\/semmelweis.hu\/petokonyvtar\/files\/2025\/02\/Konpedita_tartalomjegyzek.pdf\" target=\"_blank\" rel=\"noopener\">bet\u0171rendes c\u00edmlist\u00e1ban<\/a> ellen\u0151rizheti, hogy a keresett k\u00f6nyv benne van-e a KONPEDITA adatb\u00e1zisban)<\/p>\n<p><a href=\"https:\/\/semmelweis.hu\/petokonyvtar\/informacioforrasok\/konduktiv-pedagogia-szakirodalma\/ami-a-konpeditabol-kimaradt\/\" target=\"_blank\" rel=\"noopener\">Ami a Konpedit\u00e1b\u00f3l kimaradt, de fontos szakirodalom<\/a><\/p>\n<p>&nbsp;<\/p>\n<p><a href=\"https:\/\/semmelweis.hu\/pak\/files\/2017\/12\/Konduktiv_pedagogia_szakirodalom.pdf\" target=\"_blank\" rel=\"noopener\">A kondukt\u00edv pedag\u00f3gia \u00e9s szakirodalma \u2013 t\u00f6rt\u00e9neti \u00e1ttekint\u00e9s<\/a><\/p>\n<p><a href=\"https:\/\/semmelweis.hu\/pak\/files\/2017\/12\/konped_magyar.pdf\" target=\"_blank\" rel=\"noopener\">A kondukt\u00edv pedag\u00f3gia magyar nyelven megjelent szakirodalmi bibliogr\u00e1fi\u00e1ja (1955\u20132016)<\/a><\/p>\n<p><a href=\"https:\/\/semmelweis.hu\/pak\/files\/2017\/12\/konped_idegennyelvu.pdf\" target=\"_blank\" rel=\"noopener\">A kondukt\u00edv pedag\u00f3gia idegen nyelven megjelent szakirodalmi bibliogr\u00e1fi\u00e1ja\u00a0(1955\u20132016)\u00a0<\/a><\/p>\n<p><a href=\"https:\/\/semmelweis.hu\/petokonyvtar\/files\/2024\/11\/Konduktiv_Neveles_szakirodalma_2016-2024.pdf\" target=\"_blank\" rel=\"noopener\">A kondukt\u00edv pedag\u00f3gia magyar nyelv\u0171 szakirodalma 2016-2024<\/a>\u00a0<\/p>\n<p><a href=\"https:\/\/semmelweis.hu\/petokonyvtar\/files\/2024\/11\/KP_Szakirodalom_angol_2016-2024.pdf\" target=\"_blank\" rel=\"noopener\">Idegen nyelven megjelent szakirodalom 2016-2024<\/a><\/p>\n<p>&nbsp;<\/p>\n<p><a href=\"https:\/\/semmelweis.hu\/petokonyvtar\/a-peto-andras-kar-munkatarsainak-kozlemenyei-mtmt-alapjan\/\" target=\"_blank\" rel=\"noopener\">A Pet\u0151 Andr\u00e1s Kar munkat\u00e1rsainak publik\u00e1ci\u00f3i az MTMT-ben<\/a><\/p>\n","protected":false},"author":101866,"featured_media":0,"parent":37,"menu_order":0,"comment_status":"closed","ping_status":"closed","template":"","meta":{"_acf_changed":false,"footnotes":""},"categories":[],"tags":[],"class_list":["post-475","page","type-page","status-publish","hentry"],"acf":[],"_links":{"self":[{"href":"https:\/\/semmelweis.hu\/petokonyvtar\/wp-json\/wp\/v2\/pages\/475","targetHints":{"allow":["GET"]}}],"collection":[{"href":"https:\/\/semmelweis.hu\/petokonyvtar\/wp-json\/wp\/v2\/pages"}],"about":[{"href":"https:\/\/semmelweis.hu\/petokonyvtar\/wp-json\/wp\/v2\/types\/page"}],"author":[{"embeddable":true,"href":"https:\/\/semmelweis.hu\/petokonyvtar\/wp-json\/wp\/v2\/users\/101866"}],"replies":[{"embeddable":true,"href":"https:\/\/semmelweis.hu\/petokonyvtar\/wp-json\/wp\/v2\/comments?post=475"}],"version-history":[{"count":10,"href":"https:\/\/semmelweis.hu\/petokonyvtar\/wp-json\/wp\/v2\/pages\/475\/revisions"}],"predecessor-version":[{"id":1670,"href":"https:\/\/semmelweis.hu\/petokonyvtar\/wp-json\/wp\/v2\/pages\/475\/revisions\/1670"}],"up":[{"embeddable":true,"href":"https:\/\/semmelweis.hu\/petokonyvtar\/wp-json\/wp\/v2\/pages\/37"}],"wp:attachment":[{"href":"https:\/\/semmelweis.hu\/petokonyvtar\/wp-json\/wp\/v2\/media?parent=475"}],"wp:term":[{"taxonomy":"category","embeddable":true,"href":"https:\/\/semmelweis.hu\/petokonyvtar\/wp-json\/wp\/v2\/categories?post=475"},{"taxonomy":"post_tag","embeddable":true,"href":"https:\/\/semmelweis.hu\/petokonyvtar\/wp-json\/wp\/v2\/tags?post=475"}],"curies":[{"name":"wp","href":"https:\/\/api.w.org\/{rel}","templated":true}]}}