{"id":471,"date":"2021-12-20T10:33:10","date_gmt":"2021-12-20T09:33:10","guid":{"rendered":"https:\/\/semmelweis.hu\/petokonyvtar\/?page_id=471"},"modified":"2025-02-27T12:21:54","modified_gmt":"2025-02-27T11:21:54","slug":"egyeb-adatbazisok","status":"publish","type":"page","link":"https:\/\/semmelweis.hu\/petokonyvtar\/informacioforrasok\/egyeb-adatbazisok\/","title":{"rendered":"Adatb\u00e1zisok"},"content":{"rendered":"<p><strong>ADATB\u00c1ZISOK, ELEKTRONIKUS K\u00d6NYVT\u00c1RAK<\/strong><\/p>\n<p><strong>TELJES SZ\u00d6VEG\u0170 MAGYAR ADATB\u00c1ZIS:<\/strong><\/p>\n<ul style=\"list-style-type: square\">\n<li><a href=\"https:\/\/semmelweis.hu\/petokonyvtar\/2023\/12\/11\/konpedita-otthonrol\/\" target=\"_blank\" rel=\"noopener\">KONPEDITA<\/a>\u00a0(a KONdukt\u00edv PEdag\u00f3gia DIgitaliz\u00e1lt TAnanyaga, nem nyilv\u00e1nos adatb\u00e1zis)\n<\/li>\n<li>\n<p><a href=\"http:\/\/adtplus.arcanum.hu\/\" target=\"_blank\" rel=\"noopener\">Arcanum Digit\u00e1lis Tudom\u00e1nyt\u00e1r<\/a><\/p>\n<\/li>\n<li>\n<p>A\u00a0<a href=\"http:\/\/mek.oszk.hu\/\" target=\"_blank\" rel=\"noopener\">Magyar Elektronikus K\u00f6nyvt\u00e1r<\/a>\u00a0a magyar irodalom egyik legismertebb \u00e9s legnagyobb sz\u00f6veg-arch\u00edvuma k\u00f6zel 15\u00a0000 digitaliz\u00e1lt k\u00f6tettel.<\/p>\n<\/li>\n<li><strong>MAGYAR CIKKADATB\u00c1ZISOK:<\/strong><\/li>\n<li>\n<p><a href=\"http:\/\/epa.oszk.hu\/\" target=\"_blank\" rel=\"noopener\">EPA<\/a> (Elektronikus Periodika Arch\u00edvum \u00e9s Adatb\u00e1zis)<\/p>\n<\/li>\n<li>\n<p><a href=\"http:\/\/www.oszk.hu\/humanus\/\" target=\"_blank\" rel=\"noopener\">HUMANUS<\/a> (Hum\u00e1ntudom\u00e1nyi Tanulm\u00e1nyok \u00e9s Cikkek Adatb\u00e1zisa)<\/p>\n<\/li>\n<li>\n<p><a href=\"http:\/\/www.matarka.hu\/\">MATARKA<\/a> (Magyar foly\u00f3iratok tartalomjegyz\u00e9keinek kereshet\u0151 adatb\u00e1zisa)<\/p>\n<p>A h\u00e1rom adatb\u00e1zis k\u00f6z\u00f6s keres\u0151je az <a href=\"http:\/\/ehm.ek.szte.hu\/ehm?p=0\" target=\"_blank\" rel=\"noopener\">EHM<\/a>.<\/p>\n<\/li>\n<\/ul>\n<p><strong>TELJES SZ\u00d6VEG\u0170 K\u00dcLF\u00d6LDI ADATB\u00c1ZIS:<\/strong><\/p>\n<ul style=\"list-style-type: square\">\n<li>\n<p>A <a href=\"https:\/\/plos.org\/\" target=\"_blank\" rel=\"noopener\">PLoS<\/a>, vagyis a Public Library of Science egy olyan nonprofit projekt, melynek az a c\u00e9lja, hogy egy olyan k\u00f6nyvt\u00e1rat hozzon l\u00e9tre, amely foly\u00f3iratokat, cikkeket \u00e9s m\u00e1s tudom\u00e1nyos irodalmat szolg\u00e1ltat ingyenesen. T\u00e9mater\u00fcletei: biol\u00f3gia, orvostudom\u00e1ny, genetika, k\u00f3rtan.<\/p>\n<\/li>\n<li>\n<p>A\u00a0 <a href=\"https:\/\/doaj.org\/\" target=\"_blank\" rel=\"noopener\">DOAJ<\/a>, Directory of Open Access Journal\u00a0egy ny\u00edlt hozz\u00e1f\u00e9r\u00e9s\u0171 multidiszciplin\u00e1ris foly\u00f3iratgy\u0171jtem\u00e9ny.<\/p>\n<\/li>\n<li>\n<p>A <a href=\"https:\/\/www.tandfonline.com\" target=\"_blank\" rel=\"noopener\">Taylor &amp; Francis Online<\/a> a Taylor &amp; Francis multidiszciplin\u00e1ris adatb\u00e1zisa, amelyben ingyenesen, online el\u00e9rhet\u0151 sz\u00e1mos foly\u00f3iratcikk.<\/p>\n<\/li>\n<li><a href=\"https:\/\/www.tandfonline.com\/openaccess\/members\/Eisz?utm_source=google&amp;utm_medium=sem&amp;utm_campaign=JSF37353&amp;creative=664751693882&amp;keyword=taylor%20%26%20francis%20journals&amp;matchtype=b&amp;network=g&amp;device=c&amp;gclid=EAIaIQobChMI0o7K-5OigQMVxpODBx2YKA86EAAYASAAEgKg4PD_BwE\" target=\"_blank\" rel=\"noopener\">Taylor &amp; Francis &#8211; EISZ : Open access agreement for authors in Hungary<\/a><br \/>\n<h2>\u00a0<\/h2>\n<\/li>\n<\/ul>\n<p><strong>KORL\u00c1TOZOTTAN EL\u00c9RHET\u0150, K\u00dcLF\u00d6LDI ADATB\u00c1ZISOK:<\/strong><\/p>\n<ul style=\"list-style-type: square\">\n<li>\n<p>A <a href=\"http:\/\/www.ncbi.nlm.nih.gov\/\" target=\"_blank\" rel=\"noopener\">National Center for Biotechnology Information<\/a> a Nemzeti Eg\u00e9szs\u00e9g\u00fcgyi Int\u00e9zetek (National Institutes of Health, NIH) orvostudom\u00e1nyi adatb\u00e1zisa. T\u00f6bb adatb\u00e1zist tartalmaz, k\u00f6zt\u00fck van a <a href=\"https:\/\/pubmed.ncbi.nlm.nih.gov\/\" target=\"_blank\" rel=\"noopener\">PubMed<\/a> is.<\/p>\n<\/li>\n<li>\n<p>A <a href=\"http:\/\/www.sciencedirect.com\/\" target=\"_blank\" rel=\"noopener\">ScienceDirect<\/a> az Elsevier kiad\u00f3 adatb\u00e1zis szolg\u00e1ltat\u00e1sa. F\u0151 profilja a term\u00e9szettudom\u00e1nyos, m\u0171szaki \u00e9s orvosi foly\u00f3iratok nyomtatott \u00e9s elektronikus form\u00e1ban val\u00f3 terjeszt\u00e9se. Teljes sz\u00f6veg\u0171 hozz\u00e1f\u00e9r\u00e9st biztos\u00edt a saj\u00e1t kiad\u00e1s\u00fa pap\u00edralap\u00fa foly\u00f3iratok elektronikus v\u00e1ltozat\u00e1hoz, illetve m\u00e1s kiad\u00f3k e-foly\u00f3irataihoz<em>.<\/em><\/p>\n<\/li>\n<li>A <a href=\"http:\/\/onlinelibrary.wiley.com\/advanced\/search\" target=\"_blank\" rel=\"noopener\">Wiley Online Library<\/a> a John Wiley &amp; Sons multidiszciplin\u00e1ris adatb\u00e1zisa.<\/li>\n<li>\n<p>A <a href=\"https:\/\/www.wolterskluwer.com\/en\/solutions\/lippincott-medicine\/medical-education\/lippincott-virtual-anatomy-center\">Virtual Anatomy Center<\/a> a Wolters Kluwer anat\u00f3miai oktat\u00f3 programja. Ingyenesen lehet regisztr\u00e1lni.<\/p>\n<\/li>\n<li>\n<p>A <a href=\"http:\/\/link.springer.com\/\" target=\"_blank\" rel=\"noopener\">SpringerLink<\/a> a Springer kiad\u00f3 adatb\u00e1zisa 7 milli\u00f3n\u00e1l is t\u00f6bb dokumentummal, a legt\u00f6bb teljes sz\u00f6veg\u0171 el\u00e9r\u00e9ssel. Sok hasznos funkci\u00f3 ingyenesen \u00e9s regisztr\u00e1ci\u00f3 n\u00e9lk\u00fcl is megtekinthet\u0151: az absztrakt, gyakran az els\u0151 oldal, k\u00f6nyvek eset\u00e9ben a tartalomjegyz\u00e9k \u00e9s az el\u0151sz\u00f3 nyilv\u00e1nos. A kiadv\u00e1nyok t\u00f6bbs\u00e9ge angol nyelv\u0171, kisebb r\u00e9sze n\u00e9met, a t\u00f6bbi holland, francia \u00e9s olasz. A Springerlink a term\u00e9szettudom\u00e1nyos, technol\u00f3giai \u00e9s orvosi foly\u00f3iratokat tekintve a vil\u00e1g egyik legnagyobb online gy\u0171jtem\u00e9nye.<\/p>\n<\/li>\n<li>\n<p><span style=\"font-size: 1rem\">A <\/span><a href=\"http:\/\/www.cochranelibrary.com\/\" target=\"_blank\" rel=\"noopener\">The Cochrane Library<\/a><span style=\"font-size: 1rem\"> tudom\u00e1nyos adatb\u00e1zist a John Wiley &amp; Sons, Inc. szolg\u00e1ltatja.<\/span><\/p>\n<\/li>\n<\/ul>\n","protected":false},"excerpt":{"rendered":"<p>ADATB\u00c1ZISOK, ELEKTRONIKUS K\u00d6NYVT\u00c1RAK TELJES SZ\u00d6VEG\u0170 MAGYAR ADATB\u00c1ZIS: <a href=\"https:\/\/semmelweis.hu\/petokonyvtar\/2023\/12\/11\/konpedita-otthonrol\/\" target=\"_blank\" rel=\"noopener\">KONPEDITA<\/a> \u00a0(a KONdukt\u00edv PEdag\u00f3gia DIgitaliz\u00e1lt TAnanyaga, nem nyilv\u00e1nos adatb\u00e1zis) <a href=\"http:\/\/adtplus.arcanum.hu\/\" target=\"_blank\" rel=\"noopener\">Arcanum Digit\u00e1lis Tudom\u00e1nyt\u00e1r<\/a> A\u00a0 <a href=\"http:\/\/mek.oszk.hu\/\" target=\"_blank\" rel=\"noopener\">Magyar Elektronikus K\u00f6nyvt\u00e1r<\/a> \u00a0a magyar irodalom egyik legismertebb \u00e9s legnagyobb sz\u00f6veg-arch\u00edvuma k\u00f6zel 15\u00a0000 digitaliz\u00e1lt k\u00f6tettel. MAGYAR CIKKADATB\u00c1ZISOK: <a href=\"http:\/\/epa.oszk.hu\/\" target=\"_blank\" rel=\"noopener\">EPA<\/a> (Elektronikus Periodika Arch\u00edvum \u00e9s Adatb\u00e1zis) <a href=\"http:\/\/www.oszk.hu\/humanus\/\" target=\"_blank\" rel=\"noopener\">HUMANUS<\/a> (Hum\u00e1ntudom\u00e1nyi Tanulm\u00e1nyok \u00e9s Cikkek Adatb\u00e1zisa) <a href=\"http:\/\/www.matarka.hu\/\">MATARKA<\/a> (Magyar foly\u00f3iratok tartalomjegyz\u00e9keinek kereshet\u0151 adatb\u00e1zisa) A h\u00e1rom adatb\u00e1zis k\u00f6z\u00f6s keres\u0151je az <a href=\"http:\/\/ehm.ek.szte.hu\/ehm?p=0\" target=\"_blank\" rel=\"noopener\">EHM<\/a> . TELJES SZ\u00d6VEG\u0170 K\u00dcLF\u00d6LDI &hellip;<\/p>\n","protected":false},"author":101866,"featured_media":0,"parent":37,"menu_order":4,"comment_status":"closed","ping_status":"closed","template":"","meta":{"_acf_changed":false,"footnotes":""},"categories":[],"tags":[],"class_list":["post-471","page","type-page","status-publish","hentry"],"acf":[],"_links":{"self":[{"href":"https:\/\/semmelweis.hu\/petokonyvtar\/wp-json\/wp\/v2\/pages\/471","targetHints":{"allow":["GET"]}}],"collection":[{"href":"https:\/\/semmelweis.hu\/petokonyvtar\/wp-json\/wp\/v2\/pages"}],"about":[{"href":"https:\/\/semmelweis.hu\/petokonyvtar\/wp-json\/wp\/v2\/types\/page"}],"author":[{"embeddable":true,"href":"https:\/\/semmelweis.hu\/petokonyvtar\/wp-json\/wp\/v2\/users\/101866"}],"replies":[{"embeddable":true,"href":"https:\/\/semmelweis.hu\/petokonyvtar\/wp-json\/wp\/v2\/comments?post=471"}],"version-history":[{"count":11,"href":"https:\/\/semmelweis.hu\/petokonyvtar\/wp-json\/wp\/v2\/pages\/471\/revisions"}],"predecessor-version":[{"id":1620,"href":"https:\/\/semmelweis.hu\/petokonyvtar\/wp-json\/wp\/v2\/pages\/471\/revisions\/1620"}],"up":[{"embeddable":true,"href":"https:\/\/semmelweis.hu\/petokonyvtar\/wp-json\/wp\/v2\/pages\/37"}],"wp:attachment":[{"href":"https:\/\/semmelweis.hu\/petokonyvtar\/wp-json\/wp\/v2\/media?parent=471"}],"wp:term":[{"taxonomy":"category","embeddable":true,"href":"https:\/\/semmelweis.hu\/petokonyvtar\/wp-json\/wp\/v2\/categories?post=471"},{"taxonomy":"post_tag","embeddable":true,"href":"https:\/\/semmelweis.hu\/petokonyvtar\/wp-json\/wp\/v2\/tags?post=471"}],"curies":[{"name":"wp","href":"https:\/\/api.w.org\/{rel}","templated":true}]}}