{"id":468,"date":"2021-12-20T10:28:37","date_gmt":"2021-12-20T09:28:37","guid":{"rendered":"https:\/\/semmelweis.hu\/petokonyvtar\/?page_id=468"},"modified":"2024-11-25T15:51:10","modified_gmt":"2024-11-25T14:51:10","slug":"online-elerheto-folyoiratok","status":"publish","type":"page","link":"https:\/\/semmelweis.hu\/petokonyvtar\/informacioforrasok\/online-elerheto-folyoiratok\/","title":{"rendered":"Online el\u00e9rhet\u0151 foly\u00f3iratok"},"content":{"rendered":"<p><strong>El\u0151fizetett, az int\u00e9zm\u00e9nyben el\u00e9rhet\u0151 szakfoly\u00f3iratok:<\/strong><\/p>\n<ul>\n<li><a href=\"http:\/\/onlinelibrary.wiley.com\/journal\/10.1111\/(ISSN)1469-8749\" target=\"_blank\" rel=\"noopener\">Developmental Medicine and Child Neurology<\/a><\/li>\n<li><a href=\"http:\/\/www.tandfonline.com\/toc\/rejs20\/current\" target=\"_blank\" rel=\"noopener\">European Journal of Special Needs Education<\/a><\/li>\n<li><a href=\"https:\/\/akjournals.com\/view\/journals\/650\/650-overview.xml\" target=\"_blank\" rel=\"noopener\">Orvosi Hetilap (kurrens)<\/a><\/li>\n<li><a href=\"https:\/\/akjournals.com\/view\/journals\/1046\/1046-overview.xml\" target=\"_blank\" rel=\"noopener\">Magyar Seb\u00e9szet (kurrens)<\/a><\/li>\n<li><a href=\"https:\/\/akjournals.com\/view\/journals\/0406\/0406-overview.xml\" target=\"_blank\" rel=\"noopener\">Ment\u00e1lhigi\u00e9n\u00e9 \u00e9s Pszichoszomatika (kurrens)<\/a><\/li>\n<li><a href=\"https:\/\/akjournals.com\/view\/journals\/0016\/0016-overview.xml\" target=\"_blank\" rel=\"noopener\">Magyar Pszichol\u00f3giai Szemle (kurrens)<\/a><\/li>\n<li><a href=\"https:\/\/akjournals.com\/view\/journals\/1526\/1526-overview.xml\" target=\"_blank\" rel=\"noopener\">Clinical &amp; Experimental Medical Journal (arch\u00edv)<\/a><\/li>\n<li><a href=\"https:\/\/akjournals.com\/view\/journals\/686\/686-overview.xml\" target=\"_blank\" rel=\"noopener\">Hungarian Medical Journal (arch\u00edv)<\/a><\/li>\n<li><a href=\"https:\/\/akjournals.com\/view\/journals\/1286\/1286-overview.xml\" target=\"_blank\" rel=\"noopener\">Magyar Onkol\u00f3gia (arch\u00edv)<\/a><\/li>\n<li><a href=\"https:\/\/akjournals.com\/view\/journals\/726\/726-overview.xml\" target=\"_blank\" rel=\"noopener\">European Journal of Mental Health (arch\u00edv)<\/a><\/li>\n<li><a href=\"https:\/\/semmelweis.hu\/ejmh\/\" target=\"_blank\" rel=\"noopener\">European Journal of Mental Health (current)<\/a><\/li>\n<li><a href=\"https:\/\/akjournals.com\/view\/journals\/1166\/1166-overview.xml\" target=\"_blank\" rel=\"noopener\">Learning &amp; Perception (arch\u00edv)<\/a><\/li>\n<li><a href=\"https:\/\/akjournals.com\/view\/journals\/1086\/1086-overview.xml\" target=\"_blank\" rel=\"noopener\">Pszichol\u00f3gia (arch\u00edv)<\/a><\/li>\n<\/ul>\n<p><strong>Ingyenesen el\u00e9rhet\u0151 online szakfoly\u00f3iratok:<\/strong><\/p>\n<ul>\n<li><strong>A Pet\u0151 Andr\u00e1s Kar foly\u00f3iratai: <br \/>\n<\/strong><a href=\"https:\/\/semmelweis.hu\/pak\/kutatas\/tudomany-es-hivatas-folyoirat\/\" target=\"_blank\" rel=\"noopener\"><strong>Tudom\u00e1ny \u00e9s hivat\u00e1s<\/strong><\/a><br \/>\n<a href=\"https:\/\/semmelweis.hu\/pak\/en\/research\/wcce\/7939-2\/\" target=\"_blank\" rel=\"noopener\"><strong>Conductive Education Ocassional Papers &#8211; Supplement<\/strong><\/a><\/p>\n<\/li>\n<li><a href=\"http:\/\/ojs.elte.hu\/gyermekneveles\/\" target=\"_blank\" rel=\"noopener\">Gyermeknevel\u00e9s: online tudom\u00e1nyos foly\u00f3irat<\/a><\/li>\n<li><a href=\"http:\/\/www.anyanyelv-pedagogia.hu\/\" target=\"_blank\" rel=\"noopener\">Anyanyelv-pedag\u00f3gia: szakfoly\u00f3irat magyar nyelven tan\u00edt\u00f3 pedag\u00f3gusoknak<\/a><\/li>\n<li><a href=\"http:\/\/folyoiratok.ofi.hu\/uj-kozneveles\" target=\"_blank\" rel=\"noopener\">\u00daj k\u00f6znevel\u00e9s<\/a><\/li>\n<li><a href=\"http:\/\/www.magyarpedagogia.hu\/\" target=\"_blank\" rel=\"noopener\">Magyar pedag\u00f3gia<\/a><\/li>\n<li><a href=\"http:\/\/www.mozaik.info.hu\/Homepage\/Mozaportal\/MPfolyoirat.php\" target=\"_blank\" rel=\"noopener\">Mozaik m\u00f3dszertani foly\u00f3iratok (2012 &#8211; 2014)<\/a><\/li>\n<li><a href=\"https:\/\/ojs.elte.hu\/nevelestudomany\" target=\"_blank\" rel=\"noopener\">Nevel\u00e9studom\u00e1ny : oktat\u00e1s \u2013 kutat\u00e1s \u2013 innov\u00e1ci\u00f3<\/a><\/li>\n<\/ul>\n<p><strong>\u00a0<\/strong><\/p>\n","protected":false},"excerpt":{"rendered":"<p>El\u0151fizetett, az int\u00e9zm\u00e9nyben el\u00e9rhet\u0151 szakfoly\u00f3iratok:<\/p>\n<p><a href=\"http:\/\/onlinelibrary.wiley.com\/journal\/10.1111\/(ISSN)1469-8749\" target=\"_blank\" rel=\"noopener\">Developmental Medicine and Child Neurology<\/a><br \/>\n<a href=\"http:\/\/www.tandfonline.com\/toc\/rejs20\/current\" target=\"_blank\" rel=\"noopener\">European Journal of Special Needs Education<\/a><br \/>\n<a href=\"https:\/\/akjournals.com\/view\/journals\/650\/650-overview.xml\" target=\"_blank\" rel=\"noopener\">Orvosi Hetilap (kurrens)<\/a><br \/>\n<a href=\"https:\/\/akjournals.com\/view\/journals\/1046\/1046-overview.xml\" target=\"_blank\" rel=\"noopener\">Magyar Seb\u00e9szet (kurrens)<\/a><br \/>\n<a href=\"https:\/\/akjournals.com\/view\/journals\/0406\/0406-overview.xml\" target=\"_blank\" rel=\"noopener\">Ment\u00e1lhigi\u00e9n\u00e9 \u00e9s Pszichoszomatika (kurrens)<\/a><br \/>\n<a href=\"https:\/\/akjournals.com\/view\/journals\/0016\/0016-overview.xml\" target=\"_blank\" rel=\"noopener\">Magyar Pszichol\u00f3giai Szemle (kurrens)<\/a><br \/>\n<a href=\"https:\/\/akjournals.com\/view\/journals\/1526\/1526-overview.xml\" target=\"_blank\" rel=\"noopener\">Clinical &amp; Experimental Medical Journal (arch\u00edv)<\/a><br \/>\n<a href=\"https:\/\/akjournals.com\/view\/journals\/686\/686-overview.xml\" target=\"_blank\" rel=\"noopener\">Hungarian Medical Journal (arch\u00edv)<\/a><br \/>\n<a href=\"https:\/\/akjournals.com\/view\/journals\/1286\/1286-overview.xml\" target=\"_blank\" rel=\"noopener\">Magyar Onkol\u00f3gia (arch\u00edv)<\/a><br \/>\n<a href=\"https:\/\/akjournals.com\/view\/journals\/726\/726-overview.xml\" target=\"_blank\" rel=\"noopener\">European Journal of Mental Health (arch\u00edv)<\/a><br \/>\n<a href=\"https:\/\/semmelweis.hu\/ejmh\/\" target=\"_blank\" rel=\"noopener\">European Journal of Mental Health (current)<\/a><br \/>\n<a href=\"https:\/\/akjournals.com\/view\/journals\/1166\/1166-overview.xml\" target=\"_blank\" rel=\"noopener\">Learning &amp; Perception (arch\u00edv)<\/a><br \/>\n<a href=\"https:\/\/akjournals.com\/view\/journals\/1086\/1086-overview.xml\" target=\"_blank\" rel=\"noopener\">Pszichol\u00f3gia (arch\u00edv)<\/a><\/p>\n<p>Ingyenesen el\u00e9rhet\u0151 online szakfoly\u00f3iratok:<\/p>\n<p>A Pet\u0151 Andr\u00e1s Kar foly\u00f3iratai:<br \/>\n<a href=\"https:\/\/semmelweis.hu\/pak\/kutatas\/tudomany-es-hivatas-folyoirat\/\" target=\"_blank\" rel=\"noopener\">Tudom\u00e1ny \u00e9s hivat\u00e1s<\/a><br \/>\n<a href=\"https:\/\/semmelweis.hu\/pak\/en\/research\/wcce\/7939-2\/\" target=\"_blank\" rel=\"noopener\">Conductive Education Ocassional Papers &#8211; Supplement<\/a><\/p>\n<p><a href=\"http:\/\/ojs.elte.hu\/gyermekneveles\/\" target=\"_blank\" rel=\"noopener\">Gyermeknevel\u00e9s: online tudom\u00e1nyos foly\u00f3irat<\/a><br \/>\n<a href=\"http:\/\/www.anyanyelv-pedagogia.hu\/\" target=\"_blank\" rel=\"noopener\">Anyanyelv-pedag\u00f3gia: szakfoly\u00f3irat magyar nyelven tan\u00edt\u00f3 pedag\u00f3gusoknak<\/a><br \/>\n<a href=\"http:\/\/folyoiratok.ofi.hu\/uj-kozneveles\" target=\"_blank\" rel=\"noopener\">\u00daj k\u00f6znevel\u00e9s<\/a><br \/>\n<a href=\"http:\/\/www.magyarpedagogia.hu\/\" target=\"_blank\" rel=\"noopener\">Magyar pedag\u00f3gia<\/a><br \/>\n<a href=\"http:\/\/www.mozaik.info.hu\/Homepage\/Mozaportal\/MPfolyoirat.php\" target=\"_blank\" rel=\"noopener\">Mozaik m\u00f3dszertani foly\u00f3iratok (2012 &#8211; 2014)<\/a><br \/>\n<a href=\"https:\/\/ojs.elte.hu\/nevelestudomany\" target=\"_blank\" rel=\"noopener\">Nevel\u00e9studom\u00e1ny : oktat\u00e1s \u2013 kutat\u00e1s \u2013 innov\u00e1ci\u00f3<\/a><\/p>\n<p>\u00a0<\/p>\n","protected":false},"author":101866,"featured_media":0,"parent":37,"menu_order":3,"comment_status":"closed","ping_status":"closed","template":"","meta":{"_acf_changed":false,"footnotes":""},"categories":[],"tags":[],"class_list":["post-468","page","type-page","status-publish","hentry"],"acf":[],"_links":{"self":[{"href":"https:\/\/semmelweis.hu\/petokonyvtar\/wp-json\/wp\/v2\/pages\/468","targetHints":{"allow":["GET"]}}],"collection":[{"href":"https:\/\/semmelweis.hu\/petokonyvtar\/wp-json\/wp\/v2\/pages"}],"about":[{"href":"https:\/\/semmelweis.hu\/petokonyvtar\/wp-json\/wp\/v2\/types\/page"}],"author":[{"embeddable":true,"href":"https:\/\/semmelweis.hu\/petokonyvtar\/wp-json\/wp\/v2\/users\/101866"}],"replies":[{"embeddable":true,"href":"https:\/\/semmelweis.hu\/petokonyvtar\/wp-json\/wp\/v2\/comments?post=468"}],"version-history":[{"count":10,"href":"https:\/\/semmelweis.hu\/petokonyvtar\/wp-json\/wp\/v2\/pages\/468\/revisions"}],"predecessor-version":[{"id":1570,"href":"https:\/\/semmelweis.hu\/petokonyvtar\/wp-json\/wp\/v2\/pages\/468\/revisions\/1570"}],"up":[{"embeddable":true,"href":"https:\/\/semmelweis.hu\/petokonyvtar\/wp-json\/wp\/v2\/pages\/37"}],"wp:attachment":[{"href":"https:\/\/semmelweis.hu\/petokonyvtar\/wp-json\/wp\/v2\/media?parent=468"}],"wp:term":[{"taxonomy":"category","embeddable":true,"href":"https:\/\/semmelweis.hu\/petokonyvtar\/wp-json\/wp\/v2\/categories?post=468"},{"taxonomy":"post_tag","embeddable":true,"href":"https:\/\/semmelweis.hu\/petokonyvtar\/wp-json\/wp\/v2\/tags?post=468"}],"curies":[{"name":"wp","href":"https:\/\/api.w.org\/{rel}","templated":true}]}}