{"id":457,"date":"2021-12-18T15:31:14","date_gmt":"2021-12-18T14:31:14","guid":{"rendered":"https:\/\/semmelweis.hu\/petokonyvtar\/?page_id=457"},"modified":"2023-12-11T14:51:06","modified_gmt":"2023-12-11T13:51:06","slug":"konyvtarhasznalati-rend","status":"publish","type":"page","link":"https:\/\/semmelweis.hu\/petokonyvtar\/a-konyvtarrol\/konyvtarhasznalati-rend\/","title":{"rendered":"K\u00f6nyvt\u00e1rhaszn\u00e1lati rend"},"content":{"rendered":"<p>A 2023. december 8-t\u00f3l \u00e9rv\u00e9nyes <a href=\"https:\/\/semmelweis.hu\/jogigfoig\/files\/2023\/12\/PAK_konyvtarhasznalati_rend_20231130_final_alairt.pdf\">K\u00f6nyvt\u00e1rhaszn\u00e1lati rend itt<\/a> let\u00f6lthet\u0151.<\/p>\n","protected":false},"excerpt":{"rendered":"<p>A 2023. december 8-t\u00f3l \u00e9rv\u00e9nyes <a href=\"https:\/\/semmelweis.hu\/jogigfoig\/files\/2023\/12\/PAK_konyvtarhasznalati_rend_20231130_final_alairt.pdf\">K\u00f6nyvt\u00e1rhaszn\u00e1lati rend itt<\/a> let\u00f6lthet\u0151.<\/p>\n","protected":false},"author":101866,"featured_media":0,"parent":5,"menu_order":1,"comment_status":"closed","ping_status":"closed","template":"","meta":{"_acf_changed":false,"footnotes":""},"categories":[],"tags":[],"class_list":["post-457","page","type-page","status-publish","hentry"],"acf":[],"_links":{"self":[{"href":"https:\/\/semmelweis.hu\/petokonyvtar\/wp-json\/wp\/v2\/pages\/457","targetHints":{"allow":["GET"]}}],"collection":[{"href":"https:\/\/semmelweis.hu\/petokonyvtar\/wp-json\/wp\/v2\/pages"}],"about":[{"href":"https:\/\/semmelweis.hu\/petokonyvtar\/wp-json\/wp\/v2\/types\/page"}],"author":[{"embeddable":true,"href":"https:\/\/semmelweis.hu\/petokonyvtar\/wp-json\/wp\/v2\/users\/101866"}],"replies":[{"embeddable":true,"href":"https:\/\/semmelweis.hu\/petokonyvtar\/wp-json\/wp\/v2\/comments?post=457"}],"version-history":[{"count":10,"href":"https:\/\/semmelweis.hu\/petokonyvtar\/wp-json\/wp\/v2\/pages\/457\/revisions"}],"predecessor-version":[{"id":1355,"href":"https:\/\/semmelweis.hu\/petokonyvtar\/wp-json\/wp\/v2\/pages\/457\/revisions\/1355"}],"up":[{"embeddable":true,"href":"https:\/\/semmelweis.hu\/petokonyvtar\/wp-json\/wp\/v2\/pages\/5"}],"wp:attachment":[{"href":"https:\/\/semmelweis.hu\/petokonyvtar\/wp-json\/wp\/v2\/media?parent=457"}],"wp:term":[{"taxonomy":"category","embeddable":true,"href":"https:\/\/semmelweis.hu\/petokonyvtar\/wp-json\/wp\/v2\/categories?post=457"},{"taxonomy":"post_tag","embeddable":true,"href":"https:\/\/semmelweis.hu\/petokonyvtar\/wp-json\/wp\/v2\/tags?post=457"}],"curies":[{"name":"wp","href":"https:\/\/api.w.org\/{rel}","templated":true}]}}