{"id":432,"date":"2021-12-17T13:00:37","date_gmt":"2021-12-17T12:00:37","guid":{"rendered":"https:\/\/semmelweis.hu\/petokonyvtar\/?page_id=432"},"modified":"2023-12-11T14:56:29","modified_gmt":"2023-12-11T13:56:29","slug":"dijtetelek","status":"publish","type":"page","link":"https:\/\/semmelweis.hu\/petokonyvtar\/szolgaltatasok\/dijtetelek\/","title":{"rendered":"D\u00edjt\u00e9telek"},"content":{"rendered":"<h2>Szolg\u00e1ltat\u00e1si d\u00edjszab\u00e1s (Az \u00e9rv\u00e9nyben lev\u0151 K\u00f6nyvt\u00e1rhaszn\u00e1lati Rend alapj\u00e1n)<\/h2>\n<div class=\"keretes w-100\">\n<h3>Beiratkoz\u00e1s d\u00edja (egy \u00e9vre):<\/h3>\n<p>S.E. Polg\u00e1rok, 70 \u00e9ven fel\u00fcliek, k\u00f6zgy\u0171jtem\u00e9nyi dolgoz\u00f3k sz\u00e1m\u00e1ra <strong>d\u00edjtalan<\/strong><\/p>\n<p>Nyugd\u00edjasok, m\u00e1s fels\u0151oktat\u00e1s hallgat\u00f3i \u00e9rv\u00e9nyes di\u00e1kigazolv\u00e1nnyal: <strong>1000 Ft<\/strong><\/p>\n<p>Egy\u00e9b k\u00fcls\u0151 olvas\u00f3k sz\u00e1m\u00e1ra: <strong>2000 Ft<\/strong><\/p>\n<\/div>\n<div class=\"keretes w-100\">\n<h3>K\u00e9sedelmi d\u00edj\u00a0<\/h3>\n<p>K\u00f6tetenk\u00e9nt <strong>50 Ft \/ napt\u00e1ri nap<\/strong><\/p>\n<\/div>\n<div class=\"keretes w-100\">\n<h3>Elveszett k\u00f6nyv p\u00f3tl\u00e1sa<\/h3>\n<ul>\n<li>Az elveszettel megegyez\u0151 vagy annak \u00fajabb kiad\u00e1s\u00fa p\u00e9ld\u00e1ny\u00e1val, vagy<\/li>\n<li>1980. jan. 01. el\u0151tt kiadott k\u00f6nyvekn\u00e9l: legal\u00e1bb a kiad\u00e1si \u00e1r h\u00fasszoros \u00f6sszege,<\/li>\n<li>1980. jan. 01.-1988. dec. 31. k\u00f6z\u00f6tt kiadott k\u00f6nyvekn\u00e9l: legal\u00e1bb a kiad\u00e1si \u00e1r t\u00edzszerese,<\/li>\n<li>1989. jan. 01.-1995. dec. 31. k\u00f6z\u00f6tt kiadott k\u00f6nyvekn\u00e9l: legal\u00e1bb a kiad\u00e1si \u00e1r h\u00e9tszerese,<\/li>\n<li>1996. jan. 01.-2005. dec. 31. k\u00f6z\u00f6tt kiadott k\u00f6nyvekn\u00e9l: legal\u00e1bb a kiad\u00e1si \u00e1r \u00f6tsz\u00f6r\u00f6se,<\/li>\n<li>2006. jan. 01. \u2013 aktu\u00e1lis beszerz\u00e9si lehet\u0151s\u00e9gt\u0151l \u00e9s \u00e1rt\u00f3l f\u00fcgg\u0151en.\n<\/li>\n<\/ul>\n<\/div>\n<div class=\"keretes w-100\">\n<h3>Szolg\u00e1ltat\u00e1sok d\u00edja<\/h3>\n<p><strong>Nyomtat\u00e1s\/f\u00e9nym\u00e1sol\u00e1s\/fekete-feh\u00e9r<\/strong><\/p>\n<p>A4 m\u00e9ret\u00a0 \u00a0<strong>50 Ft<\/strong><br \/>\nA3 m\u00e9ret\u00a0 \u00a0<strong>80 Ft<\/strong><\/p>\n<\/div>\n<div class=\"keretes w-100\">\n<h3>Nyomtat\u00e1s\/f\u00e9nym\u00e1sol\u00e1s\/sz\u00ednes<\/h3>\n<p>A4 m\u00e9ret\u00a0 <strong>120 Ft<\/strong><br \/>\nA3 m\u00e9ret\u00a0 <strong>150 Ft<\/strong><\/p>\n<\/div>\n<div class=\"keretes w-100\">\n<h3>Lamin\u00e1l\u00e1s<\/h3>\n<p>A4\u00a0 385 Ft\/db<br \/>\nA3\u00a0 515 Ft\/db<\/p>\n<\/div>\n<div class=\"keretes w-100\">\n<h3>Spir\u00e1loz\u00e1s<\/h3>\n<p>A3-as m\u00e9retig 350 Ft\/db<\/p>\n<\/div>\n<p>&nbsp;<\/p>\n","protected":false},"excerpt":{"rendered":"<p>Szolg\u00e1ltat\u00e1si d\u00edjszab\u00e1s (Az \u00e9rv\u00e9nyben lev\u0151 K\u00f6nyvt\u00e1rhaszn\u00e1lati Rend alapj\u00e1n) Beiratkoz\u00e1s d\u00edja (egy \u00e9vre): S.E. Polg\u00e1rok, 70 \u00e9ven fel\u00fcliek, k\u00f6zgy\u0171jtem\u00e9nyi dolgoz\u00f3k sz\u00e1m\u00e1ra d\u00edjtalan Nyugd\u00edjasok, m\u00e1s fels\u0151oktat\u00e1s hallgat\u00f3i \u00e9rv\u00e9nyes di\u00e1kigazolv\u00e1nnyal: 1000 Ft Egy\u00e9b k\u00fcls\u0151 olvas\u00f3k sz\u00e1m\u00e1ra: 2000 Ft K\u00e9sedelmi d\u00edj\u00a0 K\u00f6tetenk\u00e9nt 50 Ft \/ napt\u00e1ri nap Elveszett k\u00f6nyv p\u00f3tl\u00e1sa Az elveszettel megegyez\u0151 vagy annak \u00fajabb kiad\u00e1s\u00fa p\u00e9ld\u00e1ny\u00e1val, vagy &hellip;<\/p>\n","protected":false},"author":101866,"featured_media":0,"parent":508,"menu_order":2,"comment_status":"closed","ping_status":"closed","template":"","meta":{"_acf_changed":false,"footnotes":""},"categories":[],"tags":[],"class_list":["post-432","page","type-page","status-publish","hentry"],"acf":[],"_links":{"self":[{"href":"https:\/\/semmelweis.hu\/petokonyvtar\/wp-json\/wp\/v2\/pages\/432","targetHints":{"allow":["GET"]}}],"collection":[{"href":"https:\/\/semmelweis.hu\/petokonyvtar\/wp-json\/wp\/v2\/pages"}],"about":[{"href":"https:\/\/semmelweis.hu\/petokonyvtar\/wp-json\/wp\/v2\/types\/page"}],"author":[{"embeddable":true,"href":"https:\/\/semmelweis.hu\/petokonyvtar\/wp-json\/wp\/v2\/users\/101866"}],"replies":[{"embeddable":true,"href":"https:\/\/semmelweis.hu\/petokonyvtar\/wp-json\/wp\/v2\/comments?post=432"}],"version-history":[{"count":9,"href":"https:\/\/semmelweis.hu\/petokonyvtar\/wp-json\/wp\/v2\/pages\/432\/revisions"}],"predecessor-version":[{"id":1359,"href":"https:\/\/semmelweis.hu\/petokonyvtar\/wp-json\/wp\/v2\/pages\/432\/revisions\/1359"}],"up":[{"embeddable":true,"href":"https:\/\/semmelweis.hu\/petokonyvtar\/wp-json\/wp\/v2\/pages\/508"}],"wp:attachment":[{"href":"https:\/\/semmelweis.hu\/petokonyvtar\/wp-json\/wp\/v2\/media?parent=432"}],"wp:term":[{"taxonomy":"category","embeddable":true,"href":"https:\/\/semmelweis.hu\/petokonyvtar\/wp-json\/wp\/v2\/categories?post=432"},{"taxonomy":"post_tag","embeddable":true,"href":"https:\/\/semmelweis.hu\/petokonyvtar\/wp-json\/wp\/v2\/tags?post=432"}],"curies":[{"name":"wp","href":"https:\/\/api.w.org\/{rel}","templated":true}]}}