{"id":37,"date":"2021-04-01T15:14:46","date_gmt":"2021-04-01T13:14:46","guid":{"rendered":"https:\/\/semmelweis.hu\/petokonyvtar\/?page_id=37"},"modified":"2021-12-20T10:25:35","modified_gmt":"2021-12-20T09:25:35","slug":"informacioforrasok","status":"publish","type":"page","link":"https:\/\/semmelweis.hu\/petokonyvtar\/informacioforrasok\/","title":{"rendered":"Inform\u00e1ci\u00f3forr\u00e1sok"},"content":{"rendered":"<p>&nbsp;<\/p>\n<p><a href=\"http:\/\/peto.arcanum.hu\" target=\"_blank\" rel=\"noopener\">KONPEDITA<\/a><strong> \u2013 <\/strong>a kondukt\u00edv pedag\u00f3gia digitaliz\u00e1lt szakirodalma (Kiz\u00e1r\u00f3lag az oktat\u00e1sban r\u00e9sztvev\u0151 hallgat\u00f3k \u00e9s oktat\u00f3ik sz\u00e1m\u00e1ra el\u00e9rhet\u0151)<\/p>\n<p><a href=\"https:\/\/semmelweis.hu\/pak\/files\/2017\/12\/Konduktiv_pedagogia_szakirodalom.pdf\" target=\"_blank\" rel=\"noopener\">A kondukt\u00edv pedag\u00f3gia \u00e9s szakirodalma \u2013 t\u00f6rt\u00e9neti \u00e1ttekint\u00e9s<\/a><\/p>\n<p><a href=\"https:\/\/semmelweis.hu\/pak\/files\/2017\/12\/konped_magyar.pdf\" target=\"_blank\" rel=\"noopener\">A kondukt\u00edv pedag\u00f3gia magyar nyelven megjelent szakirodalmi bibliogr\u00e1fi\u00e1ja (1955\u20132016)<\/a><br \/>\n(Utols\u00f3 friss\u00edt\u00e9s: 2017.01.11.)<\/p>\n<p><a href=\"https:\/\/semmelweis.hu\/pak\/files\/2017\/12\/konped_idegennyelvu.pdf\" target=\"_blank\" rel=\"noopener\">A kondukt\u00edv pedag\u00f3gia idegen nyelven megjelent szakirodalmi bibliogr\u00e1fi\u00e1ja\u00a0(1955\u20132016)\u00a0<\/a><strong>\u00a0<\/strong><br \/>\n(Utols\u00f3 friss\u00edt\u00e9s: 2017.01.11.)<\/p>\n<p><a href=\"https:\/\/semmelweis.hu\/petokonyvtar\/a-peto-andras-kar-munkatarsainak-kozlemenyei-mtmt-alapjan\/\" target=\"_blank\" rel=\"noopener\">A Pet\u0151 Andr\u00e1s Kar munkat\u00e1rsainak publik\u00e1ci\u00f3i az MTMT-ben<\/a><\/p>\n<p><strong>\u00a0<\/strong><\/p>\n<p><strong>Online el\u00e9rhet\u0151 aj\u00e1nlott dokumentumok<\/strong><\/p>\n<p>363\/2012. (XII. 17.) Korm. rendelet\u00a0<strong>az \u00d3vodai nevel\u00e9s orsz\u00e1gos\u00a0alapprogramj\u00e1r\u00f3l<\/strong>.<br \/>\n<a href=\"https:\/\/net.jogtar.hu\/jr\/gen\/hjegy_doc.cgi?docid=a1200363.kor\" target=\"_blank\" rel=\"noopener\">Megtekint\u00e9s a jogtar.hu-n<\/a><\/p>\n<p><strong>Bevezet\u00e9s a neuropszichol\u00f3gi\u00e1ba.<\/strong> Szerk. K\u00e1llai J\u00e1nos, Bende Istv\u00e1n, Kar\u00e1di K\u00e1zm\u00e9r, Racsm\u00e1ny Mih\u00e1ly. Budapest, Medicina K\u00f6nyvkiad\u00f3, 2008<br \/>\n<a href=\"https:\/\/regi.tankonyvtar.hu\/hu\/tartalom\/tamop425\/2011_0001_524_Bevezetes_a_neuropszichologiaba\/ch17s04.html\" target=\"_blank\" rel=\"noopener\">Let\u00f6lt\u00e9s a R\u00e9gi\u00a0 Tank\u00f6nyvt\u00e1rb\u00f3l<\/a><\/p>\n<p><strong>Pedag\u00f3giai \u00e9s szakm\u00f3dszertani tanulm\u00e1nyok.\u00a0<\/strong>Szerk. Karlovitz J\u00e1nos Tibor. 2016<br \/>\n<a href=\"http:\/\/www.irisro.org\/pedagogia2016kotet\/index.html\" target=\"_blank\" rel=\"noopener\">El\u00e9rhet\u0151 az International Research Institute oldal\u00e1n<\/a><\/p>\n<p><strong>Fazekasn\u00e9 Fenyvesi Margit: Orient\u00e1ci\u00f3s k\u00e9pess\u00e9gek fejleszt\u00e9s\u00e9nek m\u00f3dszertana.<\/strong>\u00a0ELTE B\u00e1rczi Guszt\u00e1v Gy\u00f3gypedag\u00f3giai Kar, 2013<br \/>\n<a href=\"http:\/\/www.tankonyvtar.hu\/hu\/tartalom\/tamop412A\/2009-0007_orientacios_kepessegek_fejl_modszertana\/adatok.html\" target=\"_blank\" rel=\"noopener\">El\u00e9rhet\u0151 a Digit\u00e1lis Tank\u00f6nyvt\u00e1rban<\/a><\/p>\n<p><strong><a href=\"https:\/\/semmelweis.hu\/peto\/Dokumentumok\/Konyvtar\/15ONF.pdf\">Pedag\u00f3gusok, tanul\u00f3k, iskol\u00e1k \u2013 az \u00e9rt\u00e9kform\u00e1l\u00e1s, az \u00e9rt\u00e9kk\u00f6zvet\u00edt\u00e9s \u00e9s az \u00e9rt\u00e9kteremt\u00e9s vil\u00e1ga. Tartalmi \u00f6sszefoglal\u00f3k. (XV. Orsz\u00e1gos Nevel\u00e9studom\u00e1nyi Konferencia, Budapest, 2015. november 19-21.)<\/a>\u00a0<\/strong>Magyar Tudom\u00e1nyos Akad\u00e9mia. Pedag\u00f3giai Tudom\u00e1nyos Bizotts\u00e1g. Budapest, \u00d3budai Egyetem, 2015<br \/>\n(megvan pdf form\u00e1ban a k\u00f6nyvt\u00e1rban, csak az el\u00e9r\u00e9si \u00fat nem m\u0171k\u00f6dik)<\/p>\n<p><strong>Bauer Gabriella: Gyermekirodalmi sz\u00f6veggy\u0171jtem\u00e9ny<\/strong>: Egys\u00e9ges jegyzet (K\u00e9zirat. \u00d3v\u00f3n\u0151k\u00e9pz\u0151 Int\u00e9zetek) Tank\u00f6nyvkiad\u00f3, Budapest, 1989<br \/>\n<a href=\"https:\/\/www.scribd.com\/doc\/197259326\/Bauer-Gizella-Gyermekirodalmi-Szoveggy%C5%B1jtemeny\">A dokumentum megnyit\u00e1sa<\/a><\/p>\n<p><strong>Tony Booth \u00e9s Mel Ainscow: Inkl\u00fazi\u00f3s index: A tanul\u00e1s \u00e9s r\u00e9szv\u00e9tel t\u00e1mogat\u00e1sa az iskol\u00e1kban<\/strong>.\u00a03. kiad. 2011<br \/>\n<a href=\"https:\/\/www.educatio.hu\/projektjeink\/tamop311_2szakasz\/hirek\/inkluzios_index_magyarul\">Let\u00f6lthet\u0151 az Educatio oldal\u00e1r\u00f3l<\/a><\/p>\n<p><strong>\u00a0<\/strong><\/p>\n<p><strong>ONLINE EL\u00c9RHET\u0150 FOLY\u00d3IRATOK<\/strong><\/p>\n<p>&nbsp;<\/p>\n<p>El\u0151fizetett, az int\u00e9zm\u00e9nyben el\u00e9rhet\u0151 szakfoly\u00f3iratok:<\/p>\n<ul>\n<li><a href=\"http:\/\/onlinelibrary.wiley.com\/journal\/10.1111\/(ISSN)1469-8749\">Developmental Medicine and Child Neurology<\/a><\/li>\n<li><a href=\"http:\/\/www.tandfonline.com\/toc\/rejs20\/current\">European Journal of Special Needs Education<\/a><\/li>\n<li><a href=\"https:\/\/akjournals.com\/view\/journals\/650\/650-overview.xml\">Orvosi Hetilap (kurrens)<\/a><\/li>\n<li><a href=\"https:\/\/akjournals.com\/view\/journals\/1046\/1046-overview.xml\">Magyar Seb\u00e9szet (kurrens)<\/a><\/li>\n<li><a href=\"https:\/\/akjournals.com\/view\/journals\/0406\/0406-overview.xml\">Ment\u00e1lhigi\u00e9n\u00e9 \u00e9s Pszichoszomatika (kurrens)<\/a><\/li>\n<li><a href=\"https:\/\/akjournals.com\/view\/journals\/0016\/0016-overview.xml\">Magyar Pszichol\u00f3giai Szemle (kurrens)<\/a><\/li>\n<li><a href=\"https:\/\/akjournals.com\/view\/journals\/1526\/1526-overview.xml\">Clinical &amp; Experimental Medical Journal (arch\u00edv)<\/a><\/li>\n<li><a href=\"https:\/\/akjournals.com\/view\/journals\/686\/686-overview.xml\">Hungarian Medical Journal (arch\u00edv)<\/a><\/li>\n<li><a href=\"https:\/\/akjournals.com\/view\/journals\/1286\/1286-overview.xml\">Magyar Onkol\u00f3gia (arch\u00edv)<\/a><\/li>\n<li><a href=\"https:\/\/akjournals.com\/view\/journals\/726\/726-overview.xml\">European Journal of Mental Health (arch\u00edv)<\/a><\/li>\n<li><a href=\"https:\/\/semmelweis.hu\/ejmh\/\">European Journal of Mental Health (current)<\/a><\/li>\n<li><a href=\"https:\/\/akjournals.com\/view\/journals\/1166\/1166-overview.xml\">Learning &amp; Perception (arch\u00edv)<\/a><\/li>\n<li><a href=\"https:\/\/akjournals.com\/view\/journals\/1086\/1086-overview.xml\">Pszichol\u00f3gia (arch\u00edv)<\/a><\/li>\n<\/ul>\n<p>&nbsp;<\/p>\n<p>Ingyenesen el\u00e9rhet\u0151 online szakfoly\u00f3iratok:<\/p>\n<ul>\n<li><strong>A Pet\u0151 Andr\u00e1s Kar foly\u00f3irata: <\/strong><a href=\"https:\/\/semmelweis.hu\/pak\/kutatas\/tudomany-es-hivatas-folyoirat\/\"><strong>Tudom\u00e1ny \u00e9s hivat\u00e1s<\/strong><\/a><\/li>\n<li><a href=\"http:\/\/nevelestudomany.elte.hu\/\">Nevel\u00e9studom\u00e1ny : oktat\u00e1s \u2013 kutat\u00e1s \u2013 innov\u00e1ci\u00f3<\/a><\/li>\n<li><a href=\"http:\/\/ojs.elte.hu\/gyermekneveles\/\">Gyermeknevel\u00e9s: online tudom\u00e1nyos foly\u00f3irat<\/a><\/li>\n<li><a href=\"http:\/\/www.anyanyelv-pedagogia.hu\/\">Anyanyelv-pedag\u00f3gia: szakfoly\u00f3irat magyar nyelven tan\u00edt\u00f3 pedag\u00f3gusoknak<\/a><\/li>\n<li><a href=\"http:\/\/folyoiratok.ofi.hu\/uj-kozneveles\">\u00daj k\u00f6znevel\u00e9s<\/a><\/li>\n<li><a href=\"http:\/\/www.magyarpedagogia.hu\/\">Magyar pedag\u00f3gia<\/a><\/li>\n<li><a href=\"http:\/\/www.mozaik.info.hu\/Homepage\/Mozaportal\/MPfolyoirat.php\">Mozaik m\u00f3dszertani foly\u00f3iratok<\/a><\/li>\n<\/ul>\n<p><strong>\u00a0<\/strong><\/p>\n<p><strong>ADATB\u00c1ZISOK, ELEKTRONIKUS K\u00d6NYVT\u00c1RAK<\/strong><\/p>\n<p><strong>TELJES SZ\u00d6VEG\u0170 MAGYAR ADATB\u00c1ZIS:<\/strong><\/p>\n<p><a href=\"http:\/\/adtplus.arcanum.hu\/\">Arcanum Digit\u00e1lis Tudom\u00e1nyt\u00e1r<\/a><\/p>\n<p>A\u00a0<a href=\"http:\/\/mek.oszk.hu\/\">Magyar Elektronikus K\u00f6nyvt\u00e1r<\/a>\u00a0a magyar irodalom egyik legismertebb \u00e9s legnagyobb sz\u00f6veg-arch\u00edvuma k\u00f6zel 15\u00a0000 digitaliz\u00e1lt k\u00f6tettel.<\/p>\n<p><strong>MAGYAR CIKKADATB\u00c1ZISOK:<\/strong><\/p>\n<p><a href=\"http:\/\/epa.oszk.hu\/\">EPA<\/a> (Elektronikus Periodika Arch\u00edvum \u00e9s Adatb\u00e1zis)<\/p>\n<p><a href=\"http:\/\/www.oszk.hu\/humanus\/\">HUMANUS<\/a> (Hum\u00e1ntudom\u00e1nyi Tanulm\u00e1nyok \u00e9s Cikkek Adatb\u00e1zisa)<\/p>\n<p><a href=\"http:\/\/www.matarka.hu\/\">MATARKA<\/a> (Magyar foly\u00f3iratok tartalomjegyz\u00e9keinek kereshet\u0151 adatb\u00e1zisa)<br \/>\nA h\u00e1rom adatb\u00e1zis k\u00f6z\u00f6s keres\u0151je az <a href=\"http:\/\/ehm.ek.szte.hu\/ehm?p=0\">EHM<\/a>.<\/p>\n<p><strong>TELJES SZ\u00d6VEG\u0170 K\u00dcLF\u00d6LDI ADATB\u00c1ZIS:<\/strong><\/p>\n<p>A <a href=\"https:\/\/plos.org\/\">PLoS<\/a>, vagyis a Public Library of Science egy olyan nonprofit projekt, melynek az a c\u00e9lja, hogy egy olyan k\u00f6nyvt\u00e1rat hozzon l\u00e9tre, amely foly\u00f3iratokat, cikkeket \u00e9s m\u00e1s tudom\u00e1nyos irodalmat szolg\u00e1ltat ingyenesen. T\u00e9mater\u00fcletei: biol\u00f3gia, orvostudom\u00e1ny, genetika, k\u00f3rtan.<\/p>\n<p>A\u00a0 <u>DOAJ, Directory of Open Access Journal\u00a0<\/u>egy ny\u00edlt hozz\u00e1f\u00e9r\u00e9s\u0171 multidiszciplin\u00e1ris foly\u00f3iratgy\u0171jtem\u00e9ny.<\/p>\n<p>A <a href=\"https:\/\/semmelweis.hu\/start\/Taylor%20&amp;%20Francis\">Taylor &amp; Francis Online<\/a> a Taylor &amp; Francis multidiszciplin\u00e1ris adatb\u00e1zisa, amelyben ingyenesen, online el\u00e9rhet\u0151 sz\u00e1mos foly\u00f3iratcikk.<\/p>\n<p><strong>KORL\u00c1TOZOTTAN EL\u00c9RHET\u0150, K\u00dcLF\u00d6LDI ADATB\u00c1ZISOK:<\/strong><\/p>\n<p>A <a href=\"http:\/\/www.ncbi.nlm.nih.gov\/\">National Center for Biotechnology Information<\/a> a Nemzeti Eg\u00e9szs\u00e9g\u00fcgyi Int\u00e9zetek (National Institutes of Health, NIH) orvostudom\u00e1nyi adatb\u00e1zisa. T\u00f6bb adatb\u00e1zist tartalmaz, k\u00f6zt\u00fck van a <a href=\"https:\/\/pubmed.ncbi.nlm.nih.gov\/\">PubMed<\/a> is.<\/p>\n<p>A <a href=\"http:\/\/www.sciencedirect.com\/\">ScienceDirect<\/a> az Elsevier kiad\u00f3 adatb\u00e1zis szolg\u00e1ltat\u00e1sa. F\u0151 profilja a term\u00e9szettudom\u00e1nyos, m\u0171szaki \u00e9s orvosi foly\u00f3iratok nyomtatott \u00e9s elektronikus form\u00e1ban val\u00f3 terjeszt\u00e9se. Teljes sz\u00f6veg\u0171 hozz\u00e1f\u00e9r\u00e9st biztos\u00edt a saj\u00e1t kiad\u00e1s\u00fa pap\u00edralap\u00fa foly\u00f3iratok elektronikus v\u00e1ltozat\u00e1hoz, illetve m\u00e1s kiad\u00f3k e-foly\u00f3irataihoz<em>.<\/em><\/p>\n<p>A <a href=\"http:\/\/www.jstor.org\/\">JSTOR<\/a> negyvenn\u00e9l t\u00f6bb tudom\u00e1nyter\u00fcletr\u0151l t\u00f6bb mint 1000 tudom\u00e1nyos foly\u00f3irat teljes \u00e9vfolyamait k\u00edn\u00e1lja.<\/p>\n<p>A <a href=\"http:\/\/onlinelibrary.wiley.com\/advanced\/search\">Wiley Online Library<\/a> a John Wiley &amp; Sons multidiszciplin\u00e1ris adatb\u00e1zisa.<\/p>\n<p>A <a href=\"https:\/\/www.wolterskluwer.com\/en\/solutions\/lippincott-medicine\/medical-education\/lippincott-virtual-anatomy-center\">Virtual Anatomy Center<\/a> a Wolters Kluwer anat\u00f3miai oktat\u00f3 programja. Ingyenesen lehet regisztr\u00e1lni.<\/p>\n<p>A <a href=\"http:\/\/link.springer.com\/\">SpringerLink<\/a> a Springer kiad\u00f3 adatb\u00e1zisa 7 milli\u00f3n\u00e1l is t\u00f6bb dokumentummal, a legt\u00f6bb teljes sz\u00f6veg\u0171 el\u00e9r\u00e9ssel. Sok hasznos funkci\u00f3 ingyenesen \u00e9s regisztr\u00e1ci\u00f3 n\u00e9lk\u00fcl is megtekinthet\u0151: az absztrakt, gyakran az els\u0151 oldal, k\u00f6nyvek eset\u00e9ben a tartalomjegyz\u00e9k \u00e9s az el\u0151sz\u00f3 nyilv\u00e1nos. A kiadv\u00e1nyok t\u00f6bbs\u00e9ge angol nyelv\u0171, kisebb r\u00e9sze n\u00e9met, a t\u00f6bbi holland, francia \u00e9s olasz. A Springerlink a term\u00e9szettudom\u00e1nyos, technol\u00f3giai \u00e9s orvosi foly\u00f3iratokat tekintve a vil\u00e1g egyik legnagyobb online gy\u0171jtem\u00e9nye.<\/p>\n<p>A <a href=\"http:\/\/www.cochranelibrary.com\/\">The Cochrane Library<\/a> tudom\u00e1nyos adatb\u00e1zist a John Wiley &amp; Sons, Inc. szolg\u00e1ltatja.<\/p>\n<p><a href=\"https:\/\/semmelweis.hu\/pak\/oktatas\/konyvtar\/forrasok\/#top\">FEL AZ OLDAL TETEJ\u00c9RE<\/a><\/p>\n<p>&nbsp;<\/p>\n<p>&nbsp;<\/p>\n","protected":false},"excerpt":{"rendered":"<p>&nbsp; <a href=\"http:\/\/peto.arcanum.hu\" target=\"_blank\" rel=\"noopener\">KONPEDITA<\/a> \u2013 a kondukt\u00edv pedag\u00f3gia digitaliz\u00e1lt szakirodalma (Kiz\u00e1r\u00f3lag az oktat\u00e1sban r\u00e9sztvev\u0151 hallgat\u00f3k \u00e9s oktat\u00f3ik sz\u00e1m\u00e1ra el\u00e9rhet\u0151) <a href=\"https:\/\/semmelweis.hu\/pak\/files\/2017\/12\/Konduktiv_pedagogia_szakirodalom.pdf\" target=\"_blank\" rel=\"noopener\">A kondukt\u00edv pedag\u00f3gia \u00e9s szakirodalma \u2013 t\u00f6rt\u00e9neti \u00e1ttekint\u00e9s<\/a> <a href=\"https:\/\/semmelweis.hu\/pak\/files\/2017\/12\/konped_magyar.pdf\" target=\"_blank\" rel=\"noopener\">A kondukt\u00edv pedag\u00f3gia magyar nyelven megjelent szakirodalmi bibliogr\u00e1fi\u00e1ja (1955\u20132016)<\/a> (Utols\u00f3 friss\u00edt\u00e9s: 2017.01.11.) <a href=\"https:\/\/semmelweis.hu\/pak\/files\/2017\/12\/konped_idegennyelvu.pdf\" target=\"_blank\" rel=\"noopener\">A kondukt\u00edv pedag\u00f3gia idegen nyelven megjelent szakirodalmi bibliogr\u00e1fi\u00e1ja\u00a0(1955\u20132016)\u00a0<\/a> \u00a0 (Utols\u00f3 friss\u00edt\u00e9s: 2017.01.11.) <a href=\"https:\/\/semmelweis.hu\/petokonyvtar\/a-peto-andras-kar-munkatarsainak-kozlemenyei-mtmt-alapjan\/\" target=\"_blank\" rel=\"noopener\">A Pet\u0151 Andr\u00e1s Kar munkat\u00e1rsainak publik\u00e1ci\u00f3i az MTMT-ben<\/a> \u00a0 Online el\u00e9rhet\u0151 aj\u00e1nlott dokumentumok 363\/2012. (XII. 17.) Korm. rendelet\u00a0az \u00d3vodai nevel\u00e9s orsz\u00e1gos\u00a0alapprogramj\u00e1r\u00f3l. <a href=\"https:\/\/net.jogtar.hu\/jr\/gen\/hjegy_doc.cgi?docid=a1200363.kor\" target=\"_blank\" rel=\"noopener\">Megtekint\u00e9s a jogtar.hu-n<\/a> Bevezet\u00e9s a neuropszichol\u00f3gi\u00e1ba. Szerk. K\u00e1llai J\u00e1nos, Bende Istv\u00e1n, Kar\u00e1di K\u00e1zm\u00e9r, Racsm\u00e1ny Mih\u00e1ly. Budapest, Medicina K\u00f6nyvkiad\u00f3, 2008 <a href=\"https:\/\/regi.tankonyvtar.hu\/hu\/tartalom\/tamop425\/2011_0001_524_Bevezetes_a_neuropszichologiaba\/ch17s04.html\" target=\"_blank\" rel=\"noopener\">Let\u00f6lt\u00e9s a R\u00e9gi\u00a0 Tank\u00f6nyvt\u00e1rb\u00f3l<\/a> Pedag\u00f3giai \u00e9s szakm\u00f3dszertani &hellip;<\/p>\n","protected":false},"author":101866,"featured_media":0,"parent":0,"menu_order":0,"comment_status":"closed","ping_status":"closed","template":"","meta":{"_acf_changed":false,"footnotes":""},"categories":[],"tags":[],"class_list":["post-37","page","type-page","status-publish","hentry"],"acf":[],"_links":{"self":[{"href":"https:\/\/semmelweis.hu\/petokonyvtar\/wp-json\/wp\/v2\/pages\/37","targetHints":{"allow":["GET"]}}],"collection":[{"href":"https:\/\/semmelweis.hu\/petokonyvtar\/wp-json\/wp\/v2\/pages"}],"about":[{"href":"https:\/\/semmelweis.hu\/petokonyvtar\/wp-json\/wp\/v2\/types\/page"}],"author":[{"embeddable":true,"href":"https:\/\/semmelweis.hu\/petokonyvtar\/wp-json\/wp\/v2\/users\/101866"}],"replies":[{"embeddable":true,"href":"https:\/\/semmelweis.hu\/petokonyvtar\/wp-json\/wp\/v2\/comments?post=37"}],"version-history":[{"count":12,"href":"https:\/\/semmelweis.hu\/petokonyvtar\/wp-json\/wp\/v2\/pages\/37\/revisions"}],"predecessor-version":[{"id":487,"href":"https:\/\/semmelweis.hu\/petokonyvtar\/wp-json\/wp\/v2\/pages\/37\/revisions\/487"}],"wp:attachment":[{"href":"https:\/\/semmelweis.hu\/petokonyvtar\/wp-json\/wp\/v2\/media?parent=37"}],"wp:term":[{"taxonomy":"category","embeddable":true,"href":"https:\/\/semmelweis.hu\/petokonyvtar\/wp-json\/wp\/v2\/categories?post=37"},{"taxonomy":"post_tag","embeddable":true,"href":"https:\/\/semmelweis.hu\/petokonyvtar\/wp-json\/wp\/v2\/tags?post=37"}],"curies":[{"name":"wp","href":"https:\/\/api.w.org\/{rel}","templated":true}]}}