{"id":367,"date":"2021-12-15T15:26:57","date_gmt":"2021-12-15T14:26:57","guid":{"rendered":"https:\/\/semmelweis.hu\/petokonyvtar\/?page_id=367"},"modified":"2025-03-07T13:41:39","modified_gmt":"2025-03-07T12:41:39","slug":"a-peto-andras-kar-munkatarsainak-kozlemenyei-mtmt-alapjan","status":"publish","type":"page","link":"https:\/\/semmelweis.hu\/petokonyvtar\/informacioforrasok\/a-peto-andras-kar-munkatarsainak-kozlemenyei-mtmt-alapjan\/","title":{"rendered":"A Pet\u0151 Andr\u00e1s Kar munkat\u00e1rsainak k\u00f6zlem\u00e9nyei a Magyar Tudom\u00e1nyos M\u0171vek T\u00e1r\u00e1ban (MTMT)"},"content":{"rendered":"<p>A n\u00e9vre kattintva ny\u00edlik meg a szerz\u0151 tudom\u00e1nyos k\u00f6zlem\u00e9nyeinek jegyz\u00e9ke<\/p>\n<ul style=\"list-style-type: square\">\n<li><a href=\"https:\/\/m2.mtmt.hu\/api\/publication?nwi=1&amp;inited=1&amp;ty_on=1&amp;url_on=1&amp;sort;publishedYear;desc&amp;sort;firstAuthor;asc&amp;groupBy=publishedYear&amp;location=mtmt&amp;stn=1&amp;cond=authors;in;10059762&amp;cond=category.mtid;eq;1&amp;labelLang=hun\" target=\"_blank\" rel=\"noopener\">Babos Zsuzsanna<\/a><\/li>\n<li><a href=\"https:\/\/m2.mtmt.hu\/api\/publication?groupBy=publishedYear&amp;cond=authors%3Bin%3B10050398&amp;cond=category.mtid%3Beq%3B1&amp;ty_on=1&amp;ty_on_check=1&amp;st_on=1&amp;st_on_check=1&amp;url_on=1&amp;url_on_check=1&amp;cite_type=2&amp;sort=publishedYear%2Cdesc&amp;sort=firstAuthor%2Casc&amp;size=100\" target=\"_blank\" rel=\"noopener\">Balogh Brigitta <\/a>\u00a0 \u00a0 \u00a0 \u00a0 \u00a0 \u00a0 \u00a0 \u00a0 \u00a0 \u00a0 \u00a0 \u00a0 \u00a0 \u00a0 \u00a0 \u00a0 \u00a0<\/li>\n<li><a href=\"https:\/\/m2.mtmt.hu\/api\/publication?groupBy=publishedYear&amp;cond=authors%3Bin%3B10037705&amp;ty_on=1&amp;ty_on_check=1&amp;st_on=1&amp;st_on_check=1&amp;url_on=1&amp;url_on_check=1&amp;cite_type=2&amp;sort=publishedYear%2Cdesc&amp;sort=firstAuthor%2Casc&amp;size=100\" target=\"_blank\" rel=\"noopener\">Benyovszky Andrea<\/a>\u00a0 \u00a0 \u00a0 \u00a0 \u00a0 \u00a0 \u00a0 \u00a0 \u00a0 \u00a0 \u00a0 \u00a0\u00a0<a href=\"https:\/\/m2.mtmt.hu\/api\/publication?nwi=1&amp;inited=1&amp;ty_on=1&amp;url_on=1&amp;sort;publishedYear;desc&amp;sort;firstAuthor;asc&amp;groupBy=publishedYear&amp;location=mtmt&amp;stn=1&amp;cond=authors;in;10049425&amp;cond=category.mtid;eq;1&amp;labelLang=hun\" target=\"_blank\" rel=\"noopener\">\u00a0<\/a><\/li>\n<li><a href=\"https:\/\/m2.mtmt.hu\/api\/publication?groupBy=publishedYear&amp;cond=authors%3Bin%3B10056872&amp;ty_on=1&amp;ty_on_check=1&amp;st_on=1&amp;st_on_check=1&amp;url_on=1&amp;url_on_check=1&amp;cite_type=2&amp;sort=publishedYear%2Cdesc&amp;sort=firstAuthor%2Casc&amp;size=1000\" target=\"_blank\" rel=\"noopener\">Csik\u00f3s G\u00e1bor<\/a><\/li>\n<li><a href=\"https:\/\/m2.mtmt.hu\/api\/publication?cond=authors%3Beq%3B10085176&amp;cond=core%3Beq%3Btrue&amp;la_on=1&amp;ty_on=1&amp;ty_on_check=1&amp;st_on=0&amp;url_on=1&amp;url_on_check=1&amp;cite_type=2&amp;sort=publishedYear%2Cdesc&amp;sort=firstAuthor%2Casc&amp;size=20\" target=\"_blank\" rel=\"noopener\">Csizy Csilla<\/a><\/li>\n<li><a href=\"https:\/\/m2.mtmt.hu\/gui2\/?type=authors&amp;mode=browse&amp;sel=authors10094551\" target=\"_blank\" rel=\"noopener\">Elek \u00c1gnes<\/a>\u00a0 \u00a0 \u00a0 \u00a0 \u00a0 \u00a0 \u00a0 \u00a0 \u00a0<\/li>\n<li><a href=\"https:\/\/m2.mtmt.hu\/api\/publication?groupBy=publishedYear&amp;cond=authors%3Bin%3B10059758&amp;cond=category.mtid%3Beq%3B1&amp;ty_on=1&amp;ty_on_check=1&amp;st_on=1&amp;st_on_check=1&amp;url_on=1&amp;url_on_check=1&amp;cite_type=2&amp;sort=publishedYear%2Cdesc&amp;sort=firstAuthor%2Casc&amp;size=100\" target=\"_blank\" rel=\"noopener\">Feket\u00e9n\u00e9 Szab\u00f3 \u00c9va\u00a0<\/a> \u00a0 \u00a0<\/li>\n<li><a href=\"https:\/\/m2.mtmt.hu\/api\/publication?page=1&amp;cond=authors%3Beq%3B10000227&amp;cond=core%3Beq%3Btrue&amp;ty_on=1&amp;ty_on_check=1&amp;st_on=1&amp;st_on_check=1&amp;url_on=1&amp;url_on_check=1&amp;cite_type=2&amp;sort=publishedYear%2Cdesc&amp;sort=firstAuthor%2Casc&amp;size=1000\" target=\"_blank\" rel=\"noopener\">Fogarasi Andr\u00e1s\u00a0<\/a> \u00a0 \u00a0 \u00a0 \u00a0 \u00a0 \u00a0 \u00a0 \u00a0\u00a0<\/li>\n<li><a href=\"https:\/\/m2.mtmt.hu\/api\/publication?groupBy=publishedYear&amp;cond=authors%3Bin%3B10059766&amp;cond=category.mtid%3Beq%3B1&amp;ty_on=1&amp;ty_on_check=1&amp;st_on=1&amp;st_on_check=1&amp;url_on=1&amp;url_on_check=1&amp;cite_type=2&amp;sort=publishedYear%2Cdesc&amp;sort=firstAuthor%2Casc&amp;size=100\" target=\"_blank\" rel=\"noopener\">F\u00f6ldesi Ren\u00e1ta<\/a>\u00a0 \u00a0 \u00a0 \u00a0 \u00a0 \u00a0 \u00a0 \u00a0 \u00a0 \u00a0 \u00a0 \u00a0 \u00a0 \u00a0 \u00a0 \u00a0 \u00a0 \u00a0<\/li>\n<li><a href=\"https:\/\/m2.mtmt.hu\/api\/publication?groupBy=publishedYear&amp;cond=authors%3Bin%3B10037569&amp;cond=category.mtid%3Beq%3B1&amp;ty_on=1&amp;ty_on_check=1&amp;st_on=1&amp;st_on_check=1&amp;url_on=1&amp;url_on_check=1&amp;cite_type=2&amp;sort=publishedYear%2Cdesc&amp;sort=firstAuthor%2Casc&amp;size=100\" target=\"_blank\" rel=\"noopener\">Frank Tam\u00e1s<\/a>\u00a0 \u00a0 \u00a0 \u00a0 \u00a0 \u00a0 \u00a0 \u00a0 \u00a0 \u00a0 \u00a0 \u00a0 \u00a0 \u00a0 \u00a0 \u00a0 \u00a0 \u00a0 \u00a0 \u00a0<\/li>\n<li><a href=\"https:\/\/m2.mtmt.hu\/api\/publication?groupBy=publishedYear&amp;cond=authors%3Bin%3B10034335&amp;cond=category.mtid%3Beq%3B1&amp;ty_on=1&amp;ty_on_check=1&amp;st_on=1&amp;st_on_check=1&amp;url_on=1&amp;url_on_check=1&amp;cite_type=2&amp;sort=publishedYear%2Cdesc&amp;sort=firstAuthor%2Casc&amp;size=100\" target=\"_blank\" rel=\"noopener\">G\u00e1l Franciska\u00a0<\/a> \u00a0 \u00a0 \u00a0 \u00a0 \u00a0 \u00a0 \u00a0 \u00a0 \u00a0 \u00a0 \u00a0 \u00a0 \u00a0 \u00a0 \u00a0 \u00a0 \u00a0 \u00a0\u00a0\u00a0 \u00a0 \u00a0 \u00a0 \u00a0 \u00a0 \u00a0 \u00a0 \u00a0 \u00a0 \u00a0\u00a0<\/li>\n<li><a href=\"https:\/\/m2.mtmt.hu\/api\/publication?groupBy=publishedYear&amp;cond=authors%3Bin%3B10059849&amp;cond=category.mtid%3Beq%3B1&amp;ty_on=1&amp;ty_on_check=1&amp;st_on=1&amp;st_on_check=1&amp;url_on=1&amp;url_on_check=1&amp;cite_type=2&amp;sort=publishedYear%2Cdesc&amp;sort=firstAuthor%2Casc&amp;size=100\" target=\"_blank\" rel=\"noopener\">Gruber M\u00f3nika<\/a>\u00a0<\/li>\n<li><a href=\"https:\/\/m2.mtmt.hu\/api\/publication?cond=authors%3Beq%3B10084075&amp;cond=core%3Beq%3Btrue&amp;ty_on=1&amp;ty_on_check=1&amp;st_on=1&amp;st_on_check=1&amp;url_on=1&amp;url_on_check=1&amp;cite_type=2&amp;sort=publishedYear%2Cdesc&amp;sort=firstAuthor%2Casc&amp;size=50\" target=\"_blank\" rel=\"noopener\">Hod\u00e1sz Kata<\/a>\u00a0<\/li>\n<li><a href=\"https:\/\/m2.mtmt.hu\/api\/publication?cond=authors%3Beq%3B10081732&amp;cond=core%3Beq%3Btrue&amp;la_on=1&amp;ty_on=1&amp;ty_on_check=1&amp;st_on=0&amp;url_on=1&amp;url_on_check=1&amp;cite_type=2&amp;sort=publishedYear%2Cdesc&amp;sort=firstAuthor%2Casc&amp;size=20\" target=\"_blank\" rel=\"noopener\">Holl\u00f3sy Helga\u00a0 \u00a0 \u00a0 \u00a0 \u00a0 \u00a0 \u00a0 \u00a0 \u00a0 \u00a0 \u00a0 \u00a0 \u00a0 \u00a0 \u00a0\u00a0<\/a><\/li>\n<li><a href=\"https:\/\/m2.mtmt.hu\/api\/publication?groupBy=publishedYear&amp;cond=authors%3Bin%3B10030089&amp;cond=category.mtid%3Beq%3B1&amp;ty_on=1&amp;ty_on_check=1&amp;st_on=1&amp;st_on_check=1&amp;url_on=1&amp;url_on_check=1&amp;cite_type=2&amp;sort=publishedYear%2Cdesc&amp;sort=firstAuthor%2Casc&amp;size=100\" target=\"_blank\" rel=\"noopener\">K\u00e1llay Zs\u00f3fia\u00a0<\/a><\/li>\n<li><a href=\"https:\/\/m2.mtmt.hu\/api\/publication?cond=authors%3Beq%3B10081718&amp;cond=core%3Beq%3Btrue&amp;la_on=1&amp;ty_on=1&amp;ty_on_check=1&amp;st_on=0&amp;url_on=1&amp;url_on_check=1&amp;cite_type=2&amp;sort=publishedYear%2Cdesc&amp;sort=firstAuthor%2Casc&amp;size=20\" target=\"_blank\" rel=\"noopener\">Kapcs\u00e1ndy Gabriella Anita\u00a0 \u00a0 \u00a0 \u00a0 \u00a0 \u00a0 \u00a0 \u00a0 \u00a0 \u00a0 \u00a0 \u00a0 \u00a0 \u00a0 \u00a0 \u00a0 \u00a0 \u00a0\u00a0<\/a><\/li>\n<li><a href=\"https:\/\/m2.mtmt.hu\/api\/publication?groupBy=publishedYear&amp;cond=authors%3Bin%3B10045415&amp;cond=category.mtid%3Beq%3B1&amp;ty_on=1&amp;ty_on_check=1&amp;st_on=1&amp;st_on_check=1&amp;url_on=1&amp;url_on_check=1&amp;cite_type=2&amp;sort=publishedYear%2Cdesc&amp;sort=firstAuthor%2Casc&amp;size=1000\" target=\"_blank\" rel=\"noopener\">Kelemen Anna \u00a0<\/a><\/li>\n<li><a href=\"https:\/\/m2.mtmt.hu\/gui2\/?type=authors&amp;mode=browse&amp;sel=authors10089699\" target=\"_blank\" rel=\"noopener\">Kenesei Dorottya<\/a>\u00a0 \u00a0 \u00a0 \u00a0 \u00a0 \u00a0 \u00a0 \u00a0 \u00a0 \u00a0 \u00a0 \u00a0 \u00a0 \u00a0 \u00a0 \u00a0\u00a0<\/li>\n<li><a href=\"https:\/\/m2.mtmt.hu\/api\/publication?groupBy=publishedYear&amp;cond=authors%3Bin%3B10049523&amp;cond=category.mtid%3Beq%3B1&amp;ty_on=1&amp;ty_on_check=1&amp;st_on=1&amp;st_on_check=1&amp;url_on=1&amp;url_on_check=1&amp;cite_type=2&amp;sort=publishedYear%2Cdesc&amp;sort=firstAuthor%2Casc&amp;size=1000\" target=\"_blank\" rel=\"noopener\">Kollega Tarsoly Istv\u00e1n<\/a>\u00a0 \u00a0 \u00a0 \u00a0 \u00a0 \u00a0 \u00a0 \u00a0 \u00a0 \u00a0 \u00a0<\/li>\n<li><a href=\"https:\/\/m2.mtmt.hu\/api\/publication?groupBy=publishedYear&amp;cond=authors%3Bin%3B10072297&amp;cond=category.mtid%3Beq%3B1&amp;ty_on=1&amp;ty_on_check=1&amp;st_on=1&amp;st_on_check=1&amp;url_on=1&amp;url_on_check=1&amp;cite_type=2&amp;sort=publishedYear%2Cdesc&amp;sort=firstAuthor%2Casc&amp;size=100\" target=\"_blank\" rel=\"noopener\">Kolumb\u00e1n Erika<\/a>\u00a0 \u00a0 \u00a0 \u00a0 \u00a0 \u00a0 \u00a0 \u00a0 \u00a0 \u00a0 \u00a0 \u00a0 \u00a0 \u00a0 \u00a0 \u00a0 \u00a0<\/li>\n<li><a href=\"https:\/\/m2.mtmt.hu\/api\/publication?groupBy=publishedYear&amp;cond=authors%3Bin%3B10059769&amp;cond=category.mtid%3Beq%3B1&amp;ty_on=1&amp;ty_on_check=1&amp;st_on=1&amp;st_on_check=1&amp;url_on=1&amp;url_on_check=1&amp;cite_type=2&amp;sort=publishedYear%2Cdesc&amp;sort=firstAuthor%2Casc&amp;size=100\" target=\"_blank\" rel=\"noopener\">Lengyel J\u00e1nos\u00a0<\/a> \u00a0 \u00a0 \u00a0 \u00a0 \u00a0 \u00a0 \u00a0 \u00a0 \u00a0 \u00a0 \u00a0 \u00a0 \u00a0 \u00a0 \u00a0 \u00a0 \u00a0 \u00a0<\/li>\n<li><a href=\"https:\/\/m2.mtmt.hu\/api\/publication?nwi=1&amp;inited=1&amp;ty_on=1&amp;url_on=1&amp;sort;publishedYear;desc&amp;sort;firstAuthor;asc&amp;groupBy=publishedYear&amp;location=mtmt&amp;stn=1&amp;cond=authors;in;10071162&amp;cond=category.mtid;eq;1&amp;labelLang=hun\" target=\"_blank\" rel=\"noopener\">Makk \u00c1d\u00e1m<\/a>\u00a0 \u00a0 \u00a0 \u00a0 \u00a0 \u00a0 \u00a0 \u00a0 \u00a0 \u00a0 \u00a0 \u00a0 \u00a0 \u00a0 \u00a0 \u00a0 \u00a0 \u00a0<\/li>\n<li><a href=\"https:\/\/m2.mtmt.hu\/api\/publication?nwi=1&amp;inited=1&amp;ty_on=1&amp;url_on=1&amp;sort;publishedYear;desc&amp;sort;firstAuthor;asc&amp;groupBy=publishedYear&amp;location=mtmt&amp;stn=1&amp;cond=authors;in;10059770&amp;cond=category.mtid;eq;1&amp;labelLang=hun\" target=\"_blank\" rel=\"noopener\">Mascher R\u00f3bert<\/a>\u00a0 \u00a0 \u00a0 \u00a0 \u00a0 \u00a0 \u00a0 \u00a0 \u00a0 \u00a0 \u00a0 \u00a0 \u00a0 \u00a0 \u00a0 \u00a0<\/li>\n<li><a href=\"https:\/\/m2.mtmt.hu\/api\/publication?cond=authors%3Beq%3B10059771&amp;cond=core%3Beq%3Btrue&amp;ty_on=1&amp;ty_on_check=1&amp;st_on=1&amp;st_on_check=1&amp;url_on=1&amp;url_on_check=1&amp;cite_type=2&amp;sort=publishedYear%2Cdesc&amp;sort=firstAuthor%2Casc&amp;size=1000\" target=\"_blank\" rel=\"noopener\">Matos L\u00e1szl\u00f3<\/a>\u00a0 \u00a0 \u00a0 \u00a0 \u00a0 \u00a0 \u00a0 \u00a0 \u00a0 \u00a0 \u00a0 \u00a0 \u00a0 \u00a0 \u00a0 \u00a0 \u00a0 \u00a0\u00a0<\/li>\n<li><a href=\"https:\/\/m2.mtmt.hu\/api\/publication?groupBy=publishedYear&amp;cond=authors%3Bin%3B10059800&amp;cond=category.mtid%3Beq%3B1&amp;ty_on=1&amp;ty_on_check=1&amp;st_on=1&amp;st_on_check=1&amp;url_on=1&amp;url_on_check=1&amp;cite_type=2&amp;sort=publishedYear%2Cdesc&amp;sort=firstAuthor%2Casc&amp;size=100\" target=\"_blank\" rel=\"noopener\">M\u00e1ty\u00e1sin\u00e9 Kiss \u00c1gnes<\/a>\u00a0 \u00a0 \u00a0 \u00a0 \u00a0 \u00a0 \u00a0 \u00a0 \u00a0 \u00a0<\/li>\n<li><a href=\"https:\/\/m2.mtmt.hu\/api\/publication?nwi=1&amp;inited=1&amp;ty_on=1&amp;url_on=1&amp;sort;publishedYear;desc&amp;sort;firstAuthor;asc&amp;groupBy=publishedYear&amp;location=mtmt&amp;stn=1&amp;cond=authors;in;10067760&amp;cond=category.mtid;eq;1&amp;labelLang=hun\" target=\"_blank\" rel=\"noopener\">Muzslai-B\u00edzik Hanna<\/a>\u00a0 \u00a0 \u00a0 \u00a0 \u00a0 \u00a0 \u00a0 \u00a0 \u00a0 \u00a0 \u00a0 \u00a0<\/li>\n<li><a href=\"https:\/\/m2.mtmt.hu\/api\/publication?groupBy=publishedYear&amp;cond=authors%3Bin%3B10059774&amp;cond=category.mtid%3Beq%3B1&amp;ty_on=1&amp;ty_on_check=1&amp;st_on=1&amp;st_on_check=1&amp;url_on=1&amp;url_on_check=1&amp;cite_type=2&amp;sort=publishedYear%2Cdesc&amp;sort=firstAuthor%2Casc&amp;size=100\" target=\"_blank\" rel=\"noopener\">P\u00e1sztorn\u00e9 Tass Ildik\u00f3<\/a>\u00a0<\/li>\n<li><a href=\"https:\/\/m2.mtmt.hu\/api\/publication?cond=authors%3Beq%3B10080531&amp;cond=core%3Beq%3Btrue&amp;la_on=1&amp;ty_on=1&amp;ty_on_check=1&amp;st_on=0&amp;url_on=1&amp;url_on_check=1&amp;cite_type=2&amp;sort=publishedYear%2Cdesc&amp;sort=firstAuthor%2Casc&amp;size=50\" target=\"_blank\" rel=\"noopener\">P\u00e1zm\u00e1ndi Eszter Melinda<\/a><\/li>\n<li><a href=\"https:\/\/m2.mtmt.hu\/api\/publication?page=1&amp;cond=authors%3Beq%3B10088899&amp;cond=core%3Beq%3Btrue&amp;la_on=1&amp;ty_on=1&amp;ty_on_check=1&amp;st_on=0&amp;url_on=1&amp;url_on_check=1&amp;cite_type=2&amp;sort=publishedYear%2Cdesc&amp;sort=firstAuthor%2Casc&amp;size=10\" target=\"_blank\" rel=\"noopener\">Perger Katalin\u00a0<\/a> \u00a0 \u00a0 \u00a0 \u00a0 \u00a0 \u00a0 \u00a0 \u00a0 \u00a0 \u00a0 \u00a0 \u00a0 \u00a0 \u00a0 \u00a0 \u00a0 \u00a0 \u00a0 \u00a0 \u00a0 \u00a0 \u00a0 \u00a0<\/li>\n<li><a href=\"https:\/\/m2.mtmt.hu\/api\/publication?groupBy=publishedYear&amp;cond=authors%3Bin%3B10039511&amp;cond=category.mtid%3Beq%3B1&amp;ty_on=1&amp;ty_on_check=1&amp;st_on=1&amp;st_on_check=1&amp;url_on=1&amp;url_on_check=1&amp;cite_type=2&amp;sort=publishedYear%2Cdesc&amp;sort=firstAuthor%2Casc&amp;size=1000\" target=\"_blank\" rel=\"noopener\">Pint\u00e9r Henriett<\/a><\/li>\n<li><a href=\"https:\/\/m2.mtmt.hu\/api\/publication?groupBy=publishedYear&amp;cond=authors%3Bin%3B10046802&amp;cond=category.mtid%3Beq%3B1&amp;ty_on=1&amp;ty_on_check=1&amp;st_on=1&amp;st_on_check=1&amp;url_on=1&amp;url_on_check=1&amp;cite_type=2&amp;sort=publishedYear%2Cdesc&amp;sort=firstAuthor%2Casc&amp;size=100\" target=\"_blank\" rel=\"noopener\">Pulay M\u00e1rk<\/a>\u00a0 \u00a0 \u00a0 \u00a0 \u00a0 \u00a0 \u00a0 \u00a0 \u00a0 \u00a0 \u00a0 \u00a0 \u00a0 \u00a0 \u00a0 \u00a0\u00a0<\/li>\n<li><a href=\"https:\/\/m2.mtmt.hu\/api\/publication?groupBy=publishedYear&amp;cond=authors%3Bin%3B10046367&amp;cond=category.mtid%3Beq%3B1&amp;ty_on=1&amp;ty_on_check=1&amp;st_on=1&amp;st_on_check=1&amp;url_on=1&amp;url_on_check=1&amp;cite_type=2&amp;sort=publishedYear%2Cdesc&amp;sort=firstAuthor%2Casc&amp;size=1000\" target=\"_blank\" rel=\"noopener\">S\u00e1ringern\u00e9 Szil\u00e1rd Zsuzsanna<\/a>\u00a0 \u00a0 \u00a0\u00a0<\/li>\n<li><a href=\"https:\/\/m2.mtmt.hu\/api\/publication?groupBy=publishedYear&amp;cond=authors%3Bin%3B10059634&amp;cond=category.mtid%3Beq%3B1&amp;ty_on=1&amp;ty_on_check=1&amp;st_on=1&amp;st_on_check=1&amp;url_on=1&amp;url_on_check=1&amp;cite_type=2&amp;sort=publishedYear%2Cdesc&amp;sort=firstAuthor%2Casc&amp;size=100\" target=\"_blank\" rel=\"noopener\">Tenk Mikl\u00f3sn\u00e9 Zsebe Andrea<\/a>\u00a0 \u00a0 \u00a0<\/li>\n<li><a href=\"https:\/\/m2.mtmt.hu\/api\/publication?groupBy=publishedYear&amp;cond=authors%3Bin%3B10050285&amp;cond=category.mtid%3Beq%3B1&amp;ty_on=1&amp;ty_on_check=1&amp;st_on=1&amp;st_on_check=1&amp;url_on=1&amp;url_on_check=1&amp;cite_type=2&amp;sort=publishedYear%2Cdesc&amp;sort=firstAuthor%2Casc&amp;size=100\" target=\"_blank\" rel=\"noopener\">T\u00fari Ibolya<\/a>\u00a0 \u00a0 \u00a0 \u00a0 \u00a0 \u00a0 \u00a0 \u00a0 \u00a0 \u00a0 \u00a0 \u00a0 \u00a0 \u00a0 \u00a0 \u00a0 \u00a0 \u00a0 \u00a0 \u00a0 \u00a0\u00a0<\/li>\n<li><a href=\"https:\/\/m2.mtmt.hu\/api\/publication?groupBy=publishedYear&amp;cond=authors%3Bin%3B10062933&amp;cond=category.mtid%3Beq%3B1&amp;ty_on=1&amp;ty_on_check=1&amp;st_on=1&amp;st_on_check=1&amp;url_on=1&amp;url_on_check=1&amp;cite_type=2&amp;sort=publishedYear%2Cdesc&amp;sort=firstAuthor%2Casc&amp;size=20\" target=\"_blank\" rel=\"noopener\">Vad\u00e1sz Zsuzsanna<\/a>\u00a0 \u00a0 \u00a0 \u00a0 \u00a0 \u00a0 \u00a0 \u00a0 \u00a0 \u00a0 \u00a0 \u00a0 \u00a0 \u00a0<\/li>\n<li><a href=\"https:\/\/m2.mtmt.hu\/api\/publication?groupBy=publishedYear&amp;cond=authors%3Bin%3B10031234&amp;cond=category.mtid%3Beq%3B1&amp;ty_on=1&amp;ty_on_check=1&amp;st_on=1&amp;st_on_check=1&amp;url_on=1&amp;url_on_check=1&amp;cite_type=2&amp;sort=publishedYear%2Cdesc&amp;sort=firstAuthor%2Casc&amp;size=100\" target=\"_blank\" rel=\"noopener\">Valentn\u00e9 Albert \u00c9va<\/a>\u00a0 \u00a0 \u00a0 \u00a0 \u00a0 \u00a0 \u00a0 \u00a0\u00a0<\/li>\n<li><a href=\"https:\/\/m2.mtmt.hu\/api\/publication?groupBy=publishedYear&amp;cond=authors%3Bin%3B10059978&amp;cond=category.mtid%3Beq%3B1&amp;ty_on=1&amp;ty_on_check=1&amp;st_on=1&amp;st_on_check=1&amp;url_on=1&amp;url_on_check=1&amp;cite_type=2&amp;sort=publishedYear%2Cdesc&amp;sort=firstAuthor%2Casc&amp;size=100\" target=\"_blank\" rel=\"noopener\">Vissi T\u00edmea<\/a>\u00a0 \u00a0 \u00a0 \u00a0 \u00a0 \u00a0 \u00a0 \u00a0 \u00a0 \u00a0 \u00a0 \u00a0 \u00a0<\/li>\n<\/ul>\n","protected":false},"excerpt":{"rendered":"<p>A n\u00e9vre kattintva ny\u00edlik meg a szerz\u0151 tudom\u00e1nyos k\u00f6zlem\u00e9nyeinek jegyz\u00e9ke <a href=\"https:\/\/m2.mtmt.hu\/api\/publication?nwi=1&amp;inited=1&amp;ty_on=1&amp;url_on=1&amp;sort;publishedYear;desc&amp;sort;firstAuthor;asc&amp;groupBy=publishedYear&amp;location=mtmt&amp;stn=1&amp;cond=authors;in;10059762&amp;cond=category.mtid;eq;1&amp;labelLang=hun\" target=\"_blank\" rel=\"noopener\">Babos Zsuzsanna<\/a> <a href=\"https:\/\/m2.mtmt.hu\/api\/publication?groupBy=publishedYear&amp;cond=authors%3Bin%3B10050398&amp;cond=category.mtid%3Beq%3B1&amp;ty_on=1&amp;ty_on_check=1&amp;st_on=1&amp;st_on_check=1&amp;url_on=1&amp;url_on_check=1&amp;cite_type=2&amp;sort=publishedYear%2Cdesc&amp;sort=firstAuthor%2Casc&amp;size=100\" target=\"_blank\" rel=\"noopener\">Balogh Brigitta <\/a> \u00a0 \u00a0 \u00a0 \u00a0 \u00a0 \u00a0 \u00a0 \u00a0 \u00a0 \u00a0 \u00a0 \u00a0 \u00a0 \u00a0 \u00a0 \u00a0 \u00a0 <a href=\"https:\/\/m2.mtmt.hu\/api\/publication?groupBy=publishedYear&amp;cond=authors%3Bin%3B10037705&amp;ty_on=1&amp;ty_on_check=1&amp;st_on=1&amp;st_on_check=1&amp;url_on=1&amp;url_on_check=1&amp;cite_type=2&amp;sort=publishedYear%2Cdesc&amp;sort=firstAuthor%2Casc&amp;size=100\" target=\"_blank\" rel=\"noopener\">Benyovszky Andrea<\/a> \u00a0 \u00a0 \u00a0 \u00a0 \u00a0 \u00a0 \u00a0 \u00a0 \u00a0 \u00a0 \u00a0 \u00a0\u00a0 <a href=\"https:\/\/m2.mtmt.hu\/api\/publication?nwi=1&amp;inited=1&amp;ty_on=1&amp;url_on=1&amp;sort;publishedYear;desc&amp;sort;firstAuthor;asc&amp;groupBy=publishedYear&amp;location=mtmt&amp;stn=1&amp;cond=authors;in;10049425&amp;cond=category.mtid;eq;1&amp;labelLang=hun\" target=\"_blank\" rel=\"noopener\">\u00a0<\/a> <a href=\"https:\/\/m2.mtmt.hu\/api\/publication?groupBy=publishedYear&amp;cond=authors%3Bin%3B10056872&amp;ty_on=1&amp;ty_on_check=1&amp;st_on=1&amp;st_on_check=1&amp;url_on=1&amp;url_on_check=1&amp;cite_type=2&amp;sort=publishedYear%2Cdesc&amp;sort=firstAuthor%2Casc&amp;size=1000\" target=\"_blank\" rel=\"noopener\">Csik\u00f3s G\u00e1bor<\/a> <a href=\"https:\/\/m2.mtmt.hu\/api\/publication?cond=authors%3Beq%3B10085176&amp;cond=core%3Beq%3Btrue&amp;la_on=1&amp;ty_on=1&amp;ty_on_check=1&amp;st_on=0&amp;url_on=1&amp;url_on_check=1&amp;cite_type=2&amp;sort=publishedYear%2Cdesc&amp;sort=firstAuthor%2Casc&amp;size=20\" target=\"_blank\" rel=\"noopener\">Csizy Csilla<\/a> <a href=\"https:\/\/m2.mtmt.hu\/gui2\/?type=authors&amp;mode=browse&amp;sel=authors10094551\" target=\"_blank\" rel=\"noopener\">Elek \u00c1gnes<\/a> \u00a0 \u00a0 \u00a0 \u00a0 \u00a0 \u00a0 \u00a0 \u00a0 \u00a0 <a href=\"https:\/\/m2.mtmt.hu\/api\/publication?groupBy=publishedYear&amp;cond=authors%3Bin%3B10059758&amp;cond=category.mtid%3Beq%3B1&amp;ty_on=1&amp;ty_on_check=1&amp;st_on=1&amp;st_on_check=1&amp;url_on=1&amp;url_on_check=1&amp;cite_type=2&amp;sort=publishedYear%2Cdesc&amp;sort=firstAuthor%2Casc&amp;size=100\" target=\"_blank\" rel=\"noopener\">Feket\u00e9n\u00e9 Szab\u00f3 \u00c9va\u00a0<\/a> \u00a0 \u00a0 <a href=\"https:\/\/m2.mtmt.hu\/api\/publication?page=1&amp;cond=authors%3Beq%3B10000227&amp;cond=core%3Beq%3Btrue&amp;ty_on=1&amp;ty_on_check=1&amp;st_on=1&amp;st_on_check=1&amp;url_on=1&amp;url_on_check=1&amp;cite_type=2&amp;sort=publishedYear%2Cdesc&amp;sort=firstAuthor%2Casc&amp;size=1000\" target=\"_blank\" rel=\"noopener\">Fogarasi Andr\u00e1s\u00a0<\/a> \u00a0 \u00a0 \u00a0 \u00a0 \u00a0 &hellip;<\/p>\n","protected":false},"author":101866,"featured_media":0,"parent":37,"menu_order":7,"comment_status":"closed","ping_status":"closed","template":"","meta":{"_acf_changed":false,"footnotes":""},"categories":[],"tags":[],"class_list":["post-367","page","type-page","status-publish","hentry"],"acf":[],"_links":{"self":[{"href":"https:\/\/semmelweis.hu\/petokonyvtar\/wp-json\/wp\/v2\/pages\/367","targetHints":{"allow":["GET"]}}],"collection":[{"href":"https:\/\/semmelweis.hu\/petokonyvtar\/wp-json\/wp\/v2\/pages"}],"about":[{"href":"https:\/\/semmelweis.hu\/petokonyvtar\/wp-json\/wp\/v2\/types\/page"}],"author":[{"embeddable":true,"href":"https:\/\/semmelweis.hu\/petokonyvtar\/wp-json\/wp\/v2\/users\/101866"}],"replies":[{"embeddable":true,"href":"https:\/\/semmelweis.hu\/petokonyvtar\/wp-json\/wp\/v2\/comments?post=367"}],"version-history":[{"count":10,"href":"https:\/\/semmelweis.hu\/petokonyvtar\/wp-json\/wp\/v2\/pages\/367\/revisions"}],"predecessor-version":[{"id":1632,"href":"https:\/\/semmelweis.hu\/petokonyvtar\/wp-json\/wp\/v2\/pages\/367\/revisions\/1632"}],"up":[{"embeddable":true,"href":"https:\/\/semmelweis.hu\/petokonyvtar\/wp-json\/wp\/v2\/pages\/37"}],"wp:attachment":[{"href":"https:\/\/semmelweis.hu\/petokonyvtar\/wp-json\/wp\/v2\/media?parent=367"}],"wp:term":[{"taxonomy":"category","embeddable":true,"href":"https:\/\/semmelweis.hu\/petokonyvtar\/wp-json\/wp\/v2\/categories?post=367"},{"taxonomy":"post_tag","embeddable":true,"href":"https:\/\/semmelweis.hu\/petokonyvtar\/wp-json\/wp\/v2\/tags?post=367"}],"curies":[{"name":"wp","href":"https:\/\/api.w.org\/{rel}","templated":true}]}}