{"id":1714,"date":"2025-05-16T10:36:15","date_gmt":"2025-05-16T08:36:15","guid":{"rendered":"https:\/\/semmelweis.hu\/petokonyvtar\/?page_id=1714"},"modified":"2025-05-16T11:00:43","modified_gmt":"2025-05-16T09:00:43","slug":"utmutato-a-katalogus-hasznalatahoz","status":"publish","type":"page","link":"https:\/\/semmelweis.hu\/petokonyvtar\/informacioforrasok\/katalogus\/utmutato-a-katalogus-hasznalatahoz\/","title":{"rendered":"\u00datmutat\u00f3 a Katal\u00f3gus haszn\u00e1lat\u00e1hoz"},"content":{"rendered":"<p><a href=\"https:\/\/semmelweis.hu\/petokonyvtar\/files\/2025\/05\/katalogus_hasznalata.pdf\">\u00datmutat\u00f3<\/a><\/p>\n","protected":false},"excerpt":{"rendered":"<p><a href=\"https:\/\/semmelweis.hu\/petokonyvtar\/files\/2025\/05\/katalogus_hasznalata.pdf\">\u00datmutat\u00f3<\/a><\/p>\n","protected":false},"author":101866,"featured_media":0,"parent":9,"menu_order":1,"comment_status":"closed","ping_status":"closed","template":"","meta":{"_acf_changed":false,"footnotes":""},"categories":[],"tags":[],"class_list":["post-1714","page","type-page","status-publish","hentry"],"acf":[],"_links":{"self":[{"href":"https:\/\/semmelweis.hu\/petokonyvtar\/wp-json\/wp\/v2\/pages\/1714","targetHints":{"allow":["GET"]}}],"collection":[{"href":"https:\/\/semmelweis.hu\/petokonyvtar\/wp-json\/wp\/v2\/pages"}],"about":[{"href":"https:\/\/semmelweis.hu\/petokonyvtar\/wp-json\/wp\/v2\/types\/page"}],"author":[{"embeddable":true,"href":"https:\/\/semmelweis.hu\/petokonyvtar\/wp-json\/wp\/v2\/users\/101866"}],"replies":[{"embeddable":true,"href":"https:\/\/semmelweis.hu\/petokonyvtar\/wp-json\/wp\/v2\/comments?post=1714"}],"version-history":[{"count":4,"href":"https:\/\/semmelweis.hu\/petokonyvtar\/wp-json\/wp\/v2\/pages\/1714\/revisions"}],"predecessor-version":[{"id":1719,"href":"https:\/\/semmelweis.hu\/petokonyvtar\/wp-json\/wp\/v2\/pages\/1714\/revisions\/1719"}],"up":[{"embeddable":true,"href":"https:\/\/semmelweis.hu\/petokonyvtar\/wp-json\/wp\/v2\/pages\/9"}],"wp:attachment":[{"href":"https:\/\/semmelweis.hu\/petokonyvtar\/wp-json\/wp\/v2\/media?parent=1714"}],"wp:term":[{"taxonomy":"category","embeddable":true,"href":"https:\/\/semmelweis.hu\/petokonyvtar\/wp-json\/wp\/v2\/categories?post=1714"},{"taxonomy":"post_tag","embeddable":true,"href":"https:\/\/semmelweis.hu\/petokonyvtar\/wp-json\/wp\/v2\/tags?post=1714"}],"curies":[{"name":"wp","href":"https:\/\/api.w.org\/{rel}","templated":true}]}}