{"id":940,"date":"2020-09-04T14:26:33","date_gmt":"2020-09-04T12:26:33","guid":{"rendered":"https:\/\/semmelweis.hu\/peto-pedint\/?page_id=940"},"modified":"2025-10-10T13:24:04","modified_gmt":"2025-10-10T11:24:04","slug":"koronavirus-info","status":"publish","type":"page","link":"https:\/\/semmelweis.hu\/peto-pedint\/koronavirus-info\/","title":{"rendered":"COVID inf\u00f3"},"content":{"rendered":"<p style=\"text-align: justify\"><a href=\"https:\/\/semmelweis.hu\/peto-pedint\/files\/2020\/09\/2383daa544053e41b4dd7f2b99773391.png\"><img loading=\"lazy\" decoding=\"async\" class=\"size-medium wp-image-941 alignleft\" src=\"https:\/\/semmelweis.hu\/peto-pedint\/files\/2020\/09\/2383daa544053e41b4dd7f2b99773391-400x210.png\" alt=\"\" width=\"400\" height=\"210\" srcset=\"https:\/\/semmelweis.hu\/peto-pedint\/files\/2020\/09\/2383daa544053e41b4dd7f2b99773391-400x210.png 400w, https:\/\/semmelweis.hu\/peto-pedint\/files\/2020\/09\/2383daa544053e41b4dd7f2b99773391.png 700w\" sizes=\"auto, (max-width: 400px) 100vw, 400px\" \/><\/a>Az SE Pet\u0151 Andr\u00e1s Pedag\u00f3giai Int\u00e9zete maxim\u00e1lisan betartja a Semmelweis Egyetem \u00e9s Magyarorsz\u00e1g korm\u00e1nya \u00e1ltal el\u0151\u00edrt mindenkori biztons\u00e1gi int\u00e9zked\u00e9seket.<\/p>\n<p style=\"text-align: justify\"><span style=\"color: #000000\">Munkat\u00e1rsaink fokozott figyelmet ford\u00edtanak arra, hogy a k\u00fcls\u0151-\u00e9s bels\u0151 partnereinkkel val\u00f3 szem\u00e9lyes kapcsolattart\u00e1s lehet\u0151s\u00e9g\u00e9t megteremts\u00e9k. Ennek \u00e9rdek\u00e9ben <strong>minden munkat\u00e1rsunk felvett minimum 3 koronav\u00edrus elleni v\u00e9d\u0151olt\u00e1st. <\/strong>El\u0151vigy\u00e1zatoss\u00e1gi okokb\u00f3l szem\u00e9lyes megbesz\u00e9l\u00e9sek alkalm\u00e1val udvarias t\u00e1vols\u00e1gtart\u00e1st alkalmazunk. <br \/>\nKiemelt figyelmet ford\u00edtunk arra is, hogy irod\u00e1nk, illetve az \u00e1ltalunk haszn\u00e1lt <strong>helyis\u00e9gek eg\u00e9szs\u00e9g\u00fcgyi szempontb\u00f3l biztons\u00e1gos k\u00f6rnyezetet jelentsenek<\/strong>. Betartjuk a higi\u00e9n\u00e9s szab\u00e1lyokat.<\/span><\/p>\n","protected":false},"excerpt":{"rendered":"<p><a href=\"https:\/\/semmelweis.hu\/peto-pedint\/files\/2020\/09\/2383daa544053e41b4dd7f2b99773391.png\"><\/a> Az SE Pet\u0151 Andr\u00e1s Pedag\u00f3giai Int\u00e9zete maxim\u00e1lisan betartja a Semmelweis Egyetem \u00e9s Magyarorsz\u00e1g korm\u00e1nya \u00e1ltal el\u0151\u00edrt mindenkori biztons\u00e1gi int\u00e9zked\u00e9seket. Munkat\u00e1rsaink fokozott figyelmet ford\u00edtanak arra, hogy a k\u00fcls\u0151-\u00e9s bels\u0151 partnereinkkel val\u00f3 szem\u00e9lyes kapcsolattart\u00e1s lehet\u0151s\u00e9g\u00e9t megteremts\u00e9k. Ennek \u00e9rdek\u00e9ben minden munkat\u00e1rsunk felvett minimum 3 koronav\u00edrus elleni v\u00e9d\u0151olt\u00e1st. El\u0151vigy\u00e1zatoss\u00e1gi okokb\u00f3l szem\u00e9lyes megbesz\u00e9l\u00e9sek alkalm\u00e1val udvarias t\u00e1vols\u00e1gtart\u00e1st alkalmazunk. Kiemelt figyelmet ford\u00edtunk &hellip;<\/p>\n","protected":false},"author":101716,"featured_media":0,"parent":0,"menu_order":0,"comment_status":"closed","ping_status":"closed","template":"","meta":{"_acf_changed":false,"footnotes":""},"categories":[],"tags":[],"class_list":["post-940","page","type-page","status-publish","hentry"],"acf":[],"_links":{"self":[{"href":"https:\/\/semmelweis.hu\/peto-pedint\/wp-json\/wp\/v2\/pages\/940","targetHints":{"allow":["GET"]}}],"collection":[{"href":"https:\/\/semmelweis.hu\/peto-pedint\/wp-json\/wp\/v2\/pages"}],"about":[{"href":"https:\/\/semmelweis.hu\/peto-pedint\/wp-json\/wp\/v2\/types\/page"}],"author":[{"embeddable":true,"href":"https:\/\/semmelweis.hu\/peto-pedint\/wp-json\/wp\/v2\/users\/101716"}],"replies":[{"embeddable":true,"href":"https:\/\/semmelweis.hu\/peto-pedint\/wp-json\/wp\/v2\/comments?post=940"}],"version-history":[{"count":10,"href":"https:\/\/semmelweis.hu\/peto-pedint\/wp-json\/wp\/v2\/pages\/940\/revisions"}],"predecessor-version":[{"id":3619,"href":"https:\/\/semmelweis.hu\/peto-pedint\/wp-json\/wp\/v2\/pages\/940\/revisions\/3619"}],"wp:attachment":[{"href":"https:\/\/semmelweis.hu\/peto-pedint\/wp-json\/wp\/v2\/media?parent=940"}],"wp:term":[{"taxonomy":"category","embeddable":true,"href":"https:\/\/semmelweis.hu\/peto-pedint\/wp-json\/wp\/v2\/categories?post=940"},{"taxonomy":"post_tag","embeddable":true,"href":"https:\/\/semmelweis.hu\/peto-pedint\/wp-json\/wp\/v2\/tags?post=940"}],"curies":[{"name":"wp","href":"https:\/\/api.w.org\/{rel}","templated":true}]}}