{"id":741,"date":"2020-05-05T12:16:18","date_gmt":"2020-05-05T10:16:18","guid":{"rendered":"https:\/\/semmelweis.hu\/peto-pedint\/?page_id=741"},"modified":"2025-09-25T10:27:50","modified_gmt":"2025-09-25T08:27:50","slug":"konduktorok-szervezetei","status":"publish","type":"page","link":"https:\/\/semmelweis.hu\/peto-pedint\/konduktorok-magyarorszagon\/konduktorok-szervezetei\/","title":{"rendered":"Konduktorok nemzetk\u00f6zi \u00e9s hazai szervezetei"},"content":{"rendered":"<p><strong><img loading=\"lazy\" decoding=\"async\" class=\"alignright wp-image-2186 size-medium\" src=\"https:\/\/semmelweis.hu\/peto-pedint\/files\/2022\/02\/konduktorok_szervezetei-400x200.jpg\" alt=\"\" width=\"400\" height=\"200\" srcset=\"https:\/\/semmelweis.hu\/peto-pedint\/files\/2022\/02\/konduktorok_szervezetei-400x200.jpg 400w, https:\/\/semmelweis.hu\/peto-pedint\/files\/2022\/02\/konduktorok_szervezetei-768x384.jpg 768w, https:\/\/semmelweis.hu\/peto-pedint\/files\/2022\/02\/konduktorok_szervezetei-753x377.jpg 753w, https:\/\/semmelweis.hu\/peto-pedint\/files\/2022\/02\/konduktorok_szervezetei.jpg 985w\" sizes=\"auto, (max-width: 400px) 100vw, 400px\" \/>Nemzetk\u00f6zi Pet\u0151 T\u00e1rsas\u00e1g<br \/>\n<\/strong>A T\u00e1rsas\u00e1g eln\u00f6ke Feket\u00e9n\u00e9 dr. Szab\u00f3 \u00c9va<br \/>\n<a href=\"http:\/\/www.petoassociation.hu\/index.php\/hu\/?fbclid=IwAR0GTaDLloqqYZZvxGX8gx5Lr9-tTjb8GUMEPV5A9aXmIUxSfypCxVlQjGI\" target=\"_blank\" rel=\"noopener noreferrer\">A T\u00e1rsas\u00e1g honlapja \u2192<\/a><\/p>\n<p><strong>European Conductive Association (ECA) \u00a0<br \/>\n<\/strong><a href=\"https:\/\/www.european-conductive-association.org\/?fbclid=IwAR2L20QcpwrFd9zSVsaa74iAb3MofTKFZZZc3sIiEDztFqh57om7ddxg_FI\" target=\"_blank\" rel=\"noopener noreferrer\">Az ECA honlapja \u2192<\/a><\/p>\n<p><strong>Konduktorok Szakmai Sz\u00f6vets\u00e9ge (KSZSZ)<br \/>\n<\/strong>Tagfelv\u00e9tel a Sz\u00f6vets\u00e9g honalj\u00e1n<strong><br \/>\n<\/strong><a href=\"https:\/\/www.kszsz.org\/\" target=\"_blank\" rel=\"noopener\">A sz\u00f6vets\u00e9g honlapja \u2192<\/a><\/p>\n<p style=\"text-align: left\"><strong>Magyar Konduktorok Egyes\u00fclete<br \/>\n<\/strong>Az Egyes\u00fclet m\u0171k\u00f6d\u00e9se sz\u00fcnetel, \u00faj tagokat nem fogad.<br \/>\nAz egyes\u00fclet \u00e1ltal 2004-ben k\u00f6zreadott etikai k\u00f3dex i<span style=\"font-size: 1rem\">tt olvashat\u00f3:<\/span><span style=\"font-size: 1rem\">\u00a0<\/span><a href=\"https:\/\/semmelweis.hu\/peto-pedint\/etikai-kodex-konduktorok-szamara\/\" target=\"_blank\" rel=\"noopener\">Etikai K\u00f3dex konduktorok sz\u00e1m\u00e1ra<span style=\"font-size: 1rem\">\u00a0<\/span><\/a><\/p>\n<p><strong>Magyar Pedag\u00f3giai T\u00e1rsas\u00e1g, Kondukt\u00edv Pedag\u00f3giai Szakoszt\u00e1ly<\/strong>\u00a0<br \/>\n<a href=\"https:\/\/pedagogiai-tarsasag.hu\/category\/szakosztalyok-2\/konduktiv-pedagogiai-szakosztaly\/?fbclid=IwAR3qmRy5GCLxXIVLxWZ2klOP9KsEbsutYX5fU419JDhkCZ9JXpo23joWxuU\" target=\"_blank\" rel=\"noopener noreferrer\">A T\u00e1rsas\u00e1g honlapja \u2192<\/a><\/p>\n<p><strong>Nemzeti Pedag\u00f3gus Kar, Kondukt\u00edv pedag\u00f3giai munkacsoport<\/strong>\u00a0<br \/>\n<a href=\"http:\/\/nemzetipedkar.hu\/szakmai-tagozatok\/\" target=\"_blank\" rel=\"noopener noreferrer\">A Kar honlapja \u2192<\/a><\/p>\n<p><strong>Magyar Rehabilit\u00e1ci\u00f3s T\u00e1rsas\u00e1g<br \/>\n<\/strong>A T\u00e1rsas\u00e1gon bel\u00fcl a konduktor t\u00f6bbf\u00e9le szekci\u00f3 tagja lehet (Gyermekszekci\u00f3, Multidiszciplin\u00e1ris gy\u00f3gy\u00e1szati szekci\u00f3, Neurorehabilit\u00e1ci\u00f3s szekci\u00f3&#8230;)<br \/>\n<a href=\"http:\/\/www.rehab.hu\/info.aspx?sp=1&amp;fbclid=IwAR2TMfHj3VY5suEO9m9MaMXQmEwqr8FbndLg0YF6DiQQa1SPYFyTZPuK_fk\" target=\"_blank\" rel=\"noopener noreferrer\">A T\u00e1rsas\u00e1g honlapja \u2192<\/a><\/p>\n<p><strong>Pest Megyei Pedag\u00f3giai Szakszolg\u00e1lat Konduktorok Munkak\u00f6z\u00f6ss\u00e9ge<\/strong><br \/>\nA munkak\u00f6z\u00f6ss\u00e9g vezet\u0151je: Pistai-Kir\u00e1ly Erika<br \/>\nA vezet\u0151 e-mail el\u00e9rhet\u0151s\u00e9ge: pmpsz.konduktiv.munkakozosseg@gmail.com<\/p>\n<p><strong>F\u0151v\u00e1rosi Pedag\u00f3giai Szakszolg\u00e1lat Kondukt\u00edv Pedag\u00f3giai Munkak\u00f6z\u00f6ss\u00e9ge<br \/>\n<\/strong><\/p>\n","protected":false},"excerpt":{"rendered":"<p>Nemzetk\u00f6zi Pet\u0151 T\u00e1rsas\u00e1g A T\u00e1rsas\u00e1g eln\u00f6ke Feket\u00e9n\u00e9 dr. Szab\u00f3 \u00c9va <a href=\"http:\/\/www.petoassociation.hu\/index.php\/hu\/?fbclid=IwAR0GTaDLloqqYZZvxGX8gx5Lr9-tTjb8GUMEPV5A9aXmIUxSfypCxVlQjGI\" target=\"_blank\" rel=\"noopener noreferrer\">A T\u00e1rsas\u00e1g honlapja \u2192<\/a> European Conductive Association (ECA) \u00a0 <a href=\"https:\/\/www.european-conductive-association.org\/?fbclid=IwAR2L20QcpwrFd9zSVsaa74iAb3MofTKFZZZc3sIiEDztFqh57om7ddxg_FI\" target=\"_blank\" rel=\"noopener noreferrer\">Az ECA honlapja \u2192<\/a> Konduktorok Szakmai Sz\u00f6vets\u00e9ge (KSZSZ) Tagfelv\u00e9tel a Sz\u00f6vets\u00e9g honalj\u00e1n <a href=\"https:\/\/www.kszsz.org\/\" target=\"_blank\" rel=\"noopener\">A sz\u00f6vets\u00e9g honlapja \u2192<\/a> Magyar Konduktorok Egyes\u00fclete Az Egyes\u00fclet m\u0171k\u00f6d\u00e9se sz\u00fcnetel, \u00faj tagokat nem fogad. Az egyes\u00fclet \u00e1ltal 2004-ben k\u00f6zreadott etikai k\u00f3dex itt olvashat\u00f3:\u00a0 <a href=\"https:\/\/semmelweis.hu\/peto-pedint\/etikai-kodex-konduktorok-szamara\/\" target=\"_blank\" rel=\"noopener\">Etikai K\u00f3dex konduktorok sz\u00e1m\u00e1ra\u00a0<\/a> Magyar Pedag\u00f3giai T\u00e1rsas\u00e1g, Kondukt\u00edv Pedag\u00f3giai Szakoszt\u00e1ly\u00a0 <a href=\"https:\/\/pedagogiai-tarsasag.hu\/category\/szakosztalyok-2\/konduktiv-pedagogiai-szakosztaly\/?fbclid=IwAR3qmRy5GCLxXIVLxWZ2klOP9KsEbsutYX5fU419JDhkCZ9JXpo23joWxuU\" target=\"_blank\" rel=\"noopener noreferrer\">A T\u00e1rsas\u00e1g honlapja \u2192<\/a> Nemzeti Pedag\u00f3gus Kar, Kondukt\u00edv pedag\u00f3giai munkacsoport\u00a0 &hellip;<\/p>\n","protected":false},"author":101716,"featured_media":0,"parent":695,"menu_order":3,"comment_status":"closed","ping_status":"closed","template":"","meta":{"_acf_changed":false,"footnotes":""},"categories":[],"tags":[],"class_list":["post-741","page","type-page","status-publish","hentry"],"acf":[],"_links":{"self":[{"href":"https:\/\/semmelweis.hu\/peto-pedint\/wp-json\/wp\/v2\/pages\/741","targetHints":{"allow":["GET"]}}],"collection":[{"href":"https:\/\/semmelweis.hu\/peto-pedint\/wp-json\/wp\/v2\/pages"}],"about":[{"href":"https:\/\/semmelweis.hu\/peto-pedint\/wp-json\/wp\/v2\/types\/page"}],"author":[{"embeddable":true,"href":"https:\/\/semmelweis.hu\/peto-pedint\/wp-json\/wp\/v2\/users\/101716"}],"replies":[{"embeddable":true,"href":"https:\/\/semmelweis.hu\/peto-pedint\/wp-json\/wp\/v2\/comments?post=741"}],"version-history":[{"count":10,"href":"https:\/\/semmelweis.hu\/peto-pedint\/wp-json\/wp\/v2\/pages\/741\/revisions"}],"predecessor-version":[{"id":3301,"href":"https:\/\/semmelweis.hu\/peto-pedint\/wp-json\/wp\/v2\/pages\/741\/revisions\/3301"}],"up":[{"embeddable":true,"href":"https:\/\/semmelweis.hu\/peto-pedint\/wp-json\/wp\/v2\/pages\/695"}],"wp:attachment":[{"href":"https:\/\/semmelweis.hu\/peto-pedint\/wp-json\/wp\/v2\/media?parent=741"}],"wp:term":[{"taxonomy":"category","embeddable":true,"href":"https:\/\/semmelweis.hu\/peto-pedint\/wp-json\/wp\/v2\/categories?post=741"},{"taxonomy":"post_tag","embeddable":true,"href":"https:\/\/semmelweis.hu\/peto-pedint\/wp-json\/wp\/v2\/tags?post=741"}],"curies":[{"name":"wp","href":"https:\/\/api.w.org\/{rel}","templated":true}]}}