{"id":714,"date":"2020-05-04T15:14:49","date_gmt":"2020-05-04T13:14:49","guid":{"rendered":"https:\/\/semmelweis.hu\/peto-pedint\/?page_id=714"},"modified":"2025-09-03T15:11:48","modified_gmt":"2025-09-03T13:11:48","slug":"konduktiv-tajekoztatok","status":"publish","type":"page","link":"https:\/\/semmelweis.hu\/peto-pedint\/szolgaltatasaink\/konduktiv-tajekoztatok\/","title":{"rendered":"Kondukt\u00edv t\u00e1j\u00e9koztat\u00f3k"},"content":{"rendered":"<div class=\"keretes w-100\">\n<h4 style=\"text-align: justify\"><strong><img loading=\"lazy\" decoding=\"async\" class=\"alignright wp-image-715 size-thumbnail\" src=\"https:\/\/semmelweis.hu\/peto-pedint\/files\/2020\/05\/informacio-150x150.gif\" alt=\"\" width=\"150\" height=\"150\" srcset=\"https:\/\/semmelweis.hu\/peto-pedint\/files\/2020\/05\/informacio-150x150.gif 150w, https:\/\/semmelweis.hu\/peto-pedint\/files\/2020\/05\/informacio-400x400.gif 400w, https:\/\/semmelweis.hu\/peto-pedint\/files\/2020\/05\/informacio-768x768.gif 768w, https:\/\/semmelweis.hu\/peto-pedint\/files\/2020\/05\/informacio-753x753.gif 753w\" sizes=\"auto, (max-width: 150px) 100vw, 150px\" \/>Kondukt\u00edv szakmai t\u00e1j\u00e9koztat\u00f3k tart\u00e1sa<\/strong><\/h4>\n<p style=\"text-align: justify\"><strong>A szolg\u00e1ltat\u00e1s c\u00e9lcsoportja: <\/strong>T\u00e1rsszakm\u00e1k k\u00e9pvisel\u0151i, \u00e9rintett sz\u00fcl\u0151k<\/p>\n<p style=\"text-align: justify\"><strong>A szolg\u00e1ltat\u00e1s szervez\u0151i: <\/strong>Csizy Csilla, Muzslai-B\u00edzik Hanna, Kazatsay Bernadett<\/p>\n<p style=\"text-align: justify\"><strong>A szolg\u00e1ltat\u00e1s c\u00e9lja:<\/strong><\/p>\n<ul style=\"list-style-type: circle;text-align: justify\">\n<li>A kondukt\u00edv pedag\u00f3gia \u00e9rdekeinek k\u00e9pviselete orsz\u00e1gszerte, kapcsolat szakmai \u00e9s civil szervezetekkel.<\/li>\n<li>A kondukt\u00edv pedag\u00f3gia elm\u00e9let\u00e9vel, a kondukt\u00edv nevel\u00e9s gyakorlat\u00e1val foglalkoz\u00f3 el\u0151ad\u00e1sok tart\u00e1sa.<\/li>\n<li>Folyamatos konzult\u00e1ci\u00f3 biztos\u00edt\u00e1sa a testv\u00e9rint\u00e9zm\u00e9nyek, illetve m\u00e1s hazai \u00e9s nemzetk\u00f6zi kondukt\u00edv nevel\u00e9si k\u00f6zpontok munkat\u00e1rsaival.\u00a0<\/li>\n<\/ul>\n<p style=\"text-align: justify\"><strong>A szakmai szolg\u00e1ltat\u00e1s fajt\u00e1ja: <\/strong><a href=\"https:\/\/semmelweis.hu\/peto-pedint\/szolgaltatasaink\/\" target=\"_blank\" rel=\"noopener noreferrer\">Pedag\u00f3giai t\u00e1j\u00e9koztat\u00e1s \u2192<\/a><\/p>\n<\/div>\n<p>&nbsp;<\/p>\n<p>&nbsp;<\/p>\n","protected":false},"excerpt":{"rendered":"<p>Kondukt\u00edv szakmai t\u00e1j\u00e9koztat\u00f3k tart\u00e1sa A szolg\u00e1ltat\u00e1s c\u00e9lcsoportja: T\u00e1rsszakm\u00e1k k\u00e9pvisel\u0151i, \u00e9rintett sz\u00fcl\u0151k A szolg\u00e1ltat\u00e1s szervez\u0151i: Csizy Csilla, Muzslai-B\u00edzik Hanna, Kazatsay Bernadett A szolg\u00e1ltat\u00e1s c\u00e9lja: A kondukt\u00edv pedag\u00f3gia \u00e9rdekeinek k\u00e9pviselete orsz\u00e1gszerte, kapcsolat szakmai \u00e9s civil szervezetekkel. A kondukt\u00edv pedag\u00f3gia elm\u00e9let\u00e9vel, a kondukt\u00edv nevel\u00e9s gyakorlat\u00e1val foglalkoz\u00f3 el\u0151ad\u00e1sok tart\u00e1sa. Folyamatos konzult\u00e1ci\u00f3 biztos\u00edt\u00e1sa a testv\u00e9rint\u00e9zm\u00e9nyek, illetve m\u00e1s hazai \u00e9s nemzetk\u00f6zi &hellip;<\/p>\n","protected":false},"author":101716,"featured_media":0,"parent":226,"menu_order":8,"comment_status":"closed","ping_status":"closed","template":"","meta":{"_acf_changed":false,"footnotes":""},"categories":[],"tags":[],"class_list":["post-714","page","type-page","status-publish","hentry"],"acf":[],"_links":{"self":[{"href":"https:\/\/semmelweis.hu\/peto-pedint\/wp-json\/wp\/v2\/pages\/714","targetHints":{"allow":["GET"]}}],"collection":[{"href":"https:\/\/semmelweis.hu\/peto-pedint\/wp-json\/wp\/v2\/pages"}],"about":[{"href":"https:\/\/semmelweis.hu\/peto-pedint\/wp-json\/wp\/v2\/types\/page"}],"author":[{"embeddable":true,"href":"https:\/\/semmelweis.hu\/peto-pedint\/wp-json\/wp\/v2\/users\/101716"}],"replies":[{"embeddable":true,"href":"https:\/\/semmelweis.hu\/peto-pedint\/wp-json\/wp\/v2\/comments?post=714"}],"version-history":[{"count":10,"href":"https:\/\/semmelweis.hu\/peto-pedint\/wp-json\/wp\/v2\/pages\/714\/revisions"}],"predecessor-version":[{"id":4602,"href":"https:\/\/semmelweis.hu\/peto-pedint\/wp-json\/wp\/v2\/pages\/714\/revisions\/4602"}],"up":[{"embeddable":true,"href":"https:\/\/semmelweis.hu\/peto-pedint\/wp-json\/wp\/v2\/pages\/226"}],"wp:attachment":[{"href":"https:\/\/semmelweis.hu\/peto-pedint\/wp-json\/wp\/v2\/media?parent=714"}],"wp:term":[{"taxonomy":"category","embeddable":true,"href":"https:\/\/semmelweis.hu\/peto-pedint\/wp-json\/wp\/v2\/categories?post=714"},{"taxonomy":"post_tag","embeddable":true,"href":"https:\/\/semmelweis.hu\/peto-pedint\/wp-json\/wp\/v2\/tags?post=714"}],"curies":[{"name":"wp","href":"https:\/\/api.w.org\/{rel}","templated":true}]}}