{"id":697,"date":"2020-05-04T10:13:42","date_gmt":"2020-05-04T08:13:42","guid":{"rendered":"https:\/\/semmelweis.hu\/peto-pedint\/?page_id=697"},"modified":"2025-09-19T12:12:33","modified_gmt":"2025-09-19T10:12:33","slug":"erzekenyites","status":"publish","type":"page","link":"https:\/\/semmelweis.hu\/peto-pedint\/szolgaltatasaink\/erzekenyites\/","title":{"rendered":"T\u00e1rsadalmi befogad\u00e1st el\u0151seg\u00edt\u0151 szeml\u00e9letform\u00e1l\u00e1s szolg\u00e1ltat\u00e1s"},"content":{"rendered":"<div class=\"keretes w-100\">\n<h4><strong>T\u00e1rsadalmi befogad\u00e1st el\u0151seg\u00edt\u0151 szeml\u00e9letform\u00e1l\u00e1shoz t\u00e1mogat\u00e1s ny\u00fajt\u00e1sa<\/strong><\/h4>\n<p><strong>A szolg\u00e1ltat\u00e1s c\u00e9lcsoportja: <\/strong>saj\u00e1tos nevel\u00e9si ig\u00e9ny\u0171 gyermekek egy\u00fcttnevel\u00e9s\u00e9ben r\u00e9sztvev\u0151 pedag\u00f3gusok \u00e9s di\u00e1kjaik<\/p>\n<p><strong>A szolg\u00e1ltat\u00e1s szervez\u0151i: <\/strong>Csizy Csilla, Kazatsay Bernadett, Muzslai-B\u00edzik Hanna<\/p>\n<p><strong>A szakmai szolg\u00e1ltat\u00e1s fajt\u00e1ja: <\/strong><a href=\"https:\/\/semmelweis.hu\/peto-pedint\/szolgaltatasaink\/\" target=\"_blank\" rel=\"noopener noreferrer\">Pedag\u00f3giai t\u00e1j\u00e9koztat\u00e1s \u2192<\/a><\/p>\n<\/div>\n<p style=\"text-align: justify\"><a href=\"https:\/\/semmelweis.hu\/peto-pedint\/files\/2020\/05\/erzekenyito_program.jpg\"><img loading=\"lazy\" decoding=\"async\" class=\"wp-image-707 size-medium alignright\" src=\"https:\/\/semmelweis.hu\/peto-pedint\/files\/2020\/05\/erzekenyito_program-225x300.jpg\" alt=\"\" width=\"225\" height=\"300\" \/><\/a><\/p>\n<p>&nbsp;<\/p>\n<p style=\"text-align: justify\">A szolg\u00e1ltat\u00e1s r\u00e9szek\u00e9nt saj\u00e1tos nevel\u00e9si ig\u00e9ny\u0171, mozg\u00e1ss\u00e9r\u00fcl\u00e9ssel \u00e9l\u0151 gyermekek egy\u00fcttnevel\u00e9s\u00e9nek &#8211; oktat\u00e1s\u00e1nak megszervez\u00e9s\u00e9hez ny\u00fajtunk t\u00e1j\u00e9koztat\u00e1st, seg\u00edts\u00e9get. Az es\u00e9lyegyenl\u0151s\u00e9g elv\u0171 tev\u00e9kenys\u00e9get t\u00e1mogat\u00f3, elemz\u0151 t\u00e1j\u00e9koztat\u00e1st ny\u00fajtunk.<\/p>\n<p>&nbsp;<\/p>\n","protected":false},"excerpt":{"rendered":"<p>T\u00e1rsadalmi befogad\u00e1st el\u0151seg\u00edt\u0151 szeml\u00e9letform\u00e1l\u00e1shoz t\u00e1mogat\u00e1s ny\u00fajt\u00e1sa A szolg\u00e1ltat\u00e1s c\u00e9lcsoportja: saj\u00e1tos nevel\u00e9si ig\u00e9ny\u0171 gyermekek egy\u00fcttnevel\u00e9s\u00e9ben r\u00e9sztvev\u0151 pedag\u00f3gusok \u00e9s di\u00e1kjaik A szolg\u00e1ltat\u00e1s szervez\u0151i: Csizy Csilla, Kazatsay Bernadett, Muzslai-B\u00edzik Hanna A szakmai szolg\u00e1ltat\u00e1s fajt\u00e1ja: <a href=\"https:\/\/semmelweis.hu\/peto-pedint\/szolgaltatasaink\/\" target=\"_blank\" rel=\"noopener noreferrer\">Pedag\u00f3giai t\u00e1j\u00e9koztat\u00e1s \u2192<\/a> <a href=\"https:\/\/semmelweis.hu\/peto-pedint\/files\/2020\/05\/erzekenyito_program.jpg\"><\/a> &nbsp; A szolg\u00e1ltat\u00e1s r\u00e9szek\u00e9nt saj\u00e1tos nevel\u00e9si ig\u00e9ny\u0171, mozg\u00e1ss\u00e9r\u00fcl\u00e9ssel \u00e9l\u0151 gyermekek egy\u00fcttnevel\u00e9s\u00e9nek &#8211; oktat\u00e1s\u00e1nak megszervez\u00e9s\u00e9hez ny\u00fajtunk t\u00e1j\u00e9koztat\u00e1st, seg\u00edts\u00e9get. Az es\u00e9lyegyenl\u0151s\u00e9g elv\u0171 tev\u00e9kenys\u00e9get t\u00e1mogat\u00f3, elemz\u0151 t\u00e1j\u00e9koztat\u00e1st &hellip;<\/p>\n","protected":false},"author":101716,"featured_media":0,"parent":226,"menu_order":5,"comment_status":"closed","ping_status":"closed","template":"","meta":{"_acf_changed":false,"footnotes":""},"categories":[],"tags":[],"class_list":["post-697","page","type-page","status-publish","hentry"],"acf":[],"_links":{"self":[{"href":"https:\/\/semmelweis.hu\/peto-pedint\/wp-json\/wp\/v2\/pages\/697","targetHints":{"allow":["GET"]}}],"collection":[{"href":"https:\/\/semmelweis.hu\/peto-pedint\/wp-json\/wp\/v2\/pages"}],"about":[{"href":"https:\/\/semmelweis.hu\/peto-pedint\/wp-json\/wp\/v2\/types\/page"}],"author":[{"embeddable":true,"href":"https:\/\/semmelweis.hu\/peto-pedint\/wp-json\/wp\/v2\/users\/101716"}],"replies":[{"embeddable":true,"href":"https:\/\/semmelweis.hu\/peto-pedint\/wp-json\/wp\/v2\/comments?post=697"}],"version-history":[{"count":11,"href":"https:\/\/semmelweis.hu\/peto-pedint\/wp-json\/wp\/v2\/pages\/697\/revisions"}],"predecessor-version":[{"id":4622,"href":"https:\/\/semmelweis.hu\/peto-pedint\/wp-json\/wp\/v2\/pages\/697\/revisions\/4622"}],"up":[{"embeddable":true,"href":"https:\/\/semmelweis.hu\/peto-pedint\/wp-json\/wp\/v2\/pages\/226"}],"wp:attachment":[{"href":"https:\/\/semmelweis.hu\/peto-pedint\/wp-json\/wp\/v2\/media?parent=697"}],"wp:term":[{"taxonomy":"category","embeddable":true,"href":"https:\/\/semmelweis.hu\/peto-pedint\/wp-json\/wp\/v2\/categories?post=697"},{"taxonomy":"post_tag","embeddable":true,"href":"https:\/\/semmelweis.hu\/peto-pedint\/wp-json\/wp\/v2\/tags?post=697"}],"curies":[{"name":"wp","href":"https:\/\/api.w.org\/{rel}","templated":true}]}}