{"id":695,"date":"2020-05-04T10:10:35","date_gmt":"2020-05-04T08:10:35","guid":{"rendered":"https:\/\/semmelweis.hu\/peto-pedint\/?page_id=695"},"modified":"2025-09-24T15:13:59","modified_gmt":"2025-09-24T13:13:59","slug":"konduktorok-magyarorszagon","status":"publish","type":"page","link":"https:\/\/semmelweis.hu\/peto-pedint\/konduktorok-magyarorszagon\/","title":{"rendered":"Hazai konduktorok adatb\u00e1zisa"},"content":{"rendered":"<p>&nbsp;<\/p>\n<div class=\"keretes w-100\">\n<h4><strong>Magyarorsz\u00e1gon dolgoz\u00f3 konduktorok adatainak nyilv\u00e1ntart\u00e1sa<\/strong><\/h4>\n<p><strong>A szolg\u00e1ltat\u00e1s c\u00e9lcsoportja: <\/strong>V\u00e9gzett konduktorok, akik Magyarorsz\u00e1gon, az SE Pet\u0151 Andr\u00e1s Karon k\u00edv\u00fcl dolgoznak<\/p>\n<p><strong>A szolg\u00e1ltat\u00e1s szervez\u0151i: <\/strong>Csizy Csilla, Kazatsay Bernadett, Muzslai-B\u00edzik Hanna<\/p>\n<p><strong>A szakmai szolg\u00e1ltat\u00e1s fajt\u00e1ja:\u00a0<\/strong><a href=\"https:\/\/semmelweis.hu\/peto-pedint\/szolgaltatasaink\/\" target=\"_blank\" rel=\"noopener noreferrer\">Tan\u00fcgy-igazgat\u00e1si szolg\u00e1ltat\u00e1s \u2192<\/a><a href=\"https:\/\/semmelweis.hu\/peto-pedint\/szolgaltatasaink\/\" target=\"_blank\" rel=\"noopener noreferrer\">Pedag\u00f3giai t\u00e1j\u00e9koztat\u00e1s \u2192\u00a0<\/a><\/p>\n<\/div>\n<p style=\"text-align: justify\"><img loading=\"lazy\" decoding=\"async\" class=\"alignleft wp-image-2184 size-thumbnail\" src=\"https:\/\/semmelweis.hu\/peto-pedint\/files\/2022\/02\/konduktori_nyilatkozat-150x150.jpg\" alt=\"\" width=\"150\" height=\"150\" \/>Az SE Pet\u0151 Andr\u00e1s Pedag\u00f3giai Int\u00e9zete adatb\u00e1zis\u00e1ban k\u00f6zel 800 konduktori diplom\u00e1val rendelkez\u0151 szem\u00e9ly adatait kezelj\u00fck \u00e9s folyamatosan aktualiz\u00e1ljuk a\u00a0<span style=\"font-weight: bolder\">GDPR el\u0151\u00edr\u00e1sainak megfelel\u0151en.\u00a0<\/span><\/p>\n<p style=\"text-align: justify\">A konduktorok adataikat \u00f6nk\u00e9nt szolg\u00e1ltatj\u00e1k az SE Pet\u0151 Andr\u00e1s Pedag\u00f3giai Int\u00e9zete sz\u00e1m\u00e1ra a konduktori nyilatkozat kit\u00f6lt\u00e9s\u00e9vel \u00e9s al\u00e1\u00edr\u00e1s\u00e1val. Ezzel egy id\u0151ben hozz\u00e1j\u00e1rulnak ahhoz, hogy elektronikus form\u00e1ban t\u00e1j\u00e9koztat\u00f3 leveleket kapjanak az SE Pet\u0151 Andr\u00e1s Pedag\u00f3giai Int\u00e9zett\u0151l.\u00a0<\/p>\n<p style=\"text-align: justify\"><strong>Amennyiben m\u00e9g nem kap t\u0151l\u00fcnk h\u00edrlevelet, de szeretne r\u00e1 feliratkozni, k\u00e9rj\u00fck, t\u00f6ltse ki a konduktori nyilatkozatot, amely innen t\u00f6lthet\u0151 le:<\/strong><\/p>\n<p><a class=\"button\" href=\"https:\/\/semmelweis.hu\/peto-pedint\/konduktorok-magyarorszagon\/letoltheto-dokumentumok\/\" target=\"_blank\" rel=\"noopener\">Let\u00f6lthet\u0151 konduktori nyilatkozat<\/a><\/p>\n<p>Amennyiben a tov\u00e1bbiakban nem szeretne t\u00e1j\u00e9koztat\u00f3 leveleket kapni, az al\u00e1bbi elektronikus fel\u00fcleten leiratkozhat a h\u00edrlevelekr\u0151l:<a class=\"btn btn-secondary\" href=\"https:\/\/forms.office.com\/e\/XpeTJB5iAp?origin=lprLink\" target=\"_blank\" rel=\"noopener\">H\u00cdRLEV\u00c9LR\u0150L LEIRATKOZ\u00c1S<\/a><br \/>\nAz adatkezel\u00e9si t\u00e1j\u00e9koztat\u00f3 megtal\u00e1lhat\u00f3 az SE Pet\u0151 Andr\u00e1s Pedag\u00f3giai Int\u00e9zet\u00e9ben.\u00a0<\/p>\n","protected":false},"excerpt":{"rendered":"<p>&nbsp; Magyarorsz\u00e1gon dolgoz\u00f3 konduktorok adatainak nyilv\u00e1ntart\u00e1sa A szolg\u00e1ltat\u00e1s c\u00e9lcsoportja: V\u00e9gzett konduktorok, akik Magyarorsz\u00e1gon, az SE Pet\u0151 Andr\u00e1s Karon k\u00edv\u00fcl dolgoznak A szolg\u00e1ltat\u00e1s szervez\u0151i: Csizy Csilla, Kazatsay Bernadett, Muzslai-B\u00edzik Hanna A szakmai szolg\u00e1ltat\u00e1s fajt\u00e1ja:\u00a0 <a href=\"https:\/\/semmelweis.hu\/peto-pedint\/szolgaltatasaink\/\" target=\"_blank\" rel=\"noopener noreferrer\">Tan\u00fcgy-igazgat\u00e1si szolg\u00e1ltat\u00e1s \u2192<\/a> <a href=\"https:\/\/semmelweis.hu\/peto-pedint\/szolgaltatasaink\/\" target=\"_blank\" rel=\"noopener noreferrer\">Pedag\u00f3giai t\u00e1j\u00e9koztat\u00e1s \u2192\u00a0<\/a> Az SE Pet\u0151 Andr\u00e1s Pedag\u00f3giai Int\u00e9zete adatb\u00e1zis\u00e1ban k\u00f6zel 800 konduktori diplom\u00e1val rendelkez\u0151 szem\u00e9ly adatait kezelj\u00fck \u00e9s folyamatosan aktualiz\u00e1ljuk a\u00a0GDPR el\u0151\u00edr\u00e1sainak megfelel\u0151en.\u00a0 A &hellip;<\/p>\n","protected":false},"author":101716,"featured_media":0,"parent":0,"menu_order":3,"comment_status":"closed","ping_status":"closed","template":"","meta":{"_acf_changed":false,"footnotes":""},"categories":[],"tags":[],"class_list":["post-695","page","type-page","status-publish","hentry"],"acf":[],"_links":{"self":[{"href":"https:\/\/semmelweis.hu\/peto-pedint\/wp-json\/wp\/v2\/pages\/695","targetHints":{"allow":["GET"]}}],"collection":[{"href":"https:\/\/semmelweis.hu\/peto-pedint\/wp-json\/wp\/v2\/pages"}],"about":[{"href":"https:\/\/semmelweis.hu\/peto-pedint\/wp-json\/wp\/v2\/types\/page"}],"author":[{"embeddable":true,"href":"https:\/\/semmelweis.hu\/peto-pedint\/wp-json\/wp\/v2\/users\/101716"}],"replies":[{"embeddable":true,"href":"https:\/\/semmelweis.hu\/peto-pedint\/wp-json\/wp\/v2\/comments?post=695"}],"version-history":[{"count":11,"href":"https:\/\/semmelweis.hu\/peto-pedint\/wp-json\/wp\/v2\/pages\/695\/revisions"}],"predecessor-version":[{"id":3733,"href":"https:\/\/semmelweis.hu\/peto-pedint\/wp-json\/wp\/v2\/pages\/695\/revisions\/3733"}],"wp:attachment":[{"href":"https:\/\/semmelweis.hu\/peto-pedint\/wp-json\/wp\/v2\/media?parent=695"}],"wp:term":[{"taxonomy":"category","embeddable":true,"href":"https:\/\/semmelweis.hu\/peto-pedint\/wp-json\/wp\/v2\/categories?post=695"},{"taxonomy":"post_tag","embeddable":true,"href":"https:\/\/semmelweis.hu\/peto-pedint\/wp-json\/wp\/v2\/tags?post=695"}],"curies":[{"name":"wp","href":"https:\/\/api.w.org\/{rel}","templated":true}]}}