{"id":655,"date":"2020-04-30T12:53:55","date_gmt":"2020-04-30T10:53:55","guid":{"rendered":"https:\/\/semmelweis.hu\/peto-pedint\/?page_id=655"},"modified":"2025-09-24T13:39:25","modified_gmt":"2025-09-24T11:39:25","slug":"konduktiv-esemenyek-szervezese","status":"publish","type":"page","link":"https:\/\/semmelweis.hu\/peto-pedint\/szolgaltatasaink\/konduktiv-esemenyek-szervezese\/","title":{"rendered":"Kondukt\u00edv esem\u00e9nyek"},"content":{"rendered":"<div class=\"keretes w-100\">\n<h4><strong><img loading=\"lazy\" decoding=\"async\" class=\"alignright wp-image-961 size-thumbnail\" src=\"https:\/\/semmelweis.hu\/peto-pedint\/files\/2020\/09\/lecture-flipchart-27834657-150x150.jpg\" alt=\"\" width=\"150\" height=\"150\" \/>Szakmai rendezv\u00e9nyek, konferenci\u00e1k szervez\u00e9se, lebonyol\u00edt\u00e1sa<\/strong><\/h4>\n<p><strong>A szolg\u00e1ltat\u00e1s c\u00e9lcsoportja: <\/strong>konduktorok, t\u00e1rsszakm\u00e1k k\u00e9pvisel\u0151i, PAK-os hallgat\u00f3k, sz\u00fcl\u0151k<\/p>\n<p><strong>A szolg\u00e1ltat\u00e1s szervez\u0151i: <\/strong>Csizy Csilla, Muzslai-B\u00edzik Hanna, Kazatsay Bernadett<\/p>\n<p><strong>A szakmai szolg\u00e1ltat\u00e1s fajt\u00e1ja: <\/strong><a href=\"https:\/\/semmelweis.hu\/peto-pedint\/szolgaltatasaink\/\" target=\"_blank\" rel=\"noopener noreferrer\">pedag\u00f3gusok k\u00e9pz\u00e9s\u00e9nek, tov\u00e1bbk\u00e9pz\u00e9s\u00e9nek \u00e9s \u00f6nk\u00e9pz\u00e9s\u00e9nek seg\u00edt\u00e9se, szervez\u00e9se \u2192<\/a><\/p>\n<\/div>\n<div class=\"keretes w-100\">\n<h4><strong><img loading=\"lazy\" decoding=\"async\" class=\"alignright wp-image-3730 size-thumbnail\" src=\"https:\/\/semmelweis.hu\/peto-pedint\/files\/2023\/10\/eloadas-150x150.jpg\" alt=\"\" width=\"150\" height=\"150\" \/>kondukt\u00edv t\u00e9m\u00e1j\u00fa el\u0151ad\u00e1sok tart\u00e1sa szakmai rendezv\u00e9nyeken<\/strong><\/h4>\n<p><strong>A szolg\u00e1ltat\u00e1s c\u00e9lcsoportja: <\/strong>az adott rendezv\u00e9ny r\u00e9sztvev\u0151i<\/p>\n<p><strong>A szolg\u00e1ltat\u00e1s szervez\u0151i: <\/strong>Csizy Csilla, Muzslai-B\u00edzik Hanna, Kazatsay Bernadett<\/p>\n<p><strong>A szakmai szolg\u00e1ltat\u00e1s fajt\u00e1ja: <\/strong><a href=\"https:\/\/semmelweis.hu\/peto-pedint\/szolgaltatasaink\/\" target=\"_blank\" rel=\"noopener noreferrer\">pedag\u00f3giai t\u00e1j\u00e9koztat\u00e1s \u2192<\/a><\/p>\n<\/div>\n<div class=\"keretes w-100\">\n<h4><strong><img loading=\"lazy\" decoding=\"async\" class=\"alignright wp-image-3731 size-thumbnail\" src=\"https:\/\/semmelweis.hu\/peto-pedint\/files\/2023\/10\/talalkozo_jo-150x150.png\" alt=\"\" width=\"150\" height=\"150\" \/>Jubileumi \u00e9vfolyamtal\u00e1lkoz\u00f3 szervez\u00e9s\u00e9nek seg\u00edt\u00e9se<\/strong><\/h4>\n<p><strong>A szolg\u00e1ltat\u00e1s c\u00e9lcsoportja: <\/strong>diplom\u00e1s konduktorok<\/p>\n<p><strong>A szolg\u00e1ltat\u00e1s szervez\u0151i: <\/strong>Csizy Csilla, Muzslai-B\u00edzik Hanna, Kazatsay Bernadett<\/p>\n<p><strong>A szakmai szolg\u00e1ltat\u00e1s fajt\u00e1ja:<\/strong> <a href=\"https:\/\/semmelweis.hu\/peto-pedint\/szolgaltatasaink\/\">\u00a0pedag\u00f3giai t\u00e1j\u00e9koztat\u00e1s \u2192<\/a><\/p>\n<\/div>\n<p>&nbsp;<\/p>\n","protected":false},"excerpt":{"rendered":"<p>Szakmai rendezv\u00e9nyek, konferenci\u00e1k szervez\u00e9se, lebonyol\u00edt\u00e1sa A szolg\u00e1ltat\u00e1s c\u00e9lcsoportja: konduktorok, t\u00e1rsszakm\u00e1k k\u00e9pvisel\u0151i, PAK-os hallgat\u00f3k, sz\u00fcl\u0151k A szolg\u00e1ltat\u00e1s szervez\u0151i: Csizy Csilla, Muzslai-B\u00edzik Hanna, Kazatsay Bernadett A szakmai szolg\u00e1ltat\u00e1s fajt\u00e1ja: <a href=\"https:\/\/semmelweis.hu\/peto-pedint\/szolgaltatasaink\/\" target=\"_blank\" rel=\"noopener noreferrer\">pedag\u00f3gusok k\u00e9pz\u00e9s\u00e9nek, tov\u00e1bbk\u00e9pz\u00e9s\u00e9nek \u00e9s \u00f6nk\u00e9pz\u00e9s\u00e9nek seg\u00edt\u00e9se, szervez\u00e9se \u2192<\/a> kondukt\u00edv t\u00e9m\u00e1j\u00fa el\u0151ad\u00e1sok tart\u00e1sa szakmai rendezv\u00e9nyeken A szolg\u00e1ltat\u00e1s c\u00e9lcsoportja: az adott rendezv\u00e9ny r\u00e9sztvev\u0151i A szolg\u00e1ltat\u00e1s szervez\u0151i: Csizy Csilla, Muzslai-B\u00edzik Hanna, Kazatsay Bernadett A szakmai szolg\u00e1ltat\u00e1s fajt\u00e1ja: <a href=\"https:\/\/semmelweis.hu\/peto-pedint\/szolgaltatasaink\/\" target=\"_blank\" rel=\"noopener noreferrer\">pedag\u00f3giai t\u00e1j\u00e9koztat\u00e1s \u2192<\/a> Jubileumi \u00e9vfolyamtal\u00e1lkoz\u00f3 &hellip;<\/p>\n","protected":false},"author":101716,"featured_media":0,"parent":226,"menu_order":9,"comment_status":"closed","ping_status":"closed","template":"","meta":{"_acf_changed":false,"footnotes":""},"categories":[],"tags":[],"class_list":["post-655","page","type-page","status-publish","hentry"],"acf":[],"_links":{"self":[{"href":"https:\/\/semmelweis.hu\/peto-pedint\/wp-json\/wp\/v2\/pages\/655","targetHints":{"allow":["GET"]}}],"collection":[{"href":"https:\/\/semmelweis.hu\/peto-pedint\/wp-json\/wp\/v2\/pages"}],"about":[{"href":"https:\/\/semmelweis.hu\/peto-pedint\/wp-json\/wp\/v2\/types\/page"}],"author":[{"embeddable":true,"href":"https:\/\/semmelweis.hu\/peto-pedint\/wp-json\/wp\/v2\/users\/101716"}],"replies":[{"embeddable":true,"href":"https:\/\/semmelweis.hu\/peto-pedint\/wp-json\/wp\/v2\/comments?post=655"}],"version-history":[{"count":10,"href":"https:\/\/semmelweis.hu\/peto-pedint\/wp-json\/wp\/v2\/pages\/655\/revisions"}],"predecessor-version":[{"id":4639,"href":"https:\/\/semmelweis.hu\/peto-pedint\/wp-json\/wp\/v2\/pages\/655\/revisions\/4639"}],"up":[{"embeddable":true,"href":"https:\/\/semmelweis.hu\/peto-pedint\/wp-json\/wp\/v2\/pages\/226"}],"wp:attachment":[{"href":"https:\/\/semmelweis.hu\/peto-pedint\/wp-json\/wp\/v2\/media?parent=655"}],"wp:term":[{"taxonomy":"category","embeddable":true,"href":"https:\/\/semmelweis.hu\/peto-pedint\/wp-json\/wp\/v2\/categories?post=655"},{"taxonomy":"post_tag","embeddable":true,"href":"https:\/\/semmelweis.hu\/peto-pedint\/wp-json\/wp\/v2\/tags?post=655"}],"curies":[{"name":"wp","href":"https:\/\/api.w.org\/{rel}","templated":true}]}}