{"id":645,"date":"2020-04-30T10:08:54","date_gmt":"2020-04-30T08:08:54","guid":{"rendered":"https:\/\/semmelweis.hu\/peto-pedint\/?page_id=645"},"modified":"2025-09-24T12:44:36","modified_gmt":"2025-09-24T10:44:36","slug":"versenykiirasok","status":"publish","type":"page","link":"https:\/\/semmelweis.hu\/peto-pedint\/szolgaltatasaink\/versenykiirasok\/","title":{"rendered":"Versenyek \u00e9s p\u00e1ly\u00e1zatok mozg\u00e1ss\u00e9r\u00fcl\u00e9ssel \u00e9l\u0151knek"},"content":{"rendered":"<div class=\"keretes w-100\">\n<h4 style=\"text-align: justify\"><strong style=\"font-size: 1rem\"><img loading=\"lazy\" decoding=\"async\" class=\"size-medium wp-image-646 alignright\" src=\"https:\/\/semmelweis.hu\/peto-pedint\/files\/2020\/04\/rajz_es-festmeny_palyazat-400x319.jpg\" alt=\"\" width=\"400\" height=\"319\" data-wp-editing=\"1\" srcset=\"https:\/\/semmelweis.hu\/peto-pedint\/files\/2020\/04\/rajz_es-festmeny_palyazat-400x319.jpg 400w, https:\/\/semmelweis.hu\/peto-pedint\/files\/2020\/04\/rajz_es-festmeny_palyazat-768x613.jpg 768w, https:\/\/semmelweis.hu\/peto-pedint\/files\/2020\/04\/rajz_es-festmeny_palyazat-753x601.jpg 753w, https:\/\/semmelweis.hu\/peto-pedint\/files\/2020\/04\/rajz_es-festmeny_palyazat.jpg 1024w\" sizes=\"auto, (max-width: 400px) 100vw, 400px\" \/>Nemzetk\u00f6zi Rajz- \u00e9s festm\u00e9nyp\u00e1ly\u00e1zat<\/strong><\/h4>\n<p style=\"text-align: justify\"><span style=\"font-size: 1rem\"><strong>C\u00e9lcsoport: <\/strong>Kondukt\u00edv nevel\u00e9sben r\u00e9szes\u00fcl\u0151, 8-18 \u00e9v k\u00f6z\u00f6tti gyermekek \u00e9s fiatalok<\/span><\/p>\n<p style=\"text-align: justify\"><span style=\"font-size: 1rem\"><strong>A p\u00e1ly\u00e1zat ki\u00edr\u00f3i \u00e9s szervez\u0151i:\u00a0<\/strong><\/span><span style=\"font-size: 1rem\">Muzslai-B\u00edzik Hanna, <\/span><span style=\"font-size: 1rem\">Vad\u00e1sz Zsuzsanna, Mascher R\u00f3bert<\/span><\/p>\n<p style=\"text-align: justify\"><strong><span style=\"font-size: 1rem\">A szakmai szolg\u00e1ltat\u00e1s fajt\u00e1ja: <\/span><\/strong><a href=\"https:\/\/semmelweis.hu\/peto-pedint\/szolgaltatasaink\/\" target=\"_blank\" rel=\"noopener noreferrer\">Tanulm\u00e1nyi, sport- \u00e9s tehets\u00e9ggondoz\u00f3 versenyek szervez\u00e9se, \u00f6sszehangol\u00e1sa \u2192<\/a><\/p>\n<\/div>\n<p>Jelenleg nincs aktu\u00e1lis rajzp\u00e1ly\u00e1zat az SE Pet\u0151 Andr\u00e1s Karon<\/p>\n<hr \/>\n<h4><strong>LEZ\u00c1RT P\u00c1LY\u00c1ZATOK<\/strong><\/h4>\n<div class=\"fontos_div\">\n<div class=\"lead\"><strong>2024. Rajz-\u00e9s festm\u00e9nyp\u00e1ly\u00e1zat\u00a0<\/strong><\/div>\n<ul style=\"list-style-type: circle\">\n<li class=\"lead\"><a href=\"https:\/\/semmelweis.hu\/peto-pedint\/2024\/04\/04\/hari-100-rajz-es-festmenypalyazat-dijazottjai\/\" target=\"_blank\" rel=\"noopener\">D\u00edjazottak 2022. \u2192<\/a><\/li>\n<li class=\"lead\"><a href=\"https:\/\/semmelweis.hu\/peto-pedint\/files\/2025\/09\/rajzpalyazat_kiiras_hari100-24H_javitott_datum.pdf\" target=\"_blank\" rel=\"noopener\">P\u00e1ly\u00e1zati ki\u00edr\u00e1s (magyar, pdf) \u2192<\/a><\/li>\n<li class=\"lead\"><a href=\"https:\/\/semmelweis.hu\/peto-pedint\/files\/2025\/09\/rajzpalyazat_urlap-_hari100-24H_javitott_datum.pdf\" target=\"_blank\" rel=\"noopener\">P\u00e1ly\u00e1zati \u0171rlap (magyar, pdf)\u2192<\/a><\/li>\n<\/ul>\n<\/div>\n<p>&nbsp;<\/p>\n<div class=\"fontos_div\">\n<div class=\"lead\"><strong>2022. Rajz-\u00e9s festm\u00e9nyp\u00e1ly\u00e1zat\u00a0<\/strong><\/div>\n<ul style=\"list-style-type: circle\">\n<li class=\"lead\"><a href=\"https:\/\/semmelweis.hu\/peto-pedint\/2022\/11\/17\/vii-nemzetkozi-rajz-es-festmenypalyazat-eredmenyei\/\" target=\"_blank\" rel=\"noopener\">D\u00edjazottak 2022. \u2192<\/a><\/li>\n<li class=\"lead\"><a href=\"https:\/\/semmelweis.hu\/peto-pedint\/files\/2022\/06\/rajzpalyazat_kiiras_2022MR-short-szabo_honlapra_javitott.pdf\" target=\"_blank\" rel=\"noopener\">P\u00e1ly\u00e1zati ki\u00edr\u00e1s (magyar, pdf) \u2192<\/a><\/li>\n<li class=\"lead\"><a href=\"https:\/\/semmelweis.hu\/peto-pedint\/files\/2022\/06\/rajzpalyazat_urlap_2022MR-short-honalpra_javitott.pdf\" target=\"_blank\" rel=\"noopener\">P\u00e1ly\u00e1zati \u0171rlap (magyar, pdf)\u2192<\/a><\/li>\n<\/ul>\n<\/div>\n<div>\n<hr \/>\n<\/div>\n<div class=\"fontos_div\">\n<div class=\"lead\"><strong><br \/>\n<\/strong><strong>2020. Rajz-\u00e9s festm\u00e9nyp\u00e1ly\u00e1zat<\/strong><\/div>\n<ul style=\"list-style-type: circle\">\n<li class=\"lead\"><a href=\"https:\/\/semmelweis.hu\/peto-pedint\/2020\/11\/11\/vi-nemzetkozi-rajz-es-festmenypalyazat-eredmenyei\/\" target=\"_blank\" rel=\"noopener noreferrer\">D\u00edjazottak 2020. \u2192<\/a><\/li>\n<li class=\"lead\"><a href=\"https:\/\/semmelweis.hu\/peto-pedint\/files\/2020\/09\/6.-Rajzpalyazat_ki\u00edr\u00e1s_magyar-2020-j.pdf\" target=\"_blank\" rel=\"noopener noreferrer\">P\u00e1ly\u00e1zati ki\u00edr\u00e1s (magyar, pdf) \u2192<\/a><\/li>\n<li class=\"lead\"><a href=\"https:\/\/semmelweis.hu\/peto-pedint\/files\/2020\/09\/6.-Rajzpalyazat_\u0171rlap_magyar-2020-j.pdf\" target=\"_blank\" rel=\"noopener noreferrer\">P\u00e1ly\u00e1zati \u0171rlap (magyar, pdf) \u2192<\/a><\/li>\n<\/ul>\n<\/div>\n<div>\n<hr \/>\n<\/div>\n<div class=\"fontos_div\">\n<div class=\"lead\"><strong>2016. Rajz-\u00e9s festm\u00e9nyp\u00e1ly\u00e1zat<\/strong><\/div>\n<ul style=\"list-style-type: circle\">\n<li class=\"lead\"><a href=\"https:\/\/semmelweis.hu\/peto-pedint\/files\/2020\/09\/5.-Rajzp\u00e1ly\u00e1zat-statisztika-inf\u00f3-honlapra.pdf\">D\u00edjazottak 2016. \u2192<\/a><\/li>\n<li class=\"lead\"><a href=\"https:\/\/semmelweis.hu\/peto-pedint\/files\/2020\/09\/5.-2016_Rajzp\u00e1lyazat-sz\u00ednes-magyar.pdf\" target=\"_blank\" rel=\"noopener noreferrer\">P\u00e1ly\u00e1zati ki\u00edr\u00e1s (magyar, pdf) \u2192<\/a><\/li>\n<li class=\"lead\"><a href=\"https:\/\/semmelweis.hu\/peto-pedint\/files\/2020\/09\/5.-Matyasine_Rajzp\u00e1lyazat-sz\u00ednes-angol.pdf\" target=\"_blank\" rel=\"noopener noreferrer\">P\u00e1ly\u00e1zati ki\u00edr\u00e1s (angol, pdf) \u2192<\/a><\/li>\n<\/ul>\n<\/div>\n<hr \/>\n<div class=\"fontos_div\">\n<div class=\"lead\"><strong>2012. Rajz-\u00e9s festm\u00e9nyp\u00e1ly\u00e1zat<\/strong><\/div>\n<ul style=\"list-style-type: circle\">\n<li class=\"lead\"><a href=\"https:\/\/semmelweis.hu\/peto-pedint\/files\/2020\/09\/4.-RAJZP\u00c1LYA02.pdf\" target=\"_blank\" rel=\"noopener noreferrer\">P\u00e1ly\u00e1zati ki\u00edr\u00e1s (magyar, pdf)<\/a><\/li>\n<\/ul>\n<\/div>\n<p>&nbsp;<\/p>\n","protected":false},"excerpt":{"rendered":"<p>Nemzetk\u00f6zi Rajz- \u00e9s festm\u00e9nyp\u00e1ly\u00e1zat C\u00e9lcsoport: Kondukt\u00edv nevel\u00e9sben r\u00e9szes\u00fcl\u0151, 8-18 \u00e9v k\u00f6z\u00f6tti gyermekek \u00e9s fiatalok A p\u00e1ly\u00e1zat ki\u00edr\u00f3i \u00e9s szervez\u0151i:\u00a0Muzslai-B\u00edzik Hanna, Vad\u00e1sz Zsuzsanna, Mascher R\u00f3bert A szakmai szolg\u00e1ltat\u00e1s fajt\u00e1ja: <a href=\"https:\/\/semmelweis.hu\/peto-pedint\/szolgaltatasaink\/\" target=\"_blank\" rel=\"noopener noreferrer\">Tanulm\u00e1nyi, sport- \u00e9s tehets\u00e9ggondoz\u00f3 versenyek szervez\u00e9se, \u00f6sszehangol\u00e1sa \u2192<\/a> Jelenleg nincs aktu\u00e1lis rajzp\u00e1ly\u00e1zat az SE Pet\u0151 Andr\u00e1s Karon LEZ\u00c1RT P\u00c1LY\u00c1ZATOK 2024. Rajz-\u00e9s festm\u00e9nyp\u00e1ly\u00e1zat\u00a0 <a href=\"https:\/\/semmelweis.hu\/peto-pedint\/2024\/04\/04\/hari-100-rajz-es-festmenypalyazat-dijazottjai\/\" target=\"_blank\" rel=\"noopener\">D\u00edjazottak 2022. \u2192<\/a> <a href=\"https:\/\/semmelweis.hu\/peto-pedint\/files\/2025\/09\/rajzpalyazat_kiiras_hari100-24H_javitott_datum.pdf\" target=\"_blank\" rel=\"noopener\">P\u00e1ly\u00e1zati ki\u00edr\u00e1s (magyar, pdf) \u2192<\/a> <a href=\"https:\/\/semmelweis.hu\/peto-pedint\/files\/2025\/09\/rajzpalyazat_urlap-_hari100-24H_javitott_datum.pdf\" target=\"_blank\" rel=\"noopener\">P\u00e1ly\u00e1zati \u0171rlap (magyar, pdf)\u2192<\/a> &nbsp; 2022. Rajz-\u00e9s festm\u00e9nyp\u00e1ly\u00e1zat\u00a0 <a href=\"https:\/\/semmelweis.hu\/peto-pedint\/2022\/11\/17\/vii-nemzetkozi-rajz-es-festmenypalyazat-eredmenyei\/\" target=\"_blank\" rel=\"noopener\">D\u00edjazottak 2022. \u2192<\/a> <a href=\"https:\/\/semmelweis.hu\/peto-pedint\/files\/2022\/06\/rajzpalyazat_kiiras_2022MR-short-szabo_honlapra_javitott.pdf\" target=\"_blank\" rel=\"noopener\">P\u00e1ly\u00e1zati ki\u00edr\u00e1s (magyar, pdf) \u2192<\/a> <a href=\"https:\/\/semmelweis.hu\/peto-pedint\/files\/2022\/06\/rajzpalyazat_urlap_2022MR-short-honalpra_javitott.pdf\" target=\"_blank\" rel=\"noopener\">P\u00e1ly\u00e1zati \u0171rlap (magyar, pdf)\u2192<\/a> 2020. Rajz-\u00e9s festm\u00e9nyp\u00e1ly\u00e1zat <a href=\"https:\/\/semmelweis.hu\/peto-pedint\/2020\/11\/11\/vi-nemzetkozi-rajz-es-festmenypalyazat-eredmenyei\/\" target=\"_blank\" rel=\"noopener noreferrer\">D\u00edjazottak 2020. \u2192<\/a> <a href=\"https:\/\/semmelweis.hu\/peto-pedint\/files\/2020\/09\/6.-Rajzpalyazat_ki\u00edr\u00e1s_magyar-2020-j.pdf\" target=\"_blank\" rel=\"noopener noreferrer\">P\u00e1ly\u00e1zati ki\u00edr\u00e1s (magyar, pdf) \u2192<\/a> <a href=\"https:\/\/semmelweis.hu\/peto-pedint\/files\/2020\/09\/6.-Rajzpalyazat_\u0171rlap_magyar-2020-j.pdf\" target=\"_blank\" rel=\"noopener noreferrer\">P\u00e1ly\u00e1zati \u0171rlap (magyar, pdf) \u2192<\/a> 2016. Rajz-\u00e9s festm\u00e9nyp\u00e1ly\u00e1zat <a href=\"https:\/\/semmelweis.hu\/peto-pedint\/files\/2020\/09\/5.-Rajzp\u00e1ly\u00e1zat-statisztika-inf\u00f3-honlapra.pdf\">D\u00edjazottak 2016. \u2192<\/a> <a href=\"https:\/\/semmelweis.hu\/peto-pedint\/files\/2020\/09\/5.-2016_Rajzp\u00e1lyazat-sz\u00ednes-magyar.pdf\" target=\"_blank\" rel=\"noopener noreferrer\">P\u00e1ly\u00e1zati ki\u00edr\u00e1s (magyar, pdf) \u2192<\/a> <a href=\"https:\/\/semmelweis.hu\/peto-pedint\/files\/2020\/09\/5.-Matyasine_Rajzp\u00e1lyazat-sz\u00ednes-angol.pdf\" target=\"_blank\" rel=\"noopener noreferrer\">P\u00e1ly\u00e1zati ki\u00edr\u00e1s (angol, pdf) \u2192<\/a> 2012. Rajz-\u00e9s festm\u00e9nyp\u00e1ly\u00e1zat &hellip;<\/p>\n","protected":false},"author":101716,"featured_media":0,"parent":226,"menu_order":6,"comment_status":"closed","ping_status":"closed","template":"","meta":{"_acf_changed":false,"footnotes":""},"categories":[],"tags":[],"class_list":["post-645","page","type-page","status-publish","hentry"],"acf":[],"_links":{"self":[{"href":"https:\/\/semmelweis.hu\/peto-pedint\/wp-json\/wp\/v2\/pages\/645","targetHints":{"allow":["GET"]}}],"collection":[{"href":"https:\/\/semmelweis.hu\/peto-pedint\/wp-json\/wp\/v2\/pages"}],"about":[{"href":"https:\/\/semmelweis.hu\/peto-pedint\/wp-json\/wp\/v2\/types\/page"}],"author":[{"embeddable":true,"href":"https:\/\/semmelweis.hu\/peto-pedint\/wp-json\/wp\/v2\/users\/101716"}],"replies":[{"embeddable":true,"href":"https:\/\/semmelweis.hu\/peto-pedint\/wp-json\/wp\/v2\/comments?post=645"}],"version-history":[{"count":10,"href":"https:\/\/semmelweis.hu\/peto-pedint\/wp-json\/wp\/v2\/pages\/645\/revisions"}],"predecessor-version":[{"id":2900,"href":"https:\/\/semmelweis.hu\/peto-pedint\/wp-json\/wp\/v2\/pages\/645\/revisions\/2900"}],"up":[{"embeddable":true,"href":"https:\/\/semmelweis.hu\/peto-pedint\/wp-json\/wp\/v2\/pages\/226"}],"wp:attachment":[{"href":"https:\/\/semmelweis.hu\/peto-pedint\/wp-json\/wp\/v2\/media?parent=645"}],"wp:term":[{"taxonomy":"category","embeddable":true,"href":"https:\/\/semmelweis.hu\/peto-pedint\/wp-json\/wp\/v2\/categories?post=645"},{"taxonomy":"post_tag","embeddable":true,"href":"https:\/\/semmelweis.hu\/peto-pedint\/wp-json\/wp\/v2\/tags?post=645"}],"curies":[{"name":"wp","href":"https:\/\/api.w.org\/{rel}","templated":true}]}}