{"id":520,"date":"2020-04-27T14:38:15","date_gmt":"2020-04-27T12:38:15","guid":{"rendered":"http:\/\/semmelweis.hu\/peto-pedint\/?page_id=520"},"modified":"2025-10-28T11:10:27","modified_gmt":"2025-10-28T10:10:27","slug":"karriertanacsadas","status":"publish","type":"page","link":"https:\/\/semmelweis.hu\/peto-pedint\/szolgaltatasaink\/karriertanacsadas\/","title":{"rendered":"Karrier-\u00e9s p\u00e1lyatan\u00e1csad\u00e1s"},"content":{"rendered":"<div class=\"keretes w-100\">\n<h4><span style=\"color: #000000\"><strong>A konduktor, a kondukt\u00edv pedag\u00f3gia szerep\u00e9nek t\u00e1mogat\u00e1sa, jogszab\u00e1lyi k\u00f6rnyezete<\/strong><\/span><\/h4>\n<p><strong>A szolg\u00e1ltat\u00e1s c\u00e9lcsoportja: <\/strong>V\u00e9gzett konduktorok \u00e9s int\u00e9zm\u00e9nyeik<\/p>\n<p><strong>A szolg\u00e1ltat\u00e1s szervez\u0151i: <\/strong>Csizy Csilla, Kazatsay Bernadett, Muzslai-B\u00edzik Hanna<\/p>\n<p><strong>A szakmai szolg\u00e1ltat\u00e1s fajt\u00e1ja: <\/strong><a href=\"https:\/\/semmelweis.hu\/peto-pedint\/szolgaltatasaink\/\" target=\"_blank\" rel=\"noopener noreferrer\">Pedag\u00f3giai t\u00e1j\u00e9koztat\u00e1s \u2192 <\/a><a href=\"https:\/\/semmelweis.hu\/peto-pedint\/szolgaltatasaink\/\" target=\"_blank\" rel=\"noopener noreferrer\">Tan\u00fcgy-igazgat\u00e1si szolg\u00e1ltat\u00e1s \u2192<\/a><\/p>\n<\/div>\n<p style=\"text-align: justify\">A Semmelweis Egyetem Pet\u0151 Andr\u00e1s Karon \u00e9s jogel\u0151djeiben diplom\u00e1t szerzett, Magyarorsz\u00e1gon dolgoz\u00f3 konduktorok \u00e9s int\u00e9zm\u00e9nyeik <strong>fordulhatnak hozz\u00e1nk szakmai k\u00e9rd\u00e9sekben <a href=\"https:\/\/semmelweis.hu\/peto-pedint\/munkatarsaink-elerhetosegei\/\" target=\"_blank\" rel=\"noopener noreferrer\">el\u00e9rhet\u0151s\u00e9geink<\/a> <\/strong>valamelyik\u00e9n.\u00a0<\/p>\n<p style=\"text-align: justify\">\nA teljess\u00e9g ig\u00e9nye n\u00e9lk\u00fcl a k\u00f6vetkez\u0151 t\u00e9mak\u00f6r\u00f6kben k\u00e9rhetnek seg\u00edts\u00e9get t\u0151l\u00fcnk:<\/p>\n<p style=\"text-align: justify\"><a href=\"https:\/\/semmelweis.hu\/peto-pedint\/files\/2020\/05\/tamogatas.png\"><img loading=\"lazy\" decoding=\"async\" class=\"alignright wp-image-724 size-medium\" src=\"https:\/\/semmelweis.hu\/peto-pedint\/files\/2020\/05\/tamogatas-300x147.png\" alt=\"\" width=\"300\" height=\"147\" \/><\/a><\/p>\n<ul>\n<li style=\"text-align: justify\">konduktori kompetenci\u00e1k,<\/li>\n<li>a konduktort alkalmaz\u00f3 int\u00e9zm\u00e9nyek jogszab\u00e1lyi k\u00f6rnyezete, a kondukt\u00edv nevel\u00e9s jogi szab\u00e1lyoz\u00e1sa, a konduktori munk\u00e1ra vonatkoz\u00f3 \u00e1gazatspecifikus szakmai k\u00e9rd\u00e9sek (pl. konduktori munkak\u00f6r, munkaid\u0151, szabads\u00e1g, munkak\u00f6ri le\u00edr\u00e1s &#8230;stb.)<br \/>\n<strong>\u00c1ltalunk \u00f6ssze\u00e1ll\u00edtott jogszab\u00e1lygy\u0171jtem\u00e9ny:<\/strong><br \/>\n<strong>1. Oktat\u00e1s\u00fcgy: <\/strong>(felt\u00f6lt\u00e9s alatt)<br \/>\n<strong>2. Eg\u00e9szs\u00e9g\u00fcgy: <a href=\"https:\/\/semmelweis.hu\/peto-pedint\/files\/2021\/02\/E\u00fc-kondoktorokra-vonatkoz\u00f3-jogszab\u00e1lyok-a-web-oldalra-j_1.pdf\" target=\"_blank\" rel=\"noopener noreferrer\">jogszab\u00e1lygy\u0171jtem\u00e9ny (pdf)<\/a><\/strong>, mely a konduktorok eg\u00e9szs\u00e9g\u00fcgyben t\u00f6rt\u00e9n\u0151 alkalmaz\u00e1s\u00e1t seg\u00edtheti 2021.03.01-t\u0151l.<br \/>\n<strong>3. Szoci\u00e1lis \u00e1gazat:<\/strong> (felt\u00f6lt\u00e9s alatt)<\/li>\n<li style=\"text-align: justify\">BA diploma ut\u00e1ni <a href=\"https:\/\/semmelweis.hu\/peto-pedint\/konduktorok-magyarorszagon\/allaslehetosegek-konduktoroknak\/\" target=\"_blank\" rel=\"noopener noreferrer\"><strong>\u00e1ll\u00e1skeres\u00e9s<\/strong><\/a>, tov\u00e1bbtanul\u00e1s, tov\u00e1bbk\u00e9pz\u00e9s<\/li>\n<li style=\"text-align: justify\">kondukt\u00edv pedag\u00f3gia eszk\u00f6zei,<\/li>\n<li style=\"text-align: justify\">konduktorok magyarorsz\u00e1gi szervezetei.<\/li>\n<\/ul>\n<hr \/>\n<div class=\"keretes w-100\">\n<h4><span style=\"color: #000000\"><strong>P\u00e1lyaorient\u00e1ci\u00f3<\/strong><\/span><\/h4>\n<p><span style=\"font-size: 1rem\"><strong>A szolg\u00e1ltat\u00e1s c\u00e9lcsoportja:<\/strong> K\u00f6z\u00e9piskol\u00e1s di\u00e1kok<\/span><\/p>\n<p><span style=\"font-size: 1rem\"><strong>A szolg\u00e1ltat\u00e1s szervez\u0151i:<\/strong> Csizy Csilla, Muzslai-B\u00edzik Hanna<\/span><\/p>\n<p><strong><span style=\"font-size: 1rem\">A szakmai szolg\u00e1ltat\u00e1s fajt\u00e1ja: <\/span><\/strong><a href=\"https:\/\/semmelweis.hu\/peto-pedint\/szolgaltatasaink\/\" target=\"_blank\" rel=\"noopener noreferrer\">Pedag\u00f3giai t\u00e1j\u00e9koztat\u00e1s \u2192<\/a><\/p>\n<\/div>\n<p style=\"text-align: justify\"><a href=\"https:\/\/semmelweis.hu\/peto-pedint\/files\/2020\/05\/palyaorientacio.png\"><img loading=\"lazy\" decoding=\"async\" class=\"alignleft size-medium wp-image-729\" src=\"https:\/\/semmelweis.hu\/peto-pedint\/files\/2020\/05\/palyaorientacio-300x198.png\" alt=\"\" width=\"300\" height=\"198\" \/><\/a>Az SE Pet\u0151 Andr\u00e1s Pedag\u00f3giai Int\u00e9zet munkat\u00e1rsai a Kar \u00e1ltal deleg\u00e1lt szem\u00e9llyel k\u00f6z\u00f6sen k\u00e9pviselik int\u00e9zet\u00fcnket di\u00e1koknak szervezett <strong>p\u00e1lyaorient\u00e1ci\u00f3s, &#8222;hovatov\u00e1bb&#8221; napokon, Educatio rendezv\u00e9nyeken.<\/strong> <br \/>\nEzeken az esem\u00e9nyeken <strong>t\u00e1j\u00e9koztat\u00e1st adnak<\/strong> az \u00e9rdekl\u0151d\u0151 di\u00e1koknak <strong>a konduktori hivat\u00e1sr\u00f3l.<\/strong> <\/p>\n<p>&nbsp;<\/p>\n","protected":false},"excerpt":{"rendered":"<p>A konduktor, a kondukt\u00edv pedag\u00f3gia szerep\u00e9nek t\u00e1mogat\u00e1sa, jogszab\u00e1lyi k\u00f6rnyezete A szolg\u00e1ltat\u00e1s c\u00e9lcsoportja: V\u00e9gzett konduktorok \u00e9s int\u00e9zm\u00e9nyeik A szolg\u00e1ltat\u00e1s szervez\u0151i: Csizy Csilla, Kazatsay Bernadett, Muzslai-B\u00edzik Hanna A szakmai szolg\u00e1ltat\u00e1s fajt\u00e1ja: <a href=\"https:\/\/semmelweis.hu\/peto-pedint\/szolgaltatasaink\/\" target=\"_blank\" rel=\"noopener noreferrer\">Pedag\u00f3giai t\u00e1j\u00e9koztat\u00e1s \u2192 <\/a> <a href=\"https:\/\/semmelweis.hu\/peto-pedint\/szolgaltatasaink\/\" target=\"_blank\" rel=\"noopener noreferrer\">Tan\u00fcgy-igazgat\u00e1si szolg\u00e1ltat\u00e1s \u2192<\/a> A Semmelweis Egyetem Pet\u0151 Andr\u00e1s Karon \u00e9s jogel\u0151djeiben diplom\u00e1t szerzett, Magyarorsz\u00e1gon dolgoz\u00f3 konduktorok \u00e9s int\u00e9zm\u00e9nyeik fordulhatnak hozz\u00e1nk szakmai k\u00e9rd\u00e9sekben <a href=\"https:\/\/semmelweis.hu\/peto-pedint\/munkatarsaink-elerhetosegei\/\" target=\"_blank\" rel=\"noopener noreferrer\">el\u00e9rhet\u0151s\u00e9geink<\/a> valamelyik\u00e9n.\u00a0 A teljess\u00e9g ig\u00e9nye n\u00e9lk\u00fcl a k\u00f6vetkez\u0151 &hellip;<\/p>\n","protected":false},"author":101716,"featured_media":0,"parent":226,"menu_order":2,"comment_status":"closed","ping_status":"closed","template":"","meta":{"_acf_changed":false,"footnotes":""},"categories":[],"tags":[],"class_list":["post-520","page","type-page","status-publish","hentry"],"acf":[],"_links":{"self":[{"href":"https:\/\/semmelweis.hu\/peto-pedint\/wp-json\/wp\/v2\/pages\/520","targetHints":{"allow":["GET"]}}],"collection":[{"href":"https:\/\/semmelweis.hu\/peto-pedint\/wp-json\/wp\/v2\/pages"}],"about":[{"href":"https:\/\/semmelweis.hu\/peto-pedint\/wp-json\/wp\/v2\/types\/page"}],"author":[{"embeddable":true,"href":"https:\/\/semmelweis.hu\/peto-pedint\/wp-json\/wp\/v2\/users\/101716"}],"replies":[{"embeddable":true,"href":"https:\/\/semmelweis.hu\/peto-pedint\/wp-json\/wp\/v2\/comments?post=520"}],"version-history":[{"count":10,"href":"https:\/\/semmelweis.hu\/peto-pedint\/wp-json\/wp\/v2\/pages\/520\/revisions"}],"predecessor-version":[{"id":4593,"href":"https:\/\/semmelweis.hu\/peto-pedint\/wp-json\/wp\/v2\/pages\/520\/revisions\/4593"}],"up":[{"embeddable":true,"href":"https:\/\/semmelweis.hu\/peto-pedint\/wp-json\/wp\/v2\/pages\/226"}],"wp:attachment":[{"href":"https:\/\/semmelweis.hu\/peto-pedint\/wp-json\/wp\/v2\/media?parent=520"}],"wp:term":[{"taxonomy":"category","embeddable":true,"href":"https:\/\/semmelweis.hu\/peto-pedint\/wp-json\/wp\/v2\/categories?post=520"},{"taxonomy":"post_tag","embeddable":true,"href":"https:\/\/semmelweis.hu\/peto-pedint\/wp-json\/wp\/v2\/tags?post=520"}],"curies":[{"name":"wp","href":"https:\/\/api.w.org\/{rel}","templated":true}]}}