{"id":516,"date":"2020-04-27T14:31:20","date_gmt":"2020-04-27T12:31:20","guid":{"rendered":"http:\/\/semmelweis.hu\/peto-pedint\/?page_id=516"},"modified":"2026-02-20T12:22:29","modified_gmt":"2026-02-20T11:22:29","slug":"akkreditalt-pedagogus-tovabbkepzes","status":"publish","type":"page","link":"https:\/\/semmelweis.hu\/peto-pedint\/szolgaltatasaink\/akkreditalt-pedagogus-tovabbkepzes\/","title":{"rendered":"Tov\u00e1bbk\u00e9pz\u00e9sek"},"content":{"rendered":"<p>Az SE Pet\u0151 Andr\u00e1s Pedag\u00f3giai Int\u00e9zete t\u00f6bbf\u00e9le tov\u00e1bbk\u00e9pz\u00e9st k\u00edn\u00e1l az \u00e9rdekl\u0151d\u0151 szakembereknek.\u00a0<\/p>\n","protected":false},"excerpt":{"rendered":"<p>Az SE Pet\u0151 Andr\u00e1s Pedag\u00f3giai Int\u00e9zete t\u00f6bbf\u00e9le tov\u00e1bbk\u00e9pz\u00e9st k\u00edn\u00e1l az \u00e9rdekl\u0151d\u0151 szakembereknek.\u00a0<\/p>\n","protected":false},"author":101716,"featured_media":0,"parent":226,"menu_order":4,"comment_status":"closed","ping_status":"closed","template":"","meta":{"_acf_changed":false,"footnotes":""},"categories":[],"tags":[],"class_list":["post-516","page","type-page","status-publish","hentry"],"acf":[],"_links":{"self":[{"href":"https:\/\/semmelweis.hu\/peto-pedint\/wp-json\/wp\/v2\/pages\/516","targetHints":{"allow":["GET"]}}],"collection":[{"href":"https:\/\/semmelweis.hu\/peto-pedint\/wp-json\/wp\/v2\/pages"}],"about":[{"href":"https:\/\/semmelweis.hu\/peto-pedint\/wp-json\/wp\/v2\/types\/page"}],"author":[{"embeddable":true,"href":"https:\/\/semmelweis.hu\/peto-pedint\/wp-json\/wp\/v2\/users\/101716"}],"replies":[{"embeddable":true,"href":"https:\/\/semmelweis.hu\/peto-pedint\/wp-json\/wp\/v2\/comments?post=516"}],"version-history":[{"count":10,"href":"https:\/\/semmelweis.hu\/peto-pedint\/wp-json\/wp\/v2\/pages\/516\/revisions"}],"predecessor-version":[{"id":4726,"href":"https:\/\/semmelweis.hu\/peto-pedint\/wp-json\/wp\/v2\/pages\/516\/revisions\/4726"}],"up":[{"embeddable":true,"href":"https:\/\/semmelweis.hu\/peto-pedint\/wp-json\/wp\/v2\/pages\/226"}],"wp:attachment":[{"href":"https:\/\/semmelweis.hu\/peto-pedint\/wp-json\/wp\/v2\/media?parent=516"}],"wp:term":[{"taxonomy":"category","embeddable":true,"href":"https:\/\/semmelweis.hu\/peto-pedint\/wp-json\/wp\/v2\/categories?post=516"},{"taxonomy":"post_tag","embeddable":true,"href":"https:\/\/semmelweis.hu\/peto-pedint\/wp-json\/wp\/v2\/tags?post=516"}],"curies":[{"name":"wp","href":"https:\/\/api.w.org\/{rel}","templated":true}]}}