{"id":488,"date":"2020-04-24T10:20:28","date_gmt":"2020-04-24T08:20:28","guid":{"rendered":"http:\/\/semmelweis.hu\/peto-pedint\/?page_id=488"},"modified":"2026-04-16T12:00:15","modified_gmt":"2026-04-16T10:00:15","slug":"intezmenylatogatas","status":"publish","type":"page","link":"https:\/\/semmelweis.hu\/peto-pedint\/szolgaltatasaink\/intezmenylatogatas\/","title":{"rendered":"Int\u00e9zm\u00e9nyl\u00e1togat\u00e1s"},"content":{"rendered":"<p><img loading=\"lazy\" decoding=\"async\" class=\"size-medium wp-image-556 alignright\" style=\"text-align: justify\" src=\"https:\/\/semmelweis.hu\/peto-pedint\/files\/2020\/04\/pet\u0151-telephelyek-300x200.png\" alt=\"\" width=\"300\" height=\"200\" \/><\/p>\n<p style=\"text-align: justify\">Az SE Pet\u0151 Andr\u00e1s Pedag\u00f3giai Int\u00e9zet\u00e9nek munkat\u00e1rsai szervezik a Kar magyar vend\u00e9geinek int\u00e9zm\u00e9nyl\u00e1togat\u00e1sait.\u00a0<br \/>\nA l\u00e1togat\u00e1sok szervez\u00e9s\u00e9nek c\u00e9lja, hogy betekint\u00e9st ny\u00fajtsunk Karunk m\u0171k\u00f6d\u00e9s\u00e9be, a kondukt\u00edv nevel\u00e9s alapjaiba, a gyakorl\u00f3ter\u00fcleteinken foly\u00f3 kondukt\u00edv pedag\u00f3giai munk\u00e1ba.<\/p>\n<p><strong>Aktu\u00e1lisan el\u00e9rhet\u0151 int\u00e9zm\u00e9nyl\u00e1togat\u00e1sok:<br \/>\n<\/strong><span style=\"color: #ff0000\">Az int\u00e9zm\u00e9nyl\u00e1togat\u00e1sokra a regisztr\u00e1ci\u00f3 lez\u00e1rult, mert a r\u00e9sztvev\u0151k sz\u00e1ma el\u00e9rte a maxim\u00e1lis l\u00e9tsz\u00e1mot.<br \/>\nA regisztr\u00e1lt \u00e9rdekl\u0151d\u0151ket szeretettel v\u00e1rjuk!<\/span><\/p>\n<p><strong>1. Int\u00e9zm\u00e9nyl\u00e1togat\u00e1s a Pet\u0151 Andr\u00e1s Gyakorl\u00f3 \u00d3vod\u00e1j\u00e1ba<br \/>\n<\/strong><strong>Id\u0151pont:<\/strong> 2026.04.23., cs\u00fct\u00f6rt\u00f6k, 9:00-11:30<br \/>\n<strong>Helysz\u00edn:<\/strong> 1125 Budapest, K\u00fatv\u00f6lgyi \u00fat 8., l\u00e1togat\u00f3szoba<br \/>\n<strong><a class=\"button\" href=\"https:\/\/semmelweis.hu\/peto-pedint\/files\/2026\/02\/2025_04_23_ovodai_intezmenylatogatas_program_mbh_honlapra.pdf\" target=\"_blank\" rel=\"noopener\">Program<\/a><\/strong><br \/>\n<span style=\"font-size: 1rem;font-weight: bolder\">Szervez\u0151:<\/span><span style=\"font-size: 1rem\">\u00a0<\/span><span style=\"font-size: 1rem\">Muzslai-B\u00edzik Hanna pedag\u00f3giai szak\u00e9rt\u0151<\/span><\/p>\n<p><strong>2. Int\u00e9zm\u00e9nyl\u00e1togat\u00e1s a Kondukt\u00edv Gyakorl\u00f3 \u00c1ltal\u00e1nos Iskol\u00e1ban<br \/>\n<\/strong><strong>Id\u0151pont:<\/strong> 2026.05.05., kedd, 8:00-11:30<br \/>\n<strong>Helysz\u00edn:<\/strong> 1118 Budapest, Vill\u00e1nyi \u00fat 67.<br \/>\n<strong><a class=\"button\" href=\"https:\/\/semmelweis.hu\/peto-pedint\/files\/2026\/02\/2026_04_28_iskolai-intezmenylatogatas_program_cscs.pdf\" target=\"_blank\" rel=\"noopener\">Program<\/a><\/strong><strong><br \/>\n<\/strong><span style=\"font-size: 1rem;font-weight: bolder\">Szervez\u0151:<\/span><span style=\"font-size: 1rem\">\u00a0<\/span><span style=\"font-size: 1rem\">Csizy Csilla pedag\u00f3giai szak\u00e9rt\u0151<\/span><\/p>\n<p>Az int\u00e9zm\u00e9nyl\u00e1togat\u00e1s magyar vend\u00e9gek r\u00e9sz\u00e9re ingyenes szolg\u00e1ltat\u00e1s, de regisztr\u00e1ci\u00f3hoz k\u00f6t\u00f6tt. Szeretettel v\u00e1rjuk az \u00e9rdekl\u0151d\u0151 szakembereket, sz\u00fcl\u0151ket.\u00a0<\/p>\n<p style=\"text-align: justify\">Az int\u00e9zm\u00e9nyl\u00e1togat\u00e1s bevett menet\u00e9t, valamint annak szab\u00e1lyait az <strong><a href=\"https:\/\/semmelweis.hu\/peto-pedint\/files\/2023\/09\/Latogatasi-protokoll-uj-honlapra-2023-09_javitott_email_cimek.pdf\" target=\"_blank\" rel=\"noopener\">Int\u00e9zm\u00e9nyl\u00e1togat\u00e1si Protokoll (pdf)<\/a>\u00a0<\/strong>tartalmazza.\u00a0<\/p>\n<p style=\"text-align: justify\">A l\u00e1togat\u00e1st k\u00f6vet\u0151en tapasztalt konduktor koll\u00e9g\u00e1ink vezet\u00e9s\u00e9vel lehet\u0151s\u00e9get biztos\u00edtunk a l\u00e1tottak szakmai megbesz\u00e9l\u00e9s\u00e9re.\u00a0<\/p>\n<p style=\"text-align: justify\">Amennyiben az aktu\u00e1lis int\u00e9zm\u00e9nyl\u00e1togat\u00e1saink k\u00f6z\u00f6tt nem tal\u00e1lja meg az \u00d6n sz\u00e1m\u00e1ra keresett koroszt\u00e1lyt, k\u00e9rj\u00fck, l\u00e1togasson vissza honlapunkra egy k\u00e9s\u0151bbi id\u0151pontban.\u00a0<\/p>\n<div class=\"fontos_div\">\n<p style=\"text-align: justify\"><strong>\u00c9P\u00dcLETEINK<br \/>\nK\u00fatv\u00f6lgyi \u00fat<\/strong>i \u00e9p\u00fclet<br \/>\nEbben az \u00e9p\u00fcletben tal\u00e1lhat\u00f3ak az al\u00e1bbi szervezeti egys\u00e9gek:<br \/>\n&#8211; <a href=\"https:\/\/semmelweis.hu\/peto-ekpmi\/szakszolgalat-2\/szakszolgalat\/\" target=\"_blank\" rel=\"noopener\">Pedag\u00f3giai szakszolg\u00e1lat<\/a><br \/>\n&#8211; <a href=\"https:\/\/semmelweis.hu\/peto-ovoda\/\" target=\"_blank\" rel=\"noopener\">Pet\u0151 Andr\u00e1s Gyakorl\u00f3 \u00d3vod\u00e1ja<\/a><br \/>\n&#8211; <a href=\"https:\/\/semmelweis.hu\/peto-ekpmi\/utazokonduktori-intezmenyegyseg\/\" target=\"_blank\" rel=\"noopener\">Utaz\u00f3 Konduktori Szolg\u00e1lat<\/a><br \/>\n&#8211; <a href=\"https:\/\/semmelweis.hu\/pak\/konduktiv-fejlesztes\/felnott-nevelesi-egyseg-fne\/\" target=\"_blank\" rel=\"noopener\">Pet\u0151 Andr\u00e1s Rehabilit\u00e1ci\u00f3s \u00e9s Eg\u00e9szs\u00e9g\u00fcgyi Ell\u00e1t\u00e1si Oszt\u00e1ly<\/a> (feln\u0151tt nevel\u00e9si egys\u00e9g \u00e9s gyermekrehabilit\u00e1ci\u00f3)<br \/>\n&#8211; <a href=\"https:\/\/semmelweis.hu\/peto-development\/hu\/\" target=\"_blank\" rel=\"noopener\">Kiemelt Nemzetk\u00f6zi \u00e9s Nemzeti Szolg\u00e1ltat\u00e1si K\u00f6zpont<\/a><\/p>\n<p style=\"text-align: justify\">A K\u00fatv\u00f6lgyi \u00fati \u00e9p\u00fcletben <span style=\"font-size: 1rem\">korszer\u0171\u00a0<\/span><span style=\"font-size: 1rem\">l\u00e1togat\u00f3szoba ker\u00fclt <\/span><span style=\"font-size: 1rem\">kialak\u00edt\u00e1sra, melyb\u0151l vend\u00e9geink nagy m\u00e9ret\u0171 kivet\u00edt\u0151n, \u00e9l\u0151 ad\u00e1sban k\u00f6vethetik az egyes csoportokban zajl\u00f3 pedag\u00f3giai folyamatokat. \u00c9l\u0151 k\u00f6zvet\u00edt\u00e9s \u00fatj\u00e1n lehet\u0151s\u00e9g ny\u00edlik betekinteni a <\/span>szakszolg\u00e1lat (korai fejleszt\u00e9s), az \u00f3voda, valamint a feln\u0151tt nevel\u00e9si egys\u00e9g \u00e9let\u00e9be.\u00a0<\/p>\n<p>&nbsp;<\/p>\n<p style=\"text-align: justify\"><strong>Vill\u00e1nyi \u00fat<\/strong>i \u00e9p\u00fclet<br \/>\nEbben az \u00e9p\u00fcletben tal\u00e1lhat\u00f3ak az al\u00e1bbi szervezeti egys\u00e9gek:<br \/>\n&#8211; <a href=\"https:\/\/semmelweis.hu\/peto-ekpmi\/iskola\/gyakorlo-altalanos-iskola-bemutatkozas\/\" target=\"_blank\" rel=\"noopener\">Kondukt\u00edv Gyakorl\u00f3 \u00c1ltal\u00e1nos Iskola<\/a><br \/>\n&#8211; <a href=\"https:\/\/semmelweis.hu\/peto-ekpmi\/konduktiv-szakiskola\/\" target=\"_blank\" rel=\"noopener\">Kondukt\u00edv Szakiskola<\/a><br \/>\n&#8211; <a href=\"https:\/\/semmelweis.hu\/peto-ekpmi\/kollegium-okoiskola-iskolakert\/kollegium\/\" target=\"_blank\" rel=\"noopener\">Koll\u00e9gium<\/a><\/p>\n<p style=\"text-align: justify\">A Vill\u00e1nyi \u00fati \u00e9p\u00fcletben iskola tagozatunk, szakiskol\u00e1nk, koll\u00e9giumunk, sport-\u00e9s szabadid\u0151s tev\u00e9kenys\u00e9geink megtekint\u00e9s\u00e9re van m\u00f3d.\u00a0<\/p>\n<\/div>\n<p style=\"text-align: justify\">Az SE Pet\u0151 Andr\u00e1s Pedag\u00f3giai Int\u00e9zete \u00e1ltal szervezett, lezajlott l\u00e1togat\u00e1sok r\u00e9sztvev\u0151it arra k\u00e9rj\u00fck, hogy t\u00f6lts\u00e9k ki el\u00e9gedetts\u00e9gi k\u00e9rd\u0151\u00edv\u00fcnket. Minden visszajelz\u00e9s fontos sz\u00e1munkra \u00e9s nagyban hozz\u00e1j\u00e1rul szakmai munk\u00e1nk sz\u00ednvonal\u00e1nak emel\u00e9s\u00e9hez. <br \/>\n<strong>Az el\u00e9gedetts\u00e9gi k\u00e9rd\u0151\u00edv itt \u00e9rhet\u0151 el:<\/strong> <br \/>\n<a href=\"https:\/\/forms.office.com\/e\/KJexNq6dFk\" target=\"_blank\" rel=\"noopener\"><strong>Int\u00e9zm\u00e9nyl\u00e1togat\u00e1si el\u00e9gedetts\u00e9gi k\u00e9rd\u0151\u00edv \u2192<\/strong><\/a><\/p>\n<p><img loading=\"lazy\" decoding=\"async\" class=\"alignnone size-medium wp-image-4485\" src=\"https:\/\/semmelweis.hu\/peto-pedint\/files\/2025\/04\/Elegedettsegi-kerdoiv-_Peto-Andras-Kar-bemutatasrol-intezmenylatogatasrol-QR-kodja-400x400.png\" alt=\"\" width=\"400\" height=\"400\" srcset=\"https:\/\/semmelweis.hu\/peto-pedint\/files\/2025\/04\/Elegedettsegi-kerdoiv-_Peto-Andras-Kar-bemutatasrol-intezmenylatogatasrol-QR-kodja-400x400.png 400w, https:\/\/semmelweis.hu\/peto-pedint\/files\/2025\/04\/Elegedettsegi-kerdoiv-_Peto-Andras-Kar-bemutatasrol-intezmenylatogatasrol-QR-kodja-1024x1024.png 1024w, https:\/\/semmelweis.hu\/peto-pedint\/files\/2025\/04\/Elegedettsegi-kerdoiv-_Peto-Andras-Kar-bemutatasrol-intezmenylatogatasrol-QR-kodja-150x150.png 150w, https:\/\/semmelweis.hu\/peto-pedint\/files\/2025\/04\/Elegedettsegi-kerdoiv-_Peto-Andras-Kar-bemutatasrol-intezmenylatogatasrol-QR-kodja-768x768.png 768w, https:\/\/semmelweis.hu\/peto-pedint\/files\/2025\/04\/Elegedettsegi-kerdoiv-_Peto-Andras-Kar-bemutatasrol-intezmenylatogatasrol-QR-kodja-753x753.png 753w, https:\/\/semmelweis.hu\/peto-pedint\/files\/2025\/04\/Elegedettsegi-kerdoiv-_Peto-Andras-Kar-bemutatasrol-intezmenylatogatasrol-QR-kodja.png 1200w\" sizes=\"auto, (max-width: 400px) 100vw, 400px\" \/><\/p>\n<p style=\"text-align: justify\">Az SE Pet\u0151 Andr\u00e1s Pedag\u00f3giai Int\u00e9zete munkat\u00e1rsainak feladatk\u00f6r\u00e9be tartozik a szakvizsg\u00e1ra k\u00e9sz\u00fcl\u0151 orvosok k\u00f6telez\u0151, 1 hetes szakmai gyakorlat\u00e1nak megszervez\u00e9se is.\u00a0<\/p>\n","protected":false},"excerpt":{"rendered":"<p>Az SE Pet\u0151 Andr\u00e1s Pedag\u00f3giai Int\u00e9zet\u00e9nek munkat\u00e1rsai szervezik a Kar magyar vend\u00e9geinek int\u00e9zm\u00e9nyl\u00e1togat\u00e1sait.\u00a0 A l\u00e1togat\u00e1sok szervez\u00e9s\u00e9nek c\u00e9lja, hogy betekint\u00e9st ny\u00fajtsunk Karunk m\u0171k\u00f6d\u00e9s\u00e9be, a kondukt\u00edv nevel\u00e9s alapjaiba, a gyakorl\u00f3ter\u00fcleteinken foly\u00f3 kondukt\u00edv pedag\u00f3giai munk\u00e1ba. Aktu\u00e1lisan el\u00e9rhet\u0151 int\u00e9zm\u00e9nyl\u00e1togat\u00e1sok: Az int\u00e9zm\u00e9nyl\u00e1togat\u00e1sokra a regisztr\u00e1ci\u00f3 lez\u00e1rult, mert a r\u00e9sztvev\u0151k sz\u00e1ma el\u00e9rte a maxim\u00e1lis l\u00e9tsz\u00e1mot. A regisztr\u00e1lt \u00e9rdekl\u0151d\u0151ket szeretettel v\u00e1rjuk! 1. Int\u00e9zm\u00e9nyl\u00e1togat\u00e1s &hellip;<\/p>\n","protected":false},"author":101716,"featured_media":4737,"parent":226,"menu_order":1,"comment_status":"closed","ping_status":"closed","template":"","meta":{"_acf_changed":false,"footnotes":""},"categories":[],"tags":[],"class_list":["post-488","page","type-page","status-publish","has-post-thumbnail","hentry"],"acf":[],"_links":{"self":[{"href":"https:\/\/semmelweis.hu\/peto-pedint\/wp-json\/wp\/v2\/pages\/488","targetHints":{"allow":["GET"]}}],"collection":[{"href":"https:\/\/semmelweis.hu\/peto-pedint\/wp-json\/wp\/v2\/pages"}],"about":[{"href":"https:\/\/semmelweis.hu\/peto-pedint\/wp-json\/wp\/v2\/types\/page"}],"author":[{"embeddable":true,"href":"https:\/\/semmelweis.hu\/peto-pedint\/wp-json\/wp\/v2\/users\/101716"}],"replies":[{"embeddable":true,"href":"https:\/\/semmelweis.hu\/peto-pedint\/wp-json\/wp\/v2\/comments?post=488"}],"version-history":[{"count":11,"href":"https:\/\/semmelweis.hu\/peto-pedint\/wp-json\/wp\/v2\/pages\/488\/revisions"}],"predecessor-version":[{"id":4750,"href":"https:\/\/semmelweis.hu\/peto-pedint\/wp-json\/wp\/v2\/pages\/488\/revisions\/4750"}],"up":[{"embeddable":true,"href":"https:\/\/semmelweis.hu\/peto-pedint\/wp-json\/wp\/v2\/pages\/226"}],"wp:featuredmedia":[{"embeddable":true,"href":"https:\/\/semmelweis.hu\/peto-pedint\/wp-json\/wp\/v2\/media\/4737"}],"wp:attachment":[{"href":"https:\/\/semmelweis.hu\/peto-pedint\/wp-json\/wp\/v2\/media?parent=488"}],"wp:term":[{"taxonomy":"category","embeddable":true,"href":"https:\/\/semmelweis.hu\/peto-pedint\/wp-json\/wp\/v2\/categories?post=488"},{"taxonomy":"post_tag","embeddable":true,"href":"https:\/\/semmelweis.hu\/peto-pedint\/wp-json\/wp\/v2\/tags?post=488"}],"curies":[{"name":"wp","href":"https:\/\/api.w.org\/{rel}","templated":true}]}}