{"id":4788,"date":"2026-05-05T13:53:12","date_gmt":"2026-05-05T11:53:12","guid":{"rendered":"https:\/\/semmelweis.hu\/peto-pedint\/?page_id=4788"},"modified":"2026-05-06T14:01:29","modified_gmt":"2026-05-06T12:01:29","slug":"konduktoroknak","status":"publish","type":"page","link":"https:\/\/semmelweis.hu\/peto-pedint\/konduktoroknak\/","title":{"rendered":"Konduktoroknak"},"content":{"rendered":"<p><img loading=\"lazy\" decoding=\"async\" class=\"size-medium wp-image-4789 alignright\" src=\"https:\/\/semmelweis.hu\/peto-pedint\/files\/2026\/05\/00006758-400x200.jpg\" alt=\"\" width=\"400\" height=\"200\" srcset=\"https:\/\/semmelweis.hu\/peto-pedint\/files\/2026\/05\/00006758-400x200.jpg 400w, https:\/\/semmelweis.hu\/peto-pedint\/files\/2026\/05\/00006758-1024x512.jpg 1024w, https:\/\/semmelweis.hu\/peto-pedint\/files\/2026\/05\/00006758-768x384.jpg 768w, https:\/\/semmelweis.hu\/peto-pedint\/files\/2026\/05\/00006758-1536x768.jpg 1536w, https:\/\/semmelweis.hu\/peto-pedint\/files\/2026\/05\/00006758-753x377.jpg 753w, https:\/\/semmelweis.hu\/peto-pedint\/files\/2026\/05\/00006758.jpg 1920w\" sizes=\"auto, (max-width: 400px) 100vw, 400px\" \/><\/p>\n<p style=\"text-align: justify\">K\u00f6sz\u00f6nj\u00fck az \u00e9rdekl\u0151d\u00e9st!<br \/>\nEz a fel\u00fclet jelenleg kidolgoz\u00e1s alatt \u00e1ll, k\u00e9rj\u00fck, l\u00e1togasson vissza k\u00e9s\u0151bb.\u00a0<br \/>\nA k\u00e9s\u0151bbiekben ezen a fel\u00fcleten kifejezetten a v\u00e9gzett konduktoroknak fogunk hasznos inform\u00e1ci\u00f3kat ny\u00fajtani (pl. tov\u00e1bbk\u00e9pz\u00e9sek, workshopok&#8230;stb)<\/p>\n","protected":false},"excerpt":{"rendered":"<p>K\u00f6sz\u00f6nj\u00fck az \u00e9rdekl\u0151d\u00e9st!<br \/>\nEz a fel\u00fclet jelenleg kidolgoz\u00e1s alatt \u00e1ll, k\u00e9rj\u00fck, l\u00e1togasson vissza k\u00e9s\u0151bb.\u00a0<br \/>\nA k\u00e9s\u0151bbiekben ezen a fel\u00fcleten kifejezetten a v\u00e9gzett konduktoroknak fogunk hasznos inform\u00e1ci\u00f3kat ny\u00fajtani (pl. tov\u00e1bbk\u00e9pz\u00e9sek, workshopok&#8230;stb)<\/p>\n","protected":false},"author":101716,"featured_media":0,"parent":0,"menu_order":3,"comment_status":"closed","ping_status":"closed","template":"","meta":{"_acf_changed":false,"footnotes":""},"categories":[],"tags":[],"class_list":["post-4788","page","type-page","status-publish","hentry"],"acf":[],"_links":{"self":[{"href":"https:\/\/semmelweis.hu\/peto-pedint\/wp-json\/wp\/v2\/pages\/4788","targetHints":{"allow":["GET"]}}],"collection":[{"href":"https:\/\/semmelweis.hu\/peto-pedint\/wp-json\/wp\/v2\/pages"}],"about":[{"href":"https:\/\/semmelweis.hu\/peto-pedint\/wp-json\/wp\/v2\/types\/page"}],"author":[{"embeddable":true,"href":"https:\/\/semmelweis.hu\/peto-pedint\/wp-json\/wp\/v2\/users\/101716"}],"replies":[{"embeddable":true,"href":"https:\/\/semmelweis.hu\/peto-pedint\/wp-json\/wp\/v2\/comments?post=4788"}],"version-history":[{"count":1,"href":"https:\/\/semmelweis.hu\/peto-pedint\/wp-json\/wp\/v2\/pages\/4788\/revisions"}],"predecessor-version":[{"id":4790,"href":"https:\/\/semmelweis.hu\/peto-pedint\/wp-json\/wp\/v2\/pages\/4788\/revisions\/4790"}],"wp:attachment":[{"href":"https:\/\/semmelweis.hu\/peto-pedint\/wp-json\/wp\/v2\/media?parent=4788"}],"wp:term":[{"taxonomy":"category","embeddable":true,"href":"https:\/\/semmelweis.hu\/peto-pedint\/wp-json\/wp\/v2\/categories?post=4788"},{"taxonomy":"post_tag","embeddable":true,"href":"https:\/\/semmelweis.hu\/peto-pedint\/wp-json\/wp\/v2\/tags?post=4788"}],"curies":[{"name":"wp","href":"https:\/\/api.w.org\/{rel}","templated":true}]}}