{"id":4783,"date":"2026-05-05T13:44:47","date_gmt":"2026-05-05T11:44:47","guid":{"rendered":"https:\/\/semmelweis.hu\/peto-pedint\/?page_id=4783"},"modified":"2026-05-06T14:30:58","modified_gmt":"2026-05-06T12:30:58","slug":"pedagogusoknak","status":"publish","type":"page","link":"https:\/\/semmelweis.hu\/peto-pedint\/pedagogusoknak\/","title":{"rendered":"Pedag\u00f3gusoknak"},"content":{"rendered":"<p style=\"text-align: justify\"><img loading=\"lazy\" decoding=\"async\" class=\"size-medium wp-image-4784 alignright\" src=\"https:\/\/semmelweis.hu\/peto-pedint\/files\/2026\/05\/teacher-reading-storybook-to-group-of-preschool-children-vector-400x267.jpg\" alt=\"\" width=\"400\" height=\"267\" srcset=\"https:\/\/semmelweis.hu\/peto-pedint\/files\/2026\/05\/teacher-reading-storybook-to-group-of-preschool-children-vector-400x267.jpg 400w, https:\/\/semmelweis.hu\/peto-pedint\/files\/2026\/05\/teacher-reading-storybook-to-group-of-preschool-children-vector-203x135.jpg 203w, https:\/\/semmelweis.hu\/peto-pedint\/files\/2026\/05\/teacher-reading-storybook-to-group-of-preschool-children-vector.jpg 525w\" sizes=\"auto, (max-width: 400px) 100vw, 400px\" \/>K\u00f6sz\u00f6nj\u00fck az \u00e9rdekl\u0151d\u00e9s\u00e9t!<br \/>\nEz a fel\u00fclet jelenleg kidolgoz\u00e1s alatt \u00e1ll, k\u00e9rj\u00fck, l\u00e1togasson vissza k\u00e9s\u0151bb.\u00a0<br \/>\nA k\u00e9s\u0151bbiekben ezen a fel\u00fcleten SNI-s gyermekekkel kapcsolatban \u00e1ll\u00f3 pedag\u00f3gusokonak fogunk hasznos inform\u00e1ci\u00f3kat ny\u00fajtani (pl. szeml\u00e9letform\u00e1l\u00f3 programok, <span style=\"font-size: 1rem\">tov\u00e1bbk\u00e9pz\u00e9sek, <\/span><span style=\"font-size: 1rem\">cerebr\u00e1lis par\u00e9zissel \u00e9l\u0151 gyermekek fogad\u00e1sa az int\u00e9zm\u00e9nybe&#8230;stb)<\/span><\/p>\n","protected":false},"excerpt":{"rendered":"<p>K\u00f6sz\u00f6nj\u00fck az \u00e9rdekl\u0151d\u00e9s\u00e9t!<br \/>\nEz a fel\u00fclet jelenleg kidolgoz\u00e1s alatt \u00e1ll, k\u00e9rj\u00fck, l\u00e1togasson vissza k\u00e9s\u0151bb.\u00a0<br \/>\nA k\u00e9s\u0151bbiekben ezen a fel\u00fcleten SNI-s gyermekekkel kapcsolatban \u00e1ll\u00f3 pedag\u00f3gusokonak fogunk hasznos inform\u00e1ci\u00f3kat ny\u00fajtani (pl. szeml\u00e9letform\u00e1l\u00f3 programok, tov\u00e1bbk\u00e9pz\u00e9sek, cerebr\u00e1lis par\u00e9zissel \u00e9l\u0151 gyermekek fogad\u00e1sa az int\u00e9zm\u00e9nybe&#8230;stb)<\/p>\n","protected":false},"author":101716,"featured_media":0,"parent":0,"menu_order":4,"comment_status":"closed","ping_status":"closed","template":"","meta":{"_acf_changed":false,"footnotes":""},"categories":[],"tags":[],"class_list":["post-4783","page","type-page","status-publish","hentry"],"acf":[],"_links":{"self":[{"href":"https:\/\/semmelweis.hu\/peto-pedint\/wp-json\/wp\/v2\/pages\/4783","targetHints":{"allow":["GET"]}}],"collection":[{"href":"https:\/\/semmelweis.hu\/peto-pedint\/wp-json\/wp\/v2\/pages"}],"about":[{"href":"https:\/\/semmelweis.hu\/peto-pedint\/wp-json\/wp\/v2\/types\/page"}],"author":[{"embeddable":true,"href":"https:\/\/semmelweis.hu\/peto-pedint\/wp-json\/wp\/v2\/users\/101716"}],"replies":[{"embeddable":true,"href":"https:\/\/semmelweis.hu\/peto-pedint\/wp-json\/wp\/v2\/comments?post=4783"}],"version-history":[{"count":2,"href":"https:\/\/semmelweis.hu\/peto-pedint\/wp-json\/wp\/v2\/pages\/4783\/revisions"}],"predecessor-version":[{"id":4787,"href":"https:\/\/semmelweis.hu\/peto-pedint\/wp-json\/wp\/v2\/pages\/4783\/revisions\/4787"}],"wp:attachment":[{"href":"https:\/\/semmelweis.hu\/peto-pedint\/wp-json\/wp\/v2\/media?parent=4783"}],"wp:term":[{"taxonomy":"category","embeddable":true,"href":"https:\/\/semmelweis.hu\/peto-pedint\/wp-json\/wp\/v2\/categories?post=4783"},{"taxonomy":"post_tag","embeddable":true,"href":"https:\/\/semmelweis.hu\/peto-pedint\/wp-json\/wp\/v2\/tags?post=4783"}],"curies":[{"name":"wp","href":"https:\/\/api.w.org\/{rel}","templated":true}]}}