{"id":4759,"date":"2026-04-29T11:47:59","date_gmt":"2026-04-29T09:47:59","guid":{"rendered":"https:\/\/semmelweis.hu\/peto-pedint\/?page_id=4759"},"modified":"2026-04-29T11:48:32","modified_gmt":"2026-04-29T09:48:32","slug":"szemleletformalo-program-beszamolo","status":"publish","type":"page","link":"https:\/\/semmelweis.hu\/peto-pedint\/szemleletformalo-program-beszamolo\/","title":{"rendered":"Szeml\u00e9letform\u00e1l\u00f3 Program besz\u00e1mol\u00f3"},"content":{"rendered":"<p style=\"text-align: justify\"><img loading=\"lazy\" decoding=\"async\" class=\"size-medium wp-image-4760 alignright\" src=\"https:\/\/semmelweis.hu\/peto-pedint\/files\/2026\/04\/676989730_1485984356589691_7749871668771918197_n-300x400.jpg\" alt=\"\" width=\"300\" height=\"400\" srcset=\"https:\/\/semmelweis.hu\/peto-pedint\/files\/2026\/04\/676989730_1485984356589691_7749871668771918197_n-300x400.jpg 300w, https:\/\/semmelweis.hu\/peto-pedint\/files\/2026\/04\/676989730_1485984356589691_7749871668771918197_n-768x1024.jpg 768w, https:\/\/semmelweis.hu\/peto-pedint\/files\/2026\/04\/676989730_1485984356589691_7749871668771918197_n-1152x1536.jpg 1152w, https:\/\/semmelweis.hu\/peto-pedint\/files\/2026\/04\/676989730_1485984356589691_7749871668771918197_n-753x1004.jpg 753w, https:\/\/semmelweis.hu\/peto-pedint\/files\/2026\/04\/676989730_1485984356589691_7749871668771918197_n.jpg 1536w\" sizes=\"auto, (max-width: 300px) 100vw, 300px\" \/><strong>2026 \u00e1prilis 21-\u00e9n a V\u00e1cr\u00e1t\u00f3ti \u00c1ltal\u00e1nos Iskol\u00e1ban ker\u00fclt megrendez\u00e9sre a 2. \u00e9s 3. oszt\u00e1lyos tanul\u00f3k sz\u00e1m\u00e1ra szervezett szeml\u00e9letform\u00e1l\u00f3 foglalkoz\u00e1s, melyet az SE Pet\u0151 Andr\u00e1s Pedag\u00f3giai Int\u00e9zet munkat\u00e1rsai vezettek.\u00a0<\/strong><\/p>\n<p style=\"text-align: justify\">A program c\u00e9lja az volt, hogy a gyerekek \u00e9letkoruknak megfelel\u0151 m\u00f3don ismerkedjenek meg a fogyat\u00e9koss\u00e1ggal \u00e9l\u0151 emberek mindennapjaival, valamint az elfogad\u00e1s, az egy\u00fcttm\u0171k\u00f6d\u00e9s \u00e9s az akad\u00e1lymentes\u00edt\u00e9s jelent\u0151s\u00e9g\u00e9vel. Kiemelt figyelmet kapott a m\u00e1ss\u00e1g elfogad\u00e1sa, az emp\u00e1tia, valamint az, hogy mik\u00e9nt tudnak a gyerekek egym\u00e1s fel\u00e9 nyitni.<\/p>\n<p style=\"text-align: justify\"><img loading=\"lazy\" decoding=\"async\" class=\"size-medium wp-image-4764 alignleft\" src=\"https:\/\/semmelweis.hu\/peto-pedint\/files\/2026\/04\/674524126_1536186904801770_8144145060588796340_n-400x300.jpg\" alt=\"\" width=\"400\" height=\"300\" srcset=\"https:\/\/semmelweis.hu\/peto-pedint\/files\/2026\/04\/674524126_1536186904801770_8144145060588796340_n-400x300.jpg 400w, https:\/\/semmelweis.hu\/peto-pedint\/files\/2026\/04\/674524126_1536186904801770_8144145060588796340_n-1024x768.jpg 1024w, https:\/\/semmelweis.hu\/peto-pedint\/files\/2026\/04\/674524126_1536186904801770_8144145060588796340_n-768x576.jpg 768w, https:\/\/semmelweis.hu\/peto-pedint\/files\/2026\/04\/674524126_1536186904801770_8144145060588796340_n-1536x1152.jpg 1536w, https:\/\/semmelweis.hu\/peto-pedint\/files\/2026\/04\/674524126_1536186904801770_8144145060588796340_n-753x565.jpg 753w, https:\/\/semmelweis.hu\/peto-pedint\/files\/2026\/04\/674524126_1536186904801770_8144145060588796340_n.jpg 2048w\" sizes=\"auto, (max-width: 400px) 100vw, 400px\" \/>A feldolgoz\u00e1st t\u00f6bbf\u00e9le tev\u00e9kenys\u00e9g seg\u00edtette. A szeml\u00e9letform\u00e1l\u00e1st megseg\u00edt\u0151 film \u00e9s az ehhez kapcsol\u00f3d\u00f3 kreat\u00edv alkot\u00f3 folyamat mellett a program r\u00e9szek\u00e9nt a tornateremben gyakorlati foglalkoz\u00e1sra ker\u00fclt sor, ahol a tanul\u00f3k j\u00e1t\u00e9kos helyzeteken kereszt\u00fcl tapasztalhatt\u00e1k meg az egy\u00fcttm\u0171k\u00f6d\u00e9s fontoss\u00e1g\u00e1t. Mindez seg\u00edtette annak meg\u00e9rt\u00e9s\u00e9t, hogy a mozg\u00e1sukban korl\u00e1tozott emberek milyen kih\u00edv\u00e1sokkal szembes\u00fclnek a mindennapokban.<\/p>\n<p style=\"text-align: justify\">A foglalkoz\u00e1s j\u00f3 hangulatban zajlott, a tanul\u00f3k nyitottan \u00e9s \u00e9rdekl\u0151d\u0151en vettek r\u00e9szt az egyes tev\u00e9kenys\u00e9gekben. A program hozz\u00e1j\u00e1rult ahhoz, hogy a tanul\u00f3k \u00e9rz\u00e9kenyebb\u00e9 v\u00e1ljanak t\u00e1rsaik ir\u00e1nt, \u00e9s tudatosabban gondolkodjanak az elfogad\u00e1sr\u00f3l, az akad\u00e1lymentes\u00edt\u00e9sr\u0151l \u00e9s az egy\u00fcttm\u0171k\u00f6d\u00e9s jelent\u0151s\u00e9g\u00e9r\u0151l.<\/p>\n<p>&nbsp;<\/p>\n\r\n        [slb_exclude]\r\n        <div class=\"row galeria-wrapper mx-0 h-auto\">\r\n            <div class=\"col-9 pl-0 pr-2\">\r\n            <span class=\"gallery-item frame\">\r\n\t\t\t\t<div class=\"galeria-left-img\"><a href=\"https:\/\/semmelweis.hu\/peto-pedint\/files\/2026\/04\/662652104_1336208965043178_6110788077369542115_n.jpg\"><img src=https:\/\/semmelweis.hu\/peto-pedint\/files\/2026\/04\/662652104_1336208965043178_6110788077369542115_n.jpg  \r\n                            alt=\"\" \r\n                            class=\"attachment-sote-gallery-big size-sote-gallery-big\" \r\n                            srcset=\"https:\/\/semmelweis.hu\/peto-pedint\/files\/2026\/04\/662652104_1336208965043178_6110788077369542115_n-400x300.jpg 400w, https:\/\/semmelweis.hu\/peto-pedint\/files\/2026\/04\/662652104_1336208965043178_6110788077369542115_n-1024x768.jpg 1024w, https:\/\/semmelweis.hu\/peto-pedint\/files\/2026\/04\/662652104_1336208965043178_6110788077369542115_n-768x576.jpg 768w, https:\/\/semmelweis.hu\/peto-pedint\/files\/2026\/04\/662652104_1336208965043178_6110788077369542115_n-1536x1152.jpg 1536w, https:\/\/semmelweis.hu\/peto-pedint\/files\/2026\/04\/662652104_1336208965043178_6110788077369542115_n-753x565.jpg 753w, https:\/\/semmelweis.hu\/peto-pedint\/files\/2026\/04\/662652104_1336208965043178_6110788077369542115_n.jpg 2048w\" ><\/a><\/div>\r\n            <\/span>\r\n\r\n            <\/div>\r\n\r\n\t\t\t<div class=\"col-3 pl-0 pr-0\">\r\n\t\t\t\t<div class=\"galeria-right-img d-flex justify-content-between flex-column h-100 w-100 px-0 mx-0 \">\r\n                <div class=\"galeria-box\">\r\n\t\t\t\t\t<h3 class=\"galeria-title\">Gal\u00e9ria<\/h3>\r\n\t\t\t\t\t<div class=\"galeria-subtitle\">\r\n\r\n\t\t\t\t\t\t<div class=\"galeria-page-counter\"><span>5<\/span>k\u00e9p<\/div>\r\n                    <\/div> <\/div>\r\n                    <span class=\"gallery-item frame d-none d-md-flex\">\r\n\t\t\t\t\t<div class=\"galeria-small-img mt-0\"><a href=\"https:\/\/semmelweis.hu\/peto-pedint\/files\/2026\/04\/677813593_944921054918222_8113388919970801617_n.jpg\"><img src=https:\/\/semmelweis.hu\/peto-pedint\/files\/2026\/04\/677813593_944921054918222_8113388919970801617_n.jpg \r\n                                alt=\"\"  \r\n                                class=\"attachment-sote-gallery-small size-sote-gallery-small\" \r\n                                srcset=\"https:\/\/semmelweis.hu\/peto-pedint\/files\/2026\/04\/677813593_944921054918222_8113388919970801617_n-300x400.jpg 300w, https:\/\/semmelweis.hu\/peto-pedint\/files\/2026\/04\/677813593_944921054918222_8113388919970801617_n-768x1024.jpg 768w, https:\/\/semmelweis.hu\/peto-pedint\/files\/2026\/04\/677813593_944921054918222_8113388919970801617_n-1152x1536.jpg 1152w, https:\/\/semmelweis.hu\/peto-pedint\/files\/2026\/04\/677813593_944921054918222_8113388919970801617_n-753x1004.jpg 753w, https:\/\/semmelweis.hu\/peto-pedint\/files\/2026\/04\/677813593_944921054918222_8113388919970801617_n.jpg 1536w\" ><\/a><\/div>\r\n                    <\/span>\r\n                    <span class=\"gallery-item frame d-none d-md-flex\">\r\n\t\t\t\t\t<div class=\"galeria-small-img mt-0\"><a href=\"https:\/\/semmelweis.hu\/peto-pedint\/files\/2026\/04\/676837307_988483980424284_2139272153516476423_n.jpg\"><img src=https:\/\/semmelweis.hu\/peto-pedint\/files\/2026\/04\/676837307_988483980424284_2139272153516476423_n.jpg \r\n                                alt=\"\" \r\n                                class=\"attachment-sote-gallery-small size-sote-gallery-small\" \r\n                                srcset=\"https:\/\/semmelweis.hu\/peto-pedint\/files\/2026\/04\/676837307_988483980424284_2139272153516476423_n-300x400.jpg 300w, https:\/\/semmelweis.hu\/peto-pedint\/files\/2026\/04\/676837307_988483980424284_2139272153516476423_n-768x1024.jpg 768w, https:\/\/semmelweis.hu\/peto-pedint\/files\/2026\/04\/676837307_988483980424284_2139272153516476423_n-1152x1536.jpg 1152w, https:\/\/semmelweis.hu\/peto-pedint\/files\/2026\/04\/676837307_988483980424284_2139272153516476423_n-753x1004.jpg 753w, https:\/\/semmelweis.hu\/peto-pedint\/files\/2026\/04\/676837307_988483980424284_2139272153516476423_n.jpg 1536w\" ><\/a><\/div>\r\n                    <\/span>\r\n\r\n                <\/div>\r\n\r\n            <\/div>\r\n\r\n            <span class=\"gallery-item\"><div class=\"hidden\"><a href=\"https:\/\/semmelweis.hu\/peto-pedint\/files\/2026\/04\/674261030_26899364219751362_4683608863094769866_n.jpg\">\r\n        <img src=https:\/\/semmelweis.hu\/peto-pedint\/files\/2026\/04\/674261030_26899364219751362_4683608863094769866_n.jpg alt=\"\" class=\"attachment-sote-gallery-big size-sote-gallery-big\" srcset=\"https:\/\/semmelweis.hu\/peto-pedint\/files\/2026\/04\/674261030_26899364219751362_4683608863094769866_n-400x300.jpg 400w, https:\/\/semmelweis.hu\/peto-pedint\/files\/2026\/04\/674261030_26899364219751362_4683608863094769866_n-1024x768.jpg 1024w, https:\/\/semmelweis.hu\/peto-pedint\/files\/2026\/04\/674261030_26899364219751362_4683608863094769866_n-768x576.jpg 768w, https:\/\/semmelweis.hu\/peto-pedint\/files\/2026\/04\/674261030_26899364219751362_4683608863094769866_n-1536x1152.jpg 1536w, https:\/\/semmelweis.hu\/peto-pedint\/files\/2026\/04\/674261030_26899364219751362_4683608863094769866_n-753x565.jpg 753w, https:\/\/semmelweis.hu\/peto-pedint\/files\/2026\/04\/674261030_26899364219751362_4683608863094769866_n.jpg 2048w\" >\r\n        <\/a><\/div><\/span><span class=\"gallery-item\"><div class=\"hidden\"><a href=\"https:\/\/semmelweis.hu\/peto-pedint\/files\/2026\/04\/674781311_1288491409392312_6175552149578443149_n.jpg\">\r\n        <img src=https:\/\/semmelweis.hu\/peto-pedint\/files\/2026\/04\/674781311_1288491409392312_6175552149578443149_n.jpg alt=\"\" class=\"attachment-sote-gallery-big size-sote-gallery-big\" srcset=\"https:\/\/semmelweis.hu\/peto-pedint\/files\/2026\/04\/674781311_1288491409392312_6175552149578443149_n-300x400.jpg 300w, https:\/\/semmelweis.hu\/peto-pedint\/files\/2026\/04\/674781311_1288491409392312_6175552149578443149_n-768x1024.jpg 768w, https:\/\/semmelweis.hu\/peto-pedint\/files\/2026\/04\/674781311_1288491409392312_6175552149578443149_n-1152x1536.jpg 1152w, https:\/\/semmelweis.hu\/peto-pedint\/files\/2026\/04\/674781311_1288491409392312_6175552149578443149_n-753x1004.jpg 753w, https:\/\/semmelweis.hu\/peto-pedint\/files\/2026\/04\/674781311_1288491409392312_6175552149578443149_n.jpg 1536w\" >\r\n        <\/a><\/div><\/span>\r\n            <\/div>\r\n\r\n            [\/slb_exclude]\r\n\t\n","protected":false},"excerpt":{"rendered":"<p>2026 \u00e1prilis 21-\u00e9n a V\u00e1cr\u00e1t\u00f3ti \u00c1ltal\u00e1nos Iskol\u00e1ban ker\u00fclt megrendez\u00e9sre a 2. \u00e9s 3. oszt\u00e1lyos tanul\u00f3k sz\u00e1m\u00e1ra szervezett szeml\u00e9letform\u00e1l\u00f3 foglalkoz\u00e1s, melyet az SE Pet\u0151 Andr\u00e1s Pedag\u00f3giai Int\u00e9zet munkat\u00e1rsai vezettek.\u00a0 A program c\u00e9lja az volt, hogy a gyerekek \u00e9letkoruknak megfelel\u0151 m\u00f3don ismerkedjenek meg a fogyat\u00e9koss\u00e1ggal \u00e9l\u0151 emberek mindennapjaival, valamint az elfogad\u00e1s, az egy\u00fcttm\u0171k\u00f6d\u00e9s \u00e9s az akad\u00e1lymentes\u00edt\u00e9s jelent\u0151s\u00e9g\u00e9vel. &hellip;<\/p>\n","protected":false},"author":101716,"featured_media":4760,"parent":0,"menu_order":0,"comment_status":"closed","ping_status":"closed","template":"","meta":{"_acf_changed":false,"footnotes":""},"categories":[1,11],"tags":[],"class_list":["post-4759","page","type-page","status-publish","has-post-thumbnail","hentry","category-hirek","category-lezajlott-rendezvenyek"],"acf":[],"_links":{"self":[{"href":"https:\/\/semmelweis.hu\/peto-pedint\/wp-json\/wp\/v2\/pages\/4759","targetHints":{"allow":["GET"]}}],"collection":[{"href":"https:\/\/semmelweis.hu\/peto-pedint\/wp-json\/wp\/v2\/pages"}],"about":[{"href":"https:\/\/semmelweis.hu\/peto-pedint\/wp-json\/wp\/v2\/types\/page"}],"author":[{"embeddable":true,"href":"https:\/\/semmelweis.hu\/peto-pedint\/wp-json\/wp\/v2\/users\/101716"}],"replies":[{"embeddable":true,"href":"https:\/\/semmelweis.hu\/peto-pedint\/wp-json\/wp\/v2\/comments?post=4759"}],"version-history":[{"count":6,"href":"https:\/\/semmelweis.hu\/peto-pedint\/wp-json\/wp\/v2\/pages\/4759\/revisions"}],"predecessor-version":[{"id":4773,"href":"https:\/\/semmelweis.hu\/peto-pedint\/wp-json\/wp\/v2\/pages\/4759\/revisions\/4773"}],"wp:featuredmedia":[{"embeddable":true,"href":"https:\/\/semmelweis.hu\/peto-pedint\/wp-json\/wp\/v2\/media\/4760"}],"wp:attachment":[{"href":"https:\/\/semmelweis.hu\/peto-pedint\/wp-json\/wp\/v2\/media?parent=4759"}],"wp:term":[{"taxonomy":"category","embeddable":true,"href":"https:\/\/semmelweis.hu\/peto-pedint\/wp-json\/wp\/v2\/categories?post=4759"},{"taxonomy":"post_tag","embeddable":true,"href":"https:\/\/semmelweis.hu\/peto-pedint\/wp-json\/wp\/v2\/tags?post=4759"}],"curies":[{"name":"wp","href":"https:\/\/api.w.org\/{rel}","templated":true}]}}