{"id":4718,"date":"2026-02-20T12:00:46","date_gmt":"2026-02-20T11:00:46","guid":{"rendered":"https:\/\/semmelweis.hu\/peto-pedint\/?page_id=4718"},"modified":"2026-03-18T11:55:03","modified_gmt":"2026-03-18T10:55:03","slug":"akkreditalt-kepzes","status":"publish","type":"page","link":"https:\/\/semmelweis.hu\/peto-pedint\/szolgaltatasaink\/akkreditalt-pedagogus-tovabbkepzes\/akkreditalt-kepzes\/","title":{"rendered":"Akkredit\u00e1lt k\u00e9pz\u00e9s"},"content":{"rendered":"<p><img loading=\"lazy\" decoding=\"async\" class=\"alignleft size-thumbnail wp-image-614\" src=\"https:\/\/semmelweis.hu\/peto-pedint\/files\/2020\/04\/kepzeshez_kezes-kep-1-150x150.jpg\" alt=\"\" width=\"150\" height=\"150\" \/>A\u00a0<em>419\/2024. (XII. 23.)\u00a0<\/em><em>Korm. rendelet\u00a0<\/em><em>a pedag\u00f3gus-tov\u00e1bbk\u00e9pz\u00e9s rendszer\u00e9r\u0151l\u00a0<\/em>t\u00f6rv\u00e9ny\u00a0alapj\u00e1n az Oktat\u00e1si Hivatal\u00a0Pedag\u00f3gus-tov\u00e1bbk\u00e9pz\u00e9si programok nyilv\u00e1ntart\u00e1s\u00e1ban az al\u00e1bbi\u00a0<strong>30 \u00f3r\u00e1s tov\u00e1bbk\u00e9pz\u00e9ssel seg\u00edtj\u00fck a mozg\u00e1ss\u00e9r\u00fcl\u00e9ssel \u00e9l\u0151 gyermekek egy\u00fcttnevel\u00e9s\u00e9ben r\u00e9sztvev\u0151 szakembereket:<\/strong><\/p>\n<div class=\"keretes w-100\">\n<h4><strong>Az integr\u00e1ci\u00f3-inkl\u00fazi\u00f3 gyakorlati alkalmaz\u00e1s\u00e1nak lehet\u0151s\u00e9gei a kondukt\u00edv pedag\u00f3gia t\u00fckr\u00e9ben<\/strong><\/h4>\n<p><strong>A pedag\u00f3gus-tov\u00e1bbk\u00e9pz\u00e9s nyilv\u00e1ntart\u00e1si sz\u00e1ma: <\/strong>A\/13271\/2024<\/p>\n<p><strong>A pedag\u00f3gus-tov\u00e1bbk\u00e9pz\u00e9s besorol\u00e1sa: <\/strong>V\u00e1laszthat\u00f3 k\u00e9pz\u00e9s<\/p>\n<p><strong>A pedag\u00f3gus-tov\u00e1bbk\u00e9pz\u00e9s kredit\u00e9rt\u00e9ke: <\/strong>30<\/p>\n<p><a href=\"https:\/\/www.oktatas.hu\/pir\/!PIR2_PUBLIC\/publikus-felulet\/12772\" target=\"_blank\" rel=\"noopener\">Pedag\u00f3gus-tov\u00e1bbk\u00e9pz\u00e9s publikus adatai \u2192<\/a><\/p>\n<p><strong>A szolg\u00e1ltat\u00e1s szervez\u0151i:\u00a0<\/strong>Kazatsay Bernadett, Dr. Vissi T\u00edmea<\/p>\n<p><strong>A szakmai szolg\u00e1ltat\u00e1s fajt\u00e1ja:\u00a0<\/strong><a href=\"https:\/\/semmelweis.hu\/peto-pedint\/szolgaltatasaink\/\" target=\"_blank\" rel=\"noopener noreferrer\">Pedag\u00f3gusok k\u00e9pz\u00e9s\u00e9nek, tov\u00e1bbk\u00e9pz\u00e9s\u00e9nek \u00e9s \u00f6nk\u00e9pz\u00e9s\u00e9nek seg\u00edt\u00e9se, szervez\u00e9se \u2192<\/a><\/p>\n<\/div>\n<p>Legut\u00f3bbi k\u00e9pz\u00e9s\u00fcnk 2026.03.11-13. k\u00f6z\u00f6tt sikeresen lezajlott.<\/p>\n<p>B\u0151vebb inform\u00e1ci\u00f3\u00a0<a href=\"https:\/\/semmelweis.hu\/peto-pedint\/munkatarsaink-elerhetosegei\/\" target=\"_blank\" rel=\"noopener noreferrer\">a k\u00e9pz\u00e9s szervez\u0151j\u00e9t\u0151l<\/a>\u00a0k\u00e9rhet\u0151.\u00a0<\/p>\n","protected":false},"excerpt":{"rendered":"<p>A\u00a0419\/2024. (XII. 23.)\u00a0Korm. rendelet\u00a0a pedag\u00f3gus-tov\u00e1bbk\u00e9pz\u00e9s rendszer\u00e9r\u0151l\u00a0t\u00f6rv\u00e9ny\u00a0alapj\u00e1n az Oktat\u00e1si Hivatal\u00a0Pedag\u00f3gus-tov\u00e1bbk\u00e9pz\u00e9si programok nyilv\u00e1ntart\u00e1s\u00e1ban az al\u00e1bbi\u00a030 \u00f3r\u00e1s tov\u00e1bbk\u00e9pz\u00e9ssel seg\u00edtj\u00fck a mozg\u00e1ss\u00e9r\u00fcl\u00e9ssel \u00e9l\u0151 gyermekek egy\u00fcttnevel\u00e9s\u00e9ben r\u00e9sztvev\u0151 szakembereket: Az integr\u00e1ci\u00f3-inkl\u00fazi\u00f3 gyakorlati alkalmaz\u00e1s\u00e1nak lehet\u0151s\u00e9gei a kondukt\u00edv pedag\u00f3gia t\u00fckr\u00e9ben A pedag\u00f3gus-tov\u00e1bbk\u00e9pz\u00e9s nyilv\u00e1ntart\u00e1si sz\u00e1ma: A\/13271\/2024 A pedag\u00f3gus-tov\u00e1bbk\u00e9pz\u00e9s besorol\u00e1sa: V\u00e1laszthat\u00f3 k\u00e9pz\u00e9s A pedag\u00f3gus-tov\u00e1bbk\u00e9pz\u00e9s kredit\u00e9rt\u00e9ke: 30 <a href=\"https:\/\/www.oktatas.hu\/pir\/!PIR2_PUBLIC\/publikus-felulet\/12772\" target=\"_blank\" rel=\"noopener\">Pedag\u00f3gus-tov\u00e1bbk\u00e9pz\u00e9s publikus adatai \u2192<\/a> A szolg\u00e1ltat\u00e1s szervez\u0151i:\u00a0Kazatsay Bernadett, Dr. Vissi T\u00edmea A szakmai &hellip;<\/p>\n","protected":false},"author":101716,"featured_media":0,"parent":516,"menu_order":1,"comment_status":"closed","ping_status":"closed","template":"","meta":{"_acf_changed":false,"footnotes":""},"categories":[],"tags":[],"class_list":["post-4718","page","type-page","status-publish","hentry"],"acf":[],"_links":{"self":[{"href":"https:\/\/semmelweis.hu\/peto-pedint\/wp-json\/wp\/v2\/pages\/4718","targetHints":{"allow":["GET"]}}],"collection":[{"href":"https:\/\/semmelweis.hu\/peto-pedint\/wp-json\/wp\/v2\/pages"}],"about":[{"href":"https:\/\/semmelweis.hu\/peto-pedint\/wp-json\/wp\/v2\/types\/page"}],"author":[{"embeddable":true,"href":"https:\/\/semmelweis.hu\/peto-pedint\/wp-json\/wp\/v2\/users\/101716"}],"replies":[{"embeddable":true,"href":"https:\/\/semmelweis.hu\/peto-pedint\/wp-json\/wp\/v2\/comments?post=4718"}],"version-history":[{"count":5,"href":"https:\/\/semmelweis.hu\/peto-pedint\/wp-json\/wp\/v2\/pages\/4718\/revisions"}],"predecessor-version":[{"id":4748,"href":"https:\/\/semmelweis.hu\/peto-pedint\/wp-json\/wp\/v2\/pages\/4718\/revisions\/4748"}],"up":[{"embeddable":true,"href":"https:\/\/semmelweis.hu\/peto-pedint\/wp-json\/wp\/v2\/pages\/516"}],"wp:attachment":[{"href":"https:\/\/semmelweis.hu\/peto-pedint\/wp-json\/wp\/v2\/media?parent=4718"}],"wp:term":[{"taxonomy":"category","embeddable":true,"href":"https:\/\/semmelweis.hu\/peto-pedint\/wp-json\/wp\/v2\/categories?post=4718"},{"taxonomy":"post_tag","embeddable":true,"href":"https:\/\/semmelweis.hu\/peto-pedint\/wp-json\/wp\/v2\/tags?post=4718"}],"curies":[{"name":"wp","href":"https:\/\/api.w.org\/{rel}","templated":true}]}}