{"id":344,"date":"2020-04-01T16:06:22","date_gmt":"2020-04-01T14:06:22","guid":{"rendered":"http:\/\/semmelweis.hu\/peto-pedint\/?page_id=344"},"modified":"2026-03-05T14:48:22","modified_gmt":"2026-03-05T13:48:22","slug":"muzslai-bizik-hanna","status":"publish","type":"page","link":"https:\/\/semmelweis.hu\/peto-pedint\/a-pedagogiai-intezetrol\/munkatarsaink-bemutatkozasa\/muzslai-bizik-hanna\/","title":{"rendered":"Muzslai-B\u00edzik Hanna"},"content":{"rendered":"<p class=\"western\">Pedag\u00f3giai hitvall\u00e1som:<\/p>\n<blockquote>\n<p>&#8222;Nagy dolgokat tenni nem tudunk, csak kicsiket, nagy szeretettel.&#8221;<br \/>\n(Ter\u00e9z anya)<\/p>\n<\/blockquote>\n<p class=\"western\"><b><a href=\"https:\/\/semmelweis.hu\/peto-pedint\/files\/2020\/03\/91741746_931982453883760_1380847078179078144_n.jpg\"><img loading=\"lazy\" decoding=\"async\" class=\"alignright size-thumbnail wp-image-210\" src=\"https:\/\/semmelweis.hu\/peto-pedint\/files\/2020\/03\/91741746_931982453883760_1380847078179078144_n-150x150.jpg\" alt=\"\" width=\"150\" height=\"150\" \/><\/a>Munkak\u00f6r, beoszt\u00e1s <\/b><\/p>\n<p class=\"western\">konduktor, pedag\u00f3giai szak\u00e9rt\u0151<\/p>\n<p class=\"western\"><b>V\u00e9gzetts\u00e9gek<\/b><\/p>\n<table style=\"border-color: #a1adbf;width: 614px\" border=\"10\" width=\"614\" cellspacing=\"3\" cellpadding=\"7\">\n<colgroup>\n<col width=\"89\" \/>\n<col width=\"495\" \/> <\/colgroup>\n<tbody>\n<tr>\n<td width=\"89\" height=\"15\">2007-2011<\/td>\n<td width=\"495\">Konduktor, tan\u00edt\u00f3 szakir\u00e1ny, Mozg\u00e1ss\u00e9r\u00fcltek Nevel\u0151k\u00e9pz\u0151 \u00e9s Nevel\u0151int\u00e9zete (BA)<\/td>\n<\/tr>\n<tr>\n<td width=\"89\" height=\"16\">2011-2013<\/td>\n<td width=\"495\">Nevel\u00e9studom\u00e1ny szakos b\u00f6lcs\u00e9sz, kora gyermekkor pedag\u00f3gi\u00e1ja szakir\u00e1ny, ELTE (MA)<\/td>\n<\/tr>\n<tr>\n<td width=\"89\" height=\"15\">2013-2015<\/td>\n<td width=\"495\">K\u00f6zoktat\u00e1si vezet\u0151 pedag\u00f3gus szakvizsga, Budapesti Corvinus Egyetem<\/td>\n<\/tr>\n<\/tbody>\n<\/table>\n<p class=\"western\"><b>Tov\u00e1bbk\u00e9pz\u00e9sek:<\/b><\/p>\n<table style=\"border-color: #a1adbf;width: 99.0595%;height: 554px\" border=\"10\" width=\"614\" cellspacing=\"3\" cellpadding=\"7\">\n<colgroup>\n<col width=\"89\" \/>\n<col width=\"495\" \/> <\/colgroup>\n<tbody>\n<tr style=\"height: 73px\">\n<td style=\"width: 14.9593%;height: 73px\" height=\"15\">2019<\/td>\n<td style=\"width: 83.4146%;height: 73px\">Megk\u00fczd\u00e9si-\u00e9s probl\u00e9mamegold\u00e1si strat\u00e9gi\u00e1k tehets\u00e9geseknek. MATEHETSZ<\/td>\n<\/tr>\n<tr style=\"height: 41px\">\n<td style=\"width: 14.9593%;height: 41px\" height=\"16\">2019<\/td>\n<td style=\"width: 83.4146%;height: 41px\">Konfliktuskezel\u00e9s. MATEHETSZ<\/td>\n<\/tr>\n<tr style=\"height: 68px\">\n<td style=\"width: 14.9593%;height: 68px\">2019<\/td>\n<td style=\"width: 83.4146%;height: 68px\">Int\u00e9zm\u00e9nyvezet\u0151k felk\u00e9sz\u00edt\u00e9se az int\u00e9zm\u00e9nyi \u00f6n\u00e9rt\u00e9kel\u00e9shez \u00e9s a tanfel\u00fcgyeleti ellen\u0151rz\u00e9shez kapcsol\u00f3d\u00f3 feladatok ell\u00e1t\u00e1s\u00e1ra. OH<\/td>\n<\/tr>\n<tr style=\"height: 68px\">\n<td style=\"width: 14.9593%;height: 68px\" height=\"15\">2020<\/td>\n<td style=\"width: 83.4146%;height: 68px\">Alkalmaz\u00f3i szoftverek \u00e9s t\u00e1blaj\u00e1t\u00e9kok a tanul\u00e1s t\u00e1mogat\u00e1s\u00e1ban. MATEHETSZ<\/td>\n<\/tr>\n<tr style=\"height: 95px\">\n<td style=\"width: 14.9593%;height: 95px\">2021<\/td>\n<td style=\"width: 83.4146%;height: 95px\">A gyermek fejlod\u00e9s\u00e9nek nyomonk\u00f6vet\u00e9s\u00e9re kidolgozott<br \/>\nk\u00e9rd\u0151\u00edv alkalmaz\u00e1sa &#8211; digit\u00e1lis k\u00e9pz\u00e9s. CSBO (Csal\u00e1dbar\u00e1t Magyarorsz\u00e1g K\u00f6zpont Nonprofit K\u00f6zhaszn\u00fa Kft.)<\/td>\n<\/tr>\n<tr style=\"height: 95px\">\n<td style=\"width: 14.9593%;height: 95px\">2021<\/td>\n<td style=\"width: 83.4146%;height: 95px\">Gyermek\u00fat a kora gyermekkori intervenci\u00f3s<br \/>\nell\u00e1t\u00f3rendszerben &#8211; digit\u00e1lis k\u00e9pz\u00e9s. CSBO (Csal\u00e1dbar\u00e1t Magyarorsz\u00e1g K\u00f6zpont Nonprofit K\u00f6zhaszn\u00fa Kft.)<\/td>\n<\/tr>\n<tr style=\"height: 41px\">\n<td style=\"width: 14.9593%;height: 41px\">2021<\/td>\n<td style=\"width: 83.4146%;height: 41px\">DiaPed &#8211; Diab\u00e9tesz oktat\u00e1si program pedag\u00f3gusoknak. OH<\/td>\n<\/tr>\n<tr style=\"height: 73px\">\n<td style=\"width: 14.9593%;height: 73px\">2021<\/td>\n<td style=\"width: 83.4146%;height: 73px\">A p\u00e1lyaorient\u00e1ci\u00f3t t\u00e1mogat\u00f3 m\u00e9r\u0151eszk\u00f6z (POM) haszn\u00e1lata, int\u00e9zm\u00e9nyi adapt\u00e1ci\u00f3j\u00e1nak lehet\u0151s\u00e9gei. OH<\/td>\n<\/tr>\n<tr>\n<td style=\"width: 14.9593%\">2021<\/td>\n<td style=\"width: 83.4146%\">Int\u00e9zm\u00e9nyvezet\u0151k felk\u00e9sz\u00edt\u00e9se az int\u00e9zm\u00e9nyi \u00f6n\u00e9rt\u00e9kel\u00e9shez \u00e9s az orsz\u00e1gos pedag\u00f3giai-szakmai ellen\u0151rz\u00e9shez kapcsol\u00f3d\u00f3 feladatok ell\u00e1t\u00e1s\u00e1ra. OH<\/td>\n<\/tr>\n<tr>\n<td style=\"width: 14.9593%\">2023<\/td>\n<td style=\"width: 83.4146%\">KASPO &#8211; K\u00f6z\u00f6sen a sikeres p\u00e1lyaorient\u00e1ci\u00f3\u00e9rt. CSBO (Csal\u00e1dbar\u00e1t Magyarorsz\u00e1g K\u00f6zpont Nonprofit K\u00f6zhaszn\u00fa Kft.)<\/td>\n<\/tr>\n<tr>\n<td style=\"width: 14.9593%\">2023<\/td>\n<td style=\"width: 83.4146%\">GDPR jogi szab\u00e1lyainak megismer\u00e9se, gyakorlati hasznos\u00edt\u00e1sa &#8211; F\u00dcPI Kft.\u00a0<\/td>\n<\/tr>\n<tr>\n<td style=\"width: 14.9593%\">2024<\/td>\n<td style=\"width: 83.4146%\">Digit\u00e1lis kompetenci\u00e1k fejleszt\u00e9se az RRF-1.2.1 projektben. Klebelsberg K\u00f6zpont; OKT-FULL Tan\u00e1csad\u00f3 Korl\u00e1tolt Felel\u0151ss\u00e9g\u0171 T\u00e1rsas\u00e1g<\/td>\n<\/tr>\n<\/tbody>\n<\/table>\n<p class=\"western\"><b>Munkatapasztalat:<\/b><\/p>\n<table style=\"width: 96%;border-color: #a1adbf\" border=\"10\" width=\"614\" cellspacing=\"3\" cellpadding=\"7\">\n<colgroup>\n<col width=\"107\" \/>\n<col width=\"118\" \/>\n<col width=\"129\" \/>\n<col width=\"218\" \/> <\/colgroup>\n<tbody>\n<tr valign=\"top\">\n<td style=\"width: 22.1498%\" width=\"107\">intervallum<\/td>\n<td style=\"width: 23.9414%\" width=\"118\">helysz\u00edn<\/td>\n<td style=\"width: 22.1498%\" width=\"129\">st\u00e1tusz<\/td>\n<td style=\"width: 31.4332%\" width=\"218\">feladatk\u00f6r<\/td>\n<\/tr>\n<tr valign=\"top\">\n<td style=\"width: 22.1498%\" width=\"107\">2011-2013<\/td>\n<td style=\"width: 23.9414%\" width=\"118\">Pet\u0151 Andr\u00e1s Kar, iskola tagozat<\/td>\n<td style=\"width: 22.1498%\" width=\"129\">Konduktor<\/td>\n<td style=\"width: 31.4332%\" width=\"218\">Mozg\u00e1ss\u00e9r\u00fcl\u00e9ssel \u00e9l\u0151 \u00e1ltal\u00e1nos iskol\u00e1s tanul\u00f3k komplex, kondukt\u00edv fejleszt\u00e9se, oktat\u00e1sa.<\/td>\n<\/tr>\n<tr valign=\"top\">\n<td style=\"width: 22.1498%\" width=\"107\">2013-2018<\/td>\n<td style=\"width: 23.9414%\" width=\"118\">Pet\u0151 Andr\u00e1s Kar, szakszolg\u00e1lat<\/td>\n<td style=\"width: 22.1498%\" width=\"129\">Konduktor<\/td>\n<td style=\"width: 31.4332%\" width=\"218\">Mozg\u00e1ss\u00e9r\u00fcl\u00e9ssel \u00e9l\u0151 gyermekek korai kondukt\u00edv intervallum nevel\u00e9se.<\/td>\n<\/tr>\n<tr valign=\"top\">\n<td style=\"width: 22.1498%\" width=\"107\">2018-<\/td>\n<td style=\"width: 23.9414%\" width=\"118\">SE Pet\u0151 Andr\u00e1s Pedag\u00f3giai Int\u00e9zete<\/td>\n<td style=\"width: 22.1498%\" width=\"129\">Pedag\u00f3giai szak\u00e9rt\u0151<\/td>\n<td style=\"width: 31.4332%\" width=\"218\">Szakmai szolg\u00e1ltat\u00e1sok ny\u00fajt\u00e1sa konduktor koll\u00e9g\u00e1k, t\u00e1rsszakm\u00e1k k\u00e9pvisel\u0151i sz\u00e1m\u00e1ra.<\/td>\n<\/tr>\n<\/tbody>\n<\/table>\n<p class=\"western\"><b>K\u00fclf\u00f6ldi munkatapasztalat, tanulm\u00e1ny\u00fat:<\/b><\/p>\n<table style=\"width: 614px;border-color: #a1adbf\" border=\"10\" width=\"614\" cellspacing=\"3\" cellpadding=\"7\">\n<colgroup>\n<col width=\"89\" \/>\n<col width=\"495\" \/> <\/colgroup>\n<tbody>\n<tr style=\"height: 86px\">\n<td style=\"height: 86px\" width=\"89\" height=\"15\">2018, 2019<\/td>\n<td style=\"height: 86px\" width=\"495\">SE Pet\u0151 Andr\u00e1s Kar hat\u00e1ron t\u00fali projekt, intervallum kondukt\u00edv nevel\u00e9s, Illyefalva<\/td>\n<\/tr>\n<tr style=\"height: 62px\">\n<td style=\"height: 62px\" width=\"89\" height=\"19\">2020<\/td>\n<td style=\"height: 62px\" width=\"495\">SE Pet\u0151 Andr\u00e1s Kar hat\u00e1ron t\u00fali projekt, intervallum kondukt\u00edv nevel\u00e9s, Kom\u00e1rno<\/td>\n<\/tr>\n<\/tbody>\n<\/table>\n<p class=\"western\" align=\"justify\"><b>Nyelvismeret:<\/b><\/p>\n<table style=\"border-color: #a1adbf;width: 614px\" border=\"10\" width=\"614\" cellspacing=\"3\" cellpadding=\"7\">\n<colgroup>\n<col width=\"89\" \/>\n<col width=\"495\" \/> <\/colgroup>\n<tbody>\n<tr>\n<td width=\"89\" height=\"15\">N\u00e9met<\/td>\n<td width=\"495\">Fels\u0151fok<\/td>\n<\/tr>\n<tr>\n<td width=\"89\" height=\"16\">Spanyol<\/td>\n<td width=\"495\">K\u00f6z\u00e9pfok<\/td>\n<\/tr>\n<tr>\n<td width=\"89\" height=\"15\">Angol<\/td>\n<td width=\"495\">Alapfok<\/td>\n<\/tr>\n<\/tbody>\n<\/table>\n<p class=\"western\"><b>T\u00e1rsadalmi szervezetekben r\u00e9szv\u00e9tel:<\/b><\/p>\n<table style=\"border-color: #a1adbf;width: 614px\" border=\"10\" width=\"614\" cellspacing=\"3\" cellpadding=\"7\">\n<colgroup>\n<col width=\"89\" \/>\n<col width=\"495\" \/> <\/colgroup>\n<tbody>\n<tr>\n<td width=\"89\" height=\"14\">2018-t\u00f3l<\/td>\n<td width=\"495\">Nemzeti Pedag\u00f3gus Kar<\/td>\n<\/tr>\n<\/tbody>\n<\/table>\n<p class=\"western\"><b>Publik\u00e1ci\u00f3:<\/b><\/p>\n<p class=\"western\"><a href=\"https:\/\/m2.mtmt.hu\/gui2\/?type=authors&amp;mode=browse&amp;sel=authors10067760\" target=\"_blank\" rel=\"noopener noreferrer\">Tov\u00e1bb Muzslai-B\u00edzik Hanna m\u0171veinek list\u00e1j\u00e1hoz az MTMT adatb\u00e1zis\u00e1ban\u2026<\/a><\/p>\n<p class=\"western\">\u00a0<\/p>\n","protected":false},"excerpt":{"rendered":"<p>Pedag\u00f3giai hitvall\u00e1som: &#8222;Nagy dolgokat tenni nem tudunk, csak kicsiket, nagy szeretettel.&#8221; (Ter\u00e9z anya) <a href=\"https:\/\/semmelweis.hu\/peto-pedint\/files\/2020\/03\/91741746_931982453883760_1380847078179078144_n.jpg\"><\/a> Munkak\u00f6r, beoszt\u00e1s konduktor, pedag\u00f3giai szak\u00e9rt\u0151 V\u00e9gzetts\u00e9gek 2007-2011 Konduktor, tan\u00edt\u00f3 szakir\u00e1ny, Mozg\u00e1ss\u00e9r\u00fcltek Nevel\u0151k\u00e9pz\u0151 \u00e9s Nevel\u0151int\u00e9zete (BA) 2011-2013 Nevel\u00e9studom\u00e1ny szakos b\u00f6lcs\u00e9sz, kora gyermekkor pedag\u00f3gi\u00e1ja szakir\u00e1ny, ELTE (MA) 2013-2015 K\u00f6zoktat\u00e1si vezet\u0151 pedag\u00f3gus szakvizsga, Budapesti Corvinus Egyetem Tov\u00e1bbk\u00e9pz\u00e9sek: 2019 Megk\u00fczd\u00e9si-\u00e9s probl\u00e9mamegold\u00e1si strat\u00e9gi\u00e1k tehets\u00e9geseknek. MATEHETSZ 2019 Konfliktuskezel\u00e9s. &hellip;<\/p>\n","protected":false},"author":101716,"featured_media":0,"parent":140,"menu_order":3,"comment_status":"closed","ping_status":"closed","template":"","meta":{"_acf_changed":false,"footnotes":""},"categories":[],"tags":[],"class_list":["post-344","page","type-page","status-publish","hentry"],"acf":[],"_links":{"self":[{"href":"https:\/\/semmelweis.hu\/peto-pedint\/wp-json\/wp\/v2\/pages\/344","targetHints":{"allow":["GET"]}}],"collection":[{"href":"https:\/\/semmelweis.hu\/peto-pedint\/wp-json\/wp\/v2\/pages"}],"about":[{"href":"https:\/\/semmelweis.hu\/peto-pedint\/wp-json\/wp\/v2\/types\/page"}],"author":[{"embeddable":true,"href":"https:\/\/semmelweis.hu\/peto-pedint\/wp-json\/wp\/v2\/users\/101716"}],"replies":[{"embeddable":true,"href":"https:\/\/semmelweis.hu\/peto-pedint\/wp-json\/wp\/v2\/comments?post=344"}],"version-history":[{"count":10,"href":"https:\/\/semmelweis.hu\/peto-pedint\/wp-json\/wp\/v2\/pages\/344\/revisions"}],"predecessor-version":[{"id":4742,"href":"https:\/\/semmelweis.hu\/peto-pedint\/wp-json\/wp\/v2\/pages\/344\/revisions\/4742"}],"up":[{"embeddable":true,"href":"https:\/\/semmelweis.hu\/peto-pedint\/wp-json\/wp\/v2\/pages\/140"}],"wp:attachment":[{"href":"https:\/\/semmelweis.hu\/peto-pedint\/wp-json\/wp\/v2\/media?parent=344"}],"wp:term":[{"taxonomy":"category","embeddable":true,"href":"https:\/\/semmelweis.hu\/peto-pedint\/wp-json\/wp\/v2\/categories?post=344"},{"taxonomy":"post_tag","embeddable":true,"href":"https:\/\/semmelweis.hu\/peto-pedint\/wp-json\/wp\/v2\/tags?post=344"}],"curies":[{"name":"wp","href":"https:\/\/api.w.org\/{rel}","templated":true}]}}