{"id":3305,"date":"2023-03-17T13:49:01","date_gmt":"2023-03-17T12:49:01","guid":{"rendered":"https:\/\/semmelweis.hu\/peto-pedint\/?page_id=3305"},"modified":"2025-10-10T13:14:57","modified_gmt":"2025-10-10T11:14:57","slug":"etikai-kodex-konduktorok-szamara","status":"publish","type":"page","link":"https:\/\/semmelweis.hu\/peto-pedint\/konduktorok-magyarorszagon\/etikai-kodex-konduktorok-szamara\/","title":{"rendered":"Etikai k\u00f3dex konduktorok sz\u00e1m\u00e1ra"},"content":{"rendered":"<p style=\"text-align: justify\"><img loading=\"lazy\" decoding=\"async\" class=\"size-medium wp-image-3309 alignright\" src=\"https:\/\/semmelweis.hu\/peto-pedint\/files\/2023\/03\/etikai-kodex-400x250.jpg\" alt=\"\" width=\"400\" height=\"250\" srcset=\"https:\/\/semmelweis.hu\/peto-pedint\/files\/2023\/03\/etikai-kodex-400x250.jpg 400w, https:\/\/semmelweis.hu\/peto-pedint\/files\/2023\/03\/etikai-kodex.jpg 512w\" sizes=\"auto, (max-width: 400px) 100vw, 400px\" \/>Kedves Konduktor Koll\u00e9g\u00e1k!<\/p>\n<p style=\"text-align: justify\">\u00d6r\u00f6mmel osztjuk meg a Magyar Konduktorok Egyes\u00fclete \u00e1ltal 2004-ben k\u00f6zreadott Etikai K\u00f3dexet, mely konduktorok sz\u00e1m\u00e1ra k\u00e9sz\u00fclt.<\/p>\n<p style=\"text-align: justify\">Az Etikai K\u00f3dex konduktorok sz\u00e1m\u00e1ra olyan, a munkav\u00e1llal\u00f3kkal szemben t\u00e1masztott erk\u00f6lcsi k\u00f6vetelm\u00e9nyrendszer, amely a kondukt\u00edv pedag\u00f3gia \u00e9s a konduktori hivat\u00e1s \u00e9rdekeinek megfelel\u0151, helyesnek \u00e9s k\u00f6vetend\u0151nek tartott magatart\u00e1snorm\u00e1kat fogalmazza meg.<\/p>\n<p><span style=\"font-size: 1rem\">Napjainkban a dokumentum nincs haszn\u00e1latban, de elk\u00e9sz\u00fcl\u00e9se ut\u00e1n <\/span>\u00e9vekig a diploma mell\u00e9kletek\u00e9nt adt\u00e1k a v\u00e9gzett konduktoroknak.\u00a0<\/p>\n<p style=\"text-align: justify\"><span style=\"font-size: 1rem\">\u00a0<\/span><a class=\"button\" href=\"https:\/\/semmelweis.hu\/peto-pedint\/files\/2023\/03\/etikai_kodex_honlapra.pdf\" target=\"_blank\" rel=\"noopener\">Etikai K\u00f3dex konduktorok sz\u00e1m\u00e1ra<\/a><span style=\"font-size: 1rem\">\u00a0<\/span><\/p>\n","protected":false},"excerpt":{"rendered":"<p>Kedves Konduktor Koll\u00e9g\u00e1k! \u00d6r\u00f6mmel osztjuk meg a Magyar Konduktorok Egyes\u00fclete \u00e1ltal 2004-ben k\u00f6zreadott Etikai K\u00f3dexet, mely konduktorok sz\u00e1m\u00e1ra k\u00e9sz\u00fclt. Az Etikai K\u00f3dex konduktorok sz\u00e1m\u00e1ra olyan, a munkav\u00e1llal\u00f3kkal szemben t\u00e1masztott erk\u00f6lcsi k\u00f6vetelm\u00e9nyrendszer, amely a kondukt\u00edv pedag\u00f3gia \u00e9s a konduktori hivat\u00e1s \u00e9rdekeinek megfelel\u0151, helyesnek \u00e9s k\u00f6vetend\u0151nek tartott magatart\u00e1snorm\u00e1kat fogalmazza meg. Napjainkban a dokumentum nincs haszn\u00e1latban, de elk\u00e9sz\u00fcl\u00e9se &hellip;<\/p>\n","protected":false},"author":101716,"featured_media":3308,"parent":695,"menu_order":5,"comment_status":"closed","ping_status":"closed","template":"","meta":{"_acf_changed":false,"footnotes":""},"categories":[],"tags":[],"class_list":["post-3305","page","type-page","status-publish","has-post-thumbnail","hentry"],"acf":[],"_links":{"self":[{"href":"https:\/\/semmelweis.hu\/peto-pedint\/wp-json\/wp\/v2\/pages\/3305","targetHints":{"allow":["GET"]}}],"collection":[{"href":"https:\/\/semmelweis.hu\/peto-pedint\/wp-json\/wp\/v2\/pages"}],"about":[{"href":"https:\/\/semmelweis.hu\/peto-pedint\/wp-json\/wp\/v2\/types\/page"}],"author":[{"embeddable":true,"href":"https:\/\/semmelweis.hu\/peto-pedint\/wp-json\/wp\/v2\/users\/101716"}],"replies":[{"embeddable":true,"href":"https:\/\/semmelweis.hu\/peto-pedint\/wp-json\/wp\/v2\/comments?post=3305"}],"version-history":[{"count":7,"href":"https:\/\/semmelweis.hu\/peto-pedint\/wp-json\/wp\/v2\/pages\/3305\/revisions"}],"predecessor-version":[{"id":3314,"href":"https:\/\/semmelweis.hu\/peto-pedint\/wp-json\/wp\/v2\/pages\/3305\/revisions\/3314"}],"up":[{"embeddable":true,"href":"https:\/\/semmelweis.hu\/peto-pedint\/wp-json\/wp\/v2\/pages\/695"}],"wp:featuredmedia":[{"embeddable":true,"href":"https:\/\/semmelweis.hu\/peto-pedint\/wp-json\/wp\/v2\/media\/3308"}],"wp:attachment":[{"href":"https:\/\/semmelweis.hu\/peto-pedint\/wp-json\/wp\/v2\/media?parent=3305"}],"wp:term":[{"taxonomy":"category","embeddable":true,"href":"https:\/\/semmelweis.hu\/peto-pedint\/wp-json\/wp\/v2\/categories?post=3305"},{"taxonomy":"post_tag","embeddable":true,"href":"https:\/\/semmelweis.hu\/peto-pedint\/wp-json\/wp\/v2\/tags?post=3305"}],"curies":[{"name":"wp","href":"https:\/\/api.w.org\/{rel}","templated":true}]}}