{"id":188,"date":"2020-03-26T12:26:04","date_gmt":"2020-03-26T11:26:04","guid":{"rendered":"http:\/\/semmelweis.hu\/peto-pedint\/?page_id=188"},"modified":"2026-03-02T15:20:09","modified_gmt":"2026-03-02T14:20:09","slug":"mukodesunk-dokumentumai","status":"publish","type":"page","link":"https:\/\/semmelweis.hu\/peto-pedint\/a-pedagogiai-intezetrol\/mukodesunk-dokumentumai\/","title":{"rendered":"Dokumentumaink"},"content":{"rendered":"<p align=\"justify\">A Pedag\u00f3gia Int\u00e9zet t\u00f6rv\u00e9nyes m\u0171k\u00f6d\u00e9s\u00e9t a hat\u00e1lyos jogszab\u00e1lyokkal \u00f6sszhangban l\u00e9v\u0151 szakmai alapdokumentumok \u00e9s egy\u00e9b bels\u0151 szab\u00e1lyoz\u00f3k hat\u00e1rozz\u00e1k meg.<\/p>\n<ul>\n<li><a href=\"https:\/\/semmelweis.hu\/peto-pedint\/files\/2024\/10\/SEPAPI_alapito_okirat_2024_09_honlapra_uj.pdf\" target=\"_blank\" rel=\"noopener\">Alap\u00edt\u00f3 okirat (pdf)<\/a><\/li>\n<li><a href=\"https:\/\/semmelweis.hu\/peto-pedint\/files\/2022\/02\/Nyilvantartasba-vetel-szkennelt-2021_09.pdf\" target=\"_blank\" rel=\"noopener\">Nyilv\u00e1ntart\u00e1sba v\u00e9teli enged\u00e9ly (pdf)<\/a><\/li>\n<li><a href=\"https:\/\/semmelweis.hu\/peto-pedint\/files\/2021\/02\/SEPAPI_Alapfeladat_2021.02_honlapra.pdf\" target=\"_blank\" rel=\"noopener noreferrer\">Alapfeladat (pdf)<\/a><\/li>\n<li><a href=\"https:\/\/semmelweis.hu\/peto-pedint\/files\/2024\/08\/SE-PAPI-SZMSZ-modositas-2024_06.01_honlapra.pdf\" target=\"_blank\" rel=\"noopener\">SZMSZ (pdf)<\/a><\/li>\n<li><a href=\"https:\/\/semmelweis.hu\/peto-pedint\/files\/2026\/03\/Hazirend-SEPAPI-2026_01_honlapra_mbh.pdf\" target=\"_blank\" rel=\"noopener\">H\u00e1zirend (pdf)<\/a><\/li>\n<li><a href=\"https:\/\/semmelweis.hu\/peto-pedint\/files\/2021\/11\/honlapra-SEPAPI_korona-intezkedesi-terv_2021.11.22_negyedik_javitott_valtozat.docx.pdf\" target=\"_blank\" rel=\"noopener\">Helyi Int\u00e9zked\u00e9si Terv 2021\/2022-es tan\u00e9v (pdf)<\/a><\/li>\n<\/ul>\n<p><strong>K\u00f6zz\u00e9t\u00e9teli list\u00e1k:<\/strong><\/p>\n<ul>\n<li><a href=\"https:\/\/semmelweis.hu\/peto-pedint\/files\/2026\/02\/Kozzeteteli-lista-2025-26_honlapra.pdf\" target=\"_blank\" rel=\"noopener\">K\u00f6zz\u00e9t\u00e9teli Lista 2025\/2026-os tan\u00e9v (pdf)<\/a><\/li>\n<li><a href=\"https:\/\/semmelweis.hu\/peto-pedint\/files\/2024\/10\/Kozzeteteli-lista-2024-25-honlapra.pdf\" target=\"_blank\" rel=\"noopener\">K\u00f6zz\u00e9t\u00e9teli Lista 2024\/2025-\u00f6s tan\u00e9v (pdf)<\/a><\/li>\n<\/ul>\n<p><strong>Zoom haszn\u00e1lati etikett:<\/strong><\/p>\n<p>Rendezv\u00e9nyeink egy r\u00e9sze online form\u00e1ban, ZOOM-on zajlik, ez\u00e9rt fontosnak tartjuk a platform magatart\u00e1si szab\u00e1lyainak ismeret\u00e9t \u00e9s betart\u00e1s\u00e1t. Javasoljuk a <a href=\"https:\/\/semmelweis.hu\/peto-pedint\/files\/2020\/09\/ZOOM-haszn\u00e1lati-etikett-2020.06.SEPAPI.pdf\" target=\"_blank\" rel=\"noopener noreferrer\">ZOOM haszn\u00e1lati etikett (pdf)<\/a> elolvas\u00e1s\u00e1t, mindazok sz\u00e1m\u00e1ra, aki az \u00e1ltalunk szervezett ZOOM esem\u00e9nyeken r\u00e9szt vesznek.\u00a0<\/p>\n<p>&nbsp;<\/p>\n","protected":false},"excerpt":{"rendered":"<p>Az SE Pet\u0151 Andr\u00e1s Pedag\u00f3giai Int\u00e9zete m\u0171k\u00f6d\u00e9s\u00e9t meghat\u00e1roz\u00f3 dokumentumok felsorol\u00e1sa, valamint azok pdf form\u00e1tumban t\u00f6rt\u00e9n\u0151 hozz\u00e1f\u00e9rhet\u0151s\u00e9ge. <\/p>\n","protected":false},"author":101716,"featured_media":0,"parent":5,"menu_order":2,"comment_status":"closed","ping_status":"closed","template":"","meta":{"_acf_changed":false,"footnotes":""},"categories":[],"tags":[],"class_list":["post-188","page","type-page","status-publish","hentry"],"acf":[],"_links":{"self":[{"href":"https:\/\/semmelweis.hu\/peto-pedint\/wp-json\/wp\/v2\/pages\/188","targetHints":{"allow":["GET"]}}],"collection":[{"href":"https:\/\/semmelweis.hu\/peto-pedint\/wp-json\/wp\/v2\/pages"}],"about":[{"href":"https:\/\/semmelweis.hu\/peto-pedint\/wp-json\/wp\/v2\/types\/page"}],"author":[{"embeddable":true,"href":"https:\/\/semmelweis.hu\/peto-pedint\/wp-json\/wp\/v2\/users\/101716"}],"replies":[{"embeddable":true,"href":"https:\/\/semmelweis.hu\/peto-pedint\/wp-json\/wp\/v2\/comments?post=188"}],"version-history":[{"count":10,"href":"https:\/\/semmelweis.hu\/peto-pedint\/wp-json\/wp\/v2\/pages\/188\/revisions"}],"predecessor-version":[{"id":4740,"href":"https:\/\/semmelweis.hu\/peto-pedint\/wp-json\/wp\/v2\/pages\/188\/revisions\/4740"}],"up":[{"embeddable":true,"href":"https:\/\/semmelweis.hu\/peto-pedint\/wp-json\/wp\/v2\/pages\/5"}],"wp:attachment":[{"href":"https:\/\/semmelweis.hu\/peto-pedint\/wp-json\/wp\/v2\/media?parent=188"}],"wp:term":[{"taxonomy":"category","embeddable":true,"href":"https:\/\/semmelweis.hu\/peto-pedint\/wp-json\/wp\/v2\/categories?post=188"},{"taxonomy":"post_tag","embeddable":true,"href":"https:\/\/semmelweis.hu\/peto-pedint\/wp-json\/wp\/v2\/tags?post=188"}],"curies":[{"name":"wp","href":"https:\/\/api.w.org\/{rel}","templated":true}]}}