{"id":148,"date":"2020-03-24T10:03:43","date_gmt":"2020-03-24T09:03:43","guid":{"rendered":"http:\/\/semmelweis.hu\/peto-pedint\/?page_id=148"},"modified":"2025-10-10T13:11:07","modified_gmt":"2025-10-10T11:11:07","slug":"letoltheto-dokumentumok","status":"publish","type":"page","link":"https:\/\/semmelweis.hu\/peto-pedint\/konduktorok-magyarorszagon\/letoltheto-dokumentumok\/","title":{"rendered":"Let\u00f6lthet\u0151 konduktori nyilatkozat"},"content":{"rendered":"<p style=\"text-align: justify\">Konduktori Nyilatkozat az adatkezel\u00e9sr\u0151l:<\/p>\n<p style=\"text-align: justify\">Amennyiben m\u00e9g nem nyilatkozott, vagy nyilatkozata 2017. augusztus 1-j\u00e9t megel\u0151z\u0151en t\u00f6rt\u00e9nt, k\u00e9rj\u00fck, t\u00f6ltse le a nyilatkozatot \u00e9s kit\u00f6ltve, al\u00e1\u00edrva, postai \u00faton miel\u0151bb juttassa vissza a k\u00f6vetkez\u0151 c\u00edmre: <br \/>\n<strong>SE Pet\u0151 Andr\u00e1s Pedag\u00f3giai Int\u00e9zete 1125 Budapest, K\u00fatv\u00f6lgyi \u00fat 8.<\/strong><\/p>\n<p style=\"text-align: justify\">A <strong>konduktori nyilatkozat<\/strong> docx form\u00e1tumban let\u00f6lthet\u0151:<\/p>\n<p><a class=\"button\" href=\"https:\/\/semmelweis.hu\/peto-pedint\/files\/2025\/02\/A_kond_-nyil_MINTA_SE_-ALUMNI_2025.02.docx\" target=\"_blank\" rel=\"noopener\">LET\u00d6LT\u00c9S<\/a><\/p>\n<p>A<strong> nyugd\u00edjas konduktori nyilatkozat<\/strong> docx form\u00e1tumban let\u00f6lthet\u0151:<\/p>\n<p><a class=\"button\" href=\"https:\/\/semmelweis.hu\/peto-pedint\/files\/2025\/02\/NYUGDIJAS-kond_-nyil_MINTA_SE_-ALUMNI_2025.02.docx\" target=\"_blank\" rel=\"noopener\">LET\u00d6LT\u00c9S<\/a><\/p>\n<p style=\"text-align: justify\">Szeretn\u00e9nk felh\u00edvni a figyelm\u00e9t, hogy a nyilatkozat csak abban az esetben \u00e9rv\u00e9nyes, ha az eredeti, al\u00e1\u00edrt p\u00e9ld\u00e1ny postai \u00faton meg\u00e9rkezik.\u00a0<\/p>\n","protected":false},"excerpt":{"rendered":"<p>Konduktori Nyilatkozat az adatkezel\u00e9sr\u0151l: Amennyiben m\u00e9g nem nyilatkozott, vagy nyilatkozata 2017. augusztus 1-j\u00e9t megel\u0151z\u0151en t\u00f6rt\u00e9nt, k\u00e9rj\u00fck, t\u00f6ltse le a nyilatkozatot \u00e9s kit\u00f6ltve, al\u00e1\u00edrva, postai \u00faton miel\u0151bb juttassa vissza a k\u00f6vetkez\u0151 c\u00edmre: SE Pet\u0151 Andr\u00e1s Pedag\u00f3giai Int\u00e9zete 1125 Budapest, K\u00fatv\u00f6lgyi \u00fat 8. A konduktori nyilatkozat docx form\u00e1tumban let\u00f6lthet\u0151: <a class=\"button\" href=\"https:\/\/semmelweis.hu\/peto-pedint\/files\/2025\/02\/A_kond_-nyil_MINTA_SE_-ALUMNI_2025.02.docx\" target=\"_blank\" rel=\"noopener\">LET\u00d6LT\u00c9S<\/a> A nyugd\u00edjas konduktori nyilatkozat docx form\u00e1tumban let\u00f6lthet\u0151: <a class=\"button\" href=\"https:\/\/semmelweis.hu\/peto-pedint\/files\/2025\/02\/NYUGDIJAS-kond_-nyil_MINTA_SE_-ALUMNI_2025.02.docx\" target=\"_blank\" rel=\"noopener\">LET\u00d6LT\u00c9S<\/a> Szeretn\u00e9nk &hellip;<\/p>\n","protected":false},"author":101716,"featured_media":0,"parent":695,"menu_order":1,"comment_status":"closed","ping_status":"closed","template":"","meta":{"_acf_changed":false,"footnotes":""},"categories":[],"tags":[],"class_list":["post-148","page","type-page","status-publish","hentry"],"acf":[],"_links":{"self":[{"href":"https:\/\/semmelweis.hu\/peto-pedint\/wp-json\/wp\/v2\/pages\/148","targetHints":{"allow":["GET"]}}],"collection":[{"href":"https:\/\/semmelweis.hu\/peto-pedint\/wp-json\/wp\/v2\/pages"}],"about":[{"href":"https:\/\/semmelweis.hu\/peto-pedint\/wp-json\/wp\/v2\/types\/page"}],"author":[{"embeddable":true,"href":"https:\/\/semmelweis.hu\/peto-pedint\/wp-json\/wp\/v2\/users\/101716"}],"replies":[{"embeddable":true,"href":"https:\/\/semmelweis.hu\/peto-pedint\/wp-json\/wp\/v2\/comments?post=148"}],"version-history":[{"count":10,"href":"https:\/\/semmelweis.hu\/peto-pedint\/wp-json\/wp\/v2\/pages\/148\/revisions"}],"predecessor-version":[{"id":4438,"href":"https:\/\/semmelweis.hu\/peto-pedint\/wp-json\/wp\/v2\/pages\/148\/revisions\/4438"}],"up":[{"embeddable":true,"href":"https:\/\/semmelweis.hu\/peto-pedint\/wp-json\/wp\/v2\/pages\/695"}],"wp:attachment":[{"href":"https:\/\/semmelweis.hu\/peto-pedint\/wp-json\/wp\/v2\/media?parent=148"}],"wp:term":[{"taxonomy":"category","embeddable":true,"href":"https:\/\/semmelweis.hu\/peto-pedint\/wp-json\/wp\/v2\/categories?post=148"},{"taxonomy":"post_tag","embeddable":true,"href":"https:\/\/semmelweis.hu\/peto-pedint\/wp-json\/wp\/v2\/tags?post=148"}],"curies":[{"name":"wp","href":"https:\/\/api.w.org\/{rel}","templated":true}]}}