{"id":140,"date":"2020-03-24T09:54:49","date_gmt":"2020-03-24T08:54:49","guid":{"rendered":"http:\/\/semmelweis.hu\/peto-pedint\/?page_id=140"},"modified":"2026-02-17T11:50:54","modified_gmt":"2026-02-17T10:50:54","slug":"munkatarsaink-bemutatkozasa","status":"publish","type":"page","link":"https:\/\/semmelweis.hu\/peto-pedint\/a-pedagogiai-intezetrol\/munkatarsaink-bemutatkozasa\/","title":{"rendered":"Munkat\u00e1rsaink"},"content":{"rendered":"<p><strong>Az int\u00e9zm\u00e9nyi feladatok sz\u00ednvonalas ell\u00e1t\u00e1s\u00e1t magasan k\u00e9pzett szakemberek k\u00f6z\u00f6ss\u00e9ge biztos\u00edtja<\/strong><\/p>\n<hr \/>\n<h4><strong><img loading=\"lazy\" decoding=\"async\" class=\"wp-image-4677 size-thumbnail alignleft\" src=\"https:\/\/semmelweis.hu\/peto-pedint\/files\/2025\/12\/Vissi-Timea2-150x150.jpg\" alt=\"\" width=\"150\" height=\"150\" \/>DR. Vissi T\u00edmea<\/strong><\/h4>\n<p style=\"text-align: justify\">megb\u00edzott igazgat\u00f3, szakvizsg\u00e1zott konduktor, pedag\u00f3giai szak\u00e9rt\u0151, \u00e1ltal\u00e1nos iskolai tan\u00edt\u00f3<br \/>\nTelefon: +36 30 87 81 355; +36 1 224 1594<br \/>\nE-mail: <a href=\"mailto:vissi.timea@semmelweis.hu\" target=\"_blank\" rel=\"noopener\">vissi.timea@semmelweis.hu<\/a><\/p>\n<hr \/>\n<h4><strong><img loading=\"lazy\" decoding=\"async\" class=\"wp-image-217 size-thumbnail alignleft\" src=\"https:\/\/semmelweis.hu\/peto-pedint\/files\/2020\/03\/91545437_213334660008352_7383507535870820352_n-150x150.jpg\" alt=\"\" width=\"150\" height=\"150\" \/>Csizy Csilla<\/strong><\/h4>\n<p>konduktor, pedag\u00f3giai szak\u00e9rt\u0151, szakvizsg\u00e1zott mentorpedag\u00f3gus, mesterpedag\u00f3gus<br \/>\nTelefon: +36 20 82 40 856; +36 1 224 1571<br \/>\nE-mail:\u00a0<a href=\"mailto:csizy.csilla@semmelweis.hu\" target=\"_blank\" rel=\"noopener\">csizy.csilla@semmelweis.hu<\/a><br \/>\n<a href=\"https:\/\/semmelweis.hu\/peto-pedint\/csizy-csilla\/\" target=\"_blank\" rel=\"noopener noreferrer\">Csizy Csilla szakmai bemutatkoz\u00f3ja \u2192<\/a><\/p>\n<hr \/>\n<h4><span style=\"color: #008080\"><strong><img loading=\"lazy\" decoding=\"async\" class=\"alignleft wp-image-210 size-thumbnail\" src=\"https:\/\/semmelweis.hu\/peto-pedint\/files\/2020\/03\/91741746_931982453883760_1380847078179078144_n-150x150.jpg\" alt=\"\" width=\"150\" height=\"150\" \/><\/strong><\/span><strong>Muzslai-B\u00edzik Hanna<\/strong><\/h4>\n<p>szakvizsg\u00e1zott konduktor, pedag\u00f3giai szak\u00e9rt\u0151<br \/>\nTelefon: +36 1 224 1579<br \/>\nE-mail:\u00a0<a href=\"mailto:muzslai.bizik.hanna@semmelweis.hu\" target=\"_blank\" rel=\"noopener\">muzslai.bizik.hanna@semmelweis.hu<\/a><br \/>\n<a href=\"https:\/\/semmelweis.hu\/peto-pedint\/muzslai-bizik-hanna\/\" target=\"_blank\" rel=\"noopener noreferrer\">Muzslai-B\u00edzik Hanna szakmai bemutatkoz\u00f3ja \u2192<\/a><\/p>\n<hr \/>\n<h4><span style=\"color: #008080\"><strong><img loading=\"lazy\" decoding=\"async\" class=\"wp-image-3167 size-thumbnail alignleft\" src=\"https:\/\/semmelweis.hu\/peto-pedint\/files\/2022\/12\/DSCN2935_honlapra7-150x150.jpg\" alt=\"\" width=\"150\" height=\"150\" \/><\/strong><\/span><strong>Kazatsay Bernadett<\/strong><\/h4>\n<p>szakvizsg\u00e1zott konduktor, gy\u00f3gytorn\u00e1sz, pedag\u00f3giai szak\u00e9rt\u0151<br \/>\nTelefon: +36 1 224 1579<br \/>\nE-mail: <a href=\"mailto:kazatsay.bernadett@semmelweis.hu\" target=\"_blank\" rel=\"noopener\">kazatsay.bernadett@semmelweis.hu<\/a><br \/>\n<a href=\"https:\/\/semmelweis.hu\/peto-pedint\/a-pedagogiai-intezetrol\/munkatarsaink-bemutatkozasa\/kazatsay-bernadett\/\" target=\"_blank\" rel=\"noopener\">Kazatsay Bernadett szakmai bemutatkoz\u00f3ja \u2192<\/a><\/p>\n<hr \/>\n<h4><strong><img loading=\"lazy\" decoding=\"async\" class=\"wp-image-4711 size-thumbnail alignleft\" src=\"https:\/\/semmelweis.hu\/peto-pedint\/files\/2026\/02\/szabo_orsolya-150x150.jpg\" alt=\"\" width=\"150\" height=\"150\" \/>Szab\u00f3 Orsolya<\/strong><\/h4>\n<p>adminisztrat\u00edv koordin\u00e1tor<br \/>\nTelefon: +36 1 224 1571<br \/>\nE-mail: <a href=\"mailto:szabo.orsolya3@semmelweis.hu\" target=\"_blank\" rel=\"noopener\">szabo.orsolya3@semmelweis.hu<\/a><\/p>\n<hr \/>\n<h4><span style=\"color: #008080\"><strong><img loading=\"lazy\" decoding=\"async\" class=\"alignleft wp-image-3334 size-thumbnail\" src=\"https:\/\/semmelweis.hu\/peto-pedint\/files\/2023\/03\/agi_vagott-150x150.jpg\" alt=\"\" width=\"150\" height=\"150\" srcset=\"https:\/\/semmelweis.hu\/peto-pedint\/files\/2023\/03\/agi_vagott-150x150.jpg 150w, https:\/\/semmelweis.hu\/peto-pedint\/files\/2023\/03\/agi_vagott-400x396.jpg 400w\" sizes=\"auto, (max-width: 150px) 100vw, 150px\" \/><\/strong><\/span><strong>M\u00e1ty\u00e1sin\u00e9 Kiss \u00c1gnes<\/strong><\/h4>\n<p style=\"text-align: justify\">nyugalmazott igazgat\u00f3<br \/>\nE-mail: <a href=\"mailto:matyasine.kiss.agnes@semmelweis.hu\" target=\"_blank\" rel=\"noopener\">matyasine.kiss.agnes@semmelweis.hu<\/a><\/p>\n<hr \/>\n<h4 class=\"western\" style=\"text-align: left\" align=\"justify\"><strong>Munkat\u00e1rsaink pedag\u00f3gus szakvizsga szerinti megoszl\u00e1sa: <\/strong><\/h4>\n<p class=\"western\" align=\"justify\"><span style=\"color: #000000\">k\u00f6zoktat\u00e1si vezet\u0151 szakvizsg\u00e1val rendelkezik 4 f\u0151<\/span><span style=\"color: #000000\"><br \/>\nk\u00f6zoktat\u00e1si szak\u00e9rt\u0151i szakvizsg\u00e1val rendelkezik 1 f\u0151<\/span><br \/>\n<span style=\"color: #000000\">mentorpedag\u00f3gusi szakvizsg\u00e1val rendelkezik 1 f\u0151<\/span><\/p>\n<p align=\"justify\"><img loading=\"lazy\" decoding=\"async\" class=\"alignnone wp-image-4609 size-full\" src=\"https:\/\/semmelweis.hu\/peto-pedint\/files\/2025\/09\/vegzettsegek_honlapra_2025_09.png\" alt=\"\" width=\"635\" height=\"307\" srcset=\"https:\/\/semmelweis.hu\/peto-pedint\/files\/2025\/09\/vegzettsegek_honlapra_2025_09.png 635w, https:\/\/semmelweis.hu\/peto-pedint\/files\/2025\/09\/vegzettsegek_honlapra_2025_09-400x193.png 400w\" sizes=\"auto, (max-width: 635px) 100vw, 635px\" \/><\/p>\n<p align=\"justify\">\u00a0<\/p>\n<p align=\"justify\">\u00a0<\/p>\n","protected":false},"excerpt":{"rendered":"<p>Az int\u00e9zm\u00e9nyi feladatok sz\u00ednvonalas ell\u00e1t\u00e1s\u00e1t magasan k\u00e9pzett szakemberek k\u00f6z\u00f6ss\u00e9ge biztos\u00edtja DR. Vissi T\u00edmea megb\u00edzott igazgat\u00f3, szakvizsg\u00e1zott konduktor, pedag\u00f3giai szak\u00e9rt\u0151, \u00e1ltal\u00e1nos iskolai tan\u00edt\u00f3 Telefon: +36 30 87 81 355; +36 1 224 1594 E-mail: <a href=\"mailto:vissi.timea@semmelweis.hu\" target=\"_blank\" rel=\"noopener\">vissi.timea@semmelweis.hu<\/a> Csizy Csilla konduktor, pedag\u00f3giai szak\u00e9rt\u0151, szakvizsg\u00e1zott mentorpedag\u00f3gus, mesterpedag\u00f3gus Telefon: +36 20 82 40 856; +36 1 224 1571 E-mail:\u00a0 <a href=\"mailto:csizy.csilla@semmelweis.hu\" target=\"_blank\" rel=\"noopener\">csizy.csilla@semmelweis.hu<\/a> <a href=\"https:\/\/semmelweis.hu\/peto-pedint\/csizy-csilla\/\" target=\"_blank\" rel=\"noopener noreferrer\">Csizy Csilla szakmai bemutatkoz\u00f3ja \u2192<\/a> Muzslai-B\u00edzik Hanna szakvizsg\u00e1zott &hellip;<\/p>\n","protected":false},"author":101716,"featured_media":0,"parent":5,"menu_order":1,"comment_status":"closed","ping_status":"closed","template":"","meta":{"_acf_changed":false,"footnotes":""},"categories":[],"tags":[],"class_list":["post-140","page","type-page","status-publish","hentry"],"acf":[],"_links":{"self":[{"href":"https:\/\/semmelweis.hu\/peto-pedint\/wp-json\/wp\/v2\/pages\/140","targetHints":{"allow":["GET"]}}],"collection":[{"href":"https:\/\/semmelweis.hu\/peto-pedint\/wp-json\/wp\/v2\/pages"}],"about":[{"href":"https:\/\/semmelweis.hu\/peto-pedint\/wp-json\/wp\/v2\/types\/page"}],"author":[{"embeddable":true,"href":"https:\/\/semmelweis.hu\/peto-pedint\/wp-json\/wp\/v2\/users\/101716"}],"replies":[{"embeddable":true,"href":"https:\/\/semmelweis.hu\/peto-pedint\/wp-json\/wp\/v2\/comments?post=140"}],"version-history":[{"count":11,"href":"https:\/\/semmelweis.hu\/peto-pedint\/wp-json\/wp\/v2\/pages\/140\/revisions"}],"predecessor-version":[{"id":4675,"href":"https:\/\/semmelweis.hu\/peto-pedint\/wp-json\/wp\/v2\/pages\/140\/revisions\/4675"}],"up":[{"embeddable":true,"href":"https:\/\/semmelweis.hu\/peto-pedint\/wp-json\/wp\/v2\/pages\/5"}],"wp:attachment":[{"href":"https:\/\/semmelweis.hu\/peto-pedint\/wp-json\/wp\/v2\/media?parent=140"}],"wp:term":[{"taxonomy":"category","embeddable":true,"href":"https:\/\/semmelweis.hu\/peto-pedint\/wp-json\/wp\/v2\/categories?post=140"},{"taxonomy":"post_tag","embeddable":true,"href":"https:\/\/semmelweis.hu\/peto-pedint\/wp-json\/wp\/v2\/tags?post=140"}],"curies":[{"name":"wp","href":"https:\/\/api.w.org\/{rel}","templated":true}]}}