{"id":11,"date":"2020-03-18T14:00:48","date_gmt":"2020-03-18T13:00:48","guid":{"rendered":"http:\/\/semmelweis.hu\/peto-pedint\/?page_id=11"},"modified":"2026-02-17T12:03:35","modified_gmt":"2026-02-17T11:03:35","slug":"munkatarsaink-elerhetosegei","status":"publish","type":"page","link":"https:\/\/semmelweis.hu\/peto-pedint\/munkatarsaink-elerhetosegei\/","title":{"rendered":"El\u00e9rhet\u0151s\u00e9geink"},"content":{"rendered":"<h2>Semmelweis Egyetem Pet\u0151 Andr\u00e1s Pedag\u00f3giai Int\u00e9zete<\/h2>\n<p><strong>C\u00edm:<\/strong> 1125 Budapest, K\u00fatv\u00f6lgyi \u00fat 8.<br \/>\n<strong>E-mail c\u00edm:\u00a0<a href=\"mailto:pedagogiai.intezet@semmelweis-univ.hu\">pedagogiai.intezet@semmelweis.hu<\/a><\/strong><\/p>\n<p><strong>Telefon:\u00a0<\/strong><span style=\"font-size: 1rem\">+36 1 224 1579; +36 1 224 1594; +36 1 224 1571<\/span><\/p>\n\n<!-- iframe plugin v.4.9 wordpress.org\/plugins\/iframe\/ -->\n<iframe loading=\"lazy\" src=\"https:\/\/www.google.com\/maps\/embed?pb=!1m18!1m12!1m3!1d2694.8564903235556!2d19.000615315661506!3d47.512185979178554!2m3!1f0!2f0!3f0!3m2!1i1024!2i768!4f13.1!3m3!1m2!1s0x4741debf4a2a776d%3A0xbf12cd23f72763f!2zQnVkYXBlc3QsIEvDunR2w7ZsZ3lpIMO6dCA4LCAxMTI1!5e0!3m2!1shu!2shu!4v1519718392704\" width=\"100%\" height=\"250\" scrolling=\"yes\" class=\"iframe-class\" frameborder=\"0\"><\/iframe>\n\n<h2>Munkat\u00e1rsaink el\u00e9rhet\u0151s\u00e9gei<\/h2>\n<div class=\"keretes w-100\">\n<p><strong>Megb\u00edzott igazgat\u00f3:<\/strong><\/p>\n<p><span style=\"font-weight: bolder\">Dr. Vissi T\u00edmea Aliz <\/span>szakvizsg\u00e1zott konduktor, pedag\u00f3giai szak\u00e9rt\u0151, \u00e1ltal\u00e1nos iskolai tan\u00edt\u00f3<br \/>\nE-mail: <a href=\"mailto:vissi.timea@semmelweis.hu\" target=\"_blank\" rel=\"noopener\">vissi.timea@semmelweis.hu<\/a><br \/>\nTelefon: +36 30 87 81 355; +36 1 224 1594<\/p>\n<\/div>\n<div class=\"keretes w-100\">\n<p><strong>Munkat\u00e1rsak:<\/strong><\/p>\n<p><strong>Csizy Csilla<\/strong> konduktor, pedag\u00f3giai szak\u00e9rt\u0151, szakvizsg\u00e1zott mentorpedag\u00f3gus, mesterpedag\u00f3gus<br \/>\nE-mail:\u00a0<a href=\"mailto:csizy.csilla@semmelweis.hu\" target=\"_blank\" rel=\"noopener\">csizy.csilla@semmelweis.hu<\/a><br \/>\nMobil: +36 20 82 50 856<\/p>\n<p><strong>Kazatsay Bernadett<\/strong> szakvizsg\u00e1zott konduktor, gy\u00f3gytorn\u00e1sz, pedag\u00f3giai szak\u00e9rt\u0151<br \/>\nE-mail: <a href=\"mailto:kazatsay.bernadett@semmelweis.hu\" target=\"_blank\" rel=\"noopener\">kazatsay.bernadett@semmelweis.hu<\/a><br \/>\nTelefon: +36 1 224 1579<\/p>\n<p><strong style=\"font-size: 1rem\">Muzslai-B\u00edzik Hanna<\/strong><span style=\"font-size: 1rem\"> szakvizsg\u00e1zott konduktor, pedag\u00f3giai szak\u00e9rt\u0151<br \/>\n<\/span>E-mail:\u00a0<a href=\"mailto:muzslai.bizik.hanna@semmelweis.hu\" target=\"_blank\" rel=\"noopener\">muzslai.bizik.hanna@semmelweis.hu<\/a><br \/>\nTelefon: +36 1 224 1579<\/p>\n<p><strong>Szab\u00f3 Orsolya<\/strong> adminisztrat\u00edv koordin\u00e1tor<br \/>\nE-mail:\u00a0<a href=\"mailto:szabo.orsolya3@semmelweis.hu\" target=\"_blank\" rel=\"noopener\">szabo.orsolya3@semmelweis.hu<\/a><br \/>\nTelefon: +36 1 224 1571<\/p>\n<\/div>\n<div class=\"keretes w-100\">\n<p><span style=\"font-weight: bolder;background-color: #f0f3f6\"><span style=\"font-weight: bolder;font-size: 1rem\">Nyugalmazott igazgat\u00f3:<\/span><\/span><\/p>\n<p><span style=\"font-weight: bolder;background-color: #f0f3f6\">M\u00e1ty\u00e1sin\u00e9 Kiss \u00c1gnes<\/span><span style=\"background-color: #f0f3f6\">\u00a0<br \/>\n<\/span><span style=\"background-color: #f0f3f6\">E-mail:\u00a0<\/span><a href=\"mailto:matyasine.kiss.agnes@semmelweis.hu\" target=\"_blank\" rel=\"noopener\">matyasine.kiss.agnes@semmelweis.hu<\/a><\/p>\n<\/div>\n","protected":false},"excerpt":{"rendered":"<p>Semmelweis Egyetem Pet\u0151 Andr\u00e1s Pedag\u00f3giai Int\u00e9zete C\u00edm: 1125 Budapest, K\u00fatv\u00f6lgyi \u00fat 8. E-mail c\u00edm:\u00a0 <a href=\"mailto:pedagogiai.intezet@semmelweis-univ.hu\">pedagogiai.intezet@semmelweis.hu<\/a> Telefon:\u00a0+36 1 224 1579; +36 1 224 1594; +36 1 224 1571 Munkat\u00e1rsaink el\u00e9rhet\u0151s\u00e9gei Megb\u00edzott igazgat\u00f3: Dr. Vissi T\u00edmea Aliz szakvizsg\u00e1zott konduktor, pedag\u00f3giai szak\u00e9rt\u0151, \u00e1ltal\u00e1nos iskolai tan\u00edt\u00f3 E-mail: <a href=\"mailto:vissi.timea@semmelweis.hu\" target=\"_blank\" rel=\"noopener\">vissi.timea@semmelweis.hu<\/a> Telefon: +36 30 87 81 355; +36 1 224 1594 Munkat\u00e1rsak: Csizy Csilla &hellip;<\/p>\n","protected":false},"author":101716,"featured_media":0,"parent":0,"menu_order":4,"comment_status":"closed","ping_status":"closed","template":"","meta":{"_acf_changed":false,"footnotes":""},"categories":[],"tags":[],"class_list":["post-11","page","type-page","status-publish","hentry"],"acf":[],"_links":{"self":[{"href":"https:\/\/semmelweis.hu\/peto-pedint\/wp-json\/wp\/v2\/pages\/11","targetHints":{"allow":["GET"]}}],"collection":[{"href":"https:\/\/semmelweis.hu\/peto-pedint\/wp-json\/wp\/v2\/pages"}],"about":[{"href":"https:\/\/semmelweis.hu\/peto-pedint\/wp-json\/wp\/v2\/types\/page"}],"author":[{"embeddable":true,"href":"https:\/\/semmelweis.hu\/peto-pedint\/wp-json\/wp\/v2\/users\/101716"}],"replies":[{"embeddable":true,"href":"https:\/\/semmelweis.hu\/peto-pedint\/wp-json\/wp\/v2\/comments?post=11"}],"version-history":[{"count":10,"href":"https:\/\/semmelweis.hu\/peto-pedint\/wp-json\/wp\/v2\/pages\/11\/revisions"}],"predecessor-version":[{"id":4715,"href":"https:\/\/semmelweis.hu\/peto-pedint\/wp-json\/wp\/v2\/pages\/11\/revisions\/4715"}],"wp:attachment":[{"href":"https:\/\/semmelweis.hu\/peto-pedint\/wp-json\/wp\/v2\/media?parent=11"}],"wp:term":[{"taxonomy":"category","embeddable":true,"href":"https:\/\/semmelweis.hu\/peto-pedint\/wp-json\/wp\/v2\/categories?post=11"},{"taxonomy":"post_tag","embeddable":true,"href":"https:\/\/semmelweis.hu\/peto-pedint\/wp-json\/wp\/v2\/tags?post=11"}],"curies":[{"name":"wp","href":"https:\/\/api.w.org\/{rel}","templated":true}]}}