{"id":43,"date":"2018-01-16T11:37:39","date_gmt":"2018-01-16T10:37:39","guid":{"rendered":"http:\/\/semmelweis.hu\/peto-ovoda\/?page_id=43"},"modified":"2020-05-05T19:50:58","modified_gmt":"2020-05-05T17:50:58","slug":"az-ovoda-alapitvanya","status":"publish","type":"page","link":"https:\/\/semmelweis.hu\/peto-ovoda\/az-ovoda-alapitvanya\/","title":{"rendered":"1 %"},"content":{"rendered":"<p>&nbsp;<\/p>\n<p style=\"text-align: center\"><span style=\"font-size: 24pt\"><span style=\"color: #6b1540;font-family: book antiqua,palatino\">KONDUKT\u00cdV \u00d3VOD\u00c1\u00c9RT ALAP\u00cdTV\u00c1NY <\/span> <\/span><\/p>\n<p style=\"text-align: center\"><strong>C\u00e9lunk:<\/strong><\/p>\n<p style=\"text-align: center\"><strong>Az \u00d3voda m\u0171k\u00f6d\u00e9s\u00e9hez sz\u00fcks\u00e9ges nevel\u00e9si-oktat\u00e1si eszk\u00f6z\u00f6k, j\u00e1t\u00e9kok, stb. beszerz\u00e9s\u00e9nek el\u0151seg\u00edt\u00e9se, a magasabb sz\u00ednvonal\u00fa kondukt\u00edv pedag\u00f3giai munka t\u00e1mogat\u00e1sa, k\u00fcl\u00f6n\u00f6s tekintettel a mozg\u00e1sfejl\u0151d\u00e9s\u00fckben s\u00e9r\u00fclt gyermekekre<\/strong><\/p>\n<p style=\"text-align: center\"><span style=\"color: #800000\">Ad\u00f3ja 1%-\u00e1nak elhelyez\u00e9sekor gondoljon a Pet\u0151 int\u00e9zet \u00f3vod\u00e1saira!<\/span><\/p>\n<p>&nbsp;<\/p>\n<p style=\"text-align: center\"><strong>Ad\u00f3sz\u00e1m: 18502992-1-13<\/strong><\/p>\n<p style=\"text-align: center\"><strong>Sz\u00e1mlasz\u00e1m: 11702036-20716910<\/strong><\/p>\n<p style=\"text-align: center\">Felaj\u00e1nl\u00e1s\u00e1t k\u00f6sz\u00f6nj\u00fck!<\/p>\n","protected":false},"excerpt":{"rendered":"<p>&nbsp;<br \/>\nKONDUKT\u00cdV \u00d3VOD\u00c1\u00c9RT ALAP\u00cdTV\u00c1NY<br \/>\nC\u00e9lunk:<br \/>\nAz \u00d3voda m\u0171k\u00f6d\u00e9s\u00e9hez sz\u00fcks\u00e9ges nevel\u00e9si-oktat\u00e1si eszk\u00f6z\u00f6k, j\u00e1t\u00e9kok, stb. beszerz\u00e9s\u00e9nek el\u0151seg\u00edt\u00e9se, a magasabb sz\u00ednvonal\u00fa kondukt\u00edv pedag\u00f3giai munka t\u00e1mogat\u00e1sa, k\u00fcl\u00f6n\u00f6s tekintettel a mozg\u00e1sfejl\u0151d\u00e9s\u00fckben s\u00e9r\u00fclt gyermekekre<br \/>\nAd\u00f3ja 1%-\u00e1nak elhelyez\u00e9sekor gondoljon a Pet\u0151 int\u00e9zet \u00f3vod\u00e1saira!<br \/>\n&nbsp;<br \/>\nAd\u00f3sz\u00e1m: 18502992-1-13<br \/>\nSz\u00e1mlasz\u00e1m: 11702036-20716910<br \/>\nFelaj\u00e1nl\u00e1s\u00e1t k\u00f6sz\u00f6nj\u00fck!<\/p>\n","protected":false},"author":101415,"featured_media":0,"parent":0,"menu_order":6,"comment_status":"closed","ping_status":"closed","template":"","meta":{"_acf_changed":false,"footnotes":""},"categories":[],"tags":[],"class_list":["post-43","page","type-page","status-publish","hentry"],"acf":[],"_links":{"self":[{"href":"https:\/\/semmelweis.hu\/peto-ovoda\/wp-json\/wp\/v2\/pages\/43","targetHints":{"allow":["GET"]}}],"collection":[{"href":"https:\/\/semmelweis.hu\/peto-ovoda\/wp-json\/wp\/v2\/pages"}],"about":[{"href":"https:\/\/semmelweis.hu\/peto-ovoda\/wp-json\/wp\/v2\/types\/page"}],"author":[{"embeddable":true,"href":"https:\/\/semmelweis.hu\/peto-ovoda\/wp-json\/wp\/v2\/users\/101415"}],"replies":[{"embeddable":true,"href":"https:\/\/semmelweis.hu\/peto-ovoda\/wp-json\/wp\/v2\/comments?post=43"}],"version-history":[{"count":11,"href":"https:\/\/semmelweis.hu\/peto-ovoda\/wp-json\/wp\/v2\/pages\/43\/revisions"}],"predecessor-version":[{"id":588,"href":"https:\/\/semmelweis.hu\/peto-ovoda\/wp-json\/wp\/v2\/pages\/43\/revisions\/588"}],"wp:attachment":[{"href":"https:\/\/semmelweis.hu\/peto-ovoda\/wp-json\/wp\/v2\/media?parent=43"}],"wp:term":[{"taxonomy":"category","embeddable":true,"href":"https:\/\/semmelweis.hu\/peto-ovoda\/wp-json\/wp\/v2\/categories?post=43"},{"taxonomy":"post_tag","embeddable":true,"href":"https:\/\/semmelweis.hu\/peto-ovoda\/wp-json\/wp\/v2\/tags?post=43"}],"curies":[{"name":"wp","href":"https:\/\/api.w.org\/{rel}","templated":true}]}}