{"id":40,"date":"2018-01-16T11:35:28","date_gmt":"2018-01-16T10:35:28","guid":{"rendered":"http:\/\/semmelweis.hu\/peto-ovoda\/?page_id=40"},"modified":"2026-01-22T09:29:31","modified_gmt":"2026-01-22T08:29:31","slug":"kapcsolat","status":"publish","type":"page","link":"https:\/\/semmelweis.hu\/peto-ovoda\/kapcsolat\/","title":{"rendered":"Kapcsolat"},"content":{"rendered":"<h2 style=\"text-align: center\">Semmelweis Egyetem Pet\u0151 Andr\u00e1s Gyakorl\u00f3 \u00d3vod\u00e1ja<\/h2>\n<p><strong>Az \u00f3voda c\u00edme:<\/strong>\u00a01125 Budapest K\u00fatv\u00f6lgyi \u00fat 8. &#8211;\u00a0<a href=\"https:\/\/goo.gl\/maps\/oXb2iVqGbDT2\" target=\"_blank\" rel=\"noopener noreferrer\">T\u00e9rk\u00e9p&#8230;<\/a><\/p>\n<p><strong>Levelez\u00e9si c\u00edm: <\/strong>1428 Bp. Pf.2.<\/p>\n<p><strong>E-mail c\u00edm:<\/strong> <a href=\"mailto:pak.gyakorloovoda@semmelweis-univ.hu\">pak.gyakorloovoda@semmelweis.hu<\/a><\/p>\n<p><strong>Telefon:\u00a0<\/strong>(1) 224-1585, 1586, 1588<\/p>\n<p><strong>OM azonos\u00edt\u00f3:<\/strong> 203001<\/p>\n<p><strong>M\u0171k\u00f6d\u00e9si ter\u00fclete:<\/strong> orsz\u00e1gos<\/p>\n<p>&nbsp;<\/p>\n<p><strong>\u00d3vodavezet\u0151: <\/strong>Antoni G\u00e1born\u00e9<br \/>Tel: (1) 224 \u20131585, <a href=\"antoni.gaborne@semmelweis.hu\">antoni.gaborne@semmelweis.hu<\/a><\/p>\n<p><strong>\u00d3vodavezet\u0151 helyettes:<\/strong> Heiner Kinga<br \/>Tel: (1) 224-1588, <a href=\"heiner.kinga@semmelweis.hu\">heiner.kinga@semmelweis.hu<\/a><\/p>\n<p><strong>\u00d3voda titk\u00e1r: <\/strong>F\u00fcl\u00f6p Anna<br \/>Tel.: (1) 224-1586, (20)557-5909, <a href=\"fulop.anna@semmelweis.hu\">fulop.anna@semmelweis.hu<\/a><\/p>\n<p><strong>Csib\u00e9szke csopo<\/strong><strong>rt<\/strong><br \/><strong>Csoportvezet\u0151:<\/strong> Szab\u00f3 Judit<br \/><strong>Tel.: <\/strong>(1) 224-1587<\/p>\n<p><strong>Mazsola csoport<\/strong><br \/><strong>Csoportvezet\u0151:<\/strong> Heged\u0171s Kinga<br \/><strong>Tel.: <\/strong>(1) 224-1500\/ 62431<\/p>\n<p><strong>Kisvakond<\/strong><strong> csoport<\/strong><br \/><strong>Csoportvezet\u0151:<\/strong> Bog\u00e1ti Bor\u00f3ka<br \/><strong>Tel.: <\/strong>(1) 224-1590<\/p>\n<p><strong>Katica csoport<\/strong><br \/><strong>Csoportvezet\u0151:<\/strong> Isp\u00e1nki \u00c1gnes<br \/><strong>Tel.: <\/strong>(1) 224-1589<\/p>\n<p><strong>Csigabiga csopo<\/strong><strong>rt<\/strong><br \/><strong>Csoportvezet\u0151:<\/strong> Monory R\u00e9ka<br \/><strong>Tel.:<\/strong> (1) 224-1500\/ 62402<\/p>\n<p><strong>M\u00e9hecske csoport<\/strong><br \/><strong>Csoportvezet\u0151:<\/strong> M\u00e1trai Szilvi<strong>a<br \/>Tel.:<\/strong> (1) 224-1500\/ 62411<\/p>\n<p>&nbsp;<\/p>\n","protected":false},"excerpt":{"rendered":"<p>Semmelweis Egyetem Pet\u0151 Andr\u00e1s Gyakorl\u00f3 \u00d3vod\u00e1ja Az \u00f3voda c\u00edme:\u00a01125 Budapest K\u00fatv\u00f6lgyi \u00fat 8. &#8211;\u00a0 <a href=\"https:\/\/goo.gl\/maps\/oXb2iVqGbDT2\" target=\"_blank\" rel=\"noopener noreferrer\">T\u00e9rk\u00e9p&#8230;<\/a> Levelez\u00e9si c\u00edm: 1428 Bp. Pf.2. E-mail c\u00edm: <a href=\"mailto:pak.gyakorloovoda@semmelweis-univ.hu\">pak.gyakorloovoda@semmelweis.hu<\/a> Telefon:\u00a0(1) 224-1585, 1586, 1588 OM azonos\u00edt\u00f3: 203001 M\u0171k\u00f6d\u00e9si ter\u00fclete: orsz\u00e1gos &nbsp; \u00d3vodavezet\u0151: Antoni G\u00e1born\u00e9Tel: (1) 224 \u20131585, <a href=\"antoni.gaborne@semmelweis.hu\">antoni.gaborne@semmelweis.hu<\/a> \u00d3vodavezet\u0151 helyettes: Heiner KingaTel: (1) 224-1588, <a href=\"heiner.kinga@semmelweis.hu\">heiner.kinga@semmelweis.hu<\/a> \u00d3voda titk\u00e1r: F\u00fcl\u00f6p AnnaTel.: (1) 224-1586, (20)557-5909, <a href=\"fulop.anna@semmelweis.hu\">fulop.anna@semmelweis.hu<\/a> Csib\u00e9szke csoportCsoportvezet\u0151: Szab\u00f3 JuditTel.: &hellip;<\/p>\n","protected":false},"author":158,"featured_media":0,"parent":0,"menu_order":5,"comment_status":"closed","ping_status":"closed","template":"","meta":{"_acf_changed":false,"footnotes":""},"categories":[],"tags":[],"class_list":["post-40","page","type-page","status-publish","hentry"],"acf":[],"_links":{"self":[{"href":"https:\/\/semmelweis.hu\/peto-ovoda\/wp-json\/wp\/v2\/pages\/40","targetHints":{"allow":["GET"]}}],"collection":[{"href":"https:\/\/semmelweis.hu\/peto-ovoda\/wp-json\/wp\/v2\/pages"}],"about":[{"href":"https:\/\/semmelweis.hu\/peto-ovoda\/wp-json\/wp\/v2\/types\/page"}],"author":[{"embeddable":true,"href":"https:\/\/semmelweis.hu\/peto-ovoda\/wp-json\/wp\/v2\/users\/158"}],"replies":[{"embeddable":true,"href":"https:\/\/semmelweis.hu\/peto-ovoda\/wp-json\/wp\/v2\/comments?post=40"}],"version-history":[{"count":11,"href":"https:\/\/semmelweis.hu\/peto-ovoda\/wp-json\/wp\/v2\/pages\/40\/revisions"}],"predecessor-version":[{"id":693,"href":"https:\/\/semmelweis.hu\/peto-ovoda\/wp-json\/wp\/v2\/pages\/40\/revisions\/693"}],"wp:attachment":[{"href":"https:\/\/semmelweis.hu\/peto-ovoda\/wp-json\/wp\/v2\/media?parent=40"}],"wp:term":[{"taxonomy":"category","embeddable":true,"href":"https:\/\/semmelweis.hu\/peto-ovoda\/wp-json\/wp\/v2\/categories?post=40"},{"taxonomy":"post_tag","embeddable":true,"href":"https:\/\/semmelweis.hu\/peto-ovoda\/wp-json\/wp\/v2\/tags?post=40"}],"curies":[{"name":"wp","href":"https:\/\/api.w.org\/{rel}","templated":true}]}}