{"id":25,"date":"2018-01-16T11:24:32","date_gmt":"2018-01-16T10:24:32","guid":{"rendered":"http:\/\/semmelweis.hu\/peto-ovoda\/?page_id=25"},"modified":"2023-10-13T11:56:27","modified_gmt":"2023-10-13T09:56:27","slug":"az-ovoda-dokumentumai","status":"publish","type":"page","link":"https:\/\/semmelweis.hu\/peto-ovoda\/az-ovoda-dokumentumai\/","title":{"rendered":"Dokumentumok"},"content":{"rendered":"<p><a href=\"https:\/\/semmelweis.hu\/peto-ovoda\/files\/2018\/02\/SE_PA_Pedagogiai_Program_2017.pdf\" target=\"_blank\" rel=\"alternate noopener noreferrer\">Pedag\u00f3giai Program<\/a><\/p>\n<p><a href=\"https:\/\/semmelweis.hu\/peto-ovoda\/files\/2022\/10\/SZMSZ-SE-PA-Gyakorlo-Ovodaja-2022.pdf\">SZMSZ<\/a><\/p>\n<p><a href=\"https:\/\/semmelweis.hu\/peto-ovoda\/files\/2023\/07\/SZMSZ-MODOSITAS-2023.pdf\">SZMSZ M\u00d3DOS\u00cdT\u00c1S 2023<\/a><\/p>\n<p><a href=\"https:\/\/semmelweis.hu\/peto-ovoda\/files\/2020\/09\/H\u00c1ZIREND-SE-PA-Gyakorl\u00f3-\u00d3vod\u00e1ja_2.sz_.-m\u00f3dos\u00edt\u00e1s.pdf\">H\u00e1zirend<\/a><\/p>\n<p><a href=\"https:\/\/semmelweis.hu\/peto-ovoda\/files\/2021\/11\/Alapito-okirat-2021_08_01.pdf\">Alap\u00edt\u00f3 okirat<\/a><\/p>\n<p>&nbsp;<\/p>\n","protected":false},"excerpt":{"rendered":"<p><a href=\"https:\/\/semmelweis.hu\/peto-ovoda\/files\/2018\/02\/SE_PA_Pedagogiai_Program_2017.pdf\" target=\"_blank\" rel=\"alternate noopener noreferrer\">Pedag\u00f3giai Program<\/a><br \/>\n<a href=\"https:\/\/semmelweis.hu\/peto-ovoda\/files\/2022\/10\/SZMSZ-SE-PA-Gyakorlo-Ovodaja-2022.pdf\">SZMSZ<\/a><br \/>\n<a href=\"https:\/\/semmelweis.hu\/peto-ovoda\/files\/2023\/07\/SZMSZ-MODOSITAS-2023.pdf\">SZMSZ M\u00d3DOS\u00cdT\u00c1S 2023<\/a><br \/>\n<a href=\"https:\/\/semmelweis.hu\/peto-ovoda\/files\/2020\/09\/H\u00c1ZIREND-SE-PA-Gyakorl\u00f3-\u00d3vod\u00e1ja_2.sz_.-m\u00f3dos\u00edt\u00e1s.pdf\">H\u00e1zirend<\/a><br \/>\n<a href=\"https:\/\/semmelweis.hu\/peto-ovoda\/files\/2021\/11\/Alapito-okirat-2021_08_01.pdf\">Alap\u00edt\u00f3 okirat<\/a><br \/>\n&nbsp;<\/p>\n","protected":false},"author":101415,"featured_media":0,"parent":0,"menu_order":4,"comment_status":"closed","ping_status":"closed","template":"","meta":{"_acf_changed":false,"footnotes":""},"categories":[],"tags":[],"class_list":["post-25","page","type-page","status-publish","hentry"],"acf":[],"_links":{"self":[{"href":"https:\/\/semmelweis.hu\/peto-ovoda\/wp-json\/wp\/v2\/pages\/25","targetHints":{"allow":["GET"]}}],"collection":[{"href":"https:\/\/semmelweis.hu\/peto-ovoda\/wp-json\/wp\/v2\/pages"}],"about":[{"href":"https:\/\/semmelweis.hu\/peto-ovoda\/wp-json\/wp\/v2\/types\/page"}],"author":[{"embeddable":true,"href":"https:\/\/semmelweis.hu\/peto-ovoda\/wp-json\/wp\/v2\/users\/101415"}],"replies":[{"embeddable":true,"href":"https:\/\/semmelweis.hu\/peto-ovoda\/wp-json\/wp\/v2\/comments?post=25"}],"version-history":[{"count":9,"href":"https:\/\/semmelweis.hu\/peto-ovoda\/wp-json\/wp\/v2\/pages\/25\/revisions"}],"predecessor-version":[{"id":602,"href":"https:\/\/semmelweis.hu\/peto-ovoda\/wp-json\/wp\/v2\/pages\/25\/revisions\/602"}],"wp:attachment":[{"href":"https:\/\/semmelweis.hu\/peto-ovoda\/wp-json\/wp\/v2\/media?parent=25"}],"wp:term":[{"taxonomy":"category","embeddable":true,"href":"https:\/\/semmelweis.hu\/peto-ovoda\/wp-json\/wp\/v2\/categories?post=25"},{"taxonomy":"post_tag","embeddable":true,"href":"https:\/\/semmelweis.hu\/peto-ovoda\/wp-json\/wp\/v2\/tags?post=25"}],"curies":[{"name":"wp","href":"https:\/\/api.w.org\/{rel}","templated":true}]}}