{"id":8901,"date":"2025-02-13T10:03:31","date_gmt":"2025-02-13T09:03:31","guid":{"rendered":"https:\/\/semmelweis.hu\/peto-ekpmi\/?page_id=8901"},"modified":"2025-04-17T09:50:53","modified_gmt":"2025-04-17T07:50:53","slug":"iskolakert","status":"publish","type":"page","link":"https:\/\/semmelweis.hu\/peto-ekpmi\/kollegium-okoiskola-iskolakert\/iskolakert\/","title":{"rendered":"Iskolakert"},"content":{"rendered":"<div class=\"keretes w-100\">\n<p>Nagy \u00f6r\u00f6m\u00fcnkre az <a href=\"https:\/\/www.iskolakertekert.hu\/hu\/a-programrol\/aktualis-palyazat\" target=\"_blank\" rel=\"noopener\">Iskolakert program<\/a> keret\u00e9ben p\u00e1ly\u00e1zatunk nyertes lett az iskolakert kezd\u0151 kateg\u00f3ri\u00e1j\u00e1ban. \u00cdgy iskol\u00e1nk nagy \u00e9rt\u00e9k\u0171 kert\u00e9szeti eszk\u00f6z- \u00e9s vet\u0151magcsomagot kapott.<\/p>\n<\/div>\n<p style=\"text-align: justify\"><strong>A program \u00e1ltal biztos\u00edtott 50 helyre<\/strong>\u00a0\u00f6sszesen 228 p\u00e1ly\u00e1zat \u00e9rkezett be, ami 4,6-szoros t\u00faljelentkez\u00e9st jelent (\u00f3vod\u00e1k eset\u00e9ben h\u00e1romszoros, iskol\u00e1k eset\u00e9ben hatszoros volt a t\u00faljelentkez\u00e9s).<\/p>\n<p style=\"text-align: justify\">Az program vezet\u0151je Utassy-Hajd\u00fa Kl\u00e1ra egy harminc \u00f3r\u00e1s, akkredit\u00e1lt \u201eIskolakerti alapoz\u00f3\u201d pedag\u00f3gus-tov\u00e1bbk\u00e9pz\u00e9sen vesz r\u00e9szt. A programhoz seg\u00edts\u00e9get is kapunk egy \u00f6kol\u00f3giai szeml\u00e9let\u0171 kert\u00e9sz szakembert\u0151l, aki ell\u00e1togat hozz\u00e1nk, \u00e9s seg\u00edt kihaszn\u00e1lni a m\u00e1r megl\u00e9v\u0151 tapasztalatot, tud\u00e1st \u00e9s \u00e1tgondolni a tov\u00e1bbi lehet\u0151s\u00e9geket. Emellett gyakorlott iskolakert-vezet\u0151 seg\u00edt abban, hogy a kert kialak\u00edt\u00e1s\u00e1n\u00e1l \u00e9s a hozz\u00e1 k\u00f6t\u0151d\u0151 tev\u00e9kenys\u00e9gek szervez\u00e9sekor min\u00e9l sokoldal\u00fabban \u00e9rv\u00e9nyes\u00fcljenek a pedag\u00f3giai szempontok. K\u00f6sz\u00f6nj\u00fck az eddigi t\u00e1mogat\u00e1sokat a Parkfenntart\u00e1si Oszt\u00e1ly r\u00e9sz\u00e9r\u0151l \u00e9s kert\u00e9sz\u00fcnk Sepsik Istv\u00e1n k\u00f6r\u00fcltekint\u0151\u00a0 seg\u00edts\u00e9g\u00e9t tanul\u00f3ink <span style=\"font-size: 1rem\">tervez\u0151 <\/span><span style=\"font-size: 1rem\">munk\u00e1j\u00e1hoz az \u00faj kertr\u00e9sz el\u0151k\u00e9sz\u00edt\u00e9s\u00e9ben!<\/span><\/p>\n<p><a href=\"https:\/\/semmelweis.hu\/peto-ekpmi\/files\/2025\/02\/20250211_104417-scaled.jpg\"><img loading=\"lazy\" decoding=\"async\" class=\"alignleft size-full wp-image-8906\" src=\"https:\/\/semmelweis.hu\/peto-ekpmi\/files\/2025\/02\/20250211_104417-scaled.jpg\" alt=\"\" width=\"2560\" height=\"1920\" srcset=\"https:\/\/semmelweis.hu\/peto-ekpmi\/files\/2025\/02\/20250211_104417-scaled.jpg 2560w, https:\/\/semmelweis.hu\/peto-ekpmi\/files\/2025\/02\/20250211_104417-400x300.jpg 400w, https:\/\/semmelweis.hu\/peto-ekpmi\/files\/2025\/02\/20250211_104417-1024x768.jpg 1024w, https:\/\/semmelweis.hu\/peto-ekpmi\/files\/2025\/02\/20250211_104417-768x576.jpg 768w, https:\/\/semmelweis.hu\/peto-ekpmi\/files\/2025\/02\/20250211_104417-1536x1152.jpg 1536w, https:\/\/semmelweis.hu\/peto-ekpmi\/files\/2025\/02\/20250211_104417-2048x1536.jpg 2048w, https:\/\/semmelweis.hu\/peto-ekpmi\/files\/2025\/02\/20250211_104417-753x565.jpg 753w\" sizes=\"auto, (max-width: 2560px) 100vw, 2560px\" \/><\/a><\/p>\n","protected":false},"excerpt":{"rendered":"<p>Nagy \u00f6r\u00f6m\u00fcnkre az <a href=\"https:\/\/www.iskolakertekert.hu\/hu\/a-programrol\/aktualis-palyazat\" target=\"_blank\" rel=\"noopener\">Iskolakert program<\/a> keret\u00e9ben p\u00e1ly\u00e1zatunk nyertes lett az iskolakert kezd\u0151 kateg\u00f3ri\u00e1j\u00e1ban. \u00cdgy iskol\u00e1nk nagy \u00e9rt\u00e9k\u0171 kert\u00e9szeti eszk\u00f6z- \u00e9s vet\u0151magcsomagot kapott. A program \u00e1ltal biztos\u00edtott 50 helyre\u00a0\u00f6sszesen 228 p\u00e1ly\u00e1zat \u00e9rkezett be, ami 4,6-szoros t\u00faljelentkez\u00e9st jelent (\u00f3vod\u00e1k eset\u00e9ben h\u00e1romszoros, iskol\u00e1k eset\u00e9ben hatszoros volt a t\u00faljelentkez\u00e9s). Az program vezet\u0151je Utassy-Hajd\u00fa Kl\u00e1ra egy harminc \u00f3r\u00e1s, akkredit\u00e1lt \u201eIskolakerti alapoz\u00f3\u201d pedag\u00f3gus-tov\u00e1bbk\u00e9pz\u00e9sen &hellip;<\/p>\n","protected":false},"author":101410,"featured_media":0,"parent":5593,"menu_order":3,"comment_status":"closed","ping_status":"closed","template":"","meta":{"_acf_changed":false,"footnotes":""},"categories":[],"tags":[],"class_list":["post-8901","page","type-page","status-publish","hentry"],"acf":[],"_links":{"self":[{"href":"https:\/\/semmelweis.hu\/peto-ekpmi\/wp-json\/wp\/v2\/pages\/8901","targetHints":{"allow":["GET"]}}],"collection":[{"href":"https:\/\/semmelweis.hu\/peto-ekpmi\/wp-json\/wp\/v2\/pages"}],"about":[{"href":"https:\/\/semmelweis.hu\/peto-ekpmi\/wp-json\/wp\/v2\/types\/page"}],"author":[{"embeddable":true,"href":"https:\/\/semmelweis.hu\/peto-ekpmi\/wp-json\/wp\/v2\/users\/101410"}],"replies":[{"embeddable":true,"href":"https:\/\/semmelweis.hu\/peto-ekpmi\/wp-json\/wp\/v2\/comments?post=8901"}],"version-history":[{"count":6,"href":"https:\/\/semmelweis.hu\/peto-ekpmi\/wp-json\/wp\/v2\/pages\/8901\/revisions"}],"predecessor-version":[{"id":9064,"href":"https:\/\/semmelweis.hu\/peto-ekpmi\/wp-json\/wp\/v2\/pages\/8901\/revisions\/9064"}],"up":[{"embeddable":true,"href":"https:\/\/semmelweis.hu\/peto-ekpmi\/wp-json\/wp\/v2\/pages\/5593"}],"wp:attachment":[{"href":"https:\/\/semmelweis.hu\/peto-ekpmi\/wp-json\/wp\/v2\/media?parent=8901"}],"wp:term":[{"taxonomy":"category","embeddable":true,"href":"https:\/\/semmelweis.hu\/peto-ekpmi\/wp-json\/wp\/v2\/categories?post=8901"},{"taxonomy":"post_tag","embeddable":true,"href":"https:\/\/semmelweis.hu\/peto-ekpmi\/wp-json\/wp\/v2\/tags?post=8901"}],"curies":[{"name":"wp","href":"https:\/\/api.w.org\/{rel}","templated":true}]}}