{"id":8659,"date":"2024-11-07T07:40:15","date_gmt":"2024-11-07T06:40:15","guid":{"rendered":"https:\/\/semmelweis.hu\/peto-ekpmi\/?page_id=8659"},"modified":"2024-11-07T07:40:15","modified_gmt":"2024-11-07T06:40:15","slug":"buszkesegeink","status":"publish","type":"page","link":"https:\/\/semmelweis.hu\/peto-ekpmi\/iskola\/gyakorlo-altalanos-iskola-bemutatkozas\/buszkesegeink\/","title":{"rendered":"B\u00fcszkes\u00e9geink"},"content":{"rendered":"<div class=\"flex max-w-full flex-col flex-grow\">\n<div class=\"min-h-8 text-message flex w-full flex-col items-end gap-2 whitespace-normal break-words [.text-message+&amp;]:mt-5\" dir=\"auto\" data-message-author-role=\"assistant\" data-message-id=\"f39305bd-871d-45d1-932d-12810d199b75\" data-message-model-slug=\"gpt-4o\">\n<div class=\"flex w-full flex-col gap-1 empty:hidden first:pt-[3px]\">\n<div class=\"markdown prose w-full break-words dark:prose-invert light\">\n<div class=\"keretes w-100\">\n<p style=\"text-align: justify\">Kondukt\u00edv Gyakorl\u00f3 \u00c1ltal\u00e1nos Iskol\u00e1nkban sz\u00edvb\u0151l t\u00e1mogatjuk di\u00e1kjaink \u00e9s pedag\u00f3gusaink kiemelked\u0151 teljes\u00edtm\u00e9ny\u00e9t, versenyeit \u00e9s minden olyan k\u00fcl\u00f6nleges esem\u00e9nyt, amely az iskola szellemis\u00e9g\u00e9t t\u00fckr\u00f6zi. Ezen az oldalon kereszt\u00fcl szeretn\u00e9nk megosztani k\u00f6z\u00f6ss\u00e9g\u00fcnkkel azokat a pillanatokat \u00e9s sikereket, amelyek inspir\u00e1lj\u00e1k \u00e9s motiv\u00e1lj\u00e1k di\u00e1kjainkat \u00e9s pedag\u00f3gusainkat egyar\u00e1nt.\u00a0<\/p>\n<\/div>\n<p><figure id=\"attachment_8732\" aria-describedby=\"caption-attachment-8732\" style=\"width: 283px\" class=\"wp-caption alignright\"><a href=\"https:\/\/semmelweis.hu\/peto-ekpmi\/files\/2024\/11\/SE_Peto_Andras_Gyak_AI_SzI_EKPM_Elismero-oklevel_MPN2024_Programbeszamolo_palyazat_page-0001.jpg\"><img loading=\"lazy\" decoding=\"async\" class=\"wp-image-8732 size-medium\" src=\"https:\/\/semmelweis.hu\/peto-ekpmi\/files\/2024\/11\/SE_Peto_Andras_Gyak_AI_SzI_EKPM_Elismero-oklevel_MPN2024_Programbeszamolo_palyazat_page-0001-283x400.jpg\" alt=\"Elismer\u0151 oklev\u00e9l\" width=\"283\" height=\"400\" srcset=\"https:\/\/semmelweis.hu\/peto-ekpmi\/files\/2024\/11\/SE_Peto_Andras_Gyak_AI_SzI_EKPM_Elismero-oklevel_MPN2024_Programbeszamolo_palyazat_page-0001-283x400.jpg 283w, https:\/\/semmelweis.hu\/peto-ekpmi\/files\/2024\/11\/SE_Peto_Andras_Gyak_AI_SzI_EKPM_Elismero-oklevel_MPN2024_Programbeszamolo_palyazat_page-0001-724x1024.jpg 724w, https:\/\/semmelweis.hu\/peto-ekpmi\/files\/2024\/11\/SE_Peto_Andras_Gyak_AI_SzI_EKPM_Elismero-oklevel_MPN2024_Programbeszamolo_palyazat_page-0001-768x1086.jpg 768w, https:\/\/semmelweis.hu\/peto-ekpmi\/files\/2024\/11\/SE_Peto_Andras_Gyak_AI_SzI_EKPM_Elismero-oklevel_MPN2024_Programbeszamolo_palyazat_page-0001-1086x1536.jpg 1086w, https:\/\/semmelweis.hu\/peto-ekpmi\/files\/2024\/11\/SE_Peto_Andras_Gyak_AI_SzI_EKPM_Elismero-oklevel_MPN2024_Programbeszamolo_palyazat_page-0001-753x1065.jpg 753w, https:\/\/semmelweis.hu\/peto-ekpmi\/files\/2024\/11\/SE_Peto_Andras_Gyak_AI_SzI_EKPM_Elismero-oklevel_MPN2024_Programbeszamolo_palyazat_page-0001.jpg 1241w\" sizes=\"auto, (max-width: 283px) 100vw, 283px\" \/><\/a><figcaption id=\"caption-attachment-8732\" class=\"wp-caption-text\">Elismer\u0151 oklev\u00e9l<\/figcaption><\/figure> <figure id=\"attachment_8733\" aria-describedby=\"caption-attachment-8733\" style=\"width: 283px\" class=\"wp-caption alignnone\"><a href=\"https:\/\/semmelweis.hu\/peto-ekpmi\/files\/2024\/11\/Peto-Andras-Konduktiv-Gyakorlo-Altalanos-Iskola_page-0001.jpg\"><img loading=\"lazy\" decoding=\"async\" class=\"wp-image-8733 size-medium\" src=\"https:\/\/semmelweis.hu\/peto-ekpmi\/files\/2024\/11\/Peto-Andras-Konduktiv-Gyakorlo-Altalanos-Iskola_page-0001-283x400.jpg\" alt=\"Beck N\u00f3ra, J\u00e1mbor Gerg\u0151, Lov\u00e1szi R\u00f3bert, Nagy J\u00e1zmin, Piroska Vir\u00e1g Amanda, Rost\u00e1s L\u00e1szl\u00f3 \u00c1d\u00e1m, Szimandl Zsolt Rich\u00e1rd, Veress Dominik, Zsoh\u00e1r F\u00e9lix Elismer\u0151 oklev\u00e9l\" width=\"283\" height=\"400\" srcset=\"https:\/\/semmelweis.hu\/peto-ekpmi\/files\/2024\/11\/Peto-Andras-Konduktiv-Gyakorlo-Altalanos-Iskola_page-0001-283x400.jpg 283w, https:\/\/semmelweis.hu\/peto-ekpmi\/files\/2024\/11\/Peto-Andras-Konduktiv-Gyakorlo-Altalanos-Iskola_page-0001-724x1024.jpg 724w, https:\/\/semmelweis.hu\/peto-ekpmi\/files\/2024\/11\/Peto-Andras-Konduktiv-Gyakorlo-Altalanos-Iskola_page-0001-768x1086.jpg 768w, https:\/\/semmelweis.hu\/peto-ekpmi\/files\/2024\/11\/Peto-Andras-Konduktiv-Gyakorlo-Altalanos-Iskola_page-0001-1086x1536.jpg 1086w, https:\/\/semmelweis.hu\/peto-ekpmi\/files\/2024\/11\/Peto-Andras-Konduktiv-Gyakorlo-Altalanos-Iskola_page-0001-753x1065.jpg 753w, https:\/\/semmelweis.hu\/peto-ekpmi\/files\/2024\/11\/Peto-Andras-Konduktiv-Gyakorlo-Altalanos-Iskola_page-0001.jpg 1241w\" sizes=\"auto, (max-width: 283px) 100vw, 283px\" \/><\/a><figcaption id=\"caption-attachment-8733\" class=\"wp-caption-text\"><span style=\"font-size: 10pt\">Beck N\u00f3ra, J\u00e1mbor Gerg\u0151, Lov\u00e1szi R\u00f3bert, Nagy J\u00e1zmin, Piroska Vir\u00e1g Amanda, Rost\u00e1s L\u00e1szl\u00f3 \u00c1d\u00e1m, Szimandl Zsolt Rich\u00e1rd, Veress Dominik, Zsoh\u00e1r F\u00e9lix Elismer\u0151 oklev\u00e9l<\/span><\/figcaption><\/figure> <figure id=\"attachment_8734\" aria-describedby=\"caption-attachment-8734\" style=\"width: 283px\" class=\"wp-caption alignleft\"><a href=\"https:\/\/semmelweis.hu\/peto-ekpmi\/files\/2024\/11\/Vigh_Csenge_Elismero-oklevel_MPN2024_Rajz_es_montazspalyazat_EGYMI_page-0001.jpg\"><img loading=\"lazy\" decoding=\"async\" class=\"size-medium wp-image-8734\" src=\"https:\/\/semmelweis.hu\/peto-ekpmi\/files\/2024\/11\/Vigh_Csenge_Elismero-oklevel_MPN2024_Rajz_es_montazspalyazat_EGYMI_page-0001-283x400.jpg\" alt=\"V\u00edgh Csenge Elismer\u0151 oklev\u00e9l\" width=\"283\" height=\"400\" srcset=\"https:\/\/semmelweis.hu\/peto-ekpmi\/files\/2024\/11\/Vigh_Csenge_Elismero-oklevel_MPN2024_Rajz_es_montazspalyazat_EGYMI_page-0001-283x400.jpg 283w, https:\/\/semmelweis.hu\/peto-ekpmi\/files\/2024\/11\/Vigh_Csenge_Elismero-oklevel_MPN2024_Rajz_es_montazspalyazat_EGYMI_page-0001-724x1024.jpg 724w, https:\/\/semmelweis.hu\/peto-ekpmi\/files\/2024\/11\/Vigh_Csenge_Elismero-oklevel_MPN2024_Rajz_es_montazspalyazat_EGYMI_page-0001-768x1086.jpg 768w, https:\/\/semmelweis.hu\/peto-ekpmi\/files\/2024\/11\/Vigh_Csenge_Elismero-oklevel_MPN2024_Rajz_es_montazspalyazat_EGYMI_page-0001-1086x1536.jpg 1086w, https:\/\/semmelweis.hu\/peto-ekpmi\/files\/2024\/11\/Vigh_Csenge_Elismero-oklevel_MPN2024_Rajz_es_montazspalyazat_EGYMI_page-0001-753x1065.jpg 753w, https:\/\/semmelweis.hu\/peto-ekpmi\/files\/2024\/11\/Vigh_Csenge_Elismero-oklevel_MPN2024_Rajz_es_montazspalyazat_EGYMI_page-0001.jpg 1241w\" sizes=\"auto, (max-width: 283px) 100vw, 283px\" \/><\/a><figcaption id=\"caption-attachment-8734\" class=\"wp-caption-text\">V\u00edgh Csenge Elismer\u0151 oklev\u00e9l<\/figcaption><\/figure>\n<\/div>\n<\/div>\n<\/div>\n<\/div>\n","protected":false},"excerpt":{"rendered":"<p>Kondukt\u00edv Gyakorl\u00f3 \u00c1ltal\u00e1nos Iskol\u00e1nkban sz\u00edvb\u0151l t\u00e1mogatjuk di\u00e1kjaink \u00e9s pedag\u00f3gusaink kiemelked\u0151 teljes\u00edtm\u00e9ny\u00e9t, versenyeit \u00e9s minden olyan k\u00fcl\u00f6nleges esem\u00e9nyt, amely az iskola szellemis\u00e9g\u00e9t t\u00fckr\u00f6zi. Ezen az oldalon kereszt\u00fcl szeretn\u00e9nk megosztani k\u00f6z\u00f6ss\u00e9g\u00fcnkkel azokat a pillanatokat \u00e9s sikereket, amelyek inspir\u00e1lj\u00e1k \u00e9s motiv\u00e1lj\u00e1k di\u00e1kjainkat \u00e9s pedag\u00f3gusainkat egyar\u00e1nt.\u00a0<\/p>\n","protected":false},"author":101947,"featured_media":0,"parent":296,"menu_order":0,"comment_status":"closed","ping_status":"closed","template":"","meta":{"_acf_changed":false,"footnotes":""},"categories":[],"tags":[],"class_list":["post-8659","page","type-page","status-publish","hentry"],"acf":[],"_links":{"self":[{"href":"https:\/\/semmelweis.hu\/peto-ekpmi\/wp-json\/wp\/v2\/pages\/8659","targetHints":{"allow":["GET"]}}],"collection":[{"href":"https:\/\/semmelweis.hu\/peto-ekpmi\/wp-json\/wp\/v2\/pages"}],"about":[{"href":"https:\/\/semmelweis.hu\/peto-ekpmi\/wp-json\/wp\/v2\/types\/page"}],"author":[{"embeddable":true,"href":"https:\/\/semmelweis.hu\/peto-ekpmi\/wp-json\/wp\/v2\/users\/101947"}],"replies":[{"embeddable":true,"href":"https:\/\/semmelweis.hu\/peto-ekpmi\/wp-json\/wp\/v2\/comments?post=8659"}],"version-history":[{"count":8,"href":"https:\/\/semmelweis.hu\/peto-ekpmi\/wp-json\/wp\/v2\/pages\/8659\/revisions"}],"predecessor-version":[{"id":8758,"href":"https:\/\/semmelweis.hu\/peto-ekpmi\/wp-json\/wp\/v2\/pages\/8659\/revisions\/8758"}],"up":[{"embeddable":true,"href":"https:\/\/semmelweis.hu\/peto-ekpmi\/wp-json\/wp\/v2\/pages\/296"}],"wp:attachment":[{"href":"https:\/\/semmelweis.hu\/peto-ekpmi\/wp-json\/wp\/v2\/media?parent=8659"}],"wp:term":[{"taxonomy":"category","embeddable":true,"href":"https:\/\/semmelweis.hu\/peto-ekpmi\/wp-json\/wp\/v2\/categories?post=8659"},{"taxonomy":"post_tag","embeddable":true,"href":"https:\/\/semmelweis.hu\/peto-ekpmi\/wp-json\/wp\/v2\/tags?post=8659"}],"curies":[{"name":"wp","href":"https:\/\/api.w.org\/{rel}","templated":true}]}}