{"id":8382,"date":"2024-06-29T07:10:42","date_gmt":"2024-06-29T05:10:42","guid":{"rendered":"https:\/\/semmelweis.hu\/peto-ekpmi\/?page_id=8382"},"modified":"2025-11-26T07:03:25","modified_gmt":"2025-11-26T06:03:25","slug":"peto-75","status":"publish","type":"page","link":"https:\/\/semmelweis.hu\/peto-ekpmi\/peto-75\/","title":{"rendered":"Pet\u0151 75"},"content":{"rendered":"<p><a href=\"https:\/\/semmelweis.hu\/peto-ekpmi\/files\/2025\/02\/Molino-ADAM-scaled.jpg\"><img loading=\"lazy\" decoding=\"async\" class=\"alignleft size-full wp-image-8929\" src=\"https:\/\/semmelweis.hu\/peto-ekpmi\/files\/2025\/02\/Molino-ADAM-scaled.jpg\" alt=\"\" width=\"2560\" height=\"412\" srcset=\"https:\/\/semmelweis.hu\/peto-ekpmi\/files\/2025\/02\/Molino-ADAM-scaled.jpg 2560w, https:\/\/semmelweis.hu\/peto-ekpmi\/files\/2025\/02\/Molino-ADAM-400x64.jpg 400w, https:\/\/semmelweis.hu\/peto-ekpmi\/files\/2025\/02\/Molino-ADAM-1024x165.jpg 1024w, https:\/\/semmelweis.hu\/peto-ekpmi\/files\/2025\/02\/Molino-ADAM-768x124.jpg 768w, https:\/\/semmelweis.hu\/peto-ekpmi\/files\/2025\/02\/Molino-ADAM-1536x247.jpg 1536w, https:\/\/semmelweis.hu\/peto-ekpmi\/files\/2025\/02\/Molino-ADAM-2048x330.jpg 2048w, https:\/\/semmelweis.hu\/peto-ekpmi\/files\/2025\/02\/Molino-ADAM-753x121.jpg 753w\" sizes=\"auto, (max-width: 2560px) 100vw, 2560px\" \/><\/a><\/p>\n<div class=\"fontos_div w-100\">\n<p style=\"text-align: justify\"><em style=\"color: #1e2326;font-family: 'PT serif', serif;font-size: 1rem\">1950. febru\u00e1r elsej\u00e9n alap\u00edtotta meg a Magyar \u00c1llam hivatalosan az <strong>Orsz\u00e1gos Mozg\u00e1ster\u00e1piai Int\u00e9zetet<\/strong> a 1118 Vill\u00e1nyi \u00fat 67. sz\u00e1m alatti f\u00f6ldszintes \u00e9p\u00fcletben, ahol Pet\u0151 Andr\u00e1s vezet\u00e9s\u00e9vel, orsz\u00e1gos hat\u00e1sk\u00f6rrel, kiz\u00e1r\u00f3lag a <strong>kondukt\u00edv pedag\u00f3gia<\/strong> nevel\u00e9si elvei \u00e9s programja alapj\u00e1n folyt a nevel\u0151-fejleszt\u0151 tev\u00e9kenys\u00e9g.<\/em><\/p>\n<\/div>\n<div class=\"fontos_div\">\n<p><strong>M\u00f3dszertani int\u00e9zm\u00e9ny\u00fcnk eg\u00e9sz \u00e9ves programsorozat keret\u00e9ben eml\u00e9kezett meg az alap\u00edt\u00e1s \u00e9s a fenn\u00e1ll\u00e1s 75. \u00e9vfordul\u00f3j\u00e1r\u00f3l.<\/strong><\/p>\n<\/div>\n<h5>Jubileumi esem\u00e9nyeink:<\/h5>\n<ul>\n<li>2025.11.24. J\u00d3T\u00c9KONYS\u00c1GI KONCERT<\/li>\n<\/ul>\n<p><iframe loading=\"lazy\" src=\"https:\/\/www.youtube.com\/embed\/tFaOnl74PMA\" width=\"942\" height=\"530\"><\/iframe><\/p>\n<h6>\u00a0<\/h6>\n<ul>\n<li>\n<h6>2025.06.23 <a href=\"https:\/\/semmelweis.hu\/peto-ekpmi\/files\/2025\/06\/Peto-75-meghivo-16.pdf\">JUBILEUMI \u00dcNNEPS\u00c9G<\/a><\/h6>\n<\/li>\n<li>\n<h6>2025.06.04\u00a0<a href=\"https:\/\/semmelweis.hu\/peto-ekpmi\/2025\/05\/31\/kertavato-unnepseg-a-szakiskolan\/\" target=\"_blank\" rel=\"noopener\">ISKOLAKERT AVAT\u00c1S<\/a><\/h6>\n<\/li>\n<li>\n<h6>2025.05.31\u00a0<a href=\"https:\/\/...\">\u00d6REGDI\u00c1K TAL\u00c1LKOZ\u00d3<\/a><\/h6>\n<\/li>\n<li>\n<h6>2025.04.09 SZAVAL\u00d3 VERSENY<\/h6>\n<\/li>\n<li>\n<h6 style=\"margin-top: 0px;margin-bottom: 1em;font-weight: normal;line-height: 1.2;font-size: 20px;font-family: Montserrat, sans-serif;color: #313b40\">2025.02.26 \u00c9NEK VERSENY<\/h6>\n<\/li>\n<li>\n<h6>2025.02.19 PARASPORT NAP<\/h6>\n<\/li>\n<\/ul>\n","protected":false},"excerpt":{"rendered":"<p><a href=\"https:\/\/semmelweis.hu\/peto-ekpmi\/files\/2025\/02\/Molino-ADAM-scaled.jpg\"><\/a> 1950. febru\u00e1r elsej\u00e9n alap\u00edtotta meg a Magyar \u00c1llam hivatalosan az Orsz\u00e1gos Mozg\u00e1ster\u00e1piai Int\u00e9zetet a 1118 Vill\u00e1nyi \u00fat 67. sz\u00e1m alatti f\u00f6ldszintes \u00e9p\u00fcletben, ahol Pet\u0151 Andr\u00e1s vezet\u00e9s\u00e9vel, orsz\u00e1gos hat\u00e1sk\u00f6rrel, kiz\u00e1r\u00f3lag a kondukt\u00edv pedag\u00f3gia nevel\u00e9si elvei \u00e9s programja alapj\u00e1n folyt a nevel\u0151-fejleszt\u0151 tev\u00e9kenys\u00e9g. M\u00f3dszertani int\u00e9zm\u00e9ny\u00fcnk eg\u00e9sz \u00e9ves programsorozat keret\u00e9ben eml\u00e9kezett meg az alap\u00edt\u00e1s \u00e9s a fenn\u00e1ll\u00e1s 75. &hellip;<\/p>\n","protected":false},"author":101410,"featured_media":0,"parent":0,"menu_order":0,"comment_status":"closed","ping_status":"closed","template":"","meta":{"_acf_changed":false,"footnotes":""},"categories":[],"tags":[],"class_list":["post-8382","page","type-page","status-publish","hentry"],"acf":[],"_links":{"self":[{"href":"https:\/\/semmelweis.hu\/peto-ekpmi\/wp-json\/wp\/v2\/pages\/8382","targetHints":{"allow":["GET"]}}],"collection":[{"href":"https:\/\/semmelweis.hu\/peto-ekpmi\/wp-json\/wp\/v2\/pages"}],"about":[{"href":"https:\/\/semmelweis.hu\/peto-ekpmi\/wp-json\/wp\/v2\/types\/page"}],"author":[{"embeddable":true,"href":"https:\/\/semmelweis.hu\/peto-ekpmi\/wp-json\/wp\/v2\/users\/101410"}],"replies":[{"embeddable":true,"href":"https:\/\/semmelweis.hu\/peto-ekpmi\/wp-json\/wp\/v2\/comments?post=8382"}],"version-history":[{"count":10,"href":"https:\/\/semmelweis.hu\/peto-ekpmi\/wp-json\/wp\/v2\/pages\/8382\/revisions"}],"predecessor-version":[{"id":9426,"href":"https:\/\/semmelweis.hu\/peto-ekpmi\/wp-json\/wp\/v2\/pages\/8382\/revisions\/9426"}],"wp:attachment":[{"href":"https:\/\/semmelweis.hu\/peto-ekpmi\/wp-json\/wp\/v2\/media?parent=8382"}],"wp:term":[{"taxonomy":"category","embeddable":true,"href":"https:\/\/semmelweis.hu\/peto-ekpmi\/wp-json\/wp\/v2\/categories?post=8382"},{"taxonomy":"post_tag","embeddable":true,"href":"https:\/\/semmelweis.hu\/peto-ekpmi\/wp-json\/wp\/v2\/tags?post=8382"}],"curies":[{"name":"wp","href":"https:\/\/api.w.org\/{rel}","templated":true}]}}