{"id":6562,"date":"2021-12-06T15:07:38","date_gmt":"2021-12-06T14:07:38","guid":{"rendered":"https:\/\/semmelweis.hu\/peto-ekpmi\/?page_id=6562"},"modified":"2024-07-11T05:30:42","modified_gmt":"2024-07-11T03:30:42","slug":"okoiskola","status":"publish","type":"page","link":"https:\/\/semmelweis.hu\/peto-ekpmi\/kollegium-okoiskola-iskolakert\/okoiskola\/","title":{"rendered":"\u00d6koiskola"},"content":{"rendered":"<div class=\"keretes w-100\">\n<p style=\"text-align: justify\"><strong>Int\u00e9zm\u00e9ny\u00fcnkben nagy hangs\u00falyt fektet\u00fcnk az \u00f6kol\u00f3giai szeml\u00e9let\u0171 oktat\u00f3- \u00e9s nevel\u0151munk\u00e1ra. Gyermekeinket a term\u00e9szet szeretet\u00e9re, k\u00f6rnyezettudatos gondolkod\u00e1sra \u00e9s magatart\u00e1sra nevelj\u00fck, mely szeml\u00e9letm\u00f3d a kondukt\u00edv napirend sor\u00e1n folyamatosan jelen van minden tev\u00e9kenys\u00e9g\u00fcnkben. \u00a0Az egyes k\u00f6rnyezeti tartalmakat \u00e9s aktu\u00e1lis t\u00e9m\u00e1kat pedig a k\u00fcl\u00f6nb\u00f6z\u0151 tant\u00e1rgyakba be\u00e9p\u00edtve is feldolgozzuk. Iskol\u00e1nk 12 \u00e9ve haszn\u00e1lhatja az \u00d6koiskola nevet, id\u00e9n tavasszal pedig elnyert\u00fck az \u00d6r\u00f6k\u00f6s \u00d6koiskola c\u00edmet! <\/strong><\/p>\n<\/div>\n\r\n        [slb_exclude]\r\n        <div class=\"row galeria-wrapper mx-0 h-auto\">\r\n            <div class=\"col-9 pl-0 pr-2\">\r\n            <span class=\"gallery-item frame\">\r\n\t\t\t\t<div class=\"galeria-left-img\"><a href=\"https:\/\/semmelweis.hu\/peto-ekpmi\/files\/2023\/10\/IMG_7722-scaled.jpeg\"><img src=https:\/\/semmelweis.hu\/peto-ekpmi\/files\/2023\/10\/IMG_7722-scaled.jpeg  \r\n                            alt=\"\" \r\n                            class=\"attachment-sote-gallery-big size-sote-gallery-big\" \r\n                            srcset=\"https:\/\/semmelweis.hu\/peto-ekpmi\/files\/2023\/10\/IMG_7722-300x400.jpeg 300w, https:\/\/semmelweis.hu\/peto-ekpmi\/files\/2023\/10\/IMG_7722-768x1024.jpeg 768w, https:\/\/semmelweis.hu\/peto-ekpmi\/files\/2023\/10\/IMG_7722-1152x1536.jpeg 1152w, https:\/\/semmelweis.hu\/peto-ekpmi\/files\/2023\/10\/IMG_7722-1536x2048.jpeg 1536w, https:\/\/semmelweis.hu\/peto-ekpmi\/files\/2023\/10\/IMG_7722-753x1004.jpeg 753w, https:\/\/semmelweis.hu\/peto-ekpmi\/files\/2023\/10\/IMG_7722-scaled.jpeg 1920w\" ><\/a><\/div>\r\n            <\/span>\r\n\r\n            <\/div>\r\n\r\n\t\t\t<div class=\"col-3 pl-0 pr-0\">\r\n\t\t\t\t<div class=\"galeria-right-img d-flex justify-content-between flex-column h-100 w-100 px-0 mx-0 \">\r\n                <div class=\"galeria-box\">\r\n\t\t\t\t\t<h3 class=\"galeria-title\">Gal\u00e9ria<\/h3>\r\n\t\t\t\t\t<div class=\"galeria-subtitle\">\r\n\r\n\t\t\t\t\t\t<div class=\"galeria-page-counter\"><span>21<\/span>k\u00e9p<\/div>\r\n                    <\/div> <\/div>\r\n                    <span class=\"gallery-item frame d-none d-md-flex\">\r\n\t\t\t\t\t<div class=\"galeria-small-img mt-0\"><a href=\"https:\/\/semmelweis.hu\/peto-ekpmi\/files\/2023\/10\/IMG_7786-scaled.jpeg\"><img src=https:\/\/semmelweis.hu\/peto-ekpmi\/files\/2023\/10\/IMG_7786-scaled.jpeg \r\n                                alt=\"\"  \r\n                                class=\"attachment-sote-gallery-small size-sote-gallery-small\" \r\n                                srcset=\"https:\/\/semmelweis.hu\/peto-ekpmi\/files\/2023\/10\/IMG_7786-300x400.jpeg 300w, https:\/\/semmelweis.hu\/peto-ekpmi\/files\/2023\/10\/IMG_7786-768x1024.jpeg 768w, https:\/\/semmelweis.hu\/peto-ekpmi\/files\/2023\/10\/IMG_7786-1152x1536.jpeg 1152w, https:\/\/semmelweis.hu\/peto-ekpmi\/files\/2023\/10\/IMG_7786-1536x2048.jpeg 1536w, https:\/\/semmelweis.hu\/peto-ekpmi\/files\/2023\/10\/IMG_7786-753x1004.jpeg 753w, https:\/\/semmelweis.hu\/peto-ekpmi\/files\/2023\/10\/IMG_7786-scaled.jpeg 1920w\" ><\/a><\/div>\r\n                    <\/span>\r\n                    <span class=\"gallery-item frame d-none d-md-flex\">\r\n\t\t\t\t\t<div class=\"galeria-small-img mt-0\"><a href=\"https:\/\/semmelweis.hu\/peto-ekpmi\/files\/2023\/10\/IMG_7785-scaled.jpeg\"><img src=https:\/\/semmelweis.hu\/peto-ekpmi\/files\/2023\/10\/IMG_7785-scaled.jpeg \r\n                                alt=\"\" \r\n                                class=\"attachment-sote-gallery-small size-sote-gallery-small\" \r\n                                srcset=\"https:\/\/semmelweis.hu\/peto-ekpmi\/files\/2023\/10\/IMG_7785-300x400.jpeg 300w, https:\/\/semmelweis.hu\/peto-ekpmi\/files\/2023\/10\/IMG_7785-768x1024.jpeg 768w, https:\/\/semmelweis.hu\/peto-ekpmi\/files\/2023\/10\/IMG_7785-1152x1536.jpeg 1152w, https:\/\/semmelweis.hu\/peto-ekpmi\/files\/2023\/10\/IMG_7785-1536x2048.jpeg 1536w, https:\/\/semmelweis.hu\/peto-ekpmi\/files\/2023\/10\/IMG_7785-753x1004.jpeg 753w, https:\/\/semmelweis.hu\/peto-ekpmi\/files\/2023\/10\/IMG_7785-scaled.jpeg 1920w\" ><\/a><\/div>\r\n                    <\/span>\r\n\r\n                <\/div>\r\n\r\n            <\/div>\r\n\r\n            <span class=\"gallery-item\"><div class=\"hidden\"><a href=\"https:\/\/semmelweis.hu\/peto-ekpmi\/files\/2023\/10\/380402497_295935763181376_1273393140049962933_n.jpg\">\r\n        <img src=https:\/\/semmelweis.hu\/peto-ekpmi\/files\/2023\/10\/380402497_295935763181376_1273393140049962933_n.jpg alt=\"\" class=\"attachment-sote-gallery-big size-sote-gallery-big\" srcset=\"https:\/\/semmelweis.hu\/peto-ekpmi\/files\/2023\/10\/380402497_295935763181376_1273393140049962933_n-300x400.jpg 300w, https:\/\/semmelweis.hu\/peto-ekpmi\/files\/2023\/10\/380402497_295935763181376_1273393140049962933_n.jpg 750w\" >\r\n        <\/a><\/div><\/span><span class=\"gallery-item\"><div class=\"hidden\"><a href=\"https:\/\/semmelweis.hu\/peto-ekpmi\/files\/2023\/10\/379863437_1083018612858799_1113767286987540195_n.jpg\">\r\n        <img src=https:\/\/semmelweis.hu\/peto-ekpmi\/files\/2023\/10\/379863437_1083018612858799_1113767286987540195_n.jpg alt=\"\" class=\"attachment-sote-gallery-big size-sote-gallery-big\" srcset=\"https:\/\/semmelweis.hu\/peto-ekpmi\/files\/2023\/10\/379863437_1083018612858799_1113767286987540195_n-400x300.jpg 400w, https:\/\/semmelweis.hu\/peto-ekpmi\/files\/2023\/10\/379863437_1083018612858799_1113767286987540195_n.jpg 750w\" >\r\n        <\/a><\/div><\/span><span class=\"gallery-item\"><div class=\"hidden\"><a href=\"https:\/\/semmelweis.hu\/peto-ekpmi\/files\/2023\/06\/fennt4-scaled.jpg\">\r\n        <img src=https:\/\/semmelweis.hu\/peto-ekpmi\/files\/2023\/06\/fennt4-scaled.jpg alt=\"\" class=\"attachment-sote-gallery-big size-sote-gallery-big\" srcset=\"https:\/\/semmelweis.hu\/peto-ekpmi\/files\/2023\/06\/fennt4-300x400.jpg 300w, https:\/\/semmelweis.hu\/peto-ekpmi\/files\/2023\/06\/fennt4-768x1024.jpg 768w, https:\/\/semmelweis.hu\/peto-ekpmi\/files\/2023\/06\/fennt4-1152x1536.jpg 1152w, https:\/\/semmelweis.hu\/peto-ekpmi\/files\/2023\/06\/fennt4-1536x2048.jpg 1536w, https:\/\/semmelweis.hu\/peto-ekpmi\/files\/2023\/06\/fennt4-753x1004.jpg 753w, https:\/\/semmelweis.hu\/peto-ekpmi\/files\/2023\/06\/fennt4-scaled.jpg 1920w\" >\r\n        <\/a><\/div><\/span><span class=\"gallery-item\"><div class=\"hidden\"><a href=\"https:\/\/semmelweis.hu\/peto-ekpmi\/files\/2023\/05\/340370109_2590088871147458_788541071240152619_n.jpg\">\r\n        <img src=https:\/\/semmelweis.hu\/peto-ekpmi\/files\/2023\/05\/340370109_2590088871147458_788541071240152619_n.jpg alt=\"\" class=\"attachment-sote-gallery-big size-sote-gallery-big\" srcset=\"https:\/\/semmelweis.hu\/peto-ekpmi\/files\/2023\/05\/340370109_2590088871147458_788541071240152619_n-400x225.jpg 400w, https:\/\/semmelweis.hu\/peto-ekpmi\/files\/2023\/05\/340370109_2590088871147458_788541071240152619_n-1024x577.jpg 1024w, https:\/\/semmelweis.hu\/peto-ekpmi\/files\/2023\/05\/340370109_2590088871147458_788541071240152619_n-768x433.jpg 768w, https:\/\/semmelweis.hu\/peto-ekpmi\/files\/2023\/05\/340370109_2590088871147458_788541071240152619_n-753x424.jpg 753w, https:\/\/semmelweis.hu\/peto-ekpmi\/files\/2023\/05\/340370109_2590088871147458_788541071240152619_n.jpg 1518w\" >\r\n        <\/a><\/div><\/span><span class=\"gallery-item\"><div class=\"hidden\"><a href=\"https:\/\/semmelweis.hu\/peto-ekpmi\/files\/2023\/05\/340316592_1230038657631389_1969714274192106596_n.jpg\">\r\n        <img src=https:\/\/semmelweis.hu\/peto-ekpmi\/files\/2023\/05\/340316592_1230038657631389_1969714274192106596_n.jpg alt=\"\" class=\"attachment-sote-gallery-big size-sote-gallery-big\" srcset=\"https:\/\/semmelweis.hu\/peto-ekpmi\/files\/2023\/05\/340316592_1230038657631389_1969714274192106596_n-400x180.jpg 400w, https:\/\/semmelweis.hu\/peto-ekpmi\/files\/2023\/05\/340316592_1230038657631389_1969714274192106596_n-1024x461.jpg 1024w, https:\/\/semmelweis.hu\/peto-ekpmi\/files\/2023\/05\/340316592_1230038657631389_1969714274192106596_n-768x346.jpg 768w, https:\/\/semmelweis.hu\/peto-ekpmi\/files\/2023\/05\/340316592_1230038657631389_1969714274192106596_n-1536x691.jpg 1536w, https:\/\/semmelweis.hu\/peto-ekpmi\/files\/2023\/05\/340316592_1230038657631389_1969714274192106596_n-753x339.jpg 753w, https:\/\/semmelweis.hu\/peto-ekpmi\/files\/2023\/05\/340316592_1230038657631389_1969714274192106596_n.jpg 2000w\" >\r\n        <\/a><\/div><\/span><span class=\"gallery-item\"><div class=\"hidden\"><a href=\"https:\/\/semmelweis.hu\/peto-ekpmi\/files\/2023\/04\/image_50384385-scaled.jpg\">\r\n        <img src=https:\/\/semmelweis.hu\/peto-ekpmi\/files\/2023\/04\/image_50384385-scaled.jpg alt=\"\" class=\"attachment-sote-gallery-big size-sote-gallery-big\" srcset=\"https:\/\/semmelweis.hu\/peto-ekpmi\/files\/2023\/04\/image_50384385-400x300.jpg 400w, https:\/\/semmelweis.hu\/peto-ekpmi\/files\/2023\/04\/image_50384385-1024x768.jpg 1024w, https:\/\/semmelweis.hu\/peto-ekpmi\/files\/2023\/04\/image_50384385-768x576.jpg 768w, https:\/\/semmelweis.hu\/peto-ekpmi\/files\/2023\/04\/image_50384385-1536x1152.jpg 1536w, https:\/\/semmelweis.hu\/peto-ekpmi\/files\/2023\/04\/image_50384385-2048x1536.jpg 2048w, https:\/\/semmelweis.hu\/peto-ekpmi\/files\/2023\/04\/image_50384385-753x565.jpg 753w\" >\r\n        <\/a><\/div><\/span><span class=\"gallery-item\"><div class=\"hidden\"><a href=\"https:\/\/semmelweis.hu\/peto-ekpmi\/files\/2023\/04\/III.-csop-3-scaled.jpg\">\r\n        <img src=https:\/\/semmelweis.hu\/peto-ekpmi\/files\/2023\/04\/III.-csop-3-scaled.jpg alt=\"\" class=\"attachment-sote-gallery-big size-sote-gallery-big\" srcset=\"https:\/\/semmelweis.hu\/peto-ekpmi\/files\/2023\/04\/III.-csop-3-300x400.jpg 300w, https:\/\/semmelweis.hu\/peto-ekpmi\/files\/2023\/04\/III.-csop-3-767x1024.jpg 767w, https:\/\/semmelweis.hu\/peto-ekpmi\/files\/2023\/04\/III.-csop-3-768x1025.jpg 768w, https:\/\/semmelweis.hu\/peto-ekpmi\/files\/2023\/04\/III.-csop-3-1150x1536.jpg 1150w, https:\/\/semmelweis.hu\/peto-ekpmi\/files\/2023\/04\/III.-csop-3-1534x2048.jpg 1534w, https:\/\/semmelweis.hu\/peto-ekpmi\/files\/2023\/04\/III.-csop-3-753x1005.jpg 753w, https:\/\/semmelweis.hu\/peto-ekpmi\/files\/2023\/04\/III.-csop-3-scaled.jpg 1917w\" >\r\n        <\/a><\/div><\/span><span class=\"gallery-item\"><div class=\"hidden\"><a href=\"https:\/\/semmelweis.hu\/peto-ekpmi\/files\/2023\/01\/IMG_20221128_150727.jpg\">\r\n        <img src=https:\/\/semmelweis.hu\/peto-ekpmi\/files\/2023\/01\/IMG_20221128_150727.jpg alt=\"\" class=\"attachment-sote-gallery-big size-sote-gallery-big\" srcset=\"https:\/\/semmelweis.hu\/peto-ekpmi\/files\/2023\/01\/IMG_20221128_150727-400x235.jpg 400w, https:\/\/semmelweis.hu\/peto-ekpmi\/files\/2023\/01\/IMG_20221128_150727-1024x600.jpg 1024w, https:\/\/semmelweis.hu\/peto-ekpmi\/files\/2023\/01\/IMG_20221128_150727-768x450.jpg 768w, https:\/\/semmelweis.hu\/peto-ekpmi\/files\/2023\/01\/IMG_20221128_150727-1536x901.jpg 1536w, https:\/\/semmelweis.hu\/peto-ekpmi\/files\/2023\/01\/IMG_20221128_150727-753x442.jpg 753w, https:\/\/semmelweis.hu\/peto-ekpmi\/files\/2023\/01\/IMG_20221128_150727.jpg 1540w\" >\r\n        <\/a><\/div><\/span><span class=\"gallery-item\"><div class=\"hidden\"><a href=\"https:\/\/semmelweis.hu\/peto-ekpmi\/files\/2023\/01\/Kepkivagas.png\">\r\n        <img src=https:\/\/semmelweis.hu\/peto-ekpmi\/files\/2023\/01\/Kepkivagas.png alt=\"\" class=\"attachment-sote-gallery-big size-sote-gallery-big\" srcset=\"https:\/\/semmelweis.hu\/peto-ekpmi\/files\/2023\/01\/Kepkivagas-400x268.png 400w, https:\/\/semmelweis.hu\/peto-ekpmi\/files\/2023\/01\/Kepkivagas-768x514.png 768w, https:\/\/semmelweis.hu\/peto-ekpmi\/files\/2023\/01\/Kepkivagas-753x504.png 753w, https:\/\/semmelweis.hu\/peto-ekpmi\/files\/2023\/01\/Kepkivagas-203x135.png 203w, https:\/\/semmelweis.hu\/peto-ekpmi\/files\/2023\/01\/Kepkivagas.png 944w\" >\r\n        <\/a><\/div><\/span><span class=\"gallery-item\"><div class=\"hidden\"><a href=\"https:\/\/semmelweis.hu\/peto-ekpmi\/files\/2023\/01\/received_544784607010595.jpeg\">\r\n        <img src=https:\/\/semmelweis.hu\/peto-ekpmi\/files\/2023\/01\/received_544784607010595.jpeg alt=\"\" class=\"attachment-sote-gallery-big size-sote-gallery-big\" srcset=\"https:\/\/semmelweis.hu\/peto-ekpmi\/files\/2023\/01\/received_544784607010595-270x400.jpeg 270w, https:\/\/semmelweis.hu\/peto-ekpmi\/files\/2023\/01\/received_544784607010595.jpeg 560w\" >\r\n        <\/a><\/div><\/span><span class=\"gallery-item\"><div class=\"hidden\"><a href=\"https:\/\/semmelweis.hu\/peto-ekpmi\/files\/2022\/05\/IMG_20220420_153839.jpg\">\r\n        <img src=https:\/\/semmelweis.hu\/peto-ekpmi\/files\/2022\/05\/IMG_20220420_153839.jpg alt=\"\" class=\"attachment-sote-gallery-big size-sote-gallery-big\" srcset=\"https:\/\/semmelweis.hu\/peto-ekpmi\/files\/2022\/05\/IMG_20220420_153839-400x300.jpg 400w, https:\/\/semmelweis.hu\/peto-ekpmi\/files\/2022\/05\/IMG_20220420_153839-1024x767.jpg 1024w, https:\/\/semmelweis.hu\/peto-ekpmi\/files\/2022\/05\/IMG_20220420_153839-768x575.jpg 768w, https:\/\/semmelweis.hu\/peto-ekpmi\/files\/2022\/05\/IMG_20220420_153839-753x564.jpg 753w, https:\/\/semmelweis.hu\/peto-ekpmi\/files\/2022\/05\/IMG_20220420_153839.jpg 1218w\" >\r\n        <\/a><\/div><\/span><span class=\"gallery-item\"><div class=\"hidden\"><a href=\"https:\/\/semmelweis.hu\/peto-ekpmi\/files\/2022\/05\/ultetes2-scaled.jpg\">\r\n        <img src=https:\/\/semmelweis.hu\/peto-ekpmi\/files\/2022\/05\/ultetes2-scaled.jpg alt=\"\" class=\"attachment-sote-gallery-big size-sote-gallery-big\" srcset=\"https:\/\/semmelweis.hu\/peto-ekpmi\/files\/2022\/05\/ultetes2-400x400.jpg 400w, https:\/\/semmelweis.hu\/peto-ekpmi\/files\/2022\/05\/ultetes2-1024x1024.jpg 1024w, https:\/\/semmelweis.hu\/peto-ekpmi\/files\/2022\/05\/ultetes2-150x150.jpg 150w, https:\/\/semmelweis.hu\/peto-ekpmi\/files\/2022\/05\/ultetes2-768x768.jpg 768w, https:\/\/semmelweis.hu\/peto-ekpmi\/files\/2022\/05\/ultetes2-1536x1536.jpg 1536w, https:\/\/semmelweis.hu\/peto-ekpmi\/files\/2022\/05\/ultetes2-2048x2048.jpg 2048w, https:\/\/semmelweis.hu\/peto-ekpmi\/files\/2022\/05\/ultetes2-753x753.jpg 753w\" >\r\n        <\/a><\/div><\/span><span class=\"gallery-item\"><div class=\"hidden\"><a href=\"https:\/\/semmelweis.hu\/peto-ekpmi\/files\/2022\/05\/IMG_20220420_125907-scaled.jpg\">\r\n        <img src=https:\/\/semmelweis.hu\/peto-ekpmi\/files\/2022\/05\/IMG_20220420_125907-scaled.jpg alt=\"\" class=\"attachment-sote-gallery-big size-sote-gallery-big\" srcset=\"https:\/\/semmelweis.hu\/peto-ekpmi\/files\/2022\/05\/IMG_20220420_125907-400x300.jpg 400w, https:\/\/semmelweis.hu\/peto-ekpmi\/files\/2022\/05\/IMG_20220420_125907-1024x767.jpg 1024w, https:\/\/semmelweis.hu\/peto-ekpmi\/files\/2022\/05\/IMG_20220420_125907-768x575.jpg 768w, https:\/\/semmelweis.hu\/peto-ekpmi\/files\/2022\/05\/IMG_20220420_125907-1536x1150.jpg 1536w, https:\/\/semmelweis.hu\/peto-ekpmi\/files\/2022\/05\/IMG_20220420_125907-2048x1534.jpg 2048w, https:\/\/semmelweis.hu\/peto-ekpmi\/files\/2022\/05\/IMG_20220420_125907-753x564.jpg 753w\" >\r\n        <\/a><\/div><\/span><span class=\"gallery-item\"><div class=\"hidden\"><a href=\"https:\/\/semmelweis.hu\/peto-ekpmi\/files\/2021\/12\/4.-csoportIMG_3617-scaled.jpg\">\r\n        <img src=https:\/\/semmelweis.hu\/peto-ekpmi\/files\/2021\/12\/4.-csoportIMG_3617-scaled.jpg alt=\"\" class=\"attachment-sote-gallery-big size-sote-gallery-big\" srcset=\"https:\/\/semmelweis.hu\/peto-ekpmi\/files\/2021\/12\/4.-csoportIMG_3617-300x400.jpg 300w, https:\/\/semmelweis.hu\/peto-ekpmi\/files\/2021\/12\/4.-csoportIMG_3617-768x1024.jpg 768w, https:\/\/semmelweis.hu\/peto-ekpmi\/files\/2021\/12\/4.-csoportIMG_3617-1152x1536.jpg 1152w, https:\/\/semmelweis.hu\/peto-ekpmi\/files\/2021\/12\/4.-csoportIMG_3617-1536x2048.jpg 1536w, https:\/\/semmelweis.hu\/peto-ekpmi\/files\/2021\/12\/4.-csoportIMG_3617-753x1004.jpg 753w, https:\/\/semmelweis.hu\/peto-ekpmi\/files\/2021\/12\/4.-csoportIMG_3617-scaled.jpg 1920w\" >\r\n        <\/a><\/div><\/span><span class=\"gallery-item\"><div class=\"hidden\"><a href=\"https:\/\/semmelweis.hu\/peto-ekpmi\/files\/2021\/11\/image13.jpeg\">\r\n        <img src=https:\/\/semmelweis.hu\/peto-ekpmi\/files\/2021\/11\/image13.jpeg alt=\"\" class=\"attachment-sote-gallery-big size-sote-gallery-big\" srcset=\"https:\/\/semmelweis.hu\/peto-ekpmi\/files\/2021\/11\/image13-400x300.jpeg 400w, https:\/\/semmelweis.hu\/peto-ekpmi\/files\/2021\/11\/image13.jpeg 640w\" >\r\n        <\/a><\/div><\/span><span class=\"gallery-item\"><div class=\"hidden\"><a href=\"https:\/\/semmelweis.hu\/peto-ekpmi\/files\/2021\/11\/image7.jpeg\">\r\n        <img src=https:\/\/semmelweis.hu\/peto-ekpmi\/files\/2021\/11\/image7.jpeg alt=\"\" class=\"attachment-sote-gallery-big size-sote-gallery-big\" srcset=\"\" >\r\n        <\/a><\/div><\/span><span class=\"gallery-item\"><div class=\"hidden\"><a href=\"https:\/\/semmelweis.hu\/peto-ekpmi\/files\/2021\/11\/image16.jpeg\">\r\n        <img src=https:\/\/semmelweis.hu\/peto-ekpmi\/files\/2021\/11\/image16.jpeg alt=\"\" class=\"attachment-sote-gallery-big size-sote-gallery-big\" srcset=\"https:\/\/semmelweis.hu\/peto-ekpmi\/files\/2021\/11\/image16-400x300.jpeg 400w, https:\/\/semmelweis.hu\/peto-ekpmi\/files\/2021\/11\/image16.jpeg 640w\" >\r\n        <\/a><\/div><\/span><span class=\"gallery-item\"><div class=\"hidden\"><a href=\"https:\/\/semmelweis.hu\/peto-ekpmi\/files\/2021\/11\/image21.jpeg\">\r\n        <img src=https:\/\/semmelweis.hu\/peto-ekpmi\/files\/2021\/11\/image21.jpeg alt=\"\" class=\"attachment-sote-gallery-big size-sote-gallery-big\" srcset=\"https:\/\/semmelweis.hu\/peto-ekpmi\/files\/2021\/11\/image21-400x333.jpeg 400w, https:\/\/semmelweis.hu\/peto-ekpmi\/files\/2021\/11\/image21-768x639.jpeg 768w, https:\/\/semmelweis.hu\/peto-ekpmi\/files\/2021\/11\/image21-753x626.jpeg 753w, https:\/\/semmelweis.hu\/peto-ekpmi\/files\/2021\/11\/image21.jpeg 920w\" >\r\n        <\/a><\/div><\/span>\r\n            <\/div>\r\n\r\n            [\/slb_exclude]\r\n\t\n<h6><strong>C\u00e9lunk:<\/strong><\/h6>\n<p style=\"text-align: justify\">A n\u00e1lunk tanul\u00f3 di\u00e1kokat szem\u00e9lyes \u00e9lm\u00e9nyek, tapasztalatok gy\u0171jt\u00e9se sor\u00e1n tan\u00edtjuk a tudatos, kritikus fogyaszt\u00f3i magatart\u00e1sra; \u00e9s \u00edgy k\u00f6rnyezettudatos, glob\u00e1lis gondolkod\u00e1sra nevelj\u00fck \u0151ket. C\u00e9lunk, hogy megismerj\u00e9k a saj\u00e1t \u00e9let\u00fckben \u00e9s a vil\u00e1gban el\u0151fordul\u00f3 k\u00f6rnyezetv\u00e9delmi \u00e9s \u00f6kol\u00f3giai k\u00e9rd\u00e9seket, probl\u00e9m\u00e1kat, hogy feln\u0151ttk\u00e9nt majd szem\u00e9lyes felel\u0151ss\u00e9get tudjanak v\u00e1llalni a k\u00f6rnyezet\u00fck\u00e9rt \u00e9s alkalmazni tudj\u00e1k a n\u00e1lunk megismert k\u00f6rnyezetv\u00e9delmi \u00e9s fenntarthat\u00f3s\u00e1gi technik\u00e1kat.<\/p>\n<h6><strong>Tev\u00e9kenys\u00e9geink:<\/strong><\/h6>\n<p>Igyeksz\u00fcnk a fenntarthat\u00f3s\u00e1g \u00e9s a k\u00f6rnyezettudatoss\u00e1g minden ter\u00fclet\u00e9t megismertetni di\u00e1kjainkkal. Gyakorl\u00f3 iskola, szakiskola, koll\u00e9gium r\u00e9v\u00e9n a nevel\u0151k, tanul\u00f3k, hallgat\u00f3k k\u00f6z\u00f6sen vesznek r\u00e9szt az \u00f6koiskolai tev\u00e9kenys\u00e9gekben.<\/p>\n<p style=\"text-align: justify\"><strong>Mad\u00e1rbar\u00e1t kert<\/strong> vagyunk, \u00edgy a rovarhotel \u00e9s mad\u00e1retet\u0151 k\u00e9sz\u00edt\u00e9se, a mad\u00e1retet\u00e9s szezon\u00e1lis \u00e9s nagyon kedves tev\u00e9kenys\u00e9ge a tanul\u00f3knak.<\/p>\n<p style=\"text-align: justify\">A <strong>szelekt\u00edv hullad\u00e9kgy\u0171jt\u00e9s<\/strong> hossz\u00fa \u00e9vek \u00f3ta term\u00e9szetes sz\u00e1munkra. A szelekt\u00edv gy\u0171jt\u0151k a k\u00f6z\u00f6ss\u00e9gi terekben, minden csoportban \u00e9s a koll\u00e9giumban ker\u00fcltek kihelyez\u00e9sre. Iskolai vesz\u00e9lyes hullad\u00e9kgy\u0171jt\u0151 koll\u00e9giumban lett kialak\u00edtva, haszn\u00e1lt f\u00e9nyforr\u00e1s-gy\u0171jt\u0151 szintenk\u00e9nt, haszn\u00e1lt elemgy\u0171jt\u0151 a f\u00f6ldszinten tal\u00e1lhat\u00f3. Iskol\u00e1nk rendelkezik v\u00edzadagol\u00f3val, palackpr\u00e9ssel melyet mindenki \u00e1ltal megk\u00f6zel\u00edthet\u0151en helyezt\u00fcnk ki.<\/p>\n<p style=\"text-align: justify\">Az <strong>\u00f6ko-fali\u00fajs\u00e1g<\/strong> h\u00edrei folyamatosan k\u00f6vetik az \u00f6koiskolai tev\u00e9kenys\u00e9geket.<\/p>\n<p style=\"text-align: justify\">Az iskolai <strong>dekor\u00e1ci\u00f3<\/strong> kialak\u00edt\u00e1s\u00e1n\u00e1l rendszeresen, az \u00f6koiskola tev\u00e9kenys\u00e9geihez, jeles napokhoz igazod\u00f3, f\u0151leg \u00fajrahaszn\u00e1lhat\u00f3 alapanyagokb\u00f3l \u00e1ll\u00f3 elemek ker\u00fclnek ki, illetve minden csoport saj\u00e1t fali\u00fajs\u00e1ggal is rendelkezik, ahova rendszeresen felker\u00fclnek a tanul\u00f3k munk\u00e1i.<\/p>\n<p style=\"text-align: justify\">\u00c9vr\u0151l \u00e9vre gondozzuk a <strong>magas\u00e1gy\u00e1sok<\/strong>at, haszn\u00e1ljuk a komposzt\u00e1l\u00f3 kereteket, ahol a gyermekek a tev\u00e9kenys\u00e9g \u00f6r\u00f6me \u00e1ltal ker\u00fclhetnek k\u00f6zelebb a term\u00e9szethez \u00e9s ismereteket\u00a0szerezhetnek a k\u00fcl\u00f6nb\u00f6z\u0151 k\u00f6rnyezetk\u00edm\u00e9l\u0151 kert\u00e9szeti \u00e9s mez\u0151gazdas\u00e1gi technik\u00e1kr\u00f3l.<\/p>\n<p style=\"text-align: justify\">Int\u00e9zm\u00e9ny\u00fcnkben a fenntarthat\u00f3s\u00e1gra nevel\u00e9shez k\u00f6thet\u0151en sz\u00e1mos helyi hagyom\u00e1nyunk \u00e9s szok\u00e1sunk alakult ki. Gyermeknap alkalm\u00e1b\u00f3l\u00a0<strong>j\u00e1t\u00e9kos t\u00e9manap<\/strong>ot szervez\u00fcnk, ahol tanul\u00f3ink k\u00f6tetlen keretek k\u00f6zt szerezhetnek inform\u00e1ci\u00f3kat, gy\u0171jthetnek benyom\u00e1sokat egy-egy \u00f6kol\u00f3giai t\u00e9mak\u00f6rr\u0151l.\u00a0\u00c9vek \u00f3ta m\u0171k\u00f6dik az\u00a0\u00f6koszakk\u00f6r\u00fcnk is. Minden \u00e9vben k\u00f6vetj\u00fck a vil\u00e1gnapokat, r\u00e9szt vesz\u00fcnk k\u00fcl\u00f6nb\u00f6z\u0151 t\u00e9mahetekben \u00e9s egy\u00e9b programokban:<\/p>\n<ul>\n<li>Takar\u00edt\u00e1s Vil\u00e1gnap<\/li>\n<li>\u00c1llatok Vil\u00e1gnapja<\/li>\n<li>Nemzetk\u00f6zi Mad\u00e1rmegfigyel\u0151 Napok<\/li>\n<li>HCSH Eur\u00f3pai Hullad\u00e9kcs\u00f6kkent\u00e9si H\u00e9t<\/li>\n<li>Eg\u00e9szs\u00e9gnap<\/li>\n<li>Kar\u00e1csonyi m\u0171hely<\/li>\n<li>Ramsar Vizes \u00e9l\u0151helyek napja<\/li>\n<li>Energiatakar\u00e9koss\u00e1gi Vil\u00e1gnap<\/li>\n<li>V\u00edz Vil\u00e1gnap\/ HAPPY7 v\u00edzfogyaszt\u00e1s fontoss\u00e1g\u00e1ra felh\u00edv\u00f3 program<\/li>\n<li>Fenntarthat\u00f3s\u00e1gi T\u00e9mah\u00e9t<\/li>\n<li>F\u00f6ld napja<\/li>\n<li>Madarak \u00e9s f\u00e1k napja<\/li>\n<li>K\u00f6rnyezetv\u00e9delmi Vil\u00e1gnap<\/li>\n<\/ul>\n<p>Az elm\u00falt \u00e9vek legfontosabb \u00f6koiskolai fejleszt\u00e9sei, innov\u00e1ci\u00f3i a k\u00f6vetkez\u0151k voltak:<\/p>\n<ul>\n<li>Megt\u00f6rt\u00e9nt az el\u00f6regedett komposzt\u00e1l\u00f3k, komposztkeretek jav\u00edt\u00e1sa \u00e9s p\u00f3tl\u00e1sa \u00e9s minden csoportnak lett saj\u00e1t magas\u00e1gy\u00e1sa, szelekt\u00edv gy\u0171jt\u0151je. L\u00e9trehoztuk az iskolai vesz\u00e9lyes hullad\u00e9k gy\u0171jt\u0151t is.<\/li>\n<li>A koll\u00e9giumban erk\u00e9lykomposzt\u00e1l\u00f3t alak\u00edtottunk ki, hogy rossz id\u0151 eset\u00e9n is tudjunk komposzt\u00e1lni.<\/li>\n<li>Indultunk a Zabosfa p\u00e1ly\u00e1zaton, melyben k\u00e9t speci\u00e1lis \u00e1gy\u00e1st tervezt\u00fcnk.<\/li>\n<li>Az int\u00e9zetbe jelentkez\u0151 c\u00e9geket \u00e9s IKSZ-es tanul\u00f3kat bevonjuk az \u00f6koiskolai tev\u00e9kenys\u00e9gekbe.<\/li>\n<li>Honlapon k\u00fcl\u00f6n ter\u00fcletet kapott az \u00f6koiskola.<\/li>\n<li>Iskolai rendezv\u00e9nyeken, programokon figyelembe vessz\u00fck a hullad\u00e9kcs\u00f6kkent\u00e9si lehet\u0151s\u00e9geket.<\/li>\n<li>Az \u00f6koiskolai munkak\u00f6z\u00f6ss\u00e9g az iskola mindegyik csoportj\u00e1ra kiterjesztette az \u00f6koiskolai tev\u00e9kenys\u00e9geket. Rendszeresen k\u00fcldik a munkak\u00f6z\u00f6ss\u00e9gi tagok a megval\u00f3sul\u00e1sr\u00f3l a besz\u00e1mol\u00f3kat, melyek a honlapra ker\u00fclnek.<\/li>\n<li>Fenntarthat\u00f3s\u00e1gi T\u00e9mah\u00e9ten k\u00fcls\u0151s \u00f3raad\u00f3kat fogadunk.<\/li>\n<\/ul>\n<p style=\"text-align: justify\">Felvett\u00fck a kapcsolatot a Semmelweis Egyetem k\u00f6rnyezetv\u00e9delmi szakember\u00e9vel \u00e9s kapcsol\u00f3dtunk a Z\u00f6ld Egyetem programjaihoz is. R\u00e9szt vett\u00fcnk a Mobilit\u00e1s hete felm\u00e9r\u00e9s\u00e9ben \u00e9s a \u201ePasszold vissza tes\u00f3!\u201d mobilgy\u0171jt\u00f3 akci\u00f3ban. Fontosnak tartjuk az egyetemi hallgat\u00f3k \u00f6ko-szeml\u00e9let\u00e9nek form\u00e1l\u00e1s\u00e1t az iskolai gyakorl\u00f3 ter\u00fcleten.<\/p>\n","protected":false},"excerpt":{"rendered":"<p>Int\u00e9zm\u00e9ny\u00fcnkben nagy hangs\u00falyt fektet\u00fcnk az \u00f6kol\u00f3giai szeml\u00e9let\u0171 oktat\u00f3- \u00e9s nevel\u0151munk\u00e1ra. Gyermekeinket a term\u00e9szet szeretet\u00e9re, k\u00f6rnyezettudatos gondolkod\u00e1sra \u00e9s magatart\u00e1sra nevelj\u00fck, mely szeml\u00e9letm\u00f3d a kondukt\u00edv napirend sor\u00e1n folyamatosan jelen van minden tev\u00e9kenys\u00e9g\u00fcnkben. \u00a0Az egyes k\u00f6rnyezeti tartalmakat \u00e9s aktu\u00e1lis t\u00e9m\u00e1kat pedig a k\u00fcl\u00f6nb\u00f6z\u0151 tant\u00e1rgyakba be\u00e9p\u00edtve is feldolgozzuk. Iskol\u00e1nk 12 \u00e9ve haszn\u00e1lhatja az \u00d6koiskola nevet, id\u00e9n tavasszal pedig elnyert\u00fck &hellip;<\/p>\n","protected":false},"author":101410,"featured_media":0,"parent":5593,"menu_order":0,"comment_status":"closed","ping_status":"closed","template":"","meta":{"_acf_changed":false,"footnotes":""},"categories":[],"tags":[],"class_list":["post-6562","page","type-page","status-publish","hentry"],"acf":[],"_links":{"self":[{"href":"https:\/\/semmelweis.hu\/peto-ekpmi\/wp-json\/wp\/v2\/pages\/6562","targetHints":{"allow":["GET"]}}],"collection":[{"href":"https:\/\/semmelweis.hu\/peto-ekpmi\/wp-json\/wp\/v2\/pages"}],"about":[{"href":"https:\/\/semmelweis.hu\/peto-ekpmi\/wp-json\/wp\/v2\/types\/page"}],"author":[{"embeddable":true,"href":"https:\/\/semmelweis.hu\/peto-ekpmi\/wp-json\/wp\/v2\/users\/101410"}],"replies":[{"embeddable":true,"href":"https:\/\/semmelweis.hu\/peto-ekpmi\/wp-json\/wp\/v2\/comments?post=6562"}],"version-history":[{"count":8,"href":"https:\/\/semmelweis.hu\/peto-ekpmi\/wp-json\/wp\/v2\/pages\/6562\/revisions"}],"predecessor-version":[{"id":8449,"href":"https:\/\/semmelweis.hu\/peto-ekpmi\/wp-json\/wp\/v2\/pages\/6562\/revisions\/8449"}],"up":[{"embeddable":true,"href":"https:\/\/semmelweis.hu\/peto-ekpmi\/wp-json\/wp\/v2\/pages\/5593"}],"wp:attachment":[{"href":"https:\/\/semmelweis.hu\/peto-ekpmi\/wp-json\/wp\/v2\/media?parent=6562"}],"wp:term":[{"taxonomy":"category","embeddable":true,"href":"https:\/\/semmelweis.hu\/peto-ekpmi\/wp-json\/wp\/v2\/categories?post=6562"},{"taxonomy":"post_tag","embeddable":true,"href":"https:\/\/semmelweis.hu\/peto-ekpmi\/wp-json\/wp\/v2\/tags?post=6562"}],"curies":[{"name":"wp","href":"https:\/\/api.w.org\/{rel}","templated":true}]}}