{"id":6019,"date":"2021-07-13T07:21:41","date_gmt":"2021-07-13T05:21:41","guid":{"rendered":"https:\/\/semmelweis.hu\/peto-ekpmi\/?page_id=6019"},"modified":"2025-02-20T10:43:00","modified_gmt":"2025-02-20T09:43:00","slug":"intenziv-bentlako-mamas-csoportos-fejlesztes","status":"publish","type":"page","link":"https:\/\/semmelweis.hu\/peto-ekpmi\/szakszolgalat-2\/intenziv-bentlako-mamas-csoportos-fejlesztes\/","title":{"rendered":"Intenz\u00edv Intervallum kondukt\u00edv nevel\u00e9si csoport"},"content":{"rendered":"<div class=\"w-100\">\n<div class=\"lead\">\n<div class=\"fontos_div\">\n<p style=\"text-align: justify\"><strong>Intenz\u00edv kondukt\u00edv nevel\u00e9si csoportunk 2-3 hetes turnusokban ny\u00fajt heti 5 napos ell\u00e1t\u00e1st, eg\u00e9sz napos fejleszt\u00e9si form\u00e1ban. Csoportunkban a foglalkoz\u00e1sokon a gyerekek sz\u00fcleikkel egy\u00fctt vesznek r\u00e9szt. A kondukt\u00edv ell\u00e1t\u00e1st, ortop\u00e9d szakrendel\u00e9s, fogorvos, sz\u00fcl\u0151i t\u00e1mogat\u00f3 csoport \u00e9s neurol\u00f3giai rendel\u00e9s eg\u00e9sz\u00edti ki.<\/strong><\/p>\n<\/div>\n<\/div>\n<\/div>\n<p><strong>C\u00edm:<\/strong>\u00a01125 Budapest, K\u00fatv\u00f6lgyi \u00fat 8.<br \/>\n<strong>Telefon:<\/strong> +36300164556<br \/>\n<strong>Programvezet\u0151:<\/strong> Kiss D\u00e1vid<strong><br \/>\nEmail:<\/strong> <a href=\"mailto:kiss.david@semmelweis.hu\">kiss.david@semmelweis.hu<\/a><\/p>\n<p><a class=\"button-big\" href=\"https:\/\/docs.google.com\/forms\/d\/e\/1FAIpQLSeBbnpHKqz0oIBFhlBmo4Y6peFKnDTuchTSejPZj0vdG1L5Tg\/viewform\" target=\"_blank\" rel=\"noopener noreferrer\">ONLINE JELENTKEZ\u00c9S<\/a><\/p>\n\r\n        [slb_exclude]\r\n        <div class=\"row galeria-wrapper mx-0 h-auto\">\r\n            <div class=\"col-9 pl-0 pr-2\">\r\n            <span class=\"gallery-item frame\">\r\n\t\t\t\t<div class=\"galeria-left-img\"><a href=\"https:\/\/semmelweis.hu\/peto-ekpmi\/files\/2023\/10\/315526148_205747868490617_7217128361364200174_n.jpg\"><img src=https:\/\/semmelweis.hu\/peto-ekpmi\/files\/2023\/10\/315526148_205747868490617_7217128361364200174_n.jpg  \r\n                            alt=\"\" \r\n                            class=\"attachment-sote-gallery-big size-sote-gallery-big\" \r\n                            srcset=\"https:\/\/semmelweis.hu\/peto-ekpmi\/files\/2023\/10\/315526148_205747868490617_7217128361364200174_n-400x300.jpg 400w, https:\/\/semmelweis.hu\/peto-ekpmi\/files\/2023\/10\/315526148_205747868490617_7217128361364200174_n-1024x768.jpg 1024w, https:\/\/semmelweis.hu\/peto-ekpmi\/files\/2023\/10\/315526148_205747868490617_7217128361364200174_n-768x576.jpg 768w, https:\/\/semmelweis.hu\/peto-ekpmi\/files\/2023\/10\/315526148_205747868490617_7217128361364200174_n-1536x1152.jpg 1536w, https:\/\/semmelweis.hu\/peto-ekpmi\/files\/2023\/10\/315526148_205747868490617_7217128361364200174_n-753x565.jpg 753w, https:\/\/semmelweis.hu\/peto-ekpmi\/files\/2023\/10\/315526148_205747868490617_7217128361364200174_n.jpg 2048w\" ><\/a><\/div>\r\n            <\/span>\r\n\r\n            <\/div>\r\n\r\n\t\t\t<div class=\"col-3 pl-0 pr-0\">\r\n\t\t\t\t<div class=\"galeria-right-img d-flex justify-content-between flex-column h-100 w-100 px-0 mx-0 \">\r\n                <div class=\"galeria-box\">\r\n\t\t\t\t\t<h3 class=\"galeria-title\">Gal\u00e9ria<\/h3>\r\n\t\t\t\t\t<div class=\"galeria-subtitle\">\r\n\r\n\t\t\t\t\t\t<div class=\"galeria-page-counter\"><span>6<\/span>k\u00e9p<\/div>\r\n                    <\/div> <\/div>\r\n                    <span class=\"gallery-item frame d-none d-md-flex\">\r\n\t\t\t\t\t<div class=\"galeria-small-img mt-0\"><a href=\"https:\/\/semmelweis.hu\/peto-ekpmi\/files\/2023\/10\/315472081_205747821823955_1605413710406705876_n.jpg\"><img src=https:\/\/semmelweis.hu\/peto-ekpmi\/files\/2023\/10\/315472081_205747821823955_1605413710406705876_n.jpg \r\n                                alt=\"\"  \r\n                                class=\"attachment-sote-gallery-small size-sote-gallery-small\" \r\n                                srcset=\"https:\/\/semmelweis.hu\/peto-ekpmi\/files\/2023\/10\/315472081_205747821823955_1605413710406705876_n-225x400.jpg 225w, https:\/\/semmelweis.hu\/peto-ekpmi\/files\/2023\/10\/315472081_205747821823955_1605413710406705876_n-576x1024.jpg 576w, https:\/\/semmelweis.hu\/peto-ekpmi\/files\/2023\/10\/315472081_205747821823955_1605413710406705876_n-768x1365.jpg 768w, https:\/\/semmelweis.hu\/peto-ekpmi\/files\/2023\/10\/315472081_205747821823955_1605413710406705876_n-864x1536.jpg 864w, https:\/\/semmelweis.hu\/peto-ekpmi\/files\/2023\/10\/315472081_205747821823955_1605413710406705876_n-753x1339.jpg 753w, https:\/\/semmelweis.hu\/peto-ekpmi\/files\/2023\/10\/315472081_205747821823955_1605413710406705876_n.jpg 1152w\" ><\/a><\/div>\r\n                    <\/span>\r\n                    <span class=\"gallery-item frame d-none d-md-flex\">\r\n\t\t\t\t\t<div class=\"galeria-small-img mt-0\"><a href=\"https:\/\/semmelweis.hu\/peto-ekpmi\/files\/2023\/10\/313876489_203260538739350_992981817745476741_n.jpg\"><img src=https:\/\/semmelweis.hu\/peto-ekpmi\/files\/2023\/10\/313876489_203260538739350_992981817745476741_n.jpg \r\n                                alt=\"\" \r\n                                class=\"attachment-sote-gallery-small size-sote-gallery-small\" \r\n                                srcset=\"https:\/\/semmelweis.hu\/peto-ekpmi\/files\/2023\/10\/313876489_203260538739350_992981817745476741_n-400x365.jpg 400w, https:\/\/semmelweis.hu\/peto-ekpmi\/files\/2023\/10\/313876489_203260538739350_992981817745476741_n-1024x935.jpg 1024w, https:\/\/semmelweis.hu\/peto-ekpmi\/files\/2023\/10\/313876489_203260538739350_992981817745476741_n-768x701.jpg 768w, https:\/\/semmelweis.hu\/peto-ekpmi\/files\/2023\/10\/313876489_203260538739350_992981817745476741_n-1536x1402.jpg 1536w, https:\/\/semmelweis.hu\/peto-ekpmi\/files\/2023\/10\/313876489_203260538739350_992981817745476741_n-753x687.jpg 753w, https:\/\/semmelweis.hu\/peto-ekpmi\/files\/2023\/10\/313876489_203260538739350_992981817745476741_n.jpg 1683w\" ><\/a><\/div>\r\n                    <\/span>\r\n\r\n                <\/div>\r\n\r\n            <\/div>\r\n\r\n            <span class=\"gallery-item\"><div class=\"hidden\"><a href=\"https:\/\/semmelweis.hu\/peto-ekpmi\/files\/2023\/10\/315630958_205977605134310_5796926592916820190_n.jpg\">\r\n        <img src=https:\/\/semmelweis.hu\/peto-ekpmi\/files\/2023\/10\/315630958_205977605134310_5796926592916820190_n.jpg alt=\"\" class=\"attachment-sote-gallery-big size-sote-gallery-big\" srcset=\"https:\/\/semmelweis.hu\/peto-ekpmi\/files\/2023\/10\/315630958_205977605134310_5796926592916820190_n-300x400.jpg 300w, https:\/\/semmelweis.hu\/peto-ekpmi\/files\/2023\/10\/315630958_205977605134310_5796926592916820190_n-768x1024.jpg 768w, https:\/\/semmelweis.hu\/peto-ekpmi\/files\/2023\/10\/315630958_205977605134310_5796926592916820190_n-1152x1536.jpg 1152w, https:\/\/semmelweis.hu\/peto-ekpmi\/files\/2023\/10\/315630958_205977605134310_5796926592916820190_n-753x1004.jpg 753w, https:\/\/semmelweis.hu\/peto-ekpmi\/files\/2023\/10\/315630958_205977605134310_5796926592916820190_n.jpg 1536w\" >\r\n        <\/a><\/div><\/span><span class=\"gallery-item\"><div class=\"hidden\"><a href=\"https:\/\/semmelweis.hu\/peto-ekpmi\/files\/2023\/10\/315286289_205977588467645_6231701991072985599_n.jpg\">\r\n        <img src=https:\/\/semmelweis.hu\/peto-ekpmi\/files\/2023\/10\/315286289_205977588467645_6231701991072985599_n.jpg alt=\"\" class=\"attachment-sote-gallery-big size-sote-gallery-big\" srcset=\"https:\/\/semmelweis.hu\/peto-ekpmi\/files\/2023\/10\/315286289_205977588467645_6231701991072985599_n-180x400.jpg 180w, https:\/\/semmelweis.hu\/peto-ekpmi\/files\/2023\/10\/315286289_205977588467645_6231701991072985599_n-461x1024.jpg 461w, https:\/\/semmelweis.hu\/peto-ekpmi\/files\/2023\/10\/315286289_205977588467645_6231701991072985599_n-768x1707.jpg 768w, https:\/\/semmelweis.hu\/peto-ekpmi\/files\/2023\/10\/315286289_205977588467645_6231701991072985599_n-691x1536.jpg 691w, https:\/\/semmelweis.hu\/peto-ekpmi\/files\/2023\/10\/315286289_205977588467645_6231701991072985599_n-922x2048.jpg 922w, https:\/\/semmelweis.hu\/peto-ekpmi\/files\/2023\/10\/315286289_205977588467645_6231701991072985599_n-753x1673.jpg 753w, https:\/\/semmelweis.hu\/peto-ekpmi\/files\/2023\/10\/315286289_205977588467645_6231701991072985599_n.jpg 1080w\" >\r\n        <\/a><\/div><\/span><span class=\"gallery-item\"><div class=\"hidden\"><a href=\"https:\/\/semmelweis.hu\/peto-ekpmi\/files\/2023\/10\/347551424_296195376112532_191784049888821041_n.jpg\">\r\n        <img src=https:\/\/semmelweis.hu\/peto-ekpmi\/files\/2023\/10\/347551424_296195376112532_191784049888821041_n.jpg alt=\"\" class=\"attachment-sote-gallery-big size-sote-gallery-big\" srcset=\"https:\/\/semmelweis.hu\/peto-ekpmi\/files\/2023\/10\/347551424_296195376112532_191784049888821041_n-300x400.jpg 300w, https:\/\/semmelweis.hu\/peto-ekpmi\/files\/2023\/10\/347551424_296195376112532_191784049888821041_n-768x1024.jpg 768w, https:\/\/semmelweis.hu\/peto-ekpmi\/files\/2023\/10\/347551424_296195376112532_191784049888821041_n-1152x1536.jpg 1152w, https:\/\/semmelweis.hu\/peto-ekpmi\/files\/2023\/10\/347551424_296195376112532_191784049888821041_n-753x1004.jpg 753w, https:\/\/semmelweis.hu\/peto-ekpmi\/files\/2023\/10\/347551424_296195376112532_191784049888821041_n.jpg 1536w\" >\r\n        <\/a><\/div><\/span>\r\n            <\/div>\r\n\r\n            [\/slb_exclude]\r\n\t\n<p style=\"text-align: justify\">A kondukt\u00edv pedag\u00f3giai ell\u00e1t\u00e1s a SE Pedag\u00f3giai szakszolg\u00e1lat\u00e1n val\u00f3sul meg. Csoportunkba v\u00e1rjuk a k\u00f6zponti idegrendszeri s\u00e9r\u00fclt, korasz\u00fcl\u00f6tt, elt\u00e9r\u0151 izomt\u00f3nus\u00fa, \u00e9s elt\u00e9r\u0151 motoros fejl\u0151d\u00e9smenet\u0171 gyermekeket 2 \u00e9s 6 \u00e9ves kor k\u00f6z\u00f6tt. A hozz\u00e1nk j\u00e1r\u00f3 gyermekek sz\u00fcleik t\u00e1mogat\u00e1sa mellett, j\u00e1t\u00e9kosan, motiv\u00e1ltan gy\u0171jthetnek tapasztalatot a k\u00f6r\u00fcl\u00f6tt\u00fck l\u00e9v\u0151 vil\u00e1gr\u00f3l, haladhatnak c\u00e9ljaik fel\u00e9 egy gondosan fel\u00e9p\u00edtett eg\u00e9sznapos kondukt\u00edv program keretein bel\u00fcl. A csoportba val\u00f3 beker\u00fcl\u00e9st egy kondukt\u00edv vizsg\u00e1lat el\u0151zi meg melyre jelentkezni az al\u00e1bbi linken lehet: https:\/\/docs.google.com\/forms\/d\/e\/1FAIpQLSeBbnpHKqz0oIBFhlBmo4Y6peFKnDTuchTSejPZj0vdG1L5Tg\/viewform<\/p>\n<p style=\"text-align: justify\">A vizsg\u00e1lat ingyenes \u00e9s nagyj\u00e1b\u00f3l 1- 1,5 \u00f3ra id\u0151tartam\u00fa .<\/p>\n<p style=\"text-align: justify\">\u00a0<\/p>\n<p style=\"text-align: justify\">Csoportunkban nagy hangs\u00falyt fektet\u00fcnk a sz\u00fcl\u0151kkel val\u00f3 egy\u00fcttm\u0171k\u00f6d\u00e9sre, a sz\u00fcl\u0151k eduk\u00e1l\u00e1s\u00e1ra, \u00edgy az itt tanultakat otthon is tudj\u00e1k gyermek\u00fckkel alkalmazni. A sz\u00fcl\u0151k nem csak a c\u00e9lok kijel\u00f6l\u00e9s\u00e9ben vesznek r\u00e9szt, hanem a fejleszt\u00e9si folyamat eg\u00e9sz\u00e9ben akt\u00edvan vesznek r\u00e9szt. T\u00f6reksz\u00fcnk r\u00e1, hogy csoportunkban ne csak egy \u201efejleszt\u00e9sen\u201d vegyenek r\u00e9szt a csal\u00e1dok, hanem olyan tud\u00e1st szerezzenek, amivel azt\u00e1n gyermek\u00fck mindennapi \u00e9let\u00e9t, k\u00f6z\u00f6ss\u00e9gbe val\u00f3 beilleszked\u00e9s\u00e9t tudj\u00e1k megk\u00f6nny\u00edteni.<\/p>\n<h6 style=\"text-align: justify\"><strong>A komplex fejleszt\u00e9s c\u00e9lja<\/strong><\/h6>\n<p style=\"text-align: justify\">A komplex fejleszt\u00e9sen a legfontosabb \u00e9rintett ter\u00fcletei a megismer\u0151 k\u00e9pess\u00e9g, motoros k\u00e9pess\u00e9gek, kognit\u00edv k\u00e9pess\u00e9gek, a besz\u00e9d, kommunik\u00e1ci\u00f3, \u00f6nell\u00e1t\u00e1si k\u00e9szs\u00e9gek, szoci\u00e1lis kapcsolatok, sz\u00fcl\u0151i sorst\u00e1rs seg\u00edt\u0151 csoportok kialak\u00edt\u00e1sa.<\/p>\n<p>Jelentkezni a +36706420117-es telefonsz\u00e1mon, vagy az <a href=\"mailto:elsorendeles@semmelweis-univ.hu\">elsorendeles@semmelweis.hu\u00a0<\/a><span style=\"font-size: 1rem\">email c\u00edmen lehet, vagy az al\u00e1bbi linken:<\/span><\/p>\n<div class=\"wrap container\" role=\"document\">\n<div class=\"content row\"><main class=\"main col-12 col-md-8 pt-0 pb-4 px-0\"><\/p>\n<div class=\"row mx-0\">\n<article class=\"entry-content col-12 px-normal\">\n<p><a class=\"button-big\" href=\"https:\/\/docs.google.com\/forms\/d\/e\/1FAIpQLSeBbnpHKqz0oIBFhlBmo4Y6peFKnDTuchTSejPZj0vdG1L5Tg\/viewform\" target=\"_blank\" rel=\"noopener noreferrer\">ONLINE JELENTKEZ\u00c9S<\/a><\/p>\n<\/article>\n<\/div>\n<p><\/main><\/div>\n<\/div>\n","protected":false},"excerpt":{"rendered":"<p>Intenz\u00edv kondukt\u00edv nevel\u00e9si csoportunk 2-3 hetes turnusokban ny\u00fajt heti 5 napos ell\u00e1t\u00e1st, eg\u00e9sz napos fejleszt\u00e9si form\u00e1ban. Csoportunkban a foglalkoz\u00e1sokon a gyerekek sz\u00fcleikkel egy\u00fctt vesznek r\u00e9szt. A kondukt\u00edv ell\u00e1t\u00e1st, ortop\u00e9d szakrendel\u00e9s, fogorvos, sz\u00fcl\u0151i t\u00e1mogat\u00f3 csoport \u00e9s neurol\u00f3giai rendel\u00e9s eg\u00e9sz\u00edti ki. C\u00edm:\u00a01125 Budapest, K\u00fatv\u00f6lgyi \u00fat 8. Telefon: +36300164556 Programvezet\u0151: Kiss D\u00e1vid Email: <a href=\"mailto:kiss.david@semmelweis.hu\">kiss.david@semmelweis.hu<\/a> <a class=\"button-big\" href=\"https:\/\/docs.google.com\/forms\/d\/e\/1FAIpQLSeBbnpHKqz0oIBFhlBmo4Y6peFKnDTuchTSejPZj0vdG1L5Tg\/viewform\" target=\"_blank\" rel=\"noopener noreferrer\">ONLINE JELENTKEZ\u00c9S<\/a> A kondukt\u00edv pedag\u00f3giai ell\u00e1t\u00e1s a &hellip;<\/p>\n","protected":false},"author":101410,"featured_media":0,"parent":5521,"menu_order":3,"comment_status":"closed","ping_status":"closed","template":"","meta":{"_acf_changed":false,"footnotes":""},"categories":[],"tags":[],"class_list":["post-6019","page","type-page","status-publish","hentry"],"acf":[],"_links":{"self":[{"href":"https:\/\/semmelweis.hu\/peto-ekpmi\/wp-json\/wp\/v2\/pages\/6019","targetHints":{"allow":["GET"]}}],"collection":[{"href":"https:\/\/semmelweis.hu\/peto-ekpmi\/wp-json\/wp\/v2\/pages"}],"about":[{"href":"https:\/\/semmelweis.hu\/peto-ekpmi\/wp-json\/wp\/v2\/types\/page"}],"author":[{"embeddable":true,"href":"https:\/\/semmelweis.hu\/peto-ekpmi\/wp-json\/wp\/v2\/users\/101410"}],"replies":[{"embeddable":true,"href":"https:\/\/semmelweis.hu\/peto-ekpmi\/wp-json\/wp\/v2\/comments?post=6019"}],"version-history":[{"count":10,"href":"https:\/\/semmelweis.hu\/peto-ekpmi\/wp-json\/wp\/v2\/pages\/6019\/revisions"}],"predecessor-version":[{"id":8934,"href":"https:\/\/semmelweis.hu\/peto-ekpmi\/wp-json\/wp\/v2\/pages\/6019\/revisions\/8934"}],"up":[{"embeddable":true,"href":"https:\/\/semmelweis.hu\/peto-ekpmi\/wp-json\/wp\/v2\/pages\/5521"}],"wp:attachment":[{"href":"https:\/\/semmelweis.hu\/peto-ekpmi\/wp-json\/wp\/v2\/media?parent=6019"}],"wp:term":[{"taxonomy":"category","embeddable":true,"href":"https:\/\/semmelweis.hu\/peto-ekpmi\/wp-json\/wp\/v2\/categories?post=6019"},{"taxonomy":"post_tag","embeddable":true,"href":"https:\/\/semmelweis.hu\/peto-ekpmi\/wp-json\/wp\/v2\/tags?post=6019"}],"curies":[{"name":"wp","href":"https:\/\/api.w.org\/{rel}","templated":true}]}}