{"id":5759,"date":"2021-04-23T09:06:19","date_gmt":"2021-04-23T07:06:19","guid":{"rendered":"https:\/\/semmelweis.hu\/peto-ekpmi\/?page_id=5759"},"modified":"2025-09-22T09:46:33","modified_gmt":"2025-09-22T07:46:33","slug":"okoiskola-dokumentumok","status":"publish","type":"page","link":"https:\/\/semmelweis.hu\/peto-ekpmi\/kollegium-okoiskola-iskolakert\/okoiskola\/okoiskola-dokumentumok\/","title":{"rendered":"\u00d6koiskola dokumentumai"},"content":{"rendered":"<div class=\"responsive-tabs\">\n<h2 class=\"tabtitle\">Fenntarthat\u00f3s\u00e1gi t\u00e9mah\u00e9t<\/h2>\n<div class=\"tabcontent\">\n\n<h3><span data-olk-copy-source=\"MessageBody\">2024-2025. tan\u00e9v<\/span><\/h3>\n<h6><a href=\"https:\/\/semmelweis.hu\/peto-ekpmi\/files\/2025\/05\/Also-tagozat.pdf\">Als\u00f3 tagozat<\/a><\/h6>\n<h6><a href=\"https:\/\/semmelweis.hu\/peto-ekpmi\/files\/2025\/05\/Felso-tagozat.pdf\">Fels\u0151 tagozat<\/a><\/h6>\n<h6><a href=\"https:\/\/semmelweis.hu\/peto-ekpmi\/files\/2025\/05\/Szakiskola.pdf\">Szakiskola<\/a><\/h6>\n<h6><a href=\"https:\/\/semmelweis.hu\/peto-ekpmi\/files\/2025\/05\/Kollegium-es-okosz.pdf\">Szakiskola koll\u00e9giuma \u00e9s \u00f6koszakk\u00f6r<\/a><\/h6>\n<h3>2023-2024. tan\u00e9v<\/h3>\n<h6><a href=\"https:\/\/semmelweis.hu\/peto-ekpmi\/files\/2024\/09\/Legaktivabb-iskola-dij-palyazat.pdf\">Hullad\u00e9kcs\u00f6kkent\u00e9si h\u00e9t besz\u00e1mol\u00f3ja<\/a><\/h6>\n<h3>2021-2022. tan\u00e9v<\/h3>\n<p><img loading=\"lazy\" decoding=\"async\" class=\"alignleft wp-image-7077\" src=\"https:\/\/semmelweis.hu\/peto-ekpmi\/files\/2022\/06\/FTH_jelveny-szamozott_2022-6-400x400.png\" alt=\"\" width=\"229\" height=\"229\" srcset=\"https:\/\/semmelweis.hu\/peto-ekpmi\/files\/2022\/06\/FTH_jelveny-szamozott_2022-6-400x400.png 400w, https:\/\/semmelweis.hu\/peto-ekpmi\/files\/2022\/06\/FTH_jelveny-szamozott_2022-6-150x150.png 150w, https:\/\/semmelweis.hu\/peto-ekpmi\/files\/2022\/06\/FTH_jelveny-szamozott_2022-6.png 555w\" sizes=\"auto, (max-width: 229px) 100vw, 229px\" \/><\/p>\n<h3>\u00a0<\/h3>\n<p><a href=\"https:\/\/semmelweis.hu\/peto-ekpmi\/files\/2022\/06\/Palyazat-also-tagozat.pdf\">Als\u00f3 tagozat<\/a><\/p>\n<p><a href=\"https:\/\/semmelweis.hu\/peto-ekpmi\/files\/2022\/06\/Palyazat-felso-tagozat.pdf\">Fels\u0151 tagozat<\/a><\/p>\n<p><a href=\"https:\/\/semmelweis.hu\/peto-ekpmi\/files\/2022\/06\/Palyazat-szakiskola.pdf\">Szakiskola<\/a><\/p>\n<p>&nbsp;<\/p>\n<h3>\u00a0<\/h3>\n<h3>2020-2021. tan\u00e9v<\/h3>\n<p><a href=\"https:\/\/semmelweis.hu\/peto-ekpmi\/files\/2021\/05\/als\u00f3-tagozat.pdf\" target=\"_blank\" rel=\"noopener noreferrer\">ALS\u00d3 TAGOZAT<\/a><\/p>\n<p><a href=\"https:\/\/semmelweis.hu\/peto-ekpmi\/files\/2021\/05\/fels\u0151-tagozat.pdf\" target=\"_blank\" rel=\"noopener noreferrer\">FELS\u0150 TAGOZAT<\/a><\/p>\n<p><a href=\"https:\/\/semmelweis.hu\/peto-ekpmi\/files\/2021\/05\/szakiskola.pdf\" target=\"_blank\" rel=\"noopener noreferrer\">SZAKISKOLA<\/a><\/p>\n<p>&nbsp;<\/p>\n<p>&nbsp;<\/p>\n\n<\/div><h2 class=\"tabtitle\">Munkatervek, besz\u00e1mol\u00f3k<\/h2>\n<div class=\"tabcontent\">\n\n<h2><a href=\"https:\/\/semmelweis.hu\/peto-ekpmi\/files\/2021\/04\/\u00d6komunkak\u00f6z\u00f6ss\u00e9g-\u00e9ves-munkaterv-2017-2018.-tan\u00e9v.pdf\" target=\"_blank\" rel=\"noopener noreferrer\">Munkaterv 2017\/18<\/a><\/h2>\n<h2><a href=\"https:\/\/semmelweis.hu\/peto-ekpmi\/files\/2021\/04\/\u00d6ko-munkak\u00f6z\u00f6ss\u00e9g-\u00e9v-v\u00e9gi-besz\u00e1mol\u00f3-2017-2018.-tan\u00e9v.pdf\" target=\"_blank\" rel=\"noopener noreferrer\">Besz\u00e1mol\u00f3 2017\/18<\/a><\/h2>\n<h2><a href=\"https:\/\/semmelweis.hu\/peto-ekpmi\/files\/2021\/04\/\u00d6ko-munkak\u00f6z\u00f6ss\u00e9g-\u00e9ves-munkaterv-2018-2019.-tan\u00e9v.pdf\" target=\"_blank\" rel=\"noopener noreferrer\">Munkaterv 2018\/19<\/a><\/h2>\n<h2><a href=\"https:\/\/semmelweis.hu\/peto-ekpmi\/files\/2021\/04\/\u00d6ko-munkak\u00f6z\u00f6ss\u00e9g-\u00e9v-v\u00e9gi-besz\u00e1mol\u00f3-20218-2019.-tav\u00e9v.pdf\" target=\"_blank\" rel=\"noopener noreferrer\">Besz\u00e1mol\u00f3 2018\/19<\/a><\/h2>\n<h2><a href=\"https:\/\/semmelweis.hu\/peto-ekpmi\/files\/2021\/04\/\u00d6koiskola-MK-Munkaterve-2019_20.pdf\" target=\"_blank\" rel=\"noopener noreferrer\">Munkaterv 2019\/20<\/a><\/h2>\n<h2><a href=\"https:\/\/semmelweis.hu\/peto-ekpmi\/files\/2021\/04\/\u00d6MK-\u00e9vv\u00e9gi-besz\u00e1mol\u00f3-2019_20.pdf\" target=\"_blank\" rel=\"noopener noreferrer\">Besz\u00e1mol\u00f3 2019\/20<\/a><\/h2>\n<h2><a href=\"https:\/\/semmelweis.hu\/peto-ekpmi\/files\/2021\/04\/\u00d6koiskola-MK-Munkaterv_2020_21.pdf\" target=\"_blank\" rel=\"noopener noreferrer\">Munkaterv 2020\/21<\/a><\/h2>\n<h2><a href=\"https:\/\/semmelweis.hu\/peto-ekpmi\/files\/2021\/04\/\u00d6MK-besz.-2020_21.pdf\" target=\"_blank\" rel=\"noopener noreferrer\">Besz\u00e1mol\u00f3 2020\/21<\/a><\/h2>\n<h2><a href=\"https:\/\/semmelweis.hu\/peto-ekpmi\/files\/2024\/03\/Okomunkakozosseg-munkaterv-2021-2022.-tanev.pdf\">Munkaterv 2021\/22<\/a><\/h2>\n<h2><a href=\"https:\/\/semmelweis.hu\/peto-ekpmi\/files\/2024\/03\/Okomunakozosseg-Beszamolo-2021-2022.-tanev.pdf\">Besz\u00e1mol\u00f3 2021\/22<\/a><\/h2>\n<h2><a href=\"https:\/\/semmelweis.hu\/peto-ekpmi\/files\/2024\/03\/Okomunkakozosseg-munkaterv-2022-2023.-tanev.pdf\">Munkaterv 2022\/23<\/a><\/h2>\n<h2><a href=\"https:\/\/semmelweis.hu\/peto-ekpmi\/files\/2024\/03\/Okomunkakozosseg-Beszamolo-2022-2023.-tanev.pdf\">Besz\u00e1mol\u00f3 2022\/23<\/a><\/h2>\n<h2><a href=\"https:\/\/semmelweis.hu\/peto-ekpmi\/files\/2024\/09\/Okomunkakozoseg-munkaterv-2023-2024.-tanev.docx\">Munkaterv 2023\/24<\/a><\/h2>\n<h2><a href=\"https:\/\/semmelweis.hu\/peto-ekpmi\/files\/2024\/09\/2023-2024.-tanev-vegi-beszamolo.docx\">Besz\u00e1mol\u00f3 2023\/24<\/a><\/h2>\n<h2><a href=\"https:\/\/semmelweis.hu\/peto-ekpmi\/files\/2025\/09\/2024-25-munkaterv.docx\">Munkaterv 2024\/25<\/a><\/h2>\n<h2><a href=\"https:\/\/semmelweis.hu\/peto-ekpmi\/files\/2025\/09\/2024-25-beszamolo.docx\">Besz\u00e1mol\u00f3 2024\/25<\/a><\/h2>\n<\/div><\/div>\n","protected":false},"excerpt":{"rendered":"<p>2024-2025. tan\u00e9v<br \/>\n<a href=\"https:\/\/semmelweis.hu\/peto-ekpmi\/files\/2025\/05\/Also-tagozat.pdf\">Als\u00f3 tagozat<\/a><br \/>\n<a href=\"https:\/\/semmelweis.hu\/peto-ekpmi\/files\/2025\/05\/Felso-tagozat.pdf\">Fels\u0151 tagozat<\/a><br \/>\n<a href=\"https:\/\/semmelweis.hu\/peto-ekpmi\/files\/2025\/05\/Szakiskola.pdf\">Szakiskola<\/a><br \/>\n<a href=\"https:\/\/semmelweis.hu\/peto-ekpmi\/files\/2025\/05\/Kollegium-es-okosz.pdf\">Szakiskola koll\u00e9giuma \u00e9s \u00f6koszakk\u00f6r<\/a><br \/>\n2023-2024. tan\u00e9v<br \/>\n<a href=\"https:\/\/semmelweis.hu\/peto-ekpmi\/files\/2024\/09\/Legaktivabb-iskola-dij-palyazat.pdf\">Hullad\u00e9kcs\u00f6kkent\u00e9si h\u00e9t besz\u00e1mol\u00f3ja<\/a><br \/>\n2021-2022. tan\u00e9v<\/p>\n<p>\u00a0<br \/>\n<a href=\"https:\/\/semmelweis.hu\/peto-ekpmi\/files\/2022\/06\/Palyazat-also-tagozat.pdf\">Als\u00f3 tagozat<\/a><br \/>\n<a href=\"https:\/\/semmelweis.hu\/peto-ekpmi\/files\/2022\/06\/Palyazat-felso-tagozat.pdf\">Fels\u0151 tagozat<\/a><br \/>\n<a href=\"https:\/\/semmelweis.hu\/peto-ekpmi\/files\/2022\/06\/Palyazat-szakiskola.pdf\">Szakiskola<\/a><br \/>\n&nbsp;<br \/>\n\u00a0<br \/>\n2020-2021. tan\u00e9v<br \/>\n<a href=\"https:\/\/semmelweis.hu\/peto-ekpmi\/files\/2021\/05\/als\u00f3-tagozat.pdf\" target=\"_blank\" rel=\"noopener noreferrer\">ALS\u00d3 TAGOZAT<\/a><br \/>\n<a href=\"https:\/\/semmelweis.hu\/peto-ekpmi\/files\/2021\/05\/fels\u0151-tagozat.pdf\" target=\"_blank\" rel=\"noopener noreferrer\">FELS\u0150 TAGOZAT<\/a><br \/>\n<a href=\"https:\/\/semmelweis.hu\/peto-ekpmi\/files\/2021\/05\/szakiskola.pdf\" target=\"_blank\" rel=\"noopener noreferrer\">SZAKISKOLA<\/a><br \/>\n&nbsp;<br \/>\n&nbsp;<\/p>\n<p><a href=\"https:\/\/semmelweis.hu\/peto-ekpmi\/files\/2021\/04\/\u00d6komunkak\u00f6z\u00f6ss\u00e9g-\u00e9ves-munkaterv-2017-2018.-tan\u00e9v.pdf\" target=\"_blank\" rel=\"noopener noreferrer\">Munkaterv 2017\/18<\/a><br \/>\n<a href=\"https:\/\/semmelweis.hu\/peto-ekpmi\/files\/2021\/04\/\u00d6ko-munkak\u00f6z\u00f6ss\u00e9g-\u00e9v-v\u00e9gi-besz\u00e1mol\u00f3-2017-2018.-tan\u00e9v.pdf\" target=\"_blank\" rel=\"noopener noreferrer\">Besz\u00e1mol\u00f3 2017\/18<\/a><br \/>\n<a href=\"https:\/\/semmelweis.hu\/peto-ekpmi\/files\/2021\/04\/\u00d6ko-munkak\u00f6z\u00f6ss\u00e9g-\u00e9ves-munkaterv-2018-2019.-tan\u00e9v.pdf\" target=\"_blank\" rel=\"noopener noreferrer\">Munkaterv 2018\/19<\/a><br \/>\n<a href=\"https:\/\/semmelweis.hu\/peto-ekpmi\/files\/2021\/04\/\u00d6ko-munkak\u00f6z\u00f6ss\u00e9g-\u00e9v-v\u00e9gi-besz\u00e1mol\u00f3-20218-2019.-tav\u00e9v.pdf\" target=\"_blank\" rel=\"noopener noreferrer\">Besz\u00e1mol\u00f3 2018\/19<\/a><br \/>\n<a href=\"https:\/\/semmelweis.hu\/peto-ekpmi\/files\/2021\/04\/\u00d6koiskola-MK-Munkaterve-2019_20.pdf\" target=\"_blank\" rel=\"noopener noreferrer\">Munkaterv 2019\/20<\/a><br \/>\n<a href=\"https:\/\/semmelweis.hu\/peto-ekpmi\/files\/2021\/04\/\u00d6MK-\u00e9vv\u00e9gi-besz\u00e1mol\u00f3-2019_20.pdf\" target=\"_blank\" rel=\"noopener noreferrer\">Besz\u00e1mol\u00f3 2019\/20<\/a><br \/>\n<a href=\"https:\/\/semmelweis.hu\/peto-ekpmi\/files\/2021\/04\/\u00d6koiskola-MK-Munkaterv_2020_21.pdf\" target=\"_blank\" rel=\"noopener noreferrer\">Munkaterv 2020\/21<\/a><br \/>\n<a href=\"https:\/\/semmelweis.hu\/peto-ekpmi\/files\/2021\/04\/\u00d6MK-besz.-2020_21.pdf\" target=\"_blank\" rel=\"noopener noreferrer\">Besz\u00e1mol\u00f3 2020\/21<\/a><br \/>\n<a href=\"https:\/\/semmelweis.hu\/peto-ekpmi\/files\/2024\/03\/Okomunkakozosseg-munkaterv-2021-2022.-tanev.pdf\">Munkaterv 2021\/22<\/a><br \/>\n<a href=\"https:\/\/semmelweis.hu\/peto-ekpmi\/files\/2024\/03\/Okomunakozosseg-Beszamolo-2021-2022.-tanev.pdf\">Besz\u00e1mol\u00f3 2021\/22<\/a><br \/>\n<a href=\"https:\/\/semmelweis.hu\/peto-ekpmi\/files\/2024\/03\/Okomunkakozosseg-munkaterv-2022-2023.-tanev.pdf\">Munkaterv 2022\/23<\/a><br \/>\n<a href=\"https:\/\/semmelweis.hu\/peto-ekpmi\/files\/2024\/03\/Okomunkakozosseg-Beszamolo-2022-2023.-tanev.pdf\">Besz\u00e1mol\u00f3 2022\/23<\/a><br \/>\n<a href=\"https:\/\/semmelweis.hu\/peto-ekpmi\/files\/2024\/09\/Okomunkakozoseg-munkaterv-2023-2024.-tanev.docx\">Munkaterv 2023\/24<\/a><br \/>\n<a href=\"https:\/\/semmelweis.hu\/peto-ekpmi\/files\/2024\/09\/2023-2024.-tanev-vegi-beszamolo.docx\">Besz\u00e1mol\u00f3 2023\/24<\/a><br \/>\n<a href=\"https:\/\/semmelweis.hu\/peto-ekpmi\/files\/2025\/09\/2024-25-munkaterv.docx\">Munkaterv 2024\/25<\/a><br \/>\n<a href=\"https:\/\/semmelweis.hu\/peto-ekpmi\/files\/2025\/09\/2024-25-beszamolo.docx\">Besz\u00e1mol\u00f3 2024\/25<\/a><\/p>\n","protected":false},"author":101410,"featured_media":0,"parent":6562,"menu_order":2,"comment_status":"closed","ping_status":"closed","template":"","meta":{"_acf_changed":false,"footnotes":""},"categories":[17,83],"tags":[],"class_list":["post-5759","page","type-page","status-publish","hentry","category-se-pa-ekpmi-hirei","category-okoiskolai-hirek-se-pa-ekpmi-hirei"],"acf":[],"_links":{"self":[{"href":"https:\/\/semmelweis.hu\/peto-ekpmi\/wp-json\/wp\/v2\/pages\/5759","targetHints":{"allow":["GET"]}}],"collection":[{"href":"https:\/\/semmelweis.hu\/peto-ekpmi\/wp-json\/wp\/v2\/pages"}],"about":[{"href":"https:\/\/semmelweis.hu\/peto-ekpmi\/wp-json\/wp\/v2\/types\/page"}],"author":[{"embeddable":true,"href":"https:\/\/semmelweis.hu\/peto-ekpmi\/wp-json\/wp\/v2\/users\/101410"}],"replies":[{"embeddable":true,"href":"https:\/\/semmelweis.hu\/peto-ekpmi\/wp-json\/wp\/v2\/comments?post=5759"}],"version-history":[{"count":10,"href":"https:\/\/semmelweis.hu\/peto-ekpmi\/wp-json\/wp\/v2\/pages\/5759\/revisions"}],"predecessor-version":[{"id":9334,"href":"https:\/\/semmelweis.hu\/peto-ekpmi\/wp-json\/wp\/v2\/pages\/5759\/revisions\/9334"}],"up":[{"embeddable":true,"href":"https:\/\/semmelweis.hu\/peto-ekpmi\/wp-json\/wp\/v2\/pages\/6562"}],"wp:attachment":[{"href":"https:\/\/semmelweis.hu\/peto-ekpmi\/wp-json\/wp\/v2\/media?parent=5759"}],"wp:term":[{"taxonomy":"category","embeddable":true,"href":"https:\/\/semmelweis.hu\/peto-ekpmi\/wp-json\/wp\/v2\/categories?post=5759"},{"taxonomy":"post_tag","embeddable":true,"href":"https:\/\/semmelweis.hu\/peto-ekpmi\/wp-json\/wp\/v2\/tags?post=5759"}],"curies":[{"name":"wp","href":"https:\/\/api.w.org\/{rel}","templated":true}]}}