{"id":3720,"date":"2018-12-21T12:39:25","date_gmt":"2018-12-21T11:39:25","guid":{"rendered":"http:\/\/semmelweis.hu\/peto-ekpmi\/?page_id=3720"},"modified":"2025-09-12T08:56:12","modified_gmt":"2025-09-12T06:56:12","slug":"kollegium","status":"publish","type":"page","link":"https:\/\/semmelweis.hu\/peto-ekpmi\/kollegium-okoiskola-iskolakert\/kollegium\/","title":{"rendered":"Koll\u00e9gium"},"content":{"rendered":"<div class=\"w-100 keretes\" style=\"text-align: justify\">A Pet\u0151 Koll\u00e9giumba azon \u00e1ltal\u00e1nos iskol\u00e1nkba vagy szakiskol\u00e1nkba j\u00e1r\u00f3 tanul\u00f3ink sz\u00e1m\u00e1ra biztos\u00edtunk ingyenes koll\u00e9giumi ell\u00e1t\u00e1st, akiknek lak\u00f3hely\u00fck\u00f6n nincs lehet\u0151s\u00e9g\u00fck saj\u00e1tos nevel\u00e9si ig\u00e9ny\u00fcknek megfelel\u0151 kondukt\u00edv fejleszt\u00e9st, nevel\u00e9st, oktat\u00e1st ig\u00e9nybe venni, vagy h\u00e1tr\u00e1nyos, halmozottan h\u00e1tr\u00e1nyos helyzet\u00fck miatt nem biztos\u00edtottak az eg\u00e9szs\u00e9ges szoci\u00e1lis fejl\u0151d\u00e9s otthoni felt\u00e9telei. Int\u00e9zm\u00e9ny\u00fcnk az eg\u00e9sz orsz\u00e1g ter\u00fclet\u00e9r\u0151l fogad di\u00e1kokat. A felv\u00e9tel egy tan\u00e9vre sz\u00f3l. A koll\u00e9giumi felv\u00e9telt a sz\u00fcl\u0151 k\u00e9rv\u00e9nyezheti, \u00e9s az iskola, a szakiskola vezet\u0151je \u00e9s a koll\u00e9giumvezet\u0151 d\u00f6nt a felv\u00e9telr\u0151l.<\/div>\n<p>&nbsp;<\/p>\n<table style=\"width: 100.303%;border-collapse: collapse;border-style: hidden;height: 198px\">\n<tbody>\n<tr style=\"border-style: hidden\">\n<td style=\"width: 15.7789%;border-style: hidden\"><a href=\"https:\/\/semmelweis.hu\/peto-ekpmi\/files\/2025\/09\/DDG.jpg\"><img loading=\"lazy\" decoding=\"async\" class=\"alignleft wp-image-9312\" src=\"https:\/\/semmelweis.hu\/peto-ekpmi\/files\/2025\/09\/DDG.jpg\" alt=\"\" width=\"300\" height=\"403\" srcset=\"https:\/\/semmelweis.hu\/peto-ekpmi\/files\/2025\/09\/DDG.jpg 898w, https:\/\/semmelweis.hu\/peto-ekpmi\/files\/2025\/09\/DDG-298x400.jpg 298w, https:\/\/semmelweis.hu\/peto-ekpmi\/files\/2025\/09\/DDG-763x1024.jpg 763w, https:\/\/semmelweis.hu\/peto-ekpmi\/files\/2025\/09\/DDG-768x1031.jpg 768w, https:\/\/semmelweis.hu\/peto-ekpmi\/files\/2025\/09\/DDG-753x1010.jpg 753w\" sizes=\"auto, (max-width: 300px) 100vw, 300px\" \/><\/a><\/td>\n<td style=\"width: 84.2211%\">\n<p><span style=\"font-size: 12pt\"><strong>Pet\u0151 Koll\u00e9gium<br \/>\nC\u00edm: <\/strong>1118 Budapest, Vill\u00e1nyi \u00fat 67.<strong><br \/>\n<\/strong><strong>Koll\u00e9giumvezet\u0151:<\/strong> D\u00f6br\u00f6ssyn\u00e9 D\u00e1niel Gabriella<\/span><br \/>\n<span style=\"font-size: 12pt\"><strong>Telefon:<\/strong> +70 330 7507<\/span><br \/>\n<span style=\"font-size: 12pt\"><strong>E-mail:<\/strong> <a href=\"mailto:daniel.gabriella@semmelweis.hu\">daniel.gabriella@semmelweis.hu<\/a><\/span><\/p>\n<\/td>\n<\/tr>\n<\/tbody>\n<\/table>\n\r\n        [slb_exclude]\r\n        <div class=\"row galeria-wrapper mx-0 h-auto\">\r\n            <div class=\"col-9 pl-0 pr-2\">\r\n            <span class=\"gallery-item frame\">\r\n\t\t\t\t<div class=\"galeria-left-img\"><a href=\"https:\/\/semmelweis.hu\/peto-ekpmi\/files\/2023\/10\/Szakiskola-ny2.jpg\"><img src=https:\/\/semmelweis.hu\/peto-ekpmi\/files\/2023\/10\/Szakiskola-ny2.jpg  \r\n                            alt=\"\" \r\n                            class=\"attachment-sote-gallery-big size-sote-gallery-big\" \r\n                            srcset=\"https:\/\/semmelweis.hu\/peto-ekpmi\/files\/2023\/10\/Szakiskola-ny2-400x131.jpg 400w, https:\/\/semmelweis.hu\/peto-ekpmi\/files\/2023\/10\/Szakiskola-ny2-1024x334.jpg 1024w, https:\/\/semmelweis.hu\/peto-ekpmi\/files\/2023\/10\/Szakiskola-ny2-768x251.jpg 768w, https:\/\/semmelweis.hu\/peto-ekpmi\/files\/2023\/10\/Szakiskola-ny2-753x246.jpg 753w, https:\/\/semmelweis.hu\/peto-ekpmi\/files\/2023\/10\/Szakiskola-ny2.jpg 1280w\" ><\/a><\/div>\r\n            <\/span>\r\n\r\n            <\/div>\r\n\r\n\t\t\t<div class=\"col-3 pl-0 pr-0\">\r\n\t\t\t\t<div class=\"galeria-right-img d-flex justify-content-between flex-column h-100 w-100 px-0 mx-0 \">\r\n                <div class=\"galeria-box\">\r\n\t\t\t\t\t<h3 class=\"galeria-title\">Gal\u00e9ria<\/h3>\r\n\t\t\t\t\t<div class=\"galeria-subtitle\">\r\n\r\n\t\t\t\t\t\t<div class=\"galeria-page-counter\"><span>9<\/span>k\u00e9p<\/div>\r\n                    <\/div> <\/div>\r\n                    <span class=\"gallery-item frame d-none d-md-flex\">\r\n\t\t\t\t\t<div class=\"galeria-small-img mt-0\"><a href=\"https:\/\/semmelweis.hu\/peto-ekpmi\/files\/2023\/10\/IMG_7786-scaled.jpeg\"><img src=https:\/\/semmelweis.hu\/peto-ekpmi\/files\/2023\/10\/IMG_7786-scaled.jpeg \r\n                                alt=\"\"  \r\n                                class=\"attachment-sote-gallery-small size-sote-gallery-small\" \r\n                                srcset=\"https:\/\/semmelweis.hu\/peto-ekpmi\/files\/2023\/10\/IMG_7786-300x400.jpeg 300w, https:\/\/semmelweis.hu\/peto-ekpmi\/files\/2023\/10\/IMG_7786-768x1024.jpeg 768w, https:\/\/semmelweis.hu\/peto-ekpmi\/files\/2023\/10\/IMG_7786-1152x1536.jpeg 1152w, https:\/\/semmelweis.hu\/peto-ekpmi\/files\/2023\/10\/IMG_7786-1536x2048.jpeg 1536w, https:\/\/semmelweis.hu\/peto-ekpmi\/files\/2023\/10\/IMG_7786-753x1004.jpeg 753w, https:\/\/semmelweis.hu\/peto-ekpmi\/files\/2023\/10\/IMG_7786-scaled.jpeg 1920w\" ><\/a><\/div>\r\n                    <\/span>\r\n                    <span class=\"gallery-item frame d-none d-md-flex\">\r\n\t\t\t\t\t<div class=\"galeria-small-img mt-0\"><a href=\"https:\/\/semmelweis.hu\/peto-ekpmi\/files\/2022\/11\/DSC_7869-scaled.jpg\"><img src=https:\/\/semmelweis.hu\/peto-ekpmi\/files\/2022\/11\/DSC_7869-scaled.jpg \r\n                                alt=\"\" \r\n                                class=\"attachment-sote-gallery-small size-sote-gallery-small\" \r\n                                srcset=\"https:\/\/semmelweis.hu\/peto-ekpmi\/files\/2022\/11\/DSC_7869-400x267.jpg 400w, https:\/\/semmelweis.hu\/peto-ekpmi\/files\/2022\/11\/DSC_7869-1024x683.jpg 1024w, https:\/\/semmelweis.hu\/peto-ekpmi\/files\/2022\/11\/DSC_7869-768x512.jpg 768w, https:\/\/semmelweis.hu\/peto-ekpmi\/files\/2022\/11\/DSC_7869-1536x1024.jpg 1536w, https:\/\/semmelweis.hu\/peto-ekpmi\/files\/2022\/11\/DSC_7869-2048x1365.jpg 2048w, https:\/\/semmelweis.hu\/peto-ekpmi\/files\/2022\/11\/DSC_7869-753x502.jpg 753w, https:\/\/semmelweis.hu\/peto-ekpmi\/files\/2022\/11\/DSC_7869-203x135.jpg 203w\" ><\/a><\/div>\r\n                    <\/span>\r\n\r\n                <\/div>\r\n\r\n            <\/div>\r\n\r\n            <span class=\"gallery-item\"><div class=\"hidden\"><a href=\"https:\/\/semmelweis.hu\/peto-ekpmi\/files\/2022\/10\/311401160_359133373034602_5823161165270739137_n.jpg\">\r\n        <img src=https:\/\/semmelweis.hu\/peto-ekpmi\/files\/2022\/10\/311401160_359133373034602_5823161165270739137_n.jpg alt=\"\" class=\"attachment-sote-gallery-big size-sote-gallery-big\" srcset=\"https:\/\/semmelweis.hu\/peto-ekpmi\/files\/2022\/10\/311401160_359133373034602_5823161165270739137_n-400x300.jpg 400w, https:\/\/semmelweis.hu\/peto-ekpmi\/files\/2022\/10\/311401160_359133373034602_5823161165270739137_n-1024x768.jpg 1024w, https:\/\/semmelweis.hu\/peto-ekpmi\/files\/2022\/10\/311401160_359133373034602_5823161165270739137_n-768x576.jpg 768w, https:\/\/semmelweis.hu\/peto-ekpmi\/files\/2022\/10\/311401160_359133373034602_5823161165270739137_n-1536x1152.jpg 1536w, https:\/\/semmelweis.hu\/peto-ekpmi\/files\/2022\/10\/311401160_359133373034602_5823161165270739137_n-753x565.jpg 753w, https:\/\/semmelweis.hu\/peto-ekpmi\/files\/2022\/10\/311401160_359133373034602_5823161165270739137_n.jpg 2000w\" >\r\n        <\/a><\/div><\/span><span class=\"gallery-item\"><div class=\"hidden\"><a href=\"https:\/\/semmelweis.hu\/peto-ekpmi\/files\/2022\/07\/20220427_151429-scaled.jpg\">\r\n        <img src=https:\/\/semmelweis.hu\/peto-ekpmi\/files\/2022\/07\/20220427_151429-scaled.jpg alt=\"\" class=\"attachment-sote-gallery-big size-sote-gallery-big\" srcset=\"https:\/\/semmelweis.hu\/peto-ekpmi\/files\/2022\/07\/20220427_151429-400x225.jpg 400w, https:\/\/semmelweis.hu\/peto-ekpmi\/files\/2022\/07\/20220427_151429-1024x576.jpg 1024w, https:\/\/semmelweis.hu\/peto-ekpmi\/files\/2022\/07\/20220427_151429-768x432.jpg 768w, https:\/\/semmelweis.hu\/peto-ekpmi\/files\/2022\/07\/20220427_151429-1536x864.jpg 1536w, https:\/\/semmelweis.hu\/peto-ekpmi\/files\/2022\/07\/20220427_151429-2048x1152.jpg 2048w, https:\/\/semmelweis.hu\/peto-ekpmi\/files\/2022\/07\/20220427_151429-753x424.jpg 753w\" >\r\n        <\/a><\/div><\/span><span class=\"gallery-item\"><div class=\"hidden\"><a href=\"https:\/\/semmelweis.hu\/peto-ekpmi\/files\/2022\/06\/received_5279076815465102.jpeg\">\r\n        <img src=https:\/\/semmelweis.hu\/peto-ekpmi\/files\/2022\/06\/received_5279076815465102.jpeg alt=\"\" class=\"attachment-sote-gallery-big size-sote-gallery-big\" srcset=\"https:\/\/semmelweis.hu\/peto-ekpmi\/files\/2022\/06\/received_5279076815465102-400x225.jpeg 400w, https:\/\/semmelweis.hu\/peto-ekpmi\/files\/2022\/06\/received_5279076815465102-1024x576.jpeg 1024w, https:\/\/semmelweis.hu\/peto-ekpmi\/files\/2022\/06\/received_5279076815465102-768x432.jpeg 768w, https:\/\/semmelweis.hu\/peto-ekpmi\/files\/2022\/06\/received_5279076815465102-1536x863.jpeg 1536w, https:\/\/semmelweis.hu\/peto-ekpmi\/files\/2022\/06\/received_5279076815465102-753x423.jpeg 753w, https:\/\/semmelweis.hu\/peto-ekpmi\/files\/2022\/06\/received_5279076815465102.jpeg 2048w\" >\r\n        <\/a><\/div><\/span><span class=\"gallery-item\"><div class=\"hidden\"><a href=\"https:\/\/semmelweis.hu\/peto-ekpmi\/files\/2022\/05\/ultetes2-scaled.jpg\">\r\n        <img src=https:\/\/semmelweis.hu\/peto-ekpmi\/files\/2022\/05\/ultetes2-scaled.jpg alt=\"\" class=\"attachment-sote-gallery-big size-sote-gallery-big\" srcset=\"https:\/\/semmelweis.hu\/peto-ekpmi\/files\/2022\/05\/ultetes2-400x400.jpg 400w, https:\/\/semmelweis.hu\/peto-ekpmi\/files\/2022\/05\/ultetes2-1024x1024.jpg 1024w, https:\/\/semmelweis.hu\/peto-ekpmi\/files\/2022\/05\/ultetes2-150x150.jpg 150w, https:\/\/semmelweis.hu\/peto-ekpmi\/files\/2022\/05\/ultetes2-768x768.jpg 768w, https:\/\/semmelweis.hu\/peto-ekpmi\/files\/2022\/05\/ultetes2-1536x1536.jpg 1536w, https:\/\/semmelweis.hu\/peto-ekpmi\/files\/2022\/05\/ultetes2-2048x2048.jpg 2048w, https:\/\/semmelweis.hu\/peto-ekpmi\/files\/2022\/05\/ultetes2-753x753.jpg 753w\" >\r\n        <\/a><\/div><\/span><span class=\"gallery-item\"><div class=\"hidden\"><a href=\"https:\/\/semmelweis.hu\/peto-ekpmi\/files\/2022\/04\/Dominik-Futobicikli.jpg\">\r\n        <img src=https:\/\/semmelweis.hu\/peto-ekpmi\/files\/2022\/04\/Dominik-Futobicikli.jpg alt=\"\" class=\"attachment-sote-gallery-big size-sote-gallery-big\" srcset=\"\" >\r\n        <\/a><\/div><\/span><span class=\"gallery-item\"><div class=\"hidden\"><a href=\"https:\/\/semmelweis.hu\/peto-ekpmi\/files\/2022\/04\/20220406_103838-scaled.jpg\">\r\n        <img src=https:\/\/semmelweis.hu\/peto-ekpmi\/files\/2022\/04\/20220406_103838-scaled.jpg alt=\"\" class=\"attachment-sote-gallery-big size-sote-gallery-big\" srcset=\"https:\/\/semmelweis.hu\/peto-ekpmi\/files\/2022\/04\/20220406_103838-400x300.jpg 400w, https:\/\/semmelweis.hu\/peto-ekpmi\/files\/2022\/04\/20220406_103838-1024x768.jpg 1024w, https:\/\/semmelweis.hu\/peto-ekpmi\/files\/2022\/04\/20220406_103838-768x576.jpg 768w, https:\/\/semmelweis.hu\/peto-ekpmi\/files\/2022\/04\/20220406_103838-1536x1152.jpg 1536w, https:\/\/semmelweis.hu\/peto-ekpmi\/files\/2022\/04\/20220406_103838-2048x1536.jpg 2048w, https:\/\/semmelweis.hu\/peto-ekpmi\/files\/2022\/04\/20220406_103838-753x565.jpg 753w\" >\r\n        <\/a><\/div><\/span>\r\n            <\/div>\r\n\r\n            [\/slb_exclude]\r\n\t\n<h6><strong>C\u00e9lunk:<\/strong><\/h6>\n<p style=\"text-align: justify\">Koll\u00e9giumunkban kiemelt c\u00e9lunk, hogy az iskolai tanulm\u00e1nyok folytat\u00e1s\u00e1hoz sz\u00fcks\u00e9ges felt\u00e9teleket biztos\u00edtsuk a lak\u00f3hely\u00fckt\u0151l t\u00e1vol tanul\u00f3k sz\u00e1m\u00e1ra, hogy tanul\u00f3ink a mozg\u00e1s\u00e1llapotuknak \u00e9s egy\u00e9b adotts\u00e1gaiknak megfelel\u0151 maxim\u00e1lis \u00f6n\u00e1ll\u00f3s\u00e1got \u00e9rj\u00e9k el. A koll\u00e9giumi \u00e9let sor\u00e1n tanul\u00f3ink alkalmazz\u00e1k a kondukt\u00edv nevel\u00e9s seg\u00edts\u00e9g\u00e9vel megtanult egy\u00e9ni megold\u00e1si m\u00f3dokat mind az \u00f6n\u00e1ll\u00f3 tanul\u00e1s, mind az \u00f6n\u00e1ll\u00f3 \u00e9letvitel ter\u00e9n. C\u00e9lunk a tanul\u00f3k szocializ\u00e1ci\u00f3j\u00e1nak, kiegyens\u00falyozott \u00e9s eg\u00e9szs\u00e9ges fejl\u0151d\u00e9s\u00e9nek, a sikeres \u00e9letp\u00e1ly\u00e1ra val\u00f3 felk\u00e9sz\u00edt\u00e9s\u00e9nek seg\u00edt\u00e9se, szem\u00e9lyis\u00e9g\u00e9nek fejleszt\u00e9se, kibontakoztat\u00e1sa.<\/p>\n<p style=\"text-align: justify\">Mivel tanul\u00f3ink t\u00falnyom\u00f3 r\u00e9sze a k\u00f6zponti idegrendszer s\u00e9r\u00fcl\u00e9se miatt tanul\u00e1si neh\u00e9zs\u00e9ggel k\u00fczd, kiemelt szerepet kap a felz\u00e1rk\u00f3ztat\u00e1s a koll\u00e9giumi \u00e9letben is, melynek sor\u00e1n nemcsak az adott tant\u00e1rgy tananyag\u00e1t gyakoroljuk tanul\u00f3inkkal. Nagy hangs\u00falyt fektet\u00fcnk az alapk\u00e9szs\u00e9gek \u00e9s a r\u00e9szk\u00e9pess\u00e9gek fejleszt\u00e9s\u00e9re, illetve a mozg\u00e1ss\u00e9r\u00fcl\u00e9s mellett jelentkez\u0151 \u00fan. t\u00e1rst\u00fcnetek kompenz\u00e1l\u00e1sa is. A d\u00e9lut\u00e1ni foglalkoz\u00e1sokon kiemelt szerepet kap a tanultak alkalmaz\u00e1sa mellett az \u00e9rz\u00e9kel\u00e9si, \u00e9szlel\u00e9si funkci\u00f3k, percepci\u00f3k, t\u00e9ri orient\u00e1ci\u00f3k, a kognit\u00edv funkci\u00f3k, a kommunik\u00e1ci\u00f3 \u00e9s a besz\u00e9d, a re\u00e1lis \u00e9nk\u00e9p, \u00f6nismeret, szoci\u00e1lis k\u00e9pess\u00e9gek, stb. fejleszt\u00e9se is.<\/p>\n<h6><strong>Szabadid\u0151<\/strong><\/h6>\n<p style=\"text-align: justify\">A szabadid\u0151 hasznos elt\u00f6lt\u00e9s\u00e9re lehet\u0151s\u00e9get biztos\u00edtunk sz\u00e1mukra t\u00f6bb ter\u00fclet megismer\u00e9s\u00e9vel \u00e9s kipr\u00f3b\u00e1l\u00e1s\u00e1val, a sport, a m\u0171v\u00e9szetek \u00e9s a zene ter\u00fclet\u00e9n is. Tanul\u00f3ink l\u00e1togathatj\u00e1k az iskola k\u00f6nyvt\u00e1r\u00e1t, r\u00e9szt vehetnek k\u00fcl\u00f6nb\u00f6z\u0151 szakk\u00f6r\u00f6k vagy sportk\u00f6r\u00f6k foglalkoz\u00e1sain. A tehets\u00e9ges tanul\u00f3ink k\u00fcl\u00f6n foglalkoz\u00e1sok keret\u00e9ben kapnak seg\u00edts\u00e9get a fejl\u0151d\u00e9sre, \u00e9s lehet\u0151s\u00e9get biztos\u00edtunk sz\u00e1mukra versenyeken, rendezv\u00e9nyeken \u00e9s ki\u00e1ll\u00edt\u00e1sokon t\u00f6rt\u00e9n\u0151 szerepl\u00e9sre is.<\/p>\n<h6><strong>\u00c9letvitel program<\/strong><\/h6>\n<p style=\"text-align: justify\">Speci\u00e1lis koll\u00e9giumi \u00e9letvitel programunk els\u0151sorban a fels\u0151 tagozatos gyermekek \u00e9s szakiskol\u00e1s fiatalok sz\u00e1m\u00e1ra ny\u00fajt seg\u00edts\u00e9get. Az als\u00f3 tagozaton ennek a programnak az egyes r\u00e9szelemeit val\u00f3s\u00edtjuk meg, alkalmazkodva tanul\u00f3ink aktu\u00e1lis fejletts\u00e9g\u00e9hez.\u00a0 A program c\u00e9lja, olyan koll\u00e9giumi \u00e9letre felk\u00e9sz\u00edteni a gyermekeket, amelyben az \u00f6nell\u00e1t\u00e1si teend\u0151k elsaj\u00e1t\u00edt\u00e1s\u00e1val megtanulj\u00e1k, hogy a legkisebb m\u00e9rt\u00e9kben legyenek r\u00e1utalva m\u00e1sok seg\u00edts\u00e9g\u00e9re. Tov\u00e1bb\u00e1 olyan szoci\u00e1lis \u00e9retts\u00e9gre val\u00f3 felk\u00e9sz\u00edt\u00e9s t\u00f6rt\u00e9nik, melynek birtok\u00e1ban a tolerancia, a konfliktushelyzetek kezel\u00e9se, az egym\u00e1sra hangol\u00f3d\u00e1s a koll\u00e9giumi mikrok\u00f6z\u00f6ss\u00e9gek szintj\u00e9n is megval\u00f3sul. A program r\u00e9szek\u00e9nt, heti egy alkalommal, csoportfoglalkoz\u00e1s keret\u00e9n bel\u00fcl, az int\u00e9zm\u00e9nyen k\u00edv\u00fcli \u00e9let akad\u00e1lyainak z\u00f6kken\u0151mentes legy\u0151z\u00e9s\u00e9hez igyeksz\u00fcnk elm\u00e9leti \u00e9s gyakorlati \u00fatmutat\u00f3t adni. A megbesz\u00e9l\u00e9sek \u00e9s a kinti, terepen t\u00f6rt\u00e9n\u0151 foglalkoz\u00e1sok a mindennapi \u00e9letben hasznos\u00edthat\u00f3 fontos tudnival\u00f3kat tartalmazz\u00e1k: a k\u00f6zleked\u00e9si \u00e9s v\u00e1s\u00e1rl\u00e1si ismereteket, a k\u00fcl\u00f6nb\u00f6z\u0151 hivatalai, banki szolg\u00e1ltat\u00e1sok \u00e9s \u00fcgyint\u00e9z\u00e9sek menet\u00e9t, h\u00e1ztart\u00e1si ismereteket.<\/p>\n<h6 style=\"text-align: justify\"><strong>Mi\u00e9rt j\u00f3 k\u00f6z\u00e9nk tartozni?<\/strong><\/h6>\n<p style=\"text-align: justify\">Iskol\u00e1nk vagy Szakiskol\u00e1nk vid\u00e9ki tanul\u00f3jak\u00e9nt v\u00e1r egy izgalmas \u00e9let \u00e9s egy j\u00f3 csapat! Sz\u00e9p \u00e9s k\u00e9nyelmes szob\u00e1k, t\u00e1gas k\u00f6z\u00f6ss\u00e9gi terek, nagy udvar klassz j\u00e1tsz\u00f3t\u00e9rrel! R\u00e9szt vehetsz a szakk\u00f6reinken: van \u00e9nekkar, filmklub, sz\u00ednj\u00e1tsz\u00f3, k\u00e9zm\u0171ves \u00e9s rajz szakk\u00f6r, IKT szakk\u00f6r, \u00e9s a sportok k\u00f6z\u00f6tt is v\u00e1logathatsz, amelyikhez kedvet \u00e9s tehets\u00e9get \u00e9rzel: boccia, evez\u00e9s, v\u00edv\u00e1s, fut\u00f3biciki edz\u00e9sek v\u00e1rnak d\u00e9lut\u00e1nonk\u00e9nt. M\u00e9g k\u00e9t konditerm\u00fcnk is van! Ha valamiben tehets\u00e9ges vagy, akkor itt kibontakozhatsz, minden t\u00e1mogat\u00e1st megkapsz hozz\u00e1. Indulhatsz versenyeken, alkot\u00e1saidat bemutathatod p\u00e1ly\u00e1zatokon, ki\u00e1ll\u00edt\u00e1sokon.\u00a0<\/p>\n<p style=\"text-align: justify\">A h\u00e9tk\u00f6znapok sor\u00e1n pedig mindent elsaj\u00e1t\u00edthaszt ahhoz, hogy min\u00e9l \u00f6n\u00e1ll\u00f3bb legy\u00e9l. Szoktunk s\u00fctni, f\u0151zni, megismerked\u00fcnk a takar\u00edt\u00e1s \u00e9s a h\u00e1ztart\u00e1si g\u00e9pek kezel\u00e9s\u00e9nek fort\u00e9lyaival. \u00d6kosuli is vagyunk, \u00edgy azt\u00e1n sok elm\u00e9leti \u00e9s gyakorlati ismeretet is beszerezhetsz a fenntarthat\u00f3s\u00e1gr\u00f3l, k\u00f6rnyezetv\u00e9delemr\u0151l. Szoktunk kert\u00e9szkedni, majd megessz\u00fck a magunk termelte z\u00f6lds\u00e9geket. De h\u00e1zon k\u00edv\u00fcl is tesz\u00fcnk kir\u00e1ndul\u00e1sokat, minden praktikus dolgot megtanulunk a mindennapi \u00e9let \u00fcgyint\u00e9z\u00e9seir\u0151l. Van sok \u00fcnnep\u00fcnk \u00e9s rendezv\u00e9ny\u00fcnk, sosem unatkozunk! Nagyokat besz\u00e9lget\u00fcnk, j\u00e1tszunk egy\u00fctt \u00e9s vid\u00e1man telnek a mindennapjaink! Ha k\u00edv\u00e1ncsi vagy r\u00e1nk \u00e9s sz\u00edvesen j\u00e1rn\u00e1l hozz\u00e1nk, gyere, v\u00e1runk szeretettel!<\/p>\n","protected":false},"excerpt":{"rendered":"<p>A Pet\u0151 Koll\u00e9giumba azon \u00e1ltal\u00e1nos iskol\u00e1nkba vagy szakiskol\u00e1nkba j\u00e1r\u00f3 tanul\u00f3ink sz\u00e1m\u00e1ra biztos\u00edtunk ingyenes koll\u00e9giumi ell\u00e1t\u00e1st, akiknek lak\u00f3hely\u00fck\u00f6n nincs lehet\u0151s\u00e9g\u00fck saj\u00e1tos nevel\u00e9si ig\u00e9ny\u00fcknek megfelel\u0151 kondukt\u00edv fejleszt\u00e9st, nevel\u00e9st, oktat\u00e1st ig\u00e9nybe venni, vagy h\u00e1tr\u00e1nyos, halmozottan h\u00e1tr\u00e1nyos helyzet\u00fck miatt nem biztos\u00edtottak az eg\u00e9szs\u00e9ges szoci\u00e1lis fejl\u0151d\u00e9s otthoni felt\u00e9telei. Int\u00e9zm\u00e9ny\u00fcnk az eg\u00e9sz orsz\u00e1g ter\u00fclet\u00e9r\u0151l fogad di\u00e1kokat. A felv\u00e9tel egy tan\u00e9vre sz\u00f3l. &hellip;<\/p>\n","protected":false},"author":101410,"featured_media":0,"parent":5593,"menu_order":0,"comment_status":"closed","ping_status":"closed","template":"","meta":{"_acf_changed":false,"footnotes":""},"categories":[83],"tags":[],"class_list":["post-3720","page","type-page","status-publish","hentry","category-okoiskolai-hirek-se-pa-ekpmi-hirei"],"acf":[],"_links":{"self":[{"href":"https:\/\/semmelweis.hu\/peto-ekpmi\/wp-json\/wp\/v2\/pages\/3720","targetHints":{"allow":["GET"]}}],"collection":[{"href":"https:\/\/semmelweis.hu\/peto-ekpmi\/wp-json\/wp\/v2\/pages"}],"about":[{"href":"https:\/\/semmelweis.hu\/peto-ekpmi\/wp-json\/wp\/v2\/types\/page"}],"author":[{"embeddable":true,"href":"https:\/\/semmelweis.hu\/peto-ekpmi\/wp-json\/wp\/v2\/users\/101410"}],"replies":[{"embeddable":true,"href":"https:\/\/semmelweis.hu\/peto-ekpmi\/wp-json\/wp\/v2\/comments?post=3720"}],"version-history":[{"count":12,"href":"https:\/\/semmelweis.hu\/peto-ekpmi\/wp-json\/wp\/v2\/pages\/3720\/revisions"}],"predecessor-version":[{"id":9322,"href":"https:\/\/semmelweis.hu\/peto-ekpmi\/wp-json\/wp\/v2\/pages\/3720\/revisions\/9322"}],"up":[{"embeddable":true,"href":"https:\/\/semmelweis.hu\/peto-ekpmi\/wp-json\/wp\/v2\/pages\/5593"}],"wp:attachment":[{"href":"https:\/\/semmelweis.hu\/peto-ekpmi\/wp-json\/wp\/v2\/media?parent=3720"}],"wp:term":[{"taxonomy":"category","embeddable":true,"href":"https:\/\/semmelweis.hu\/peto-ekpmi\/wp-json\/wp\/v2\/categories?post=3720"},{"taxonomy":"post_tag","embeddable":true,"href":"https:\/\/semmelweis.hu\/peto-ekpmi\/wp-json\/wp\/v2\/tags?post=3720"}],"curies":[{"name":"wp","href":"https:\/\/api.w.org\/{rel}","templated":true}]}}