{"id":3533,"date":"2018-11-21T15:03:13","date_gmt":"2018-11-21T14:03:13","guid":{"rendered":"http:\/\/semmelweis.hu\/peto-ekpmi\/?page_id=3533"},"modified":"2025-07-27T16:10:11","modified_gmt":"2025-07-27T14:10:11","slug":"elso-tanacsadas","status":"publish","type":"page","link":"https:\/\/semmelweis.hu\/peto-ekpmi\/szakszolgalat-2\/elso-tanacsadas\/","title":{"rendered":"Els\u0151 tan\u00e1csad\u00e1s &#8211; korai fejleszt\u00e9s"},"content":{"rendered":"<div class=\"w-100 keretes\" style=\"text-align: justify\"><strong>Korai fejleszt\u0151 egys\u00e9g az eg\u00e9sz tan\u00e9vben folyamatosan fejleszt\u00e9sre j\u00e1r\u00f3 gyermekek sz\u00e1m\u00e1ra ny\u00fajt ell\u00e1t\u00e1st. Jelentkezhetnek megk\u00e9sett mozg\u00e1sfejl\u0151d\u00e9s\u0171 vagy elt\u00e9r\u0151 izomt\u00f3nus\u00fa gyermekek \u00e9s k\u00f6zponti idegrendszeri s\u00e9r\u00fclt, korasz\u00fcl\u00f6tt, mozg\u00e1ss\u00e9r\u00fclt gyermekek 3 \u00e9ves korig orvos illetve v\u00e9d\u0151n\u0151 javaslata alapj\u00e1n.<\/strong><\/div>\n<div>\u00a0<\/div>\n<p><strong>C\u00edm:<\/strong>\u00a01125 Budapest, K\u00fatv\u00f6lgyi \u00fat 8.<br \/>\n<strong>Telefon: <a href=\"tel:+36706420117\">+36 70 642 0117<\/a><br \/>\nEmail: <a href=\"mailto:elsorendeles@semmelweis.hu\">elsorendeles@semmelweis.hu<\/a><br \/>\n<a class=\"button-big\" href=\"https:\/\/docs.google.com\/forms\/d\/e\/1FAIpQLSeBbnpHKqz0oIBFhlBmo4Y6peFKnDTuchTSejPZj0vdG1L5Tg\/viewform\" target=\"_blank\" rel=\"noopener noreferrer\">ONLINE JELENTKEZ\u00c9S<\/a><br \/>\n<\/strong><\/p>\n<p style=\"text-align: justify\"><a href=\"https:\/\/semmelweis.hu\/peto-ekpmi\/files\/2025\/02\/Babaszures2.jpg\"><img loading=\"lazy\" decoding=\"async\" class=\"alignleft  wp-image-8881\" src=\"https:\/\/semmelweis.hu\/peto-ekpmi\/files\/2025\/02\/Babaszures2.jpg\" alt=\"\" width=\"311\" height=\"363\" srcset=\"https:\/\/semmelweis.hu\/peto-ekpmi\/files\/2025\/02\/Babaszures2.jpg 488w, https:\/\/semmelweis.hu\/peto-ekpmi\/files\/2025\/02\/Babaszures2-342x400.jpg 342w\" sizes=\"auto, (max-width: 311px) 100vw, 311px\" \/><\/a>A ter\u00fcleten k\u00f6zponti idegrendszeri s\u00e9r\u00fclt, korasz\u00fcl\u00f6tt, elt\u00e9r\u0151 izomt\u00f3nus\u00fa \u00e9s megk\u00e9sett motoros fejl\u0151d\u00e9s\u0171 gyermekek sz\u00e1m\u00e1ra tartunk sz\u0171r\u0151vizsg\u00e1latot, melynek sor\u00e1n megbesz\u00e9lj\u00fck, hogy milyen seg\u00edts\u00e9gre van sz\u00fcks\u00e9ge a gyermeknek a szem\u00e9lyre szabott fejleszt\u00e9s miel\u0151bbi megkezd\u00e9s\u00e9hez. A k\u00e9s\u0151bbi csoportos vagy egy\u00e9ni foglalkoz\u00e1sokon a sz\u00fcl\u0151k, csal\u00e1dok a pszichoeduk\u00e1ci\u00f3 sor\u00e1n megtanulj\u00e1k, hogyan tudj\u00e1k akt\u00edvan seg\u00edteni a gyerekek optim\u00e1lis pszichomotoros fejl\u0151d\u00e9s\u00e9t. C\u00e9lunk az egy\u00e9ni fejl\u0151d\u00e9si utak kijel\u00f6l\u00e9se, elind\u00edt\u00e1sa.<\/p>\n<p style=\"text-align: justify\">A komplex fejleszt\u00e9s sor\u00e1n a megismer\u0151 k\u00e9pess\u00e9g (\u00e9szlel\u00e9s, \u00e9rz\u00e9kel\u00e9s); a kognit\u00edv k\u00e9pess\u00e9gek (figyelem, eml\u00e9kezet, gondolkod\u00e1s); a besz\u00e9d \u00e9s kommunik\u00e1ci\u00f3s k\u00e9szs\u00e9g ind\u00edt\u00e1sa, valamint a szoci\u00e1lis k\u00e9szs\u00e9gek kialak\u00edt\u00e1sa zajlik.<\/p>\n<h6><span style=\"font-size: 14pt\"><strong>Kiknek aj\u00e1nljuk?<\/strong><\/span><\/h6>\n<ul>\n<li>Megk\u00e9sett mozg\u00e1sfejl\u0151d\u00e9s\u0171 vagy elt\u00e9r\u0151 izomt\u00f3nus\u00fa gyermekek 18 h\u00f3napos korig orvos illetve v\u00e9d\u0151n\u0151 javaslata alapj\u00e1n. A fejleszt\u00e9s megkezd\u00e9s\u00e9t nagyban seg\u00edti, ha a gyermek m\u00e1r rendelkezik BNO k\u00f3ddal ell\u00e1tott neurol\u00f3gusi javaslattal, mely az Int\u00e9zm\u00e9ny\u00fcnket jel\u00f6li meg a korai intervenci\u00f3 megkezd\u00e9s\u00e9re.<\/li>\n<li>3 \u00e9ves korig k\u00f6zponti idegrendszeri s\u00e9r\u00fclt, korasz\u00fcl\u00f6tt, mozg\u00e1ss\u00e9r\u00fclt gyermekeknek<\/li>\n<\/ul>\n<p style=\"text-align: justify\">Komplex fejleszt\u00e9s sor\u00e1n a mozg\u00e1ss\u00e9r\u00fcl\u00e9shez kapcsol\u00f3d\u00f3 megismer\u0151 k\u00e9pess\u00e9g (\u00e9szlel\u00e9s, \u00e9rz\u00e9kel\u00e9s); a kognit\u00edv k\u00e9pess\u00e9gek (figyelem, eml\u00e9kezet, gondolkod\u00e1s); a besz\u00e9d \u00e9s kommunik\u00e1ci\u00f3s k\u00e9szs\u00e9g ind\u00edt\u00e1sa, valamint a szoci\u00e1lis k\u00e9szs\u00e9gek kialak\u00edt\u00e1sa zajlik.<\/p>\n<p style=\"text-align: justify\">A szakszolg\u00e1lat \u00e1tlagosan havi 250 gyermeket l\u00e1tunk el, t\u00falnyom\u00f3 t\u00f6bbs\u00e9g\u00fck (200) els\u0151 tan\u00e1csad\u00e1sra vagy kontrollra \u00e9rkezik, a t\u00f6bbiek pedig korai fejleszt\u00e9sen vesznek r\u00e9szt heti n\u00e9h\u00e1ny \u00f3r\u00e1s id\u0151tartamban. Ez ut\u00f3bbi is ingyenes, \u00e9s jellemz\u0151en budapestiek veszik ig\u00e9nybe. A vid\u00e9ki gyermekeknek lehet\u0151s\u00e9g\u00fck van \u00e9desanyjukkal egy\u00fctt 3 hetes intenz\u00edv fejleszt\u00e9sen r\u00e9szt venni, ilyenkor a sz\u00fcl\u0151k is elsaj\u00e1t\u00edthatj\u00e1k, hogyan tudj\u00e1k majd otthon alkalmazni az itt tanultakat. Az elhelyez\u00e9st \u00e9s az ell\u00e1t\u00e1st t\u00e9r\u00edt\u00e9s ellen\u00e9ben vehetik ig\u00e9nybe.<\/p>\n<p>Jelentkezni a +36706420117-es telefonsz\u00e1mon, vagy az <a href=\"mailto:elsorendeles@semmelweis-univ.hu\">elsorendeles@semmelweis.hu <\/a>email c\u00edmen lehet, vagy online az al\u00e1bbi linken:<\/p>\n<p><a class=\"button-big\" href=\"https:\/\/docs.google.com\/forms\/d\/e\/1FAIpQLSeBbnpHKqz0oIBFhlBmo4Y6peFKnDTuchTSejPZj0vdG1L5Tg\/viewform\" target=\"_blank\" rel=\"noopener noreferrer\">ONLINE JELENTKEZ\u00c9S<\/a><\/p>\n","protected":false},"excerpt":{"rendered":"<p>Korai fejleszt\u0151 egys\u00e9g az eg\u00e9sz tan\u00e9vben folyamatosan fejleszt\u00e9sre j\u00e1r\u00f3 gyermekek sz\u00e1m\u00e1ra ny\u00fajt ell\u00e1t\u00e1st. Jelentkezhetnek megk\u00e9sett mozg\u00e1sfejl\u0151d\u00e9s\u0171 vagy elt\u00e9r\u0151 izomt\u00f3nus\u00fa gyermekek \u00e9s k\u00f6zponti idegrendszeri s\u00e9r\u00fclt, korasz\u00fcl\u00f6tt, mozg\u00e1ss\u00e9r\u00fclt gyermekek 3 \u00e9ves korig orvos illetve v\u00e9d\u0151n\u0151 javaslata alapj\u00e1n. \u00a0 C\u00edm:\u00a01125 Budapest, K\u00fatv\u00f6lgyi \u00fat 8. Telefon: <a href=\"tel:+36706420117\">+36 70 642 0117<\/a> Email: <a href=\"mailto:elsorendeles@semmelweis.hu\">elsorendeles@semmelweis.hu<\/a> <a class=\"button-big\" href=\"https:\/\/docs.google.com\/forms\/d\/e\/1FAIpQLSeBbnpHKqz0oIBFhlBmo4Y6peFKnDTuchTSejPZj0vdG1L5Tg\/viewform\" target=\"_blank\" rel=\"noopener noreferrer\">ONLINE JELENTKEZ\u00c9S<\/a> <a href=\"https:\/\/semmelweis.hu\/peto-ekpmi\/files\/2025\/02\/Babaszures2.jpg\"><\/a> A ter\u00fcleten k\u00f6zponti idegrendszeri s\u00e9r\u00fclt, korasz\u00fcl\u00f6tt, elt\u00e9r\u0151 izomt\u00f3nus\u00fa \u00e9s megk\u00e9sett motoros fejl\u0151d\u00e9s\u0171 &hellip;<\/p>\n","protected":false},"author":12,"featured_media":0,"parent":5521,"menu_order":2,"comment_status":"closed","ping_status":"closed","template":"","meta":{"_acf_changed":false,"footnotes":""},"categories":[],"tags":[],"class_list":["post-3533","page","type-page","status-publish","hentry"],"acf":[],"_links":{"self":[{"href":"https:\/\/semmelweis.hu\/peto-ekpmi\/wp-json\/wp\/v2\/pages\/3533","targetHints":{"allow":["GET"]}}],"collection":[{"href":"https:\/\/semmelweis.hu\/peto-ekpmi\/wp-json\/wp\/v2\/pages"}],"about":[{"href":"https:\/\/semmelweis.hu\/peto-ekpmi\/wp-json\/wp\/v2\/types\/page"}],"author":[{"embeddable":true,"href":"https:\/\/semmelweis.hu\/peto-ekpmi\/wp-json\/wp\/v2\/users\/12"}],"replies":[{"embeddable":true,"href":"https:\/\/semmelweis.hu\/peto-ekpmi\/wp-json\/wp\/v2\/comments?post=3533"}],"version-history":[{"count":11,"href":"https:\/\/semmelweis.hu\/peto-ekpmi\/wp-json\/wp\/v2\/pages\/3533\/revisions"}],"predecessor-version":[{"id":9269,"href":"https:\/\/semmelweis.hu\/peto-ekpmi\/wp-json\/wp\/v2\/pages\/3533\/revisions\/9269"}],"up":[{"embeddable":true,"href":"https:\/\/semmelweis.hu\/peto-ekpmi\/wp-json\/wp\/v2\/pages\/5521"}],"wp:attachment":[{"href":"https:\/\/semmelweis.hu\/peto-ekpmi\/wp-json\/wp\/v2\/media?parent=3533"}],"wp:term":[{"taxonomy":"category","embeddable":true,"href":"https:\/\/semmelweis.hu\/peto-ekpmi\/wp-json\/wp\/v2\/categories?post=3533"},{"taxonomy":"post_tag","embeddable":true,"href":"https:\/\/semmelweis.hu\/peto-ekpmi\/wp-json\/wp\/v2\/tags?post=3533"}],"curies":[{"name":"wp","href":"https:\/\/api.w.org\/{rel}","templated":true}]}}