{"id":314,"date":"2017-12-19T00:00:00","date_gmt":"2017-12-18T23:00:00","guid":{"rendered":"http:\/\/semmelweis.hu\/peto-ekmpi\/cikk-2\/"},"modified":"2023-10-14T16:37:10","modified_gmt":"2023-10-14T14:37:10","slug":"kozossegi-szolgalat","status":"publish","type":"page","link":"https:\/\/semmelweis.hu\/peto-ekpmi\/iskola\/gyakorlo-altalanos-iskola-bemutatkozas\/kozossegi-szolgalat\/","title":{"rendered":"K\u00f6z\u00f6ss\u00e9gi szolg\u00e1lat"},"content":{"rendered":"<p style=\"text-align: right\">\u00a0<\/p>\n<div class=\"keretes w-100\">\n<p><strong>A k\u00f6telez\u0151 k\u00f6z\u00f6ss\u00e9gi szolg\u00e1lat teljes\u00edt\u00e9s\u00e9hez, a mi iskol\u00e1nkat v\u00e1laszt\u00f3\u00a0k\u00f6z\u00e9piskol\u00e1sok sz\u00e1m\u00e1ra aj\u00e1nljuk al\u00e1bbi t\u00e1j\u00e9koztat\u00f3nkat:<\/strong><\/p>\n<\/div>\n<p style=\"text-align: right\"><em>&#8222;Hi\u00e1nyoss\u00e1gom v\u00e1lj\u00e9k j\u00f3s\u00e1gg\u00e1 tebenned.&#8221;<\/em><\/p>\n<h4 style=\"text-align: left\"><b>Kedves Ifj\u00fa Bar\u00e1tunk!<\/b><\/h4>\n<p>Minket v\u00e1lasztott\u00e1l k\u00f6telez\u0151 50 \u00f3r\u00e1s k\u00f6z\u00f6ss\u00e9gi szolg\u00e1latod partner\u00e9\u00fcl; teh\u00e1t bar\u00e1ts\u00e1ggal vagy ir\u00e1ntunk. Mi, mint r\u00e1szorul\u00f3 tan\u00edtv\u00e1nyaink \u00e9let\u00e9nek szebb\u00e9, jobb\u00e1 alak\u00edt\u00e1s\u00e1n f\u00e1radoz\u00f3k, bar\u00e1ts\u00e1ggal fogadunk T\u00e9ged!<\/p>\n<p><em><strong>\u00dat a teljess\u00e9g fel\u00e9 <\/strong><\/em>\u2013 ez We\u00f6res S\u00e1ndor m\u0171v\u00e9nek c\u00edme, melyb\u0151l a fenti id\u00e9zet val\u00f3. Ne el\u00e9gedj\u00fcnk meg kevesebbel: mindannyian t\u00f6rekedj\u00fcnk a teljess\u00e9gre! Ez persze m\u00e1s \u00e9s m\u00e1s eredm\u00e9nyt jelent, de a m\u00e9rt\u00e9k ugyanaz.<\/p>\n<ul>\n<li><i>\u00dat a teljess\u00e9g fel\u00e9<\/i> tan\u00edtv\u00e1nyainknak: l\u00e1ssanak, tapasztaljanak t\u00f6bbet a \u201ekinti\u201d vil\u00e1gb\u00f3l.<\/li>\n<li><i>\u00dat a teljess\u00e9g fel\u00e9<\/i> Neked: sz\u00edvvel &#8211; l\u00e9lekkel add bele Magad!<\/li>\n<li><i>\u00dat a teljess\u00e9g fel\u00e9 <\/i>nek\u00fcnk, konduktoroknak: legh\u0151bb v\u00e1gyunk, az eredm\u00e9nyess\u00e9g lesz teljesebb.<\/li>\n<\/ul>\n<p>\u00d6r\u00f6mmel fogadunk T\u00e9ged. K\u00edv\u00e1njuk, hogy egy\u00fcttm\u0171k\u00f6d\u00e9s\u00fcnk sor\u00e1n \u00e9leted, embers\u00e9ged is kiteljesedj\u00e9k. <b>Iskol\u00e1nkr\u00f3l<\/b><\/p>\n<p>A Pet\u0151 Int\u00e9zet K\u00fatv\u00f6lgyi \u00fati k\u00f6zpontj\u00e1nak telephelye a mi iskol\u00e1nk (1118 Budapest, Vill\u00e1nyi \u00fat 67.). Ebben az \u00e9p\u00fcletben teljes\u00edtette ki \u00e9s bontakoztatta tov\u00e1bb Pet\u0151 Andr\u00e1s (1893-1967) \u00e9s H\u00e1ri M\u00e1ria (1923-2001) az az\u00f3ta hungarikumm\u00e1 \u00e9s vil\u00e1gh\u00edr\u0171v\u00e9 v\u00e1lt kondukt\u00edv pedag\u00f3gia m\u00f3dszer\u00e9t.<\/p>\n<p>Gyakorl\u00f3 iskola vagyunk. Itt tanulnak 4 \u00e9ven kereszt\u00fcl speci\u00e1lis rend \u00e9s felt\u00e9telek k\u00f6z\u00f6tt azok, akik konduktorok akarnak lenni. Most konduktor &#8211; hallgat\u00f3k\u00e9nt vannak jelen, el\u0151fordulhat, hogy tal\u00e1lkozol vel\u00fck.<\/p>\n<div class=\"w-100\">\n<h6 style=\"padding-left: 40px\"><b>Tan\u00edtv\u00e1nyainkr\u00f3l<\/b><\/h6>\n<\/div>\n<div class=\"w-100\" style=\"padding-left: 40px\">\n<p style=\"text-align: justify;padding-left: 40px\">Iskol\u00e1nk olyan gyermekeket nevel, akiknek <b><i>s\u00e9r\u00fclt a k\u00f6zponti idegrendszer\u00fck<\/i><\/b>. Ez azt jelenti, hogy az idegrendszer mozg\u00e1st szab\u00e1lyoz\u00f3 funkci\u00f3ja nem megfelel\u0151. Ennek sz\u00e1mos oka lehet. Legt\u00f6bbj\u00fcknek a s\u00e9r\u00fcl\u00e9se sz\u00fclet\u00e9se el\u0151tt, alatt vagy k\u00f6zvetlen\u00fcl ut\u00e1na keletkezett. Egyen-ketten tanulnak n\u00e1lunk olyan di\u00e1kok is, akik k\u00e9s\u0151bb b\u00e9nultak le. K\u00fcl\u00f6nbs\u00e9get tesz\u00fcnk a mozg\u00e1ss\u00e9r\u00fclt \u00e9s a mozg\u00e1skorl\u00e1tozott szem\u00e9lyek k\u00f6z\u00f6tt. Mi az el\u0151bbiekkel foglalkozunk. Mozg\u00e1skorl\u00e1tozottnak a mozg\u00e1s\u00e1ban szervi okb\u00f3l g\u00e1tolt embereket nevezz\u00fck (amput\u00e1ltak, s\u00falyos gerincferd\u00fcl\u00e9ssel \u00e9l\u0151k, k\u00f3rosan elh\u00edzottak, stb.)<\/p>\n<p style=\"text-align: justify;padding-left: 40px\">Mozg\u00e1ss\u00e9r\u00fclt di\u00e1kjainkat teh\u00e1t k\u00f6zponti idegrendszeri (agy, gerincvel\u0151) s\u00e9r\u00fcl\u00e9s jellemzi. Az agy k\u00fcl\u00f6nlegesen finom \u201em\u0171szer\u201d. Hib\u00e1it fizikai eszk\u00f6zzel jav\u00edtani nem lehet, csak <b><i>tanul\u00e1ssal<\/i><\/b>. A hi\u00e1nyz\u00f3 szab\u00e1lyoz\u00e1s akt\u00edv munk\u00e1val alak\u00edthat\u00f3 ki.<\/p>\n<\/div>\n<div class=\"w-100\" style=\"padding-left: 40px\">\n<p style=\"text-align: justify;padding-left: 40px\"><i>Pr\u00f3b\u00e1ld ki! Neked is vannak olyan izmaid, melyeket \u2013 mivel nincs r\u00e1 sz\u00fcks\u00e9ged \u2013 , nem haszn\u00e1lsz. Hajl\u00edtsd be mutat\u00f3ujjad utols\u00f3 perc\u00e9t \u00fagy, hogy a t\u00f6bbi ny\u00fajtva marad, vagy h\u00fazd fel csak az egyik szem\u00f6ld\u00f6k\u00f6det! Siker\u00fclt? No, nem baj. P\u00e1r h\u00e9tig naponta gyakorolod, menni fog! \u00cdgy csin\u00e1lj\u00e1k a mi gyerekeink is, csak sokkal-sokkal t\u00f6bb, \u00e9s fontosabb idegm\u0171k\u00f6d\u00e9st kell begyakorolniuk.<\/i><\/p>\n<\/div>\n<h6>\u00a0<strong>A k\u00f6zponti idegrendszer s\u00e9r\u00fcl\u00e9s\u00e9nek vannak jellemz\u0151 velej\u00e1r\u00f3i. Ilyen<\/strong><\/h6>\n<ul>\n<li>\n<p style=\"text-align: justify\">a hirtelen nagy zaj t\u00e1mad, mindenki <b><i>\u00f6sszerezzen.<\/i><\/b> A mi tanul\u00f3ink kisebb zajra is intenz\u00edvebben reag\u00e1lnak. Bizonytalanabbul \u00fcl\u0151 gyermek ak\u00e1r a sz\u00e9kr\u0151l is k\u00e9pes leesni ijedt\u00e9ben, ha nem vagyunk kell\u0151en el\u0151vigy\u00e1zatosak.<\/p>\n<\/li>\n<li>\n<p style=\"text-align: justify\">Te, ha esel, kezeddel v\u00e9dekezel. A mi di\u00e1kjaink k\u00e9t keze ilyenkor a f\u00fcl\u00fck mell\u00e9 szalad, ak\u00e1r akarj\u00e1k, ak\u00e1r nem. \u00cdgy az es\u00e9s j\u00f3val nagyobb s\u00e9r\u00fcl\u00e9st okozhat, ak\u00e1r el\u0151re, ak\u00e1r h\u00e1tra t\u00f6rt\u00e9nik. K\u00fcl\u00f6n\u00f6sen oda kell figyeln\u00fcnk az es\u00e9sek megel\u0151z\u00e9s\u00e9re.<\/p>\n<\/li>\n<li>\n<p style=\"text-align: justify\">J\u00f3p\u00e1r tan\u00edtv\u00e1nyunknak, ak\u00e1r m\u00e9g fels\u0151 tagozatos kor\u00e1ban is, <b><i>csorog a ny\u00e1la,<\/i><\/b> mert nem tudja ellen\u0151rizni. Fontos, hogy b\u0151re \u00e9ps\u00e9g\u00e9nek meg\u0151rz\u00e9se \u00e9rdek\u00e9ben rendszeresen let\u00f6r\u00f6lj\u00fck a ny\u00e1l\u00e1t, ha \u0151 maga nem teszi ezt meg. Legyen n\u00e1lunk ehhez sz\u00fcks\u00e9ges t\u00f6rl\u0151kend\u0151.<\/p>\n<\/li>\n<li>\n<p style=\"text-align: justify\">K\u00fcl\u00f6nlegesen neh\u00e9z, de ezzel egy\u00fctt sz\u00e9p feladat meg\u00e9rteni a <b><i>besz\u00e9d\u00fckben s\u00e9r\u00fclt <\/i><\/b>gyermekeket. Vannak, akiknek a p\u00f6szes\u00e9g\u00e9t ha megszoktuk, m\u00e1r \u00e9rtj\u00fck is. Vannak, akiket az \u00e9rt meg, aki rendszeresen vel\u00fck van, \u00e9s olyan kisdi\u00e1k is akad n\u00e1lunk, aki hi\u00e1ba ism\u00e9tel t\u00f6bbsz\u00f6r, akkor sem \u00e9rtj\u00fck meg m\u00e9g mi sem. Nekik \u2013 ha m\u00e1r el\u00e9g nagyok \u00e9s okosak \u2013 van bet\u0171t\u00e1bl\u00e1juk vagy kommunik\u00e1ci\u00f3s eszk\u00f6z\u00fck. Ezt mindig vigy\u00fck vel\u00fck! Sok id\u0151 \u00e9s t\u00fcrelem kell a meg\u00e9rt\u00e9s\u00fckh\u00f6z. Seg\u00edts\u00fck \u0151ket figyelmes odafordul\u00e1ssal!<\/p>\n<\/li>\n<li><b><b><i> <\/i><\/b><\/b>\n<p style=\"text-align: justify\">Az \u00e9rtelmi s\u00e9r\u00fcl\u00e9s <span style=\"font-size: 1rem;text-align: left\">nem sz\u00fcks\u00e9gszer\u0171 velej\u00e1r\u00f3ja a mozg\u00e1ss\u00e9r\u00fcl\u00e9snek. Tanulnak n\u00e1lunk \u00e9p \u00e9rtelm\u0171 \u00e9s \u00e9rtelmileg enyhe fokban s\u00e9r\u00fclt (halmozottan s\u00e9r\u00fclt) gyermekek is. Van, akin\u00e9l enyhe l\u00e1t\u00e1s-, vagy hall\u00e1ss\u00e9r\u00fcl\u00e9s is t\u00e1rsul mindehez. Aki \u00e9rtelmileg s\u00e9r\u00fclt, az lassabban gondolkodik, lassabban \u00e9rt meg dolgokat.<\/span><\/p>\n<\/li>\n<li><b><b><i> <\/i><\/b><\/b>\n<p style=\"text-align: justify\">J\u00e1rul\u00e9kos t\u00e1j\u00e9kozatlans\u00e1g\u00a0 <span style=\"font-size: 1rem;text-align: left\">is jellemzi a mozg\u00e1ss\u00e9r\u00fclteket. Nincs lehet\u0151s\u00e9ge r\u00e1, hogy kell\u0151 s\u0171r\u0171s\u00e9ggel, rendszeresen eljusson olyan helyekre, ami a t\u00f6bbi gyermeknek term\u00e9szetes. Ritk\u00e1n megy az utc\u00e1ra, a boltba, a piacra. Sz\u00e1m\u00e1ra ismeretlen a sorsz\u00e1mh\u00faz\u00e1s, a kijelz\u0151 figyel\u00e9se bankban, \u00f6nkorm\u00e1nyzatn\u00e1l. Ezt m\u00e1s gyermek az \u00e9desanyja mellett hamar megismeri. A mi gyermekeinket seg\u00edten\u00fcnk kell, hogy a mindennapi \u00e9let ezen ter\u00fcletein is otthonosan mozogjanak.<\/span><\/p>\n<\/li>\n<\/ul>\n<h6><b>Hogyan seg\u00edts?<\/b><\/h6>\n<p>Term\u00e9szetesen, egyszer\u0171en, biztons\u00e1gosan. K\u00f6vesd a gyermeket j\u00f3l ismer\u0151 konduktor \u00fatmutat\u00e1s\u00e1t! T\u00f6rekedni szeretn\u00e9nk arra, hogy legyen egy p\u00e1rod: vagyis lehet\u0151s\u00e9g szerint ugyanazt a tan\u00edtv\u00e1nyunkat seg\u00edtsd, amikor j\u00f6ssz.<\/p>\n<p style=\"text-align: justify\">Ismert operat\u0151ri fog\u00e1s alulr\u00f3l filmezni azt, akit ellenszenvesnek akarnak l\u00e1ttatni. Ez\u00e9rt az els\u0151 tal\u00e1lkoz\u00e1skor <b><i>ker\u00fcljetek egym\u00e1ssal szemmagass\u00e1gba<\/i><\/b>, \u00e9s bar\u00e1ts\u00e1gosan mosolyogva mondd el, hogy az\u00e9rt j\u00f6tt\u00e9l, hogy egy\u00fctt j\u00e1tssz \u00e9s k\u00f6r\u00fcln\u00e9zz vele az udvaron, az utc\u00e1n, a piacon. K\u00e9rdezd meg, hogy h\u00edvj\u00e1k. (Nem baj, ha ezt m\u00e1r el\u0151re tudod, h\u00e1tha nem \u00e9rted meg els\u0151re.) Te is mondd meg a neved!<\/p>\n<p style=\"text-align: justify\">A <b><i>testi \u00e9rint\u00e9s<\/i><\/b> a mi gyerekeink sz\u00e1m\u00e1ra eg\u00e9szen mindennapi. Te se f\u00e9lj meg\u00e9rinteni \u0151t! Nyugodtan fogd meg a l\u00e1bsz\u00e1r\u00e1t a tol\u00f3kocsi l\u00e1btart\u00f3j\u00e1nak le- \u00e9s felhajt\u00e1sakor. B\u00e1tran s\u00e9t\u00e1lj vele k\u00e9zen fogva, hogy \u00fcgyesebben j\u00e1rjon. T\u00f6r\u00fcld meg az orr\u00e1t, ha sz\u00fcks\u00e9ges.<\/p>\n<p style=\"text-align: justify\">Tan\u00edtv\u00e1nyaink <b><i>sokf\u00e9le eszk\u00f6zt haszn\u00e1lnak a j\u00e1r\u00e1shoz<\/i><\/b>. H\u00e1zon bel\u00fcl lek\u00fczdik a t\u00e1vols\u00e1gokat. Kint m\u00e1s. Ott kitart\u00f3an, gyorsan kell menni ahhoz, hogy el is jussanak valahov\u00e1. Ilyen alkalmakkor kocsiba \u00fclnek. Van, aki hajtja mag\u00e1t, legt\u00f6bbj\u00fcket tolni fogjuk. Ehhez babakocsit, vagy kerekessz\u00e9ket (tol\u00f3kocsit) adunk, amelybe bele\u00fcltetj\u00fck \u0151ket.<\/p>\n<p style=\"text-align: justify\">Az <b><i>emel\u00e9s <\/i><\/b>vesz\u00e9lyes, nagy figyelmet, \u00f6nismeretet, el\u0151rel\u00e1t\u00e1st ig\u00e9nyel. Akkor emelj, ha biztos vagy magadban. A kocsiba sok gyerek\u00fcnk nem tud \u00f6n\u00e1ll\u00f3an be\u00fclni, nekik persze seg\u00edteni kell. Ink\u00e1bb ketten, mint egyed\u00fcl! Ezzel \u0151t is, \u00e9s magadat is v\u00e9ded. Be\u00fcltet\u00e9skor el\u0151fordul, hogy a k\u00f3ros reflexek ellen\u00fcnk dolgoznak. Sz\u00e1m\u00edts r\u00e1! A megemelt \u00e9s letett gyereket ne hagyd ott hirtelen! Hosszasan figyeld meg, biztons\u00e1gos helyzetben van-e, nem f\u00e9l-e.<\/p>\n<p>Tanuld meg a babakocsit, a tol\u00f3kocsit kezelni! Ehhez vegy\u00e9l r\u00e9szt r\u00f6vid gyakorlaton! N\u00e9zegesd a \u201eSeg\u00edts\u00fcnk!\u201d f\u00fczetet.<\/p>\n<h6><b>Mit szabad \u00e9s mit nem?<\/b><\/h6>\n<ul style=\"list-style-type: square\">\n<li style=\"text-align: justify\">Nem szabad a csoportszob\u00e1kba utcai cip\u0151ben bel\u00e9pni, a sz\u0151nyegre k\u00fcl\u00f6n\u00f6sen nem.<\/li>\n<li style=\"text-align: justify\">Nem szabad a mobiltelefonodat haszn\u00e1lnod, nem szabad a tan\u00edtv\u00e1nyainkkal egy\u00fctt mobiloznod sem a saj\u00e1t, sem az \u0151 k\u00e9sz\u00fcl\u00e9k\u00e9n.<\/li>\n<li style=\"text-align: justify\">Szabad a tan\u00edtv\u00e1nyainkkal e-mai c\u00edmet cser\u00e9lned, ha k\u00e9ri, de nem k\u00f6telez\u0151, viszont nem szabad v\u00e1lasz n\u00e9lk\u00fcl hagynod, ha \u00edrt Neked.<\/li>\n<li style=\"text-align: justify\">Szabad otthon maradnod, ha betegs\u00e9g vagy m\u00e1s nyom\u00f3s ok miatt nem tudsz j\u00f6nni, ilyen esetben id\u0151ben jelezd azon a telefonsz\u00e1mon is, melyet els\u0151 alkalommal megadunk neked.<\/li>\n<li style=\"text-align: justify\">K\u00e9r\u00fcnk, vigy\u00e1zz a tan\u00edtv\u00e1nyaink magukkal vitt, illetve r\u00e1d b\u00edzott holmij\u00e1ra, t\u00e1voz\u00e1sod el\u0151tt gondoskodj r\u00f3la, hogy az a hely\u00e9re ker\u00fclj\u00f6n. (bot, kocsi, sapka, kist\u00e1ska, stb.).<\/li>\n<\/ul>\n<p style=\"text-align: justify\"><b><i>K\u00edv\u00e1njuk<\/i><\/b>, hogy ez a kis \u00fatmutat\u00f3 seg\u00edtsen hozz\u00e1 T\u00e9ged, hogy k\u00f6z\u00f6sen NAGYOT alkothassunk!<\/p>\n","protected":false},"excerpt":{"rendered":"<p>\u00a0 A k\u00f6telez\u0151 k\u00f6z\u00f6ss\u00e9gi szolg\u00e1lat teljes\u00edt\u00e9s\u00e9hez, a mi iskol\u00e1nkat v\u00e1laszt\u00f3\u00a0k\u00f6z\u00e9piskol\u00e1sok sz\u00e1m\u00e1ra aj\u00e1nljuk al\u00e1bbi t\u00e1j\u00e9koztat\u00f3nkat: &#8222;Hi\u00e1nyoss\u00e1gom v\u00e1lj\u00e9k j\u00f3s\u00e1gg\u00e1 tebenned.&#8221; Kedves Ifj\u00fa Bar\u00e1tunk! Minket v\u00e1lasztott\u00e1l k\u00f6telez\u0151 50 \u00f3r\u00e1s k\u00f6z\u00f6ss\u00e9gi szolg\u00e1latod partner\u00e9\u00fcl; teh\u00e1t bar\u00e1ts\u00e1ggal vagy ir\u00e1ntunk. Mi, mint r\u00e1szorul\u00f3 tan\u00edtv\u00e1nyaink \u00e9let\u00e9nek szebb\u00e9, jobb\u00e1 alak\u00edt\u00e1s\u00e1n f\u00e1radoz\u00f3k, bar\u00e1ts\u00e1ggal fogadunk T\u00e9ged! \u00dat a teljess\u00e9g fel\u00e9 \u2013 ez We\u00f6res S\u00e1ndor m\u0171v\u00e9nek c\u00edme, &hellip;<\/p>\n","protected":false},"author":101265,"featured_media":0,"parent":296,"menu_order":5,"comment_status":"closed","ping_status":"closed","template":"","meta":{"_acf_changed":false,"footnotes":""},"categories":[],"tags":[],"class_list":["post-314","page","type-page","status-publish","hentry"],"acf":[],"_links":{"self":[{"href":"https:\/\/semmelweis.hu\/peto-ekpmi\/wp-json\/wp\/v2\/pages\/314","targetHints":{"allow":["GET"]}}],"collection":[{"href":"https:\/\/semmelweis.hu\/peto-ekpmi\/wp-json\/wp\/v2\/pages"}],"about":[{"href":"https:\/\/semmelweis.hu\/peto-ekpmi\/wp-json\/wp\/v2\/types\/page"}],"author":[{"embeddable":true,"href":"https:\/\/semmelweis.hu\/peto-ekpmi\/wp-json\/wp\/v2\/users\/101265"}],"replies":[{"embeddable":true,"href":"https:\/\/semmelweis.hu\/peto-ekpmi\/wp-json\/wp\/v2\/comments?post=314"}],"version-history":[{"count":11,"href":"https:\/\/semmelweis.hu\/peto-ekpmi\/wp-json\/wp\/v2\/pages\/314\/revisions"}],"predecessor-version":[{"id":7921,"href":"https:\/\/semmelweis.hu\/peto-ekpmi\/wp-json\/wp\/v2\/pages\/314\/revisions\/7921"}],"up":[{"embeddable":true,"href":"https:\/\/semmelweis.hu\/peto-ekpmi\/wp-json\/wp\/v2\/pages\/296"}],"wp:attachment":[{"href":"https:\/\/semmelweis.hu\/peto-ekpmi\/wp-json\/wp\/v2\/media?parent=314"}],"wp:term":[{"taxonomy":"category","embeddable":true,"href":"https:\/\/semmelweis.hu\/peto-ekpmi\/wp-json\/wp\/v2\/categories?post=314"},{"taxonomy":"post_tag","embeddable":true,"href":"https:\/\/semmelweis.hu\/peto-ekpmi\/wp-json\/wp\/v2\/tags?post=314"}],"curies":[{"name":"wp","href":"https:\/\/api.w.org\/{rel}","templated":true}]}}