{"id":175,"date":"2017-12-19T00:00:00","date_gmt":"2017-12-18T23:00:00","guid":{"rendered":"http:\/\/semmelweis.hu\/peto-ekmpi\/utazokonduktori-intezmenyegyseg\/"},"modified":"2025-03-18T13:42:31","modified_gmt":"2025-03-18T12:42:31","slug":"utazokonduktori-intezmenyegyseg","status":"publish","type":"page","link":"https:\/\/semmelweis.hu\/peto-ekpmi\/utazokonduktori-intezmenyegyseg\/","title":{"rendered":"Utaz\u00f3 Konduktori Szolg\u00e1lat"},"content":{"rendered":"<p>&nbsp;<\/p>\n<div class=\"keretes w-100\">\n<p style=\"text-align: justify\"><strong style=\"font-size: 1rem\">SE Pet\u0151 Andr\u00e1s Kar Utaz\u00f3 Konduktori Szolg\u00e1lat\u00e1nak munkat\u00e1rsai <\/strong><strong>Budapesten \u00e9s vonz\u00e1sk\u00f6rzet\u00e9ben vesznek r\u00e9szt az\u00a0 t\u00f6bbs\u00e9gi \u00f3vod\u00e1kban, \u00e1ltal\u00e1nos iskol\u00e1kban az SNI \u00e9s celebr\u00e1l paretikus gyermekek fejleszt\u00e9s\u00e9ben, integr\u00e1ci\u00f3jukat el\u0151seg\u00edtve. A kondukt\u00edv nevel\u00e9s sikere a szakemberek, konduktorok \u00e9s a sz\u00fcl\u0151k \u00e9s t\u00e1rsszakm\u00e1k k\u00e9pvisel\u0151i \u00e9s pedag\u00f3gusok szoros egy\u00fcttm\u0171k\u00f6d\u00e9sen alapul.<\/strong><\/p>\n<p style=\"text-align: justify\"><strong>A szolg\u00e1ltat\u00e1s ig\u00e9nybe v\u00e9tel\u00e9nek alapja a szak\u00e9rt\u0151i v\u00e9lem\u00e9ny javaslata utaz\u00f3-gy\u00f3gypedag\u00f3gusi\/konduktori ell\u00e1t\u00e1sra.<\/strong><\/p>\n<\/div>\n<table style=\"width: 100.303%;border-collapse: collapse;border-style: hidden;height: 212px\">\n<tbody>\n<tr style=\"border-style: hidden\">\n<td style=\"width: 15.7789%;border-style: hidden;height: 212px\"><a href=\"https:\/\/semmelweis.hu\/peto-ekpmi\/files\/2021\/10\/Perge-Krisztinia.jpg\"><img loading=\"lazy\" decoding=\"async\" class=\"aligncenter wp-image-6333\" src=\"https:\/\/semmelweis.hu\/peto-ekpmi\/files\/2021\/10\/Perge-Krisztinia.jpg\" alt=\"\" width=\"120\" height=\"160\" srcset=\"https:\/\/semmelweis.hu\/peto-ekpmi\/files\/2021\/10\/Perge-Krisztinia.jpg 866w, https:\/\/semmelweis.hu\/peto-ekpmi\/files\/2021\/10\/Perge-Krisztinia-300x400.jpg 300w, https:\/\/semmelweis.hu\/peto-ekpmi\/files\/2021\/10\/Perge-Krisztinia-768x1023.jpg 768w, https:\/\/semmelweis.hu\/peto-ekpmi\/files\/2021\/10\/Perge-Krisztinia-753x1003.jpg 753w\" sizes=\"auto, (max-width: 120px) 100vw, 120px\" \/><\/a><\/td>\n<td style=\"width: 84.2211%;height: 212px\"><span style=\"font-size: 14pt\"><strong>Utaz\u00f3 Konduktori H\u00e1l\u00f3zat\u00a0<br \/>\nC\u00edm:<\/strong>1125 Budapest K\u00fatv\u00f6lgyi \u00fat 6.<strong><br \/>\nEgys\u00e9gvezet\u0151: <\/strong>Perge Krisztina<strong><br \/>\nTelefon:<\/strong>+36 70 886 9994<strong><br \/>\nE-mail: <a href=\"mailto:perge.krisztina@semmelweis.hu\">perge.krisztina@semmelweis.hu<\/a><\/strong><br \/>\n<\/span><\/td>\n<\/tr>\n<\/tbody>\n<\/table>\n<h6><span style=\"font-size: 14pt\"><strong>Jelentkez\u00e9seket a fenti el\u00e9rhet\u0151s\u00e9geken v\u00e1rjuk!<\/strong><\/span><\/h6>\n\r\n        [slb_exclude]\r\n        <div class=\"row galeria-wrapper mx-0 h-auto\">\r\n            <div class=\"col-9 pl-0 pr-2\">\r\n            <span class=\"gallery-item frame\">\r\n\t\t\t\t<div class=\"galeria-left-img\"><a href=\"https:\/\/semmelweis.hu\/peto-ekpmi\/files\/2025\/03\/20220113_090304-scaled.jpg\"><img src=https:\/\/semmelweis.hu\/peto-ekpmi\/files\/2025\/03\/20220113_090304-scaled.jpg  \r\n                            alt=\"\" \r\n                            class=\"attachment-sote-gallery-big size-sote-gallery-big\" \r\n                            srcset=\"https:\/\/semmelweis.hu\/peto-ekpmi\/files\/2025\/03\/20220113_090304-400x300.jpg 400w, https:\/\/semmelweis.hu\/peto-ekpmi\/files\/2025\/03\/20220113_090304-1024x768.jpg 1024w, https:\/\/semmelweis.hu\/peto-ekpmi\/files\/2025\/03\/20220113_090304-768x576.jpg 768w, https:\/\/semmelweis.hu\/peto-ekpmi\/files\/2025\/03\/20220113_090304-1536x1152.jpg 1536w, https:\/\/semmelweis.hu\/peto-ekpmi\/files\/2025\/03\/20220113_090304-2048x1536.jpg 2048w, https:\/\/semmelweis.hu\/peto-ekpmi\/files\/2025\/03\/20220113_090304-753x565.jpg 753w\" ><\/a><\/div>\r\n            <\/span>\r\n\r\n            <\/div>\r\n\r\n\t\t\t<div class=\"col-3 pl-0 pr-0\">\r\n\t\t\t\t<div class=\"galeria-right-img d-flex justify-content-between flex-column h-100 w-100 px-0 mx-0 \">\r\n                <div class=\"galeria-box\">\r\n\t\t\t\t\t<h3 class=\"galeria-title\">Gal\u00e9ria<\/h3>\r\n\t\t\t\t\t<div class=\"galeria-subtitle\">\r\n\r\n\t\t\t\t\t\t<div class=\"galeria-page-counter\"><span>17<\/span>k\u00e9p<\/div>\r\n                    <\/div> <\/div>\r\n                    <span class=\"gallery-item frame d-none d-md-flex\">\r\n\t\t\t\t\t<div class=\"galeria-small-img mt-0\"><a href=\"https:\/\/semmelweis.hu\/peto-ekpmi\/files\/2025\/03\/20220531_093730-scaled.jpg\"><img src=https:\/\/semmelweis.hu\/peto-ekpmi\/files\/2025\/03\/20220531_093730-scaled.jpg \r\n                                alt=\"\"  \r\n                                class=\"attachment-sote-gallery-small size-sote-gallery-small\" \r\n                                srcset=\"https:\/\/semmelweis.hu\/peto-ekpmi\/files\/2025\/03\/20220531_093730-300x400.jpg 300w, https:\/\/semmelweis.hu\/peto-ekpmi\/files\/2025\/03\/20220531_093730-768x1024.jpg 768w, https:\/\/semmelweis.hu\/peto-ekpmi\/files\/2025\/03\/20220531_093730-1152x1536.jpg 1152w, https:\/\/semmelweis.hu\/peto-ekpmi\/files\/2025\/03\/20220531_093730-1536x2048.jpg 1536w, https:\/\/semmelweis.hu\/peto-ekpmi\/files\/2025\/03\/20220531_093730-753x1004.jpg 753w, https:\/\/semmelweis.hu\/peto-ekpmi\/files\/2025\/03\/20220531_093730-scaled.jpg 1920w\" ><\/a><\/div>\r\n                    <\/span>\r\n                    <span class=\"gallery-item frame d-none d-md-flex\">\r\n\t\t\t\t\t<div class=\"galeria-small-img mt-0\"><a href=\"https:\/\/semmelweis.hu\/peto-ekpmi\/files\/2025\/03\/20220531_093748-scaled.jpg\"><img src=https:\/\/semmelweis.hu\/peto-ekpmi\/files\/2025\/03\/20220531_093748-scaled.jpg \r\n                                alt=\"\" \r\n                                class=\"attachment-sote-gallery-small size-sote-gallery-small\" \r\n                                srcset=\"https:\/\/semmelweis.hu\/peto-ekpmi\/files\/2025\/03\/20220531_093748-300x400.jpg 300w, https:\/\/semmelweis.hu\/peto-ekpmi\/files\/2025\/03\/20220531_093748-768x1024.jpg 768w, https:\/\/semmelweis.hu\/peto-ekpmi\/files\/2025\/03\/20220531_093748-1152x1536.jpg 1152w, https:\/\/semmelweis.hu\/peto-ekpmi\/files\/2025\/03\/20220531_093748-1536x2048.jpg 1536w, https:\/\/semmelweis.hu\/peto-ekpmi\/files\/2025\/03\/20220531_093748-753x1004.jpg 753w, https:\/\/semmelweis.hu\/peto-ekpmi\/files\/2025\/03\/20220531_093748-scaled.jpg 1920w\" ><\/a><\/div>\r\n                    <\/span>\r\n\r\n                <\/div>\r\n\r\n            <\/div>\r\n\r\n            <span class=\"gallery-item\"><div class=\"hidden\"><a href=\"https:\/\/semmelweis.hu\/peto-ekpmi\/files\/2025\/03\/20221027_111232-scaled.jpg\">\r\n        <img src=https:\/\/semmelweis.hu\/peto-ekpmi\/files\/2025\/03\/20221027_111232-scaled.jpg alt=\"\" class=\"attachment-sote-gallery-big size-sote-gallery-big\" srcset=\"https:\/\/semmelweis.hu\/peto-ekpmi\/files\/2025\/03\/20221027_111232-400x300.jpg 400w, https:\/\/semmelweis.hu\/peto-ekpmi\/files\/2025\/03\/20221027_111232-1024x768.jpg 1024w, https:\/\/semmelweis.hu\/peto-ekpmi\/files\/2025\/03\/20221027_111232-768x576.jpg 768w, https:\/\/semmelweis.hu\/peto-ekpmi\/files\/2025\/03\/20221027_111232-1536x1152.jpg 1536w, https:\/\/semmelweis.hu\/peto-ekpmi\/files\/2025\/03\/20221027_111232-2048x1536.jpg 2048w, https:\/\/semmelweis.hu\/peto-ekpmi\/files\/2025\/03\/20221027_111232-753x565.jpg 753w\" >\r\n        <\/a><\/div><\/span><span class=\"gallery-item\"><div class=\"hidden\"><a href=\"https:\/\/semmelweis.hu\/peto-ekpmi\/files\/2025\/03\/20230216_084652-scaled.jpg\">\r\n        <img src=https:\/\/semmelweis.hu\/peto-ekpmi\/files\/2025\/03\/20230216_084652-scaled.jpg alt=\"\" class=\"attachment-sote-gallery-big size-sote-gallery-big\" srcset=\"https:\/\/semmelweis.hu\/peto-ekpmi\/files\/2025\/03\/20230216_084652-400x300.jpg 400w, https:\/\/semmelweis.hu\/peto-ekpmi\/files\/2025\/03\/20230216_084652-1024x768.jpg 1024w, https:\/\/semmelweis.hu\/peto-ekpmi\/files\/2025\/03\/20230216_084652-768x576.jpg 768w, https:\/\/semmelweis.hu\/peto-ekpmi\/files\/2025\/03\/20230216_084652-1536x1152.jpg 1536w, https:\/\/semmelweis.hu\/peto-ekpmi\/files\/2025\/03\/20230216_084652-2048x1536.jpg 2048w, https:\/\/semmelweis.hu\/peto-ekpmi\/files\/2025\/03\/20230216_084652-753x565.jpg 753w\" >\r\n        <\/a><\/div><\/span><span class=\"gallery-item\"><div class=\"hidden\"><a href=\"https:\/\/semmelweis.hu\/peto-ekpmi\/files\/2025\/03\/IMG_20211018_103236-scaled.jpg\">\r\n        <img src=https:\/\/semmelweis.hu\/peto-ekpmi\/files\/2025\/03\/IMG_20211018_103236-scaled.jpg alt=\"\" class=\"attachment-sote-gallery-big size-sote-gallery-big\" srcset=\"https:\/\/semmelweis.hu\/peto-ekpmi\/files\/2025\/03\/IMG_20211018_103236-400x300.jpg 400w, https:\/\/semmelweis.hu\/peto-ekpmi\/files\/2025\/03\/IMG_20211018_103236-1024x768.jpg 1024w, https:\/\/semmelweis.hu\/peto-ekpmi\/files\/2025\/03\/IMG_20211018_103236-768x576.jpg 768w, https:\/\/semmelweis.hu\/peto-ekpmi\/files\/2025\/03\/IMG_20211018_103236-1536x1152.jpg 1536w, https:\/\/semmelweis.hu\/peto-ekpmi\/files\/2025\/03\/IMG_20211018_103236-2048x1536.jpg 2048w, https:\/\/semmelweis.hu\/peto-ekpmi\/files\/2025\/03\/IMG_20211018_103236-753x565.jpg 753w\" >\r\n        <\/a><\/div><\/span><span class=\"gallery-item\"><div class=\"hidden\"><a href=\"https:\/\/semmelweis.hu\/peto-ekpmi\/files\/2025\/03\/20200212_093100-scaled.jpg\">\r\n        <img src=https:\/\/semmelweis.hu\/peto-ekpmi\/files\/2025\/03\/20200212_093100-scaled.jpg alt=\"\" class=\"attachment-sote-gallery-big size-sote-gallery-big\" srcset=\"https:\/\/semmelweis.hu\/peto-ekpmi\/files\/2025\/03\/20200212_093100-300x400.jpg 300w, https:\/\/semmelweis.hu\/peto-ekpmi\/files\/2025\/03\/20200212_093100-768x1024.jpg 768w, https:\/\/semmelweis.hu\/peto-ekpmi\/files\/2025\/03\/20200212_093100-1152x1536.jpg 1152w, https:\/\/semmelweis.hu\/peto-ekpmi\/files\/2025\/03\/20200212_093100-1536x2048.jpg 1536w, https:\/\/semmelweis.hu\/peto-ekpmi\/files\/2025\/03\/20200212_093100-753x1004.jpg 753w, https:\/\/semmelweis.hu\/peto-ekpmi\/files\/2025\/03\/20200212_093100-scaled.jpg 1920w\" >\r\n        <\/a><\/div><\/span><span class=\"gallery-item\"><div class=\"hidden\"><a href=\"https:\/\/semmelweis.hu\/peto-ekpmi\/files\/2025\/03\/20200226_090440-scaled.jpg\">\r\n        <img src=https:\/\/semmelweis.hu\/peto-ekpmi\/files\/2025\/03\/20200226_090440-scaled.jpg alt=\"\" class=\"attachment-sote-gallery-big size-sote-gallery-big\" srcset=\"https:\/\/semmelweis.hu\/peto-ekpmi\/files\/2025\/03\/20200226_090440-400x300.jpg 400w, https:\/\/semmelweis.hu\/peto-ekpmi\/files\/2025\/03\/20200226_090440-1024x768.jpg 1024w, https:\/\/semmelweis.hu\/peto-ekpmi\/files\/2025\/03\/20200226_090440-768x576.jpg 768w, https:\/\/semmelweis.hu\/peto-ekpmi\/files\/2025\/03\/20200226_090440-1536x1152.jpg 1536w, https:\/\/semmelweis.hu\/peto-ekpmi\/files\/2025\/03\/20200226_090440-2048x1536.jpg 2048w, https:\/\/semmelweis.hu\/peto-ekpmi\/files\/2025\/03\/20200226_090440-753x565.jpg 753w\" >\r\n        <\/a><\/div><\/span><span class=\"gallery-item\"><div class=\"hidden\"><a href=\"https:\/\/semmelweis.hu\/peto-ekpmi\/files\/2025\/03\/20200226_091034-scaled.jpg\">\r\n        <img src=https:\/\/semmelweis.hu\/peto-ekpmi\/files\/2025\/03\/20200226_091034-scaled.jpg alt=\"\" class=\"attachment-sote-gallery-big size-sote-gallery-big\" srcset=\"https:\/\/semmelweis.hu\/peto-ekpmi\/files\/2025\/03\/20200226_091034-300x400.jpg 300w, https:\/\/semmelweis.hu\/peto-ekpmi\/files\/2025\/03\/20200226_091034-768x1024.jpg 768w, https:\/\/semmelweis.hu\/peto-ekpmi\/files\/2025\/03\/20200226_091034-1152x1536.jpg 1152w, https:\/\/semmelweis.hu\/peto-ekpmi\/files\/2025\/03\/20200226_091034-1536x2048.jpg 1536w, https:\/\/semmelweis.hu\/peto-ekpmi\/files\/2025\/03\/20200226_091034-753x1004.jpg 753w, https:\/\/semmelweis.hu\/peto-ekpmi\/files\/2025\/03\/20200226_091034-scaled.jpg 1920w\" >\r\n        <\/a><\/div><\/span><span class=\"gallery-item\"><div class=\"hidden\"><a href=\"https:\/\/semmelweis.hu\/peto-ekpmi\/files\/2025\/03\/20220106_101803-scaled.jpg\">\r\n        <img src=https:\/\/semmelweis.hu\/peto-ekpmi\/files\/2025\/03\/20220106_101803-scaled.jpg alt=\"\" class=\"attachment-sote-gallery-big size-sote-gallery-big\" srcset=\"https:\/\/semmelweis.hu\/peto-ekpmi\/files\/2025\/03\/20220106_101803-300x400.jpg 300w, https:\/\/semmelweis.hu\/peto-ekpmi\/files\/2025\/03\/20220106_101803-768x1024.jpg 768w, https:\/\/semmelweis.hu\/peto-ekpmi\/files\/2025\/03\/20220106_101803-1152x1536.jpg 1152w, https:\/\/semmelweis.hu\/peto-ekpmi\/files\/2025\/03\/20220106_101803-1536x2048.jpg 1536w, https:\/\/semmelweis.hu\/peto-ekpmi\/files\/2025\/03\/20220106_101803-753x1004.jpg 753w, https:\/\/semmelweis.hu\/peto-ekpmi\/files\/2025\/03\/20220106_101803-scaled.jpg 1920w\" >\r\n        <\/a><\/div><\/span><span class=\"gallery-item\"><div class=\"hidden\"><a href=\"https:\/\/semmelweis.hu\/peto-ekpmi\/files\/2025\/03\/image-0-02-05-c330d723c62ef110a778c572a06aae57c943b1784722e1692fc0b53bd20338b7-V.jpg\">\r\n        <img src=https:\/\/semmelweis.hu\/peto-ekpmi\/files\/2025\/03\/image-0-02-05-c330d723c62ef110a778c572a06aae57c943b1784722e1692fc0b53bd20338b7-V.jpg alt=\"\" class=\"attachment-sote-gallery-big size-sote-gallery-big\" srcset=\"https:\/\/semmelweis.hu\/peto-ekpmi\/files\/2025\/03\/image-0-02-05-c330d723c62ef110a778c572a06aae57c943b1784722e1692fc0b53bd20338b7-V-225x400.jpg 225w, https:\/\/semmelweis.hu\/peto-ekpmi\/files\/2025\/03\/image-0-02-05-c330d723c62ef110a778c572a06aae57c943b1784722e1692fc0b53bd20338b7-V-575x1024.jpg 575w, https:\/\/semmelweis.hu\/peto-ekpmi\/files\/2025\/03\/image-0-02-05-c330d723c62ef110a778c572a06aae57c943b1784722e1692fc0b53bd20338b7-V.jpg 719w\" >\r\n        <\/a><\/div><\/span><span class=\"gallery-item\"><div class=\"hidden\"><a href=\"https:\/\/semmelweis.hu\/peto-ekpmi\/files\/2025\/03\/image-0-02-05-c494a64a47c1e7334fc75a90725185f460081fc5c2f9d63b6f58080a7cb209ea-V.jpg\">\r\n        <img src=https:\/\/semmelweis.hu\/peto-ekpmi\/files\/2025\/03\/image-0-02-05-c494a64a47c1e7334fc75a90725185f460081fc5c2f9d63b6f58080a7cb209ea-V.jpg alt=\"\" class=\"attachment-sote-gallery-big size-sote-gallery-big\" srcset=\"https:\/\/semmelweis.hu\/peto-ekpmi\/files\/2025\/03\/image-0-02-05-c494a64a47c1e7334fc75a90725185f460081fc5c2f9d63b6f58080a7cb209ea-V-300x400.jpg 300w, https:\/\/semmelweis.hu\/peto-ekpmi\/files\/2025\/03\/image-0-02-05-c494a64a47c1e7334fc75a90725185f460081fc5c2f9d63b6f58080a7cb209ea-V-768x1024.jpg 768w, https:\/\/semmelweis.hu\/peto-ekpmi\/files\/2025\/03\/image-0-02-05-c494a64a47c1e7334fc75a90725185f460081fc5c2f9d63b6f58080a7cb209ea-V-753x1004.jpg 753w, https:\/\/semmelweis.hu\/peto-ekpmi\/files\/2025\/03\/image-0-02-05-c494a64a47c1e7334fc75a90725185f460081fc5c2f9d63b6f58080a7cb209ea-V.jpg 960w\" >\r\n        <\/a><\/div><\/span><span class=\"gallery-item\"><div class=\"hidden\"><a href=\"https:\/\/semmelweis.hu\/peto-ekpmi\/files\/2025\/03\/image-0-02-05-ffab1c67b8591b824079cc0773a8106ac94f300cb7ca46933d62a7f917bc6748-V.jpg\">\r\n        <img src=https:\/\/semmelweis.hu\/peto-ekpmi\/files\/2025\/03\/image-0-02-05-ffab1c67b8591b824079cc0773a8106ac94f300cb7ca46933d62a7f917bc6748-V.jpg alt=\"\" class=\"attachment-sote-gallery-big size-sote-gallery-big\" srcset=\"https:\/\/semmelweis.hu\/peto-ekpmi\/files\/2025\/03\/image-0-02-05-ffab1c67b8591b824079cc0773a8106ac94f300cb7ca46933d62a7f917bc6748-V-300x400.jpg 300w, https:\/\/semmelweis.hu\/peto-ekpmi\/files\/2025\/03\/image-0-02-05-ffab1c67b8591b824079cc0773a8106ac94f300cb7ca46933d62a7f917bc6748-V-768x1024.jpg 768w, https:\/\/semmelweis.hu\/peto-ekpmi\/files\/2025\/03\/image-0-02-05-ffab1c67b8591b824079cc0773a8106ac94f300cb7ca46933d62a7f917bc6748-V-753x1004.jpg 753w, https:\/\/semmelweis.hu\/peto-ekpmi\/files\/2025\/03\/image-0-02-05-ffab1c67b8591b824079cc0773a8106ac94f300cb7ca46933d62a7f917bc6748-V.jpg 960w\" >\r\n        <\/a><\/div><\/span><span class=\"gallery-item\"><div class=\"hidden\"><a href=\"https:\/\/semmelweis.hu\/peto-ekpmi\/files\/2025\/03\/image2_1-rotated.jpeg\">\r\n        <img src=https:\/\/semmelweis.hu\/peto-ekpmi\/files\/2025\/03\/image2_1-rotated.jpeg alt=\"\" class=\"attachment-sote-gallery-big size-sote-gallery-big\" srcset=\"https:\/\/semmelweis.hu\/peto-ekpmi\/files\/2025\/03\/image2_1-300x400.jpeg 300w, https:\/\/semmelweis.hu\/peto-ekpmi\/files\/2025\/03\/image2_1-rotated.jpeg 480w\" >\r\n        <\/a><\/div><\/span><span class=\"gallery-item\"><div class=\"hidden\"><a href=\"https:\/\/semmelweis.hu\/peto-ekpmi\/files\/2025\/03\/IMG_20160523_094149_1-scaled.jpg\">\r\n        <img src=https:\/\/semmelweis.hu\/peto-ekpmi\/files\/2025\/03\/IMG_20160523_094149_1-scaled.jpg alt=\"\" class=\"attachment-sote-gallery-big size-sote-gallery-big\" srcset=\"https:\/\/semmelweis.hu\/peto-ekpmi\/files\/2025\/03\/IMG_20160523_094149_1-300x400.jpg 300w, https:\/\/semmelweis.hu\/peto-ekpmi\/files\/2025\/03\/IMG_20160523_094149_1-768x1024.jpg 768w, https:\/\/semmelweis.hu\/peto-ekpmi\/files\/2025\/03\/IMG_20160523_094149_1-1152x1536.jpg 1152w, https:\/\/semmelweis.hu\/peto-ekpmi\/files\/2025\/03\/IMG_20160523_094149_1-1536x2048.jpg 1536w, https:\/\/semmelweis.hu\/peto-ekpmi\/files\/2025\/03\/IMG_20160523_094149_1-753x1004.jpg 753w, https:\/\/semmelweis.hu\/peto-ekpmi\/files\/2025\/03\/IMG_20160523_094149_1-scaled.jpg 1920w\" >\r\n        <\/a><\/div><\/span><span class=\"gallery-item\"><div class=\"hidden\"><a href=\"https:\/\/semmelweis.hu\/peto-ekpmi\/files\/2025\/03\/IMG_20200217_113031-scaled.jpg\">\r\n        <img src=https:\/\/semmelweis.hu\/peto-ekpmi\/files\/2025\/03\/IMG_20200217_113031-scaled.jpg alt=\"dav\" class=\"attachment-sote-gallery-big size-sote-gallery-big\" srcset=\"https:\/\/semmelweis.hu\/peto-ekpmi\/files\/2025\/03\/IMG_20200217_113031-400x300.jpg 400w, https:\/\/semmelweis.hu\/peto-ekpmi\/files\/2025\/03\/IMG_20200217_113031-1024x768.jpg 1024w, https:\/\/semmelweis.hu\/peto-ekpmi\/files\/2025\/03\/IMG_20200217_113031-768x576.jpg 768w, https:\/\/semmelweis.hu\/peto-ekpmi\/files\/2025\/03\/IMG_20200217_113031-1536x1152.jpg 1536w, https:\/\/semmelweis.hu\/peto-ekpmi\/files\/2025\/03\/IMG_20200217_113031-2048x1536.jpg 2048w, https:\/\/semmelweis.hu\/peto-ekpmi\/files\/2025\/03\/IMG_20200217_113031-753x565.jpg 753w\" >\r\n        <\/a><\/div><\/span><span class=\"gallery-item\"><div class=\"hidden\"><a href=\"https:\/\/semmelweis.hu\/peto-ekpmi\/files\/2025\/03\/IMG_20210609_095631-scaled.jpg\">\r\n        <img src=https:\/\/semmelweis.hu\/peto-ekpmi\/files\/2025\/03\/IMG_20210609_095631-scaled.jpg alt=\"\" class=\"attachment-sote-gallery-big size-sote-gallery-big\" srcset=\"https:\/\/semmelweis.hu\/peto-ekpmi\/files\/2025\/03\/IMG_20210609_095631-300x400.jpg 300w, https:\/\/semmelweis.hu\/peto-ekpmi\/files\/2025\/03\/IMG_20210609_095631-768x1024.jpg 768w, https:\/\/semmelweis.hu\/peto-ekpmi\/files\/2025\/03\/IMG_20210609_095631-1152x1536.jpg 1152w, https:\/\/semmelweis.hu\/peto-ekpmi\/files\/2025\/03\/IMG_20210609_095631-1536x2048.jpg 1536w, https:\/\/semmelweis.hu\/peto-ekpmi\/files\/2025\/03\/IMG_20210609_095631-753x1004.jpg 753w, https:\/\/semmelweis.hu\/peto-ekpmi\/files\/2025\/03\/IMG_20210609_095631-scaled.jpg 1920w\" >\r\n        <\/a><\/div><\/span>\r\n            <\/div>\r\n\r\n            [\/slb_exclude]\r\n\t\n<h6><strong>K\u00fcldet\u00e9s:<\/strong><\/h6>\n<p style=\"text-align: justify\">Az utaz\u00f3 konduktorok egy\u00e9ni \u00f3rarend szerint adapt\u00edv fejleszt\u00e9st val\u00f3s\u00edtanak meg a t\u00f6bbs\u00e9gi int\u00e9zm\u00e9nyekben egy\u00e9ni form\u00e1ban.<br \/>\nMunk\u00e1juk seg\u00edts\u00e9get ny\u00fajt a sz\u00fcl\u0151knek az otthoni napirend, tanul\u00e1si szok\u00e1sok, tanrend akt\u00edv kialak\u00edt\u00e1s\u00e1ban, de seg\u00edts\u00e9get ny\u00fajtanak a t\u00f6bbs\u00e9gi int\u00e9zm\u00e9nyek pedag\u00f3gusainak is a gyerekek iskolai feladatainak egy\u00e9nre szabott differenci\u00e1l\u00e1s\u00e1ban.<br \/>\nA gyermekek\/tanul\u00f3k az utaz\u00f3 konduktorok kondukt\u00edv programja alapj\u00e1n mozg\u00e1sfejleszt\u00e9st, tart\u00e1sjav\u00edt\u00f3 feladatokat, finommotorika fejleszt\u00e9s\u00e9t, l\u00e1bfejfeladatokat, nehez\u00edtett \u00e1ll\u00e1s-j\u00e1r\u00e1st, egyens\u00faly\u00e9rz\u00e9ket fejleszt\u0151 feladatokat, \u00f6nell\u00e1t\u00e1si teend\u0151k gyakorl\u00e1s\u00e1t, ill. a figyelem, szem-k\u00e9z koordin\u00e1ci\u00f3 fejleszt\u00e9s\u00e9t c\u00e9lz\u00f3 feladatokat v\u00e9geznek. Az utaz\u00f3 konduktorok \u00fatmutat\u00e1s\u00e1nak k\u00f6sz\u00f6nhet\u0151en a tanultakat a sz\u00fcl\u0151k seg\u00edts\u00e9g\u00e9vel otthoni k\u00f6r\u00fclm\u00e9nyek k\u00f6z\u00f6tt is alkalmazz\u00e1k.<\/p>\n<h6 style=\"text-align: justify\"><strong>Az Utaz\u00f3 Konduktori Szolg\u00e1lat ig\u00e9nybe v\u00e9tel\u00e9nek alapja: <\/strong><\/h6>\n<p style=\"text-align: justify\">A szak\u00e9rt\u0151i v\u00e9lem\u00e9nyben megjel\u00f6lt mozg\u00e1sfejleszt\u00e9s javaslata szomatopedag\u00f3gus\/ konduktor \/mozg\u00e1sfejleszt\u0151 szakember \u00e1ltal.<\/p>\n<p style=\"text-align: justify\">\u00c9letkori eloszl\u00e1s:<\/p>\n<ul>\n<li>\u00d3vod\u00e1skor (3-6 \u00e9v)<\/li>\n<li>Kisiskol\u00e1skor (6-10 \u00e9v)<\/li>\n<li>Iskol\u00e1skor (10-14 \u00e9v)<\/li>\n<li>Serd\u00fcl\u0151kor (14-18 \u00e9v)<\/li>\n<\/ul>\n<p><strong>Foglalkoztat\u00e1si form\u00e1k:<\/strong><\/p>\n<p style=\"text-align: justify\">A fejleszt\u00e9sben r\u00e9szt vev\u0151 szakemberek d\u00f6nt\u00e9se alapj\u00e1n a szakmai szempontok \u00e9s a gyermek\/di\u00e1k egy\u00e9ni elfoglalts\u00e1g\u00e1t \u00e9s tanrendj\u00e9t figyelembe v\u00e9ve alak\u00edtj\u00e1k ki a legmegfelel\u0151bb foglalkoztat\u00e1si form\u00e1t.<\/p>\n<p style=\"text-align: justify\">A konduktorok egy\u00e9ni fejleszt\u00e9si tervet k\u00e9sz\u00edtenek minden tan\u00e9vben I. \u00e9s II. f\u00e9l\u00e9vben, majd \u00e9vv\u00e9g\u00e9n v\u00e9lem\u00e9nyt \u00edrnak, melyet a gyermek\/di\u00e1k sz\u00fcleivel megbesz\u00e9lnek \u00e9s az otthoni feladatokat \u00e1tadj\u00e1k.<\/p>\n<p><strong>A szolg\u00e1ltat\u00e1s f\u0151bb c\u00e9ljai:<\/strong><\/p>\n<ul>\n<li>a sz\u00fcl\u0151k \u00e9s pedag\u00f3gusok r\u00e9sz\u00e9re tan\u00e1csad\u00e1s,<\/li>\n<li>szaktan\u00e1csad\u00e1s,<\/li>\n<li>esetmegbesz\u00e9l\u00e9s,<\/li>\n<li>otthoni feladatok \u00e1tad\u00e1sa,<\/li>\n<li>SNI gyermek elfogadtat\u00e1sa,<\/li>\n<li>fejleszt\u00e9s\u00e9hez sz\u00fcks\u00e9ges teend\u0151k, feladatok megbesz\u00e9l\u00e9se,<\/li>\n<li>t\u00e1j\u00e9koztat\u00e1s a fejleszt\u00e9s lehet\u0151s\u00e9geir\u0151l,<\/li>\n<li>javaslatt\u00e9tel a gyermek\/ tanul\u00f3 egy\u00e9ni ig\u00e9nyeihez sz\u00fcks\u00e9ges k\u00f6rnyezet kialak\u00edt\u00e1s\u00e1ra<\/li>\n<li>a gyermek\/di\u00e1k egy\u00e9ni fejleszt\u00e9si terv\u00e9nek megismertet\u00e9se a sz\u00fcl\u0151vel,<\/li>\n<li>az integr\u00e1ci\u00f3 el\u0151seg\u00edt\u00e9se,<\/li>\n<li>szaktan\u00e1csad\u00e1s,<\/li>\n<li>m\u00f3dszertani seg\u00edts\u00e9gny\u00fajt\u00e1s.<\/li>\n<\/ul>\n","protected":false},"excerpt":{"rendered":"<p>&nbsp; SE Pet\u0151 Andr\u00e1s Kar Utaz\u00f3 Konduktori Szolg\u00e1lat\u00e1nak munkat\u00e1rsai Budapesten \u00e9s vonz\u00e1sk\u00f6rzet\u00e9ben vesznek r\u00e9szt az\u00a0 t\u00f6bbs\u00e9gi \u00f3vod\u00e1kban, \u00e1ltal\u00e1nos iskol\u00e1kban az SNI \u00e9s celebr\u00e1l paretikus gyermekek fejleszt\u00e9s\u00e9ben, integr\u00e1ci\u00f3jukat el\u0151seg\u00edtve. A kondukt\u00edv nevel\u00e9s sikere a szakemberek, konduktorok \u00e9s a sz\u00fcl\u0151k \u00e9s t\u00e1rsszakm\u00e1k k\u00e9pvisel\u0151i \u00e9s pedag\u00f3gusok szoros egy\u00fcttm\u0171k\u00f6d\u00e9sen alapul. A szolg\u00e1ltat\u00e1s ig\u00e9nybe v\u00e9tel\u00e9nek alapja a szak\u00e9rt\u0151i v\u00e9lem\u00e9ny javaslata &hellip;<\/p>\n","protected":false},"author":101410,"featured_media":0,"parent":0,"menu_order":5,"comment_status":"closed","ping_status":"closed","template":"","meta":{"_acf_changed":false,"footnotes":""},"categories":[],"tags":[],"class_list":["post-175","page","type-page","status-publish","hentry"],"acf":[],"_links":{"self":[{"href":"https:\/\/semmelweis.hu\/peto-ekpmi\/wp-json\/wp\/v2\/pages\/175","targetHints":{"allow":["GET"]}}],"collection":[{"href":"https:\/\/semmelweis.hu\/peto-ekpmi\/wp-json\/wp\/v2\/pages"}],"about":[{"href":"https:\/\/semmelweis.hu\/peto-ekpmi\/wp-json\/wp\/v2\/types\/page"}],"author":[{"embeddable":true,"href":"https:\/\/semmelweis.hu\/peto-ekpmi\/wp-json\/wp\/v2\/users\/101410"}],"replies":[{"embeddable":true,"href":"https:\/\/semmelweis.hu\/peto-ekpmi\/wp-json\/wp\/v2\/comments?post=175"}],"version-history":[{"count":11,"href":"https:\/\/semmelweis.hu\/peto-ekpmi\/wp-json\/wp\/v2\/pages\/175\/revisions"}],"predecessor-version":[{"id":9028,"href":"https:\/\/semmelweis.hu\/peto-ekpmi\/wp-json\/wp\/v2\/pages\/175\/revisions\/9028"}],"wp:attachment":[{"href":"https:\/\/semmelweis.hu\/peto-ekpmi\/wp-json\/wp\/v2\/media?parent=175"}],"wp:term":[{"taxonomy":"category","embeddable":true,"href":"https:\/\/semmelweis.hu\/peto-ekpmi\/wp-json\/wp\/v2\/categories?post=175"},{"taxonomy":"post_tag","embeddable":true,"href":"https:\/\/semmelweis.hu\/peto-ekpmi\/wp-json\/wp\/v2\/tags?post=175"}],"curies":[{"name":"wp","href":"https:\/\/api.w.org\/{rel}","templated":true}]}}