{"id":1362,"date":"2018-01-11T13:14:20","date_gmt":"2018-01-11T12:14:20","guid":{"rendered":"http:\/\/semmelweis.hu\/peto-ekpmi\/?page_id=1362"},"modified":"2026-03-10T07:11:22","modified_gmt":"2026-03-10T06:11:22","slug":"az-egyseges-konduktiv-pedagogiai-modszertani-intezmeny-bemutatasa","status":"publish","type":"page","link":"https:\/\/semmelweis.hu\/peto-ekpmi\/az-egyseges-konduktiv-pedagogiai-modszertani-intezmeny-bemutatasa\/","title":{"rendered":"Az Egys\u00e9ges Kondukt\u00edv Pedag\u00f3giai M\u00f3dszertani Int\u00e9zm\u00e9ny bemutat\u00e1sa"},"content":{"rendered":"<div class=\"keretes w-100\" style=\"text-align: justify\"><strong>Semmelweis Egyetem Pet\u0151 Andr\u00e1s Gyakorl\u00f3 \u00c1ltal\u00e1nos Iskol\u00e1ja, Szakiskol\u00e1ja, Egys\u00e9ges Kondukt\u00edv Pedag\u00f3giai M\u00f3dszertani Int\u00e9zm\u00e9nye \u00e9s Koll\u00e9giuma (SE PA EKPMI) a Pet\u0151 Andr\u00e1s Kar gyakorl\u00f3 int\u00e9zm\u00e9nye. Feladata a konduktor hallgat\u00f3k gyakorlati k\u00e9pz\u00e9se, a magyar kisdedek, \u00f3vod\u00e1sok, iskol\u00e1skor\u00fa mozg\u00e1sfogyat\u00e9kos, els\u0151sorban k\u00f6zponti idegrendszeri s\u00e9r\u00fclt gyermekek, tanul\u00f3k kondukt\u00edv nevel\u00e9se, k\u00f6zoktat\u00e1sa, szakszolg\u00e1lati szolg\u00e1ltat\u00e1sok ny\u00fajt\u00e1sa az eg\u00e9sz orsz\u00e1gra kiterjed\u0151 hat\u00e1sk\u00f6rrel.<\/strong><\/div>\n<div class=\"responsive-tabs\">\n<h2 class=\"tabtitle\">Bemutatkoz\u00e1s<\/h2>\n<div class=\"tabcontent\">\n\n<h6><strong><span style=\"font-size: 14pt\">K\u00f6znevel\u00e9si int\u00e9zm\u00e9ny\u00fcnk vezet\u0151s\u00e9ge:<\/span><\/strong><\/h6>\n<table style=\"width: 100.303%;border-collapse: collapse;border-style: hidden;height: 198px\">\n<tbody>\n<tr style=\"border-style: hidden\">\n<td style=\"width: 15.7789%;border-style: hidden\"><a href=\"https:\/\/semmelweis.hu\/peto-ekpmi\/files\/2021\/10\/makkadam.jpg\"><img loading=\"lazy\" decoding=\"async\" class=\"wp-image-6332 aligncenter\" src=\"https:\/\/semmelweis.hu\/peto-ekpmi\/files\/2021\/10\/makkadam.jpg\" alt=\"\" width=\"120\" height=\"137\" srcset=\"https:\/\/semmelweis.hu\/peto-ekpmi\/files\/2021\/10\/makkadam.jpg 412w, https:\/\/semmelweis.hu\/peto-ekpmi\/files\/2021\/10\/makkadam-350x400.jpg 350w\" sizes=\"auto, (max-width: 120px) 100vw, 120px\" \/><\/a><\/td>\n<td style=\"width: 82.9146%;height: 198px\">\n<p><span style=\"font-size: 14pt\"><strong>F\u0151igazgat\u00f3:<\/strong> Makk \u00c1d\u00e1m<\/span><br \/>\n<span style=\"font-size: 14pt\"><strong>Telefon:<\/strong> +36 20 430 0819<\/span><br \/>\n<span style=\"font-size: 14pt\"><strong>E-mail:<\/strong> <a href=\"mailto:makk.adam@semmelweis.hu\">makk.adam@semmelweis.hu<\/a><\/span><\/p>\n<p><strong>Makk \u00c1d\u00e1m<\/strong> <a href=\"https:\/\/semmelweis.hu\/peto-ekpmi\/foigazgato\/\" target=\"_blank\" rel=\"noopener\">szakmai \u00f6n\u00e9letrajza<\/a><\/p>\n<\/td>\n<\/tr>\n<\/tbody>\n<\/table>\n<table style=\"width: 100.303%;border-collapse: collapse;border-style: hidden;height: 198px\">\n<tbody>\n<tr style=\"border-style: hidden\">\n<td style=\"width: 15.7789%;border-style: hidden\"><a href=\"https:\/\/semmelweis.hu\/peto-ekpmi\/files\/2021\/10\/Kiss_Anna-2.jpg\"><img loading=\"lazy\" decoding=\"async\" class=\"wp-image-6330 aligncenter\" src=\"https:\/\/semmelweis.hu\/peto-ekpmi\/files\/2021\/10\/Kiss_Anna-2.jpg\" alt=\"\" width=\"120\" height=\"137\" srcset=\"https:\/\/semmelweis.hu\/peto-ekpmi\/files\/2021\/10\/Kiss_Anna-2.jpg 412w, https:\/\/semmelweis.hu\/peto-ekpmi\/files\/2021\/10\/Kiss_Anna-2-350x400.jpg 350w\" sizes=\"auto, (max-width: 120px) 100vw, 120px\" \/><\/a><\/td>\n<td style=\"width: 84.2211%\"><span style=\"font-size: 14pt\"><strong>Nevel\u00e9si-oktat\u00e1si f\u0151igazgat\u00f3-helyettes:<\/strong> Kiss Anna\u00a0<\/span><br \/>\n<span style=\"font-size: 14pt\"><strong>Telefon:<\/strong> +36 70 886 9993<\/span><br \/>\n<span style=\"font-size: 14pt\"><strong>E-mail:<\/strong> <a href=\"mailto:kiss.anna@semmelweis.hu\">kiss.anna@semmelweis.hu<\/a><\/span><\/td>\n<\/tr>\n<\/tbody>\n<\/table>\n<table style=\"width: 100.303%;border-collapse: collapse;border-style: hidden;height: 198px\">\n<tbody>\n<tr style=\"border-style: hidden\">\n<td style=\"width: 15.7789%;border-style: hidden\"><a href=\"https:\/\/semmelweis.hu\/peto-ekpmi\/files\/2025\/09\/DG.jpg\"><img loading=\"lazy\" decoding=\"async\" class=\"alignleft wp-image-9308 size-full\" src=\"https:\/\/semmelweis.hu\/peto-ekpmi\/files\/2025\/09\/DG-e1757659178997.jpg\" alt=\"\" width=\"800\" height=\"800\" srcset=\"https:\/\/semmelweis.hu\/peto-ekpmi\/files\/2025\/09\/DG-e1757659178997.jpg 800w, https:\/\/semmelweis.hu\/peto-ekpmi\/files\/2025\/09\/DG-e1757659178997-400x400.jpg 400w, https:\/\/semmelweis.hu\/peto-ekpmi\/files\/2025\/09\/DG-e1757659178997-150x150.jpg 150w, https:\/\/semmelweis.hu\/peto-ekpmi\/files\/2025\/09\/DG-e1757659178997-768x768.jpg 768w, https:\/\/semmelweis.hu\/peto-ekpmi\/files\/2025\/09\/DG-e1757659178997-753x753.jpg 753w\" sizes=\"auto, (max-width: 800px) 100vw, 800px\" \/><\/a><\/td>\n<td style=\"width: 84.2211%\"><span style=\"font-size: 14pt\"><strong>Szervez\u00e9si f\u0151igazgat\u00f3-helyettes:<\/strong> D\u00f6br\u00f6ssyn\u00e9 D\u00e1niel Gabriella<\/span><br \/>\n<span style=\"font-size: 14pt\"><strong>Telefon:<\/strong> +70 330 7507<\/span><br \/>\n<span style=\"font-size: 14pt\"><strong>E-mail:<\/strong> <a href=\"mailto:daniel.gabriella@semmelweis.hu\">daniel.gabriella@semmelweis.hu<\/a><\/span><\/td>\n<\/tr>\n<\/tbody>\n<\/table>\n<p><strong style=\"color: #313b40;font-family: Montserrat, sans-serif\">Int\u00e9zm\u00e9nyegys\u00e9gek vezet\u0151s\u00e9ge:<\/strong><\/p>\n<table style=\"width: 100.303%;border-collapse: collapse;border-style: hidden;height: 198px\">\n<tbody>\n<tr style=\"border-style: hidden\">\n<td style=\"width: 15.7789%;border-style: hidden\"><a href=\"https:\/\/semmelweis.hu\/peto-ekpmi\/files\/2024\/11\/gruber-monika-e1666958118629-600x600-1.jpg\"><img loading=\"lazy\" decoding=\"async\" class=\"aligncenter wp-image-8746\" src=\"https:\/\/semmelweis.hu\/peto-ekpmi\/files\/2024\/11\/gruber-monika-e1666958118629-600x600-1.jpg\" alt=\"\" width=\"120\" height=\"120\" srcset=\"https:\/\/semmelweis.hu\/peto-ekpmi\/files\/2024\/11\/gruber-monika-e1666958118629-600x600-1.jpg 600w, https:\/\/semmelweis.hu\/peto-ekpmi\/files\/2024\/11\/gruber-monika-e1666958118629-600x600-1-400x400.jpg 400w, https:\/\/semmelweis.hu\/peto-ekpmi\/files\/2024\/11\/gruber-monika-e1666958118629-600x600-1-150x150.jpg 150w\" sizes=\"auto, (max-width: 120px) 100vw, 120px\" \/><\/a><\/td>\n<td style=\"width: 84.2211%\"><span style=\"font-size: 14pt\"><a href=\"https:\/\/semmelweis.hu\/peto-ekpmi\/szakszolgalat-2\/szakszolgalat\/\" target=\"_blank\" rel=\"noopener\"><strong>Pedag\u00f3giai Szakszolg\u00e1lat<\/strong><\/a><br \/>\n<strong>C\u00edm:<\/strong>1125 Budapest, K\u00fatv\u00f6lgyi \u00fat 6.<br \/>\n<strong>Egys\u00e9gvezet\u0151:<\/strong> Gruber M\u00f3nika<br \/>\n<strong>Telefon:<\/strong> +36 70 642 0117<br \/>\n<strong>E-mail:<\/strong> <a href=\"mailto:gruber.monika@semmelweis.hu\">gruber.monika@semmelweis.hu<\/a><br \/>\n<\/span><\/td>\n<\/tr>\n<\/tbody>\n<\/table>\n<table style=\"width: 100.303%;border-collapse: collapse;border-style: hidden;height: 198px\">\n<tbody>\n<tr style=\"border-style: hidden\">\n<td style=\"width: 15.7789%;border-style: hidden\"><a href=\"https:\/\/semmelweis.hu\/peto-ekpmi\/files\/2026\/03\/Liptakne-Papp-Juditv.jpg\"><img loading=\"lazy\" decoding=\"async\" class=\"alignleft wp-image-9516 size-full\" src=\"https:\/\/semmelweis.hu\/peto-ekpmi\/files\/2026\/03\/Liptakne-Papp-Juditv.jpg\" alt=\"\" width=\"1493\" height=\"1760\" srcset=\"https:\/\/semmelweis.hu\/peto-ekpmi\/files\/2026\/03\/Liptakne-Papp-Juditv.jpg 1493w, https:\/\/semmelweis.hu\/peto-ekpmi\/files\/2026\/03\/Liptakne-Papp-Juditv-339x400.jpg 339w, https:\/\/semmelweis.hu\/peto-ekpmi\/files\/2026\/03\/Liptakne-Papp-Juditv-869x1024.jpg 869w, https:\/\/semmelweis.hu\/peto-ekpmi\/files\/2026\/03\/Liptakne-Papp-Juditv-768x905.jpg 768w, https:\/\/semmelweis.hu\/peto-ekpmi\/files\/2026\/03\/Liptakne-Papp-Juditv-1303x1536.jpg 1303w, https:\/\/semmelweis.hu\/peto-ekpmi\/files\/2026\/03\/Liptakne-Papp-Juditv-753x888.jpg 753w\" sizes=\"auto, (max-width: 1493px) 100vw, 1493px\" \/><\/a><\/td>\n<td style=\"width: 84.2211%\"><span style=\"font-size: 14pt\"><strong><a href=\"https:\/\/semmelweis.hu\/peto-ekpmi\/iskola\/gyakorlo-altalanos-iskola-bemutatkozas\/\" target=\"_blank\" rel=\"noopener\">Kondukt\u00edv Gyakorl\u00f3 \u00c1ltal\u00e1nos Iskola<\/a><br \/>\n<\/strong><strong>C\u00edm:<\/strong> 1118 Budapest, Vill\u00e1nyi \u00fat 67.<strong><br \/>\nIgazgat\u00f3:<\/strong>Lipt\u00e1kn\u00e9 Papp Judit<strong><br \/>\nTelefon:<\/strong>+36 70 642 0119<strong><br \/>\nE-mail: <a href=\"mailto:liptaknepapp.judit@semmelweis.hu\">liptaknepapp.judit@semmelweis.hu<\/a><\/strong><br \/>\n<\/span><\/td>\n<\/tr>\n<\/tbody>\n<\/table>\n<table style=\"width: 100.303%;border-collapse: collapse;border-style: hidden;height: 212px\">\n<tbody>\n<tr style=\"border-style: hidden\">\n<td style=\"width: 15.7789%;border-style: hidden;height: 212px\"><a href=\"https:\/\/semmelweis.hu\/peto-ekpmi\/files\/2021\/03\/Siposne-Birkas-Melinda.jpg\"><img loading=\"lazy\" decoding=\"async\" class=\"aligncenter wp-image-4285\" src=\"https:\/\/semmelweis.hu\/peto-ekpmi\/files\/2021\/03\/Siposne-Birkas-Melinda-683x1024.jpg\" alt=\"\" width=\"120\" height=\"170\" \/><\/a><\/td>\n<td style=\"width: 84.2211%;height: 212px\"><span style=\"font-size: 14pt\"><strong><span style=\"font-size: 14pt\"><a href=\"https:\/\/semmelweis.hu\/peto-ekpmi\/konduktiv-szakiskola\/\" target=\"_blank\" rel=\"noopener\">Kondukt\u00edv Gyakorl\u00f3 Szakiskola<\/a><\/span><br \/>\nC\u00edm:<\/strong>1118 Budapest, Vill\u00e1nyi \u00fat 67.<strong><br \/>\nIgazgat\u00f3:<\/strong>Siposn\u00e9 Birk\u00e1s Melinda<strong><br \/>\nTelefon:<\/strong>+36 70 334 1154<strong><br \/>\nE-mail: <\/strong>siposne.birkas.melinda.eva@semmelweis.hu<br \/>\n<\/span><\/td>\n<\/tr>\n<\/tbody>\n<\/table>\n<table style=\"width: 100.303%;border-collapse: collapse;border-style: hidden;height: 212px\">\n<tbody>\n<tr style=\"border-style: hidden\">\n<td style=\"width: 15.7789%;border-style: hidden;height: 212px\"><a href=\"https:\/\/semmelweis.hu\/peto-ekpmi\/files\/2021\/10\/Perge-Krisztinia.jpg\"><img loading=\"lazy\" decoding=\"async\" class=\"aligncenter wp-image-6333\" src=\"https:\/\/semmelweis.hu\/peto-ekpmi\/files\/2021\/10\/Perge-Krisztinia.jpg\" alt=\"\" width=\"120\" height=\"160\" srcset=\"https:\/\/semmelweis.hu\/peto-ekpmi\/files\/2021\/10\/Perge-Krisztinia.jpg 866w, https:\/\/semmelweis.hu\/peto-ekpmi\/files\/2021\/10\/Perge-Krisztinia-300x400.jpg 300w, https:\/\/semmelweis.hu\/peto-ekpmi\/files\/2021\/10\/Perge-Krisztinia-768x1023.jpg 768w, https:\/\/semmelweis.hu\/peto-ekpmi\/files\/2021\/10\/Perge-Krisztinia-753x1003.jpg 753w\" sizes=\"auto, (max-width: 120px) 100vw, 120px\" \/><\/a><\/td>\n<td style=\"width: 84.2211%;height: 212px\"><span style=\"font-size: 14pt\"><strong><a href=\"https:\/\/semmelweis.hu\/peto-ekpmi\/utazokonduktori-intezmenyegyseg\/\" target=\"_blank\" rel=\"noopener\">Utaz\u00f3 Konduktori H\u00e1l\u00f3zat\u00a0<\/a><br \/>\nC\u00edm:<\/strong>1125 Budapest K\u00fatv\u00f6lgyi \u00fat 6.<strong><br \/>\nEgys\u00e9gvezet\u0151:<\/strong>Perge Krisztina<strong><br \/>\nTelefon:<\/strong>+36 70 886 9994<strong><br \/>\nE-mail: <a href=\"mailto:perge.krisztina@semmelweis.hu\">perge.krisztina@semmelweis.hu<\/a><\/strong><br \/>\n<\/span><\/td>\n<\/tr>\n<\/tbody>\n<\/table>\n<table style=\"width: 100.303%;border-collapse: collapse;border-style: hidden;height: 198px\">\n<tbody>\n<tr style=\"border-style: hidden\">\n<td style=\"width: 15.7789%;border-style: hidden\"><a href=\"https:\/\/semmelweis.hu\/peto-ekpmi\/files\/2021\/10\/D\u00f6br\u00f6ssyn\u00e9-_D\u00e1niel_Gabriella-2.jpg\"><img loading=\"lazy\" decoding=\"async\" class=\"alignleft wp-image-6329\" src=\"https:\/\/semmelweis.hu\/peto-ekpmi\/files\/2021\/10\/D\u00f6br\u00f6ssyn\u00e9-_D\u00e1niel_Gabriella-2.jpg\" alt=\"\" width=\"120\" height=\"137\" srcset=\"https:\/\/semmelweis.hu\/peto-ekpmi\/files\/2021\/10\/D\u00f6br\u00f6ssyn\u00e9-_D\u00e1niel_Gabriella-2.jpg 412w, https:\/\/semmelweis.hu\/peto-ekpmi\/files\/2021\/10\/D\u00f6br\u00f6ssyn\u00e9-_D\u00e1niel_Gabriella-2-350x400.jpg 350w\" sizes=\"auto, (max-width: 120px) 100vw, 120px\" \/><\/a><\/td>\n<td style=\"width: 84.2211%\">\n<p><span style=\"font-size: 14pt\"><strong><a href=\"https:\/\/semmelweis.hu\/peto-ekpmi\/palyazati-projektek-pedagogus-kepzesek\/kollegium\/\">Pet\u0151 Koll\u00e9gium<\/a><br \/>\nC\u00edm: <\/strong>1118 Budapest, Vill\u00e1nyi \u00fat 67.<strong><br \/>\n<\/strong><\/span><span style=\"font-size: 14pt\"><strong>Koll\u00e9giumvezet\u0151:<\/strong> D\u00f6br\u00f6ssyn\u00e9 D\u00e1niel Gabriella<\/span><br \/>\n<span style=\"font-size: 14pt\"><strong>Telefon:<\/strong> +36 30 564 8936<\/span><br \/>\n<span style=\"font-size: 14pt\"><strong>E-mail:<\/strong> <a href=\"mailto:daniel.gabriella@semmelweis.hu\">daniel.gabriella@semmelweis.hu<\/a><\/span><\/p>\n<\/td>\n<\/tr>\n<\/tbody>\n<\/table>\n<p style=\"text-align: center\"><span style=\"font-size: 14pt\"><strong>OM azonos\u00edt\u00f3: 038422<\/strong><\/span><\/p>\n<p style=\"text-align: justify\">Int\u00e9zm\u00e9ny\u00fcnk tev\u00e9kenys\u00e9g\u00fcnk szerte\u00e1gaz\u00f3, beletartozik a konduktor hallgat\u00f3k gyakorlati k\u00e9pz\u00e9se, a magyar kisdedek, \u00f3vod\u00e1sok, iskol\u00e1skor\u00fa mozg\u00e1sfogyat\u00e9kos gyermekek kondukt\u00edv nevel\u00e9se, szakmai szolg\u00e1ltat\u00e1sok ny\u00fajt\u00e1sa az eg\u00e9sz orsz\u00e1gra kiterjed\u0151 hat\u00e1sk\u00f6rrel.<\/p>\n<p style=\"text-align: justify\">Gyermekeink, neveltjeink nagy t\u00f6bbs\u00e9ge a k\u00f6zponti idegrendszer s\u00e9r\u00fcl\u00e9se k\u00f6vetkezt\u00e9ben mozg\u00e1sszervi fogyat\u00e9kos, sok esetben halmozottan s\u00e9r\u00fclt (l\u00e1t\u00e1s, hall\u00e1s, besz\u00e9d, \u00e9szlel\u00e9si probl\u00e9m\u00e1k), r\u00e9szk\u00e9pess\u00e9g zavarokkal k\u00fczd\u0151, tanul\u00e1sban akad\u00e1lyozott, saj\u00e1tos nevel\u00e9si ig\u00e9ny\u0171.<\/p>\n<p style=\"text-align: justify\">Int\u00e9zm\u00e9nyegys\u00e9geink gyakorlatilag minden \u00e9letkor\u00fa \u00e9s minden k\u00f6zponti idegrendszeri eredet\u0171 mozg\u00e1sfogyat\u00e9kos gyermek sz\u00e1m\u00e1ra ny\u00fajthat kondukt\u00edv nevel\u00e9st az alap\u00edt\u00f3 okiratban r\u00f6gz\u00edtett kompetenci\u00e1k ment\u00e9n.<\/p>\n<h6 class=\"Norm_00e1l\" style=\"text-align: left\"><strong>SE Pet\u0151 Andr\u00e1s Pedag\u00f3giai Szakszolg\u00e1lat int\u00e9zm\u00e9nyegys\u00e9g<\/strong><\/h6>\n<p style=\"text-align: justify\">Tev\u00e9kenys\u00e9g\u00e9be tartozik a kondukt\u00edv pedag\u00f3giai sz\u0171r\u00e9s (k\u00f3rh\u00e1zakban, v\u00e9d\u0151n\u0151i k\u00f6rzetekben), a komplex gy\u00f3gypedag\u00f3giai korai fejleszt\u00e9s \u00e9s gondoz\u00e1s, a nevel\u00e9si tan\u00e1csad\u00e1s, az ut\u00e1nk\u00f6vet\u00e9s, egy\u00e9ni \u00e9s csoportos fejleszt\u00e9si form\u00e1kban, valamint az intenz\u00edv, intervallumban ny\u00fajtott, k\u00f6zvetlen sz\u00fcl\u0151i tan\u00edt\u00e1s-tanul\u00e1sra \u00e9p\u00edt\u0151 csoportos foglalkoz\u00e1sok.<\/p>\n<h6 class=\"Norm_00e1l\" style=\"text-align: justify\"><strong>SE Pet\u0151 Andr\u00e1s Kondukt\u00edv Gyakorl\u00f3 \u00c1ltal\u00e1nos Iskola\u00a0 int\u00e9zm\u00e9nyegys\u00e9g<\/strong><\/h6>\n<p style=\"text-align: justify\">Orsz\u00e1gos m\u0171k\u00f6d\u00e9si k\u00f6rzettel rendelkezik. Di\u00e1kjaink t\u00f6bb mint 50%-a koll\u00e9gista. 1-8. \u00e9vfolyamon folyik a tanul\u00f3k kondukt\u00edv oktat\u00e1sa \u00e9s nevel\u00e9se, norm\u00e1l tanterv\u0171 \u00e9s tanul\u00e1sban akad\u00e1lyozottak tanterve szerint halad\u00f3 oszt\u00e1lyokban.<\/p>\n<h6 class=\"Norm_00e1l\" style=\"text-align: justify\"><strong>SE Pet\u0151 Andr\u00e1s Kondukt\u00edv Gyakorl\u00f3<\/strong> <strong>Szakiskola int\u00e9zm\u00e9nyegys\u00e9g<\/strong><\/h6>\n<p style=\"text-align: justify\">Sz\u00e1m\u00edt\u00f3g\u00e9pes adatr\u00f6gz\u00edt\u0151 szakiskolai k\u00e9pz\u00e9s\u00fcnk, tanul\u00e1sban akad\u00e1lyozottak \u00e9s norm\u00e1l tanterv szerint halad\u00f3 fiatalok sz\u00e1m\u00e1ra. Orsz\u00e1gos m\u0171k\u00f6d\u00e9si k\u00f6rzettel rendelkezik, koll\u00e9giumi ell\u00e1t\u00e1s biztos\u00edt\u00e1s\u00e1val.<\/p>\n<h6 class=\"Norm_00e1l\" style=\"text-align: justify\"><strong>SE Pet\u0151 Andr\u00e1s Utaz\u00f3 Konduktori Szolg\u00e1lat int\u00e9zm\u00e9nyegys\u00e9g<\/strong><\/h6>\n<p style=\"text-align: justify\">T\u00f6bbs\u00e9g\u00e9ben Budapesten \u00e9s k\u00f6rny\u00e9k\u00e9n vesz r\u00e9szt az integr\u00e1ci\u00f3ban tanul\u00f3, nevelked\u0151 gyermekek habilit\u00e1ci\u00f3s c\u00e9l\u00fa mozg\u00e1sfejleszt\u00e9s\u00e9ben, el\u0151seg\u00edtve a s\u00e9r\u00fclt gyermekek csal\u00e1di \u00e9s int\u00e9zm\u00e9nyi integr\u00e1ci\u00f3j\u00e1t.<\/p>\n<h6 class=\"Norm_00e1l\" style=\"text-align: justify\"><strong>Pet\u0151 Koll\u00e9gium int\u00e9zm\u00e9nyegys\u00e9g<\/strong><\/h6>\n<p style=\"text-align: justify\">\u00c1ltal\u00e1nos iskol\u00e1nkba vagy szakiskol\u00e1nkba j\u00e1r\u00f3 tanul\u00f3ink sz\u00e1m\u00e1ra biztos\u00edtunk ingyenes koll\u00e9giumi ell\u00e1t\u00e1st, akiknek lak\u00f3hely\u00fck\u00f6n nincs lehet\u0151s\u00e9g\u00fck saj\u00e1tos nevel\u00e9si ig\u00e9ny\u00fcknek megfelel\u0151 kondukt\u00edv fejleszt\u00e9st, nevel\u00e9st, oktat\u00e1st ig\u00e9nybe venni,<\/p>\n\n<\/div><h2 class=\"tabtitle\">Dokumentumok<\/h2>\n<div class=\"tabcontent\">\n\n<ul>\n<li><a href=\"https:\/\/semmelweis.hu\/peto-ekpmi\/files\/2025\/09\/AO-EKPMI.pdf\">Alap\u00edt\u00f3 okirat<\/a><\/li>\n<li><a href=\"https:\/\/semmelweis.hu\/jogigfoig\/files\/2023\/05\/SE_Alapito_okirat_230406_alairt.pdf\" target=\"_blank\" rel=\"noopener\">Semmelweis Egyetem alap\u00edt\u00f3 okirata<\/a><\/li>\n<li><a href=\"https:\/\/semmelweis.hu\/peto-ekpmi\/files\/2021\/10\/SE-PA-EKPMI-nyilv-v\u00e9teli-hat.pdf\" target=\"_blank\" rel=\"noopener noreferrer\">Nyilv\u00e1ntart\u00e1sba v\u00e9teli hat\u00e1rozat<\/a><\/li>\n<li><a href=\"https:\/\/semmelweis.hu\/peto-ekpmi\/files\/2022\/08\/OH-hatarozat-nyilvantartas-modositasa.pdf\" target=\"_blank\" rel=\"noopener\">Ny\u00edlv\u00e1ntart\u00e1s m\u00f3dos\u00edt\u00f3 hat\u00e1rozata<\/a><\/li>\n<li><a href=\"\/peto-ekpmi\/files\/2018\/01\/tajekoztatas_dgys_170925.pdf\" target=\"_blank\" rel=\"alternate noopener noreferrer\">MAGYARORSZ\u00c1G DIGIT\u00c1LIS GYERMEKV\u00c9DELMI STRAT\u00c9GI\u00c1JA<\/a><\/li>\n<li><a href=\"https:\/\/semmelweis.hu\/peto-ekpmi\/files\/2025\/01\/Kozzeteteli-lista-2024.pdf\" target=\"_blank\" rel=\"noopener\">KIR K\u00d6ZZ\u00c9T\u00c9TELI LISTA 2024<\/a><\/li>\n<li><a href=\"https:\/\/semmelweis.hu\/peto-ekpmi\/files\/2024\/05\/PedagogiaiProgram2024.pdf\" target=\"_blank\" rel=\"noopener\">SE PA EKPMI Pedag\u00f3giai Program<\/a><\/li>\n<li><a href=\"https:\/\/semmelweis.hu\/peto-ekpmi\/files\/2024\/10\/SE-PA-EKPMI-HAZIREND-2024.10.14-1.pdf\" target=\"_blank\" rel=\"noopener\">SE PA EKPMI H\u00e1zirend<\/a><\/li>\n<li><a href=\"https:\/\/semmelweis.hu\/peto-ekpmi\/files\/2025\/09\/SZMSZ-EKPMI.pdf\">SE PA EKPMI SZMSZ<\/a><\/li>\n<li><a href=\"https:\/\/semmelweis.hu\/peto-ekpmi\/files\/2021\/12\/EKPMI-iratkezelesi-szabalyzat.doc.pdf\" target=\"_blank\" rel=\"noopener\">SE PA EKPMI Iratkezel\u00e9si szab\u00e1lyzat<\/a><\/li>\n<li id=\"GroupWiseSection_1535500493000_makk.adam@semmelweis-univ.hu_E0A663881C8C0000B4706F6437396132_\" class=\"GroupWiseMessageBody active\"><a href=\"https:\/\/semmelweis.hu\/peto-ekpmi\/files\/2024\/09\/TER.pdf\" target=\"_blank\" rel=\"noopener noreferrer\">SE PA EKPMI Helyi \u00e9rt\u00e9kel\u00e9si szab\u00e1lyzat<\/a><\/li>\n<li><a href=\"https:\/\/semmelweis.hu\/peto-ekpmi\/files\/2023\/03\/SE-PA-EKPMI-Panaszkezelesi-Szabalyzat-2018.pdf\" target=\"_blank\" rel=\"noopener\">SE PA EKPMI Panaszkezel\u00e9si szab\u00e1lyzat<\/a><\/li>\n<li><a href=\"https:\/\/semmelweis.hu\/peto-ekpmi\/files\/2019\/05\/SE-AP-EKPMI-\u00c9rt\u00e9kel\u00e9si-rendszer.pdf\" target=\"_blank\" rel=\"noopener noreferrer\">SE PA EKPMI \u00c9rt\u00e9kel\u00e9si rendszer 2018-2020<\/a><\/li>\n<li><a href=\"https:\/\/semmelweis.hu\/peto-ekpmi\/files\/2020\/11\/T\u00c9R-SE-PA-EKPMI-le\u00edr\u00e1s-mell\u00e9kletekkel.pdf\" target=\"_blank\" rel=\"noopener noreferrer\"><span id=\"cch_f1a8bb1d9fd8e2a\" class=\"_mh6 _wsc\"><span class=\"_3oh- _58nk\">SE PA EKPMI \u00c9rt\u00e9kel\u00e9si rendszer &#8211; 2020 szeptember 1-t\u0151l hat\u00e1lyos<\/span><\/span><\/a><\/li>\n<li><a href=\"https:\/\/semmelweis.hu\/peto-ekpmi\/2020\/03\/24\/se-pa-ekpmi-adatkezelesi-es-adatvedelmi-szabalyzata\/\" target=\"_blank\" rel=\"noopener noreferrer\">SE PA EKPMI Adatkezel\u00e9si \u00e9s adatv\u00e9delmi szab\u00e1lyzata<\/a><\/li>\n<li><a href=\"https:\/\/semmelweis.hu\/peto-ekpmi\/files\/2024\/01\/Antibulling-protokoll-vegleges-2024.pdf\" target=\"_blank\" rel=\"noopener\">B\u00e1ntalmaz\u00e1skezel\u00e9si protokoll<\/a><\/li>\n<\/ul>\n\n<\/div><h2 class=\"tabtitle\">Besz\u00e1mol\u00f3k\/\u00c9rt\u00e9kel\u00e9sek<\/h2>\n<div class=\"tabcontent\">\n\n<p><a href=\"https:\/\/semmelweis.hu\/peto-ekpmi\/files\/2024\/03\/20240313130049.pdf\" target=\"_blank\" rel=\"noopener\">Besz\u00e1mol\u00f3 2023\/24 I. f\u00e9l\u00e9v<\/a><\/p>\n<hr \/>\n<p><a href=\"https:\/\/semmelweis.hu\/peto-ekpmi\/files\/2021\/01\/2020_EKPMI-T\u00c9R-ELEMZ\u00c9S_20210115.pdf\" target=\"_blank\" rel=\"noopener noreferrer\">2020 EKPMI T\u00c9R elemz\u00e9s<\/a><\/p>\n<hr \/>\n<p><a href=\"https:\/\/docs.google.com\/forms\/d\/e\/1FAIpQLScGCUppXuuu_sHQ7l_yBqQvGGuroOfRSl-yLquvxtCjhYRP5g\/viewform\" target=\"_blank\" rel=\"noopener noreferrer\">Sz\u00fcl\u0151kt\u0151l vagy di\u00e1kjainkt\u00f3l munkat\u00e1rsainknak sz\u00f3l\u00f3 \u00e9rt\u00e9kel\u0151lap<\/a><\/p>\n<p><a href=\"https:\/\/docs.google.com\/forms\/d\/e\/1FAIpQLSfrr0wENMJqNo-pKR0x6ubmmCvlafm1X7lT59Nr2munvobEBw\/viewform\" target=\"_blank\" rel=\"noopener noreferrer\">Munkat\u00e1rsak T\u00c9R &#8211; \u00e9rt\u00e9kel\u0151 lapja<\/a><\/p>\n<\/div><\/div>\n","protected":false},"excerpt":{"rendered":"<p>Int\u00e9zm\u00e9ny\u00fcnk feladata a magyar kisdedek, \u00f3vod\u00e1sok, iskol\u00e1skor\u00fa mozg\u00e1sfogyat\u00e9kos, els\u0151sorban k\u00f6zponti idegrendszeri s\u00e9r\u00fclt gyermekek, tanul\u00f3k kondukt\u00edv nevel\u00e9se, k\u00f6zoktat\u00e1sa, szakszolg\u00e1lati szolg\u00e1ltat\u00e1sok ny\u00fajt\u00e1sa az eg\u00e9sz orsz\u00e1gra kiterjed\u0151 hat\u00e1sk\u00f6rrel. \u00e9s a konduktor hallgat\u00f3k gyakorlati k\u00e9pz\u00e9se.<\/p>\n","protected":false},"author":12,"featured_media":0,"parent":0,"menu_order":0,"comment_status":"closed","ping_status":"closed","template":"","meta":{"_acf_changed":false,"footnotes":""},"categories":[],"tags":[],"class_list":["post-1362","page","type-page","status-publish","hentry"],"acf":[],"_links":{"self":[{"href":"https:\/\/semmelweis.hu\/peto-ekpmi\/wp-json\/wp\/v2\/pages\/1362","targetHints":{"allow":["GET"]}}],"collection":[{"href":"https:\/\/semmelweis.hu\/peto-ekpmi\/wp-json\/wp\/v2\/pages"}],"about":[{"href":"https:\/\/semmelweis.hu\/peto-ekpmi\/wp-json\/wp\/v2\/types\/page"}],"author":[{"embeddable":true,"href":"https:\/\/semmelweis.hu\/peto-ekpmi\/wp-json\/wp\/v2\/users\/12"}],"replies":[{"embeddable":true,"href":"https:\/\/semmelweis.hu\/peto-ekpmi\/wp-json\/wp\/v2\/comments?post=1362"}],"version-history":[{"count":11,"href":"https:\/\/semmelweis.hu\/peto-ekpmi\/wp-json\/wp\/v2\/pages\/1362\/revisions"}],"predecessor-version":[{"id":9517,"href":"https:\/\/semmelweis.hu\/peto-ekpmi\/wp-json\/wp\/v2\/pages\/1362\/revisions\/9517"}],"wp:attachment":[{"href":"https:\/\/semmelweis.hu\/peto-ekpmi\/wp-json\/wp\/v2\/media?parent=1362"}],"wp:term":[{"taxonomy":"category","embeddable":true,"href":"https:\/\/semmelweis.hu\/peto-ekpmi\/wp-json\/wp\/v2\/categories?post=1362"},{"taxonomy":"post_tag","embeddable":true,"href":"https:\/\/semmelweis.hu\/peto-ekpmi\/wp-json\/wp\/v2\/tags?post=1362"}],"curies":[{"name":"wp","href":"https:\/\/api.w.org\/{rel}","templated":true}]}}