{"id":656,"date":"2023-05-02T14:15:39","date_gmt":"2023-05-02T12:15:39","guid":{"rendered":"https:\/\/semmelweis.hu\/peto-development\/?page_id=656"},"modified":"2024-02-01T01:17:46","modified_gmt":"2024-02-01T00:17:46","slug":"carpathian-basin-projects","status":"publish","type":"page","link":"https:\/\/semmelweis.hu\/peto-development\/about-us\/carpathian-basin-projects\/","title":{"rendered":"Carpathian Basin projects"},"content":{"rendered":"<h1>Carpathian Basin projects<\/h1>\n<p>Our development program, which is available <strong>free of charge to Hungarians<\/strong> in the Carpathian Basin, was launched in 2014 with the support of the State Secretariat for National Policy.<img loading=\"lazy\" decoding=\"async\" class=\"wp-image-1423 aligncenter\" src=\"https:\/\/semmelweis.hu\/peto-development\/files\/2023\/08\/bethlen-400x355.jpg\" alt=\"\" width=\"218\" height=\"193\" srcset=\"https:\/\/semmelweis.hu\/peto-development\/files\/2023\/08\/bethlen-400x355.jpg 400w, https:\/\/semmelweis.hu\/peto-development\/files\/2023\/08\/bethlen-1024x910.jpg 1024w, https:\/\/semmelweis.hu\/peto-development\/files\/2023\/08\/bethlen-768x682.jpg 768w, https:\/\/semmelweis.hu\/peto-development\/files\/2023\/08\/bethlen-753x669.jpg 753w, https:\/\/semmelweis.hu\/peto-development\/files\/2023\/08\/bethlen.jpg 1500w\" sizes=\"auto, (max-width: 218px) 100vw, 218px\" \/>\u00a0 \u00a0 \u00a0 \u00a0 \u00a0 \u00a0 \u00a0 \u00a0 \u00a0 \u00a0 \u00a0 \u00a0 \u00a0 \u00a0 \u00a0 \u00a0 \u00a0 \u00a0 \u00a0 \u00a0 \u00a0 \u00a0 \u00a0 \u00a0 <img loading=\"lazy\" decoding=\"async\" class=\"wp-image-1422 aligncenter\" src=\"https:\/\/semmelweis.hu\/peto-development\/files\/2023\/08\/bethlen2-400x392.png\" alt=\"\" width=\"177\" height=\"173\" srcset=\"https:\/\/semmelweis.hu\/peto-development\/files\/2023\/08\/bethlen2-400x392.png 400w, https:\/\/semmelweis.hu\/peto-development\/files\/2023\/08\/bethlen2.png 618w\" sizes=\"auto, (max-width: 177px) 100vw, 177px\" \/><\/p>\n<p>The project started in Transcarpathia and now we have projects in Slovakia, Croatia, Romania, Serbia and the Ukraine hungarian-inhabited parts in a total of 18 cities. During 3-week development periods, people living with cerebral palsy in the area are given the opportunity to participate in our development programs, this receiving the care most suitable for them. One of the main goals of conductive education is to help patients lead an active independent life, the conductors also provide the families with the necessary advice for the period between the two program.<\/p>\n<p><strong>The development is available for people with disabilities aged 0-99.<\/strong><\/p>\n<h5>Contacts:<\/h5>\n<table style=\"border-collapse: collapse;width: 100%;height: 337px\">\n<tbody>\n<tr style=\"height: 33px\">\n<td style=\"width: 16.6667%;height: 33px\"><strong>Illyefalva\/Ilieni<\/strong><\/td>\n<td style=\"width: 18.3394%;height: 33px\">Kat\u00f3 Ibolya<\/td>\n<td style=\"width: 14.994%;height: 33px\">kida.iroda@gmail.com<\/td>\n<\/tr>\n<tr style=\"height: 33px\">\n<td style=\"width: 16.6667%;height: 33px\"><strong>Kolozsv\u00e1r\/Cluj-Napoca<\/strong><\/td>\n<td style=\"width: 18.3394%;height: 33px\">dr Heged\u0171s Lajos<\/td>\n<td style=\"width: 14.994%;height: 33px\">hegeduslalo@yahoo.com<\/td>\n<\/tr>\n<tr style=\"height: 33px\">\n<td style=\"width: 16.6667%;height: 33px\"><strong>Nagyv\u00e1rad\/Oradea<\/strong><\/td>\n<td style=\"width: 18.3394%;height: 33px\">Ghitea-Szab\u00f3 J\u00f3zsef Levente<\/td>\n<td style=\"width: 14.994%;height: 33px\">missio.kre@gmail.com<\/td>\n<\/tr>\n<tr style=\"height: 33px\">\n<td style=\"width: 16.6667%;height: 33px\">\u00a0<\/td>\n<td style=\"width: 18.3394%;height: 33px\">D\u00e9nes \u00c9va<\/td>\n<td style=\"width: 14.994%;height: 33px\">dakoniaoradea@yahoo.com<\/td>\n<\/tr>\n<tr style=\"height: 33px\">\n<td style=\"width: 16.6667%;height: 33px\"><strong>Szatm\u00e1rn\u00e9meti\/Satu-Mare<\/strong><\/td>\n<td style=\"width: 18.3394%;height: 33px\">Moln\u00e1r Csilla<\/td>\n<td style=\"width: 14.994%;height: 33px\">esperesihivatalszatmar@gmail.com<\/td>\n<\/tr>\n<tr style=\"height: 10px\">\n<td style=\"width: 16.6667%;height: 10px\">\n<p>&nbsp;<\/p>\n<\/td>\n<td style=\"width: 18.3394%;height: 10px\">Szil\u00e1gyi Levente<\/td>\n<td style=\"width: 14.994%;height: 10px\">szilagyi.levente@yahoo.com<\/td>\n<\/tr>\n<tr style=\"height: 34px\">\n<td style=\"width: 16.6667%;height: 34px\">\n<p><strong>R\u00e9vkom\u00e1rom\/Kom\u00e1rno<\/strong><\/p>\n<\/td>\n<td style=\"width: 18.3394%;height: 34px\">Fekete Ir\u00e9n<\/td>\n<td style=\"width: 14.994%;height: 34px\">elnok.szmpsz@gmail.com<\/td>\n<\/tr>\n<tr style=\"height: 33px\">\n<td style=\"width: 16.6667%;height: 33px\"><strong>Kassa\/Kosice<\/strong><\/td>\n<td style=\"width: 18.3394%;height: 33px\">G\u00e9resi R\u00f3bert<\/td>\n<td style=\"width: 14.994%;height: 33px\">geresi.robi@gmail.com<\/td>\n<\/tr>\n<tr style=\"height: 33px\">\n<td style=\"width: 16.6667%;height: 33px\"><strong>Szabadka\/Subotica<\/strong><\/td>\n<td style=\"width: 18.3394%;height: 33px\">\u00a0<\/td>\n<td style=\"width: 14.994%;height: 33px\">kepzes@vm4k.org.rs<\/td>\n<\/tr>\n<tr style=\"height: 33px\">\n<td style=\"width: 16.6667%;height: 33px\"><strong>Beregsz\u00e1sz\/Berehove<\/strong><\/td>\n<td style=\"width: 18.3394%;height: 33px\">Makuk J\u00e1nos<\/td>\n<td style=\"width: 14.994%;height: 33px\">makuk@malta.uz.ua<\/td>\n<\/tr>\n<tr>\n<td style=\"width: 16.6667%\">\u00a0<\/td>\n<td style=\"width: 18.3394%\">Kov\u00e1cs Katalin<\/td>\n<td style=\"width: 14.994%\">kovacs.kati.malta@gmail.com<\/td>\n<\/tr>\n<tr style=\"height: 29px\">\n<td style=\"width: 16.6667%;height: 29px\">\n<p><strong>Esz\u00e9k &#8211; Kop\u00e1cs\/Osijek<\/strong><\/p>\n<\/td>\n<td style=\"width: 18.3394%;height: 29px\">P\u00e1link\u00e1s Kriszti\u00e1n<\/td>\n<td style=\"width: 14.994%;height: 29px\">kristian.palinkas@gmail.com<\/td>\n<\/tr>\n<tr>\n<td style=\"width: 16.6667%\">\n<p><strong>Sz\u00e9kelyudvarhely<\/strong><\/p>\n<\/td>\n<td style=\"width: 18.3394%\">\n<p>Orsoly\u00e1k Anna<br \/>\n+36305577958<\/p>\n<p>Sarkadi Zolt\u00e1n<br \/>\n+40746918793<\/p>\n<\/td>\n<td style=\"width: 14.994%\">jelentkezesekpeto@gmail.com<\/td>\n<\/tr>\n<tr>\n<td style=\"width: 16.6667%\">\n<p><strong>B\u00e9ly<\/strong><\/p>\n<\/td>\n<td style=\"width: 18.3394%\">\n<p>Fuksz S\u00e1ndor<br \/>\n+36709078918<\/p>\n<p>Csuka Erzs\u00e9bet<br \/>\n+3620 2562575<\/p>\n<\/td>\n<td style=\"width: 14.994%\">fukszsandor@gmail.com<\/td>\n<\/tr>\n<\/tbody>\n<\/table>\n<h5>Odorheiu Secuiesc:<\/h5>\n\r\n        [slb_exclude]\r\n        <div class=\"row galeria-wrapper mx-0 h-auto\">\r\n            <div class=\"col-9 pl-0 pr-2\">\r\n            <span class=\"gallery-item frame\">\r\n\t\t\t\t<div class=\"galeria-left-img\"><a href=\"https:\/\/semmelweis.hu\/peto-development\/files\/2023\/03\/llo.jpg\"><img src=https:\/\/semmelweis.hu\/peto-development\/files\/2023\/03\/llo.jpg  \r\n                            alt=\"\" \r\n                            class=\"attachment-sote-gallery-big size-sote-gallery-big\" \r\n                            srcset=\"https:\/\/semmelweis.hu\/peto-development\/files\/2023\/03\/llo-400x300.jpg 400w, https:\/\/semmelweis.hu\/peto-development\/files\/2023\/03\/llo-1024x768.jpg 1024w, https:\/\/semmelweis.hu\/peto-development\/files\/2023\/03\/llo-768x576.jpg 768w, https:\/\/semmelweis.hu\/peto-development\/files\/2023\/03\/llo-1536x1152.jpg 1536w, https:\/\/semmelweis.hu\/peto-development\/files\/2023\/03\/llo-753x565.jpg 753w, https:\/\/semmelweis.hu\/peto-development\/files\/2023\/03\/llo.jpg 2048w\" ><\/a><\/div>\r\n            <\/span>\r\n\r\n            <\/div>\r\n\r\n\t\t\t<div class=\"col-3 pl-0 pr-0\">\r\n\t\t\t\t<div class=\"galeria-right-img d-flex justify-content-between flex-column h-100 w-100 px-0 mx-0 \">\r\n                <div class=\"galeria-box\">\r\n\t\t\t\t\t<h3 class=\"galeria-title\">Gallery<\/h3>\r\n\t\t\t\t\t<div class=\"galeria-subtitle\">\r\n\r\n\t\t\t\t\t\t<div class=\"galeria-page-counter\"><span>4<\/span>images<\/div>\r\n                    <\/div> <\/div>\r\n                    <span class=\"gallery-item frame d-none d-md-flex\">\r\n\t\t\t\t\t<div class=\"galeria-small-img mt-0\"><a href=\"https:\/\/semmelweis.hu\/peto-development\/files\/2023\/03\/311614246_120281860854896_297199589350883015_n-1.jpg\"><img src=https:\/\/semmelweis.hu\/peto-development\/files\/2023\/03\/311614246_120281860854896_297199589350883015_n-1.jpg \r\n                                alt=\"\"  \r\n                                class=\"attachment-sote-gallery-small size-sote-gallery-small\" \r\n                                srcset=\"https:\/\/semmelweis.hu\/peto-development\/files\/2023\/03\/311614246_120281860854896_297199589350883015_n-1-300x400.jpg 300w, https:\/\/semmelweis.hu\/peto-development\/files\/2023\/03\/311614246_120281860854896_297199589350883015_n-1-768x1024.jpg 768w, https:\/\/semmelweis.hu\/peto-development\/files\/2023\/03\/311614246_120281860854896_297199589350883015_n-1-1152x1536.jpg 1152w, https:\/\/semmelweis.hu\/peto-development\/files\/2023\/03\/311614246_120281860854896_297199589350883015_n-1-753x1004.jpg 753w, https:\/\/semmelweis.hu\/peto-development\/files\/2023\/03\/311614246_120281860854896_297199589350883015_n-1.jpg 1536w\" ><\/a><\/div>\r\n                    <\/span>\r\n                    <span class=\"gallery-item frame d-none d-md-flex\">\r\n\t\t\t\t\t<div class=\"galeria-small-img mt-0\"><a href=\"https:\/\/semmelweis.hu\/peto-development\/files\/2023\/03\/312145845_120282144188201_6382281462944568793_n.jpg\"><img src=https:\/\/semmelweis.hu\/peto-development\/files\/2023\/03\/312145845_120282144188201_6382281462944568793_n.jpg \r\n                                alt=\"\" \r\n                                class=\"attachment-sote-gallery-small size-sote-gallery-small\" \r\n                                srcset=\"https:\/\/semmelweis.hu\/peto-development\/files\/2023\/03\/312145845_120282144188201_6382281462944568793_n-300x400.jpg 300w, https:\/\/semmelweis.hu\/peto-development\/files\/2023\/03\/312145845_120282144188201_6382281462944568793_n-768x1024.jpg 768w, https:\/\/semmelweis.hu\/peto-development\/files\/2023\/03\/312145845_120282144188201_6382281462944568793_n-1152x1536.jpg 1152w, https:\/\/semmelweis.hu\/peto-development\/files\/2023\/03\/312145845_120282144188201_6382281462944568793_n-753x1004.jpg 753w, https:\/\/semmelweis.hu\/peto-development\/files\/2023\/03\/312145845_120282144188201_6382281462944568793_n.jpg 1536w\" ><\/a><\/div>\r\n                    <\/span>\r\n\r\n                <\/div>\r\n\r\n            <\/div>\r\n\r\n            <span class=\"gallery-item\"><div class=\"hidden\"><a href=\"https:\/\/semmelweis.hu\/peto-development\/files\/2023\/03\/312387265_120282217521527_7516733661487083641_n.jpg\">\r\n        <img src=https:\/\/semmelweis.hu\/peto-development\/files\/2023\/03\/312387265_120282217521527_7516733661487083641_n.jpg alt=\"\" class=\"attachment-sote-gallery-big size-sote-gallery-big\" srcset=\"https:\/\/semmelweis.hu\/peto-development\/files\/2023\/03\/312387265_120282217521527_7516733661487083641_n-300x400.jpg 300w, https:\/\/semmelweis.hu\/peto-development\/files\/2023\/03\/312387265_120282217521527_7516733661487083641_n-768x1024.jpg 768w, https:\/\/semmelweis.hu\/peto-development\/files\/2023\/03\/312387265_120282217521527_7516733661487083641_n-1152x1536.jpg 1152w, https:\/\/semmelweis.hu\/peto-development\/files\/2023\/03\/312387265_120282217521527_7516733661487083641_n-753x1004.jpg 753w, https:\/\/semmelweis.hu\/peto-development\/files\/2023\/03\/312387265_120282217521527_7516733661487083641_n.jpg 1536w\" >\r\n        <\/a><\/div><\/span>\r\n            <\/div>\r\n\r\n            [\/slb_exclude]\r\n\t\n<p>&nbsp;<\/p>\n<h5>Ilieni:<\/h5>\n\r\n        [slb_exclude]\r\n        <div class=\"row galeria-wrapper mx-0 h-auto\">\r\n            <div class=\"col-9 pl-0 pr-2\">\r\n            <span class=\"gallery-item frame\">\r\n\t\t\t\t<div class=\"galeria-left-img\"><a href=\"https:\/\/semmelweis.hu\/peto-development\/files\/2023\/05\/received_1962492417423290-1.jpeg\"><img src=https:\/\/semmelweis.hu\/peto-development\/files\/2023\/05\/received_1962492417423290-1.jpeg  \r\n                            alt=\"\" \r\n                            class=\"attachment-sote-gallery-big size-sote-gallery-big\" \r\n                            srcset=\"https:\/\/semmelweis.hu\/peto-development\/files\/2023\/05\/received_1962492417423290-1-300x400.jpeg 300w, https:\/\/semmelweis.hu\/peto-development\/files\/2023\/05\/received_1962492417423290-1-768x1024.jpeg 768w, https:\/\/semmelweis.hu\/peto-development\/files\/2023\/05\/received_1962492417423290-1-1152x1536.jpeg 1152w, https:\/\/semmelweis.hu\/peto-development\/files\/2023\/05\/received_1962492417423290-1-753x1004.jpeg 753w, https:\/\/semmelweis.hu\/peto-development\/files\/2023\/05\/received_1962492417423290-1.jpeg 1536w\" ><\/a><\/div>\r\n            <\/span>\r\n\r\n            <\/div>\r\n\r\n\t\t\t<div class=\"col-3 pl-0 pr-0\">\r\n\t\t\t\t<div class=\"galeria-right-img d-flex justify-content-between flex-column h-100 w-100 px-0 mx-0 \">\r\n                <div class=\"galeria-box\">\r\n\t\t\t\t\t<h3 class=\"galeria-title\">Gallery<\/h3>\r\n\t\t\t\t\t<div class=\"galeria-subtitle\">\r\n\r\n\t\t\t\t\t\t<div class=\"galeria-page-counter\"><span>5<\/span>images<\/div>\r\n                    <\/div> <\/div>\r\n                    <span class=\"gallery-item frame d-none d-md-flex\">\r\n\t\t\t\t\t<div class=\"galeria-small-img mt-0\"><a href=\"https:\/\/semmelweis.hu\/peto-development\/files\/2023\/05\/IMG_9555-scaled.jpg\"><img src=https:\/\/semmelweis.hu\/peto-development\/files\/2023\/05\/IMG_9555-scaled.jpg \r\n                                alt=\"\"  \r\n                                class=\"attachment-sote-gallery-small size-sote-gallery-small\" \r\n                                srcset=\"https:\/\/semmelweis.hu\/peto-development\/files\/2023\/05\/IMG_9555-300x400.jpg 300w, https:\/\/semmelweis.hu\/peto-development\/files\/2023\/05\/IMG_9555-768x1024.jpg 768w, https:\/\/semmelweis.hu\/peto-development\/files\/2023\/05\/IMG_9555-1152x1536.jpg 1152w, https:\/\/semmelweis.hu\/peto-development\/files\/2023\/05\/IMG_9555-1536x2048.jpg 1536w, https:\/\/semmelweis.hu\/peto-development\/files\/2023\/05\/IMG_9555-753x1004.jpg 753w, https:\/\/semmelweis.hu\/peto-development\/files\/2023\/05\/IMG_9555-scaled.jpg 1920w\" ><\/a><\/div>\r\n                    <\/span>\r\n                    <span class=\"gallery-item frame d-none d-md-flex\">\r\n\t\t\t\t\t<div class=\"galeria-small-img mt-0\"><a href=\"https:\/\/semmelweis.hu\/peto-development\/files\/2023\/05\/IMG_9603-scaled.jpg\"><img src=https:\/\/semmelweis.hu\/peto-development\/files\/2023\/05\/IMG_9603-scaled.jpg \r\n                                alt=\"\" \r\n                                class=\"attachment-sote-gallery-small size-sote-gallery-small\" \r\n                                srcset=\"https:\/\/semmelweis.hu\/peto-development\/files\/2023\/05\/IMG_9603-300x400.jpg 300w, https:\/\/semmelweis.hu\/peto-development\/files\/2023\/05\/IMG_9603-768x1024.jpg 768w, https:\/\/semmelweis.hu\/peto-development\/files\/2023\/05\/IMG_9603-1152x1536.jpg 1152w, https:\/\/semmelweis.hu\/peto-development\/files\/2023\/05\/IMG_9603-1536x2048.jpg 1536w, https:\/\/semmelweis.hu\/peto-development\/files\/2023\/05\/IMG_9603-753x1004.jpg 753w, https:\/\/semmelweis.hu\/peto-development\/files\/2023\/05\/IMG_9603-scaled.jpg 1920w\" ><\/a><\/div>\r\n                    <\/span>\r\n\r\n                <\/div>\r\n\r\n            <\/div>\r\n\r\n            <span class=\"gallery-item\"><div class=\"hidden\"><a href=\"https:\/\/semmelweis.hu\/peto-development\/files\/2023\/05\/IMG_9497-scaled.jpg\">\r\n        <img src=https:\/\/semmelweis.hu\/peto-development\/files\/2023\/05\/IMG_9497-scaled.jpg alt=\"\" class=\"attachment-sote-gallery-big size-sote-gallery-big\" srcset=\"https:\/\/semmelweis.hu\/peto-development\/files\/2023\/05\/IMG_9497-300x400.jpg 300w, https:\/\/semmelweis.hu\/peto-development\/files\/2023\/05\/IMG_9497-768x1024.jpg 768w, https:\/\/semmelweis.hu\/peto-development\/files\/2023\/05\/IMG_9497-1152x1536.jpg 1152w, https:\/\/semmelweis.hu\/peto-development\/files\/2023\/05\/IMG_9497-1536x2048.jpg 1536w, https:\/\/semmelweis.hu\/peto-development\/files\/2023\/05\/IMG_9497-753x1004.jpg 753w, https:\/\/semmelweis.hu\/peto-development\/files\/2023\/05\/IMG_9497-scaled.jpg 1920w\" >\r\n        <\/a><\/div><\/span><span class=\"gallery-item\"><div class=\"hidden\"><a href=\"https:\/\/semmelweis.hu\/peto-development\/files\/2023\/05\/IMG_9501-scaled.jpg\">\r\n        <img src=https:\/\/semmelweis.hu\/peto-development\/files\/2023\/05\/IMG_9501-scaled.jpg alt=\"\" class=\"attachment-sote-gallery-big size-sote-gallery-big\" srcset=\"https:\/\/semmelweis.hu\/peto-development\/files\/2023\/05\/IMG_9501-300x400.jpg 300w, https:\/\/semmelweis.hu\/peto-development\/files\/2023\/05\/IMG_9501-768x1024.jpg 768w, https:\/\/semmelweis.hu\/peto-development\/files\/2023\/05\/IMG_9501-1152x1536.jpg 1152w, https:\/\/semmelweis.hu\/peto-development\/files\/2023\/05\/IMG_9501-1536x2048.jpg 1536w, https:\/\/semmelweis.hu\/peto-development\/files\/2023\/05\/IMG_9501-753x1004.jpg 753w, https:\/\/semmelweis.hu\/peto-development\/files\/2023\/05\/IMG_9501-scaled.jpg 1920w\" >\r\n        <\/a><\/div><\/span>\r\n            <\/div>\r\n\r\n            [\/slb_exclude]\r\n\t\n<h5>Subotica:<\/h5>\n\r\n        [slb_exclude]\r\n        <div class=\"row galeria-wrapper mx-0 h-auto\">\r\n            <div class=\"col-9 pl-0 pr-2\">\r\n            <span class=\"gallery-item frame\">\r\n\t\t\t\t<div class=\"galeria-left-img\"><a href=\"https:\/\/semmelweis.hu\/peto-development\/files\/2023\/05\/IMG_1573-scaled.jpg\"><img src=https:\/\/semmelweis.hu\/peto-development\/files\/2023\/05\/IMG_1573-scaled.jpg  \r\n                            alt=\"\" \r\n                            class=\"attachment-sote-gallery-big size-sote-gallery-big\" \r\n                            srcset=\"https:\/\/semmelweis.hu\/peto-development\/files\/2023\/05\/IMG_1573-300x400.jpg 300w, https:\/\/semmelweis.hu\/peto-development\/files\/2023\/05\/IMG_1573-768x1024.jpg 768w, https:\/\/semmelweis.hu\/peto-development\/files\/2023\/05\/IMG_1573-1152x1536.jpg 1152w, https:\/\/semmelweis.hu\/peto-development\/files\/2023\/05\/IMG_1573-1536x2048.jpg 1536w, https:\/\/semmelweis.hu\/peto-development\/files\/2023\/05\/IMG_1573-753x1004.jpg 753w, https:\/\/semmelweis.hu\/peto-development\/files\/2023\/05\/IMG_1573-scaled.jpg 1920w\" ><\/a><\/div>\r\n            <\/span>\r\n\r\n            <\/div>\r\n\r\n\t\t\t<div class=\"col-3 pl-0 pr-0\">\r\n\t\t\t\t<div class=\"galeria-right-img d-flex justify-content-between flex-column h-100 w-100 px-0 mx-0 \">\r\n                <div class=\"galeria-box\">\r\n\t\t\t\t\t<h3 class=\"galeria-title\">Gallery<\/h3>\r\n\t\t\t\t\t<div class=\"galeria-subtitle\">\r\n\r\n\t\t\t\t\t\t<div class=\"galeria-page-counter\"><span>5<\/span>images<\/div>\r\n                    <\/div> <\/div>\r\n                    <span class=\"gallery-item frame d-none d-md-flex\">\r\n\t\t\t\t\t<div class=\"galeria-small-img mt-0\"><a href=\"https:\/\/semmelweis.hu\/peto-development\/files\/2023\/05\/IMG_1714-scaled.jpg\"><img src=https:\/\/semmelweis.hu\/peto-development\/files\/2023\/05\/IMG_1714-scaled.jpg \r\n                                alt=\"\"  \r\n                                class=\"attachment-sote-gallery-small size-sote-gallery-small\" \r\n                                srcset=\"https:\/\/semmelweis.hu\/peto-development\/files\/2023\/05\/IMG_1714-400x300.jpg 400w, https:\/\/semmelweis.hu\/peto-development\/files\/2023\/05\/IMG_1714-1024x768.jpg 1024w, https:\/\/semmelweis.hu\/peto-development\/files\/2023\/05\/IMG_1714-768x576.jpg 768w, https:\/\/semmelweis.hu\/peto-development\/files\/2023\/05\/IMG_1714-1536x1152.jpg 1536w, https:\/\/semmelweis.hu\/peto-development\/files\/2023\/05\/IMG_1714-2048x1536.jpg 2048w, https:\/\/semmelweis.hu\/peto-development\/files\/2023\/05\/IMG_1714-753x565.jpg 753w\" ><\/a><\/div>\r\n                    <\/span>\r\n                    <span class=\"gallery-item frame d-none d-md-flex\">\r\n\t\t\t\t\t<div class=\"galeria-small-img mt-0\"><a href=\"https:\/\/semmelweis.hu\/peto-development\/files\/2023\/05\/IMG_1690-scaled.jpg\"><img src=https:\/\/semmelweis.hu\/peto-development\/files\/2023\/05\/IMG_1690-scaled.jpg \r\n                                alt=\"\" \r\n                                class=\"attachment-sote-gallery-small size-sote-gallery-small\" \r\n                                srcset=\"https:\/\/semmelweis.hu\/peto-development\/files\/2023\/05\/IMG_1690-300x400.jpg 300w, https:\/\/semmelweis.hu\/peto-development\/files\/2023\/05\/IMG_1690-768x1024.jpg 768w, https:\/\/semmelweis.hu\/peto-development\/files\/2023\/05\/IMG_1690-1152x1536.jpg 1152w, https:\/\/semmelweis.hu\/peto-development\/files\/2023\/05\/IMG_1690-1536x2048.jpg 1536w, https:\/\/semmelweis.hu\/peto-development\/files\/2023\/05\/IMG_1690-753x1004.jpg 753w, https:\/\/semmelweis.hu\/peto-development\/files\/2023\/05\/IMG_1690-scaled.jpg 1920w\" ><\/a><\/div>\r\n                    <\/span>\r\n\r\n                <\/div>\r\n\r\n            <\/div>\r\n\r\n            <span class=\"gallery-item\"><div class=\"hidden\"><a href=\"https:\/\/semmelweis.hu\/peto-development\/files\/2023\/03\/IMG_9163.jpg\">\r\n        <img src=https:\/\/semmelweis.hu\/peto-development\/files\/2023\/03\/IMG_9163.jpg alt=\"\" class=\"attachment-sote-gallery-big size-sote-gallery-big\" srcset=\"https:\/\/semmelweis.hu\/peto-development\/files\/2023\/03\/IMG_9163-277x400.jpg 277w, https:\/\/semmelweis.hu\/peto-development\/files\/2023\/03\/IMG_9163-710x1024.jpg 710w, https:\/\/semmelweis.hu\/peto-development\/files\/2023\/03\/IMG_9163.jpg 750w\" >\r\n        <\/a><\/div><\/span><span class=\"gallery-item\"><div class=\"hidden\"><a href=\"https:\/\/semmelweis.hu\/peto-development\/files\/2023\/03\/IMG_9164.jpg\">\r\n        <img src=https:\/\/semmelweis.hu\/peto-development\/files\/2023\/03\/IMG_9164.jpg alt=\"\" class=\"attachment-sote-gallery-big size-sote-gallery-big\" srcset=\"https:\/\/semmelweis.hu\/peto-development\/files\/2023\/03\/IMG_9164-280x400.jpg 280w, https:\/\/semmelweis.hu\/peto-development\/files\/2023\/03\/IMG_9164-717x1024.jpg 717w, https:\/\/semmelweis.hu\/peto-development\/files\/2023\/03\/IMG_9164.jpg 750w\" >\r\n        <\/a><\/div><\/span>\r\n            <\/div>\r\n\r\n            [\/slb_exclude]\r\n\t\n","protected":false},"excerpt":{"rendered":"<p>Carpathian Basin projects Our development program, which is available free of charge to Hungarians in the Carpathian Basin, was launched in 2014 with the support of the State Secretariat for National Policy.\u00a0 \u00a0 \u00a0 \u00a0 \u00a0 \u00a0 \u00a0 \u00a0 \u00a0 \u00a0 \u00a0 \u00a0 \u00a0 \u00a0 \u00a0 \u00a0 \u00a0 \u00a0 \u00a0 \u00a0 \u00a0 \u00a0 \u00a0 \u00a0 &hellip;<\/p>\n","protected":false},"author":102184,"featured_media":0,"parent":211,"menu_order":3,"comment_status":"closed","ping_status":"closed","template":"","meta":{"_acf_changed":false,"footnotes":""},"categories":[],"tags":[],"class_list":["post-656","page","type-page","status-publish","hentry"],"acf":[],"_links":{"self":[{"href":"https:\/\/semmelweis.hu\/peto-development\/wp-json\/wp\/v2\/pages\/656","targetHints":{"allow":["GET"]}}],"collection":[{"href":"https:\/\/semmelweis.hu\/peto-development\/wp-json\/wp\/v2\/pages"}],"about":[{"href":"https:\/\/semmelweis.hu\/peto-development\/wp-json\/wp\/v2\/types\/page"}],"author":[{"embeddable":true,"href":"https:\/\/semmelweis.hu\/peto-development\/wp-json\/wp\/v2\/users\/102184"}],"replies":[{"embeddable":true,"href":"https:\/\/semmelweis.hu\/peto-development\/wp-json\/wp\/v2\/comments?post=656"}],"version-history":[{"count":11,"href":"https:\/\/semmelweis.hu\/peto-development\/wp-json\/wp\/v2\/pages\/656\/revisions"}],"predecessor-version":[{"id":1695,"href":"https:\/\/semmelweis.hu\/peto-development\/wp-json\/wp\/v2\/pages\/656\/revisions\/1695"}],"up":[{"embeddable":true,"href":"https:\/\/semmelweis.hu\/peto-development\/wp-json\/wp\/v2\/pages\/211"}],"wp:attachment":[{"href":"https:\/\/semmelweis.hu\/peto-development\/wp-json\/wp\/v2\/media?parent=656"}],"wp:term":[{"taxonomy":"category","embeddable":true,"href":"https:\/\/semmelweis.hu\/peto-development\/wp-json\/wp\/v2\/categories?post=656"},{"taxonomy":"post_tag","embeddable":true,"href":"https:\/\/semmelweis.hu\/peto-development\/wp-json\/wp\/v2\/tags?post=656"}],"curies":[{"name":"wp","href":"https:\/\/api.w.org\/{rel}","templated":true}]}}