{"id":498,"date":"2023-04-14T13:06:59","date_gmt":"2023-04-14T11:06:59","guid":{"rendered":"https:\/\/semmelweis.hu\/peto-development\/?page_id=498"},"modified":"2025-03-17T13:25:31","modified_gmt":"2025-03-17T12:25:31","slug":"eletvitel-program","status":"publish","type":"page","link":"https:\/\/semmelweis.hu\/peto-development\/hu\/szolgaltatasok\/eletvitel-program\/","title":{"rendered":"Feln\u0151tt \u00e9letvitel program (magyar \u00e1llampolg\u00e1rok r\u00e9sz\u00e9re)"},"content":{"rendered":"<h1>Feln\u0151tt \u00e9letvitel program<\/h1>\n<p>Eg\u00e9sz napos \u00e9letvitel-programunkon az <strong>\u00f6n\u00e1ll\u00f3 \u00e9letvitelhez sz\u00fcks\u00e9ges kompetenci\u00e1kat<\/strong> saj\u00e1t\u00edthatj\u00e1k el \u00e9s gyakorolhatj\u00e1k a r\u00e9sztvev\u0151k. A kondukt\u00edv pedag\u00f3giai programon elsaj\u00e1t\u00edtott k\u00e9szs\u00e9geket alkalmazhatj\u00e1k a mindennapi tev\u00e9kenys\u00e9gekben. Az \u00e9letm\u00f3dprogramhoz akad\u00e1lymentes\u00edtett konyha \u00e9s f\u00fcrd\u0151szoba \u00e1ll rendelkez\u00e9sre.<\/p>\n<h5>Milyen ter\u00fcleteket \u00f6lel fel t\u00f6bbek k\u00f6z\u00f6tt a program?<\/h5>\n<ul>\n<li>h\u00e1ztart\u00e1si feladatokat,<\/li>\n<li>bev\u00e1s\u00e1rl\u00e1st,<\/li>\n<li>t\u00f6megk\u00f6zleked\u00e9st,<\/li>\n<li>p\u00e9nz-bankk\u00e1rtya kezel\u00e9st&#8230;<\/li>\n<\/ul>\n<div class=\"w-100 keretes\" style=\"text-align: center\"><strong>A jelentkez\u00e9seket a <a href=\"mailto:pak.eletvitel@semmelweis.hu\">pak.eletvitel@semmelweis.hu<\/a> email c\u00edmen v\u00e1rjuk!<\/strong><\/div>\n\r\n        [slb_exclude]\r\n        <div class=\"row galeria-wrapper mx-0 h-auto\">\r\n            <div class=\"col-9 pl-0 pr-2\">\r\n            <span class=\"gallery-item frame\">\r\n\t\t\t\t<div class=\"galeria-left-img\"><a href=\"https:\/\/semmelweis.hu\/peto-development\/files\/2023\/05\/IMG_20221209_144722-scaled.jpg\"><img src=https:\/\/semmelweis.hu\/peto-development\/files\/2023\/05\/IMG_20221209_144722-scaled.jpg  \r\n                            alt=\"\" \r\n                            class=\"attachment-sote-gallery-big size-sote-gallery-big\" \r\n                            srcset=\"https:\/\/semmelweis.hu\/peto-development\/files\/2023\/05\/IMG_20221209_144722-300x400.jpg 300w, https:\/\/semmelweis.hu\/peto-development\/files\/2023\/05\/IMG_20221209_144722-768x1024.jpg 768w, https:\/\/semmelweis.hu\/peto-development\/files\/2023\/05\/IMG_20221209_144722-1152x1536.jpg 1152w, https:\/\/semmelweis.hu\/peto-development\/files\/2023\/05\/IMG_20221209_144722-1536x2048.jpg 1536w, https:\/\/semmelweis.hu\/peto-development\/files\/2023\/05\/IMG_20221209_144722-753x1004.jpg 753w, https:\/\/semmelweis.hu\/peto-development\/files\/2023\/05\/IMG_20221209_144722-scaled.jpg 1920w\" ><\/a><\/div>\r\n            <\/span>\r\n\r\n            <\/div>\r\n\r\n\t\t\t<div class=\"col-3 pl-0 pr-0\">\r\n\t\t\t\t<div class=\"galeria-right-img d-flex justify-content-between flex-column h-100 w-100 px-0 mx-0 \">\r\n                <div class=\"galeria-box\">\r\n\t\t\t\t\t<h3 class=\"galeria-title\">Gallery<\/h3>\r\n\t\t\t\t\t<div class=\"galeria-subtitle\">\r\n\r\n\t\t\t\t\t\t<div class=\"galeria-page-counter\"><span>7<\/span>images<\/div>\r\n                    <\/div> <\/div>\r\n                    <span class=\"gallery-item frame d-none d-md-flex\">\r\n\t\t\t\t\t<div class=\"galeria-small-img mt-0\"><a href=\"https:\/\/semmelweis.hu\/peto-development\/files\/2023\/05\/IMG_2267.jpeg\"><img src=https:\/\/semmelweis.hu\/peto-development\/files\/2023\/05\/IMG_2267.jpeg \r\n                                alt=\"\"  \r\n                                class=\"attachment-sote-gallery-small size-sote-gallery-small\" \r\n                                srcset=\"https:\/\/semmelweis.hu\/peto-development\/files\/2023\/05\/IMG_2267-300x400.jpeg 300w, https:\/\/semmelweis.hu\/peto-development\/files\/2023\/05\/IMG_2267-768x1024.jpeg 768w, https:\/\/semmelweis.hu\/peto-development\/files\/2023\/05\/IMG_2267-1152x1536.jpeg 1152w, https:\/\/semmelweis.hu\/peto-development\/files\/2023\/05\/IMG_2267-753x1004.jpeg 753w, https:\/\/semmelweis.hu\/peto-development\/files\/2023\/05\/IMG_2267.jpeg 1536w\" ><\/a><\/div>\r\n                    <\/span>\r\n                    <span class=\"gallery-item frame d-none d-md-flex\">\r\n\t\t\t\t\t<div class=\"galeria-small-img mt-0\"><a href=\"https:\/\/semmelweis.hu\/peto-development\/files\/2023\/05\/RS165448_C19A2155-scr.jpg\"><img src=https:\/\/semmelweis.hu\/peto-development\/files\/2023\/05\/RS165448_C19A2155-scr.jpg \r\n                                alt=\"\" \r\n                                class=\"attachment-sote-gallery-small size-sote-gallery-small\" \r\n                                srcset=\"https:\/\/semmelweis.hu\/peto-development\/files\/2023\/05\/RS165448_C19A2155-scr-400x267.jpg 400w, https:\/\/semmelweis.hu\/peto-development\/files\/2023\/05\/RS165448_C19A2155-scr-1024x683.jpg 1024w, https:\/\/semmelweis.hu\/peto-development\/files\/2023\/05\/RS165448_C19A2155-scr-768x512.jpg 768w, https:\/\/semmelweis.hu\/peto-development\/files\/2023\/05\/RS165448_C19A2155-scr-753x502.jpg 753w, https:\/\/semmelweis.hu\/peto-development\/files\/2023\/05\/RS165448_C19A2155-scr-203x135.jpg 203w, https:\/\/semmelweis.hu\/peto-development\/files\/2023\/05\/RS165448_C19A2155-scr.jpg 1200w\" ><\/a><\/div>\r\n                    <\/span>\r\n\r\n                <\/div>\r\n\r\n            <\/div>\r\n\r\n            <span class=\"gallery-item\"><div class=\"hidden\"><a href=\"https:\/\/semmelweis.hu\/peto-development\/files\/2023\/05\/IMG_2292.jpeg\">\r\n        <img src=https:\/\/semmelweis.hu\/peto-development\/files\/2023\/05\/IMG_2292.jpeg alt=\"\" class=\"attachment-sote-gallery-big size-sote-gallery-big\" srcset=\"https:\/\/semmelweis.hu\/peto-development\/files\/2023\/05\/IMG_2292-300x400.jpeg 300w, https:\/\/semmelweis.hu\/peto-development\/files\/2023\/05\/IMG_2292-768x1024.jpeg 768w, https:\/\/semmelweis.hu\/peto-development\/files\/2023\/05\/IMG_2292-1152x1536.jpeg 1152w, https:\/\/semmelweis.hu\/peto-development\/files\/2023\/05\/IMG_2292-753x1004.jpeg 753w, https:\/\/semmelweis.hu\/peto-development\/files\/2023\/05\/IMG_2292.jpeg 1536w\" >\r\n        <\/a><\/div><\/span><span class=\"gallery-item\"><div class=\"hidden\"><a href=\"https:\/\/semmelweis.hu\/peto-development\/files\/2023\/05\/IMG_20221209_144350-scaled.jpg\">\r\n        <img src=https:\/\/semmelweis.hu\/peto-development\/files\/2023\/05\/IMG_20221209_144350-scaled.jpg alt=\"\" class=\"attachment-sote-gallery-big size-sote-gallery-big\" srcset=\"https:\/\/semmelweis.hu\/peto-development\/files\/2023\/05\/IMG_20221209_144350-300x400.jpg 300w, https:\/\/semmelweis.hu\/peto-development\/files\/2023\/05\/IMG_20221209_144350-768x1024.jpg 768w, https:\/\/semmelweis.hu\/peto-development\/files\/2023\/05\/IMG_20221209_144350-1152x1536.jpg 1152w, https:\/\/semmelweis.hu\/peto-development\/files\/2023\/05\/IMG_20221209_144350-1536x2048.jpg 1536w, https:\/\/semmelweis.hu\/peto-development\/files\/2023\/05\/IMG_20221209_144350-753x1004.jpg 753w, https:\/\/semmelweis.hu\/peto-development\/files\/2023\/05\/IMG_20221209_144350-scaled.jpg 1920w\" >\r\n        <\/a><\/div><\/span><span class=\"gallery-item\"><div class=\"hidden\"><a href=\"https:\/\/semmelweis.hu\/peto-development\/files\/2023\/05\/IMG_20221209_144620-scaled.jpg\">\r\n        <img src=https:\/\/semmelweis.hu\/peto-development\/files\/2023\/05\/IMG_20221209_144620-scaled.jpg alt=\"\" class=\"attachment-sote-gallery-big size-sote-gallery-big\" srcset=\"https:\/\/semmelweis.hu\/peto-development\/files\/2023\/05\/IMG_20221209_144620-400x300.jpg 400w, https:\/\/semmelweis.hu\/peto-development\/files\/2023\/05\/IMG_20221209_144620-1024x768.jpg 1024w, https:\/\/semmelweis.hu\/peto-development\/files\/2023\/05\/IMG_20221209_144620-768x576.jpg 768w, https:\/\/semmelweis.hu\/peto-development\/files\/2023\/05\/IMG_20221209_144620-1536x1152.jpg 1536w, https:\/\/semmelweis.hu\/peto-development\/files\/2023\/05\/IMG_20221209_144620-2048x1536.jpg 2048w, https:\/\/semmelweis.hu\/peto-development\/files\/2023\/05\/IMG_20221209_144620-753x565.jpg 753w\" >\r\n        <\/a><\/div><\/span><span class=\"gallery-item\"><div class=\"hidden\"><a href=\"https:\/\/semmelweis.hu\/peto-development\/files\/2023\/05\/IMG_2277.jpeg\">\r\n        <img src=https:\/\/semmelweis.hu\/peto-development\/files\/2023\/05\/IMG_2277.jpeg alt=\"\" class=\"attachment-sote-gallery-big size-sote-gallery-big\" srcset=\"https:\/\/semmelweis.hu\/peto-development\/files\/2023\/05\/IMG_2277-300x400.jpeg 300w, https:\/\/semmelweis.hu\/peto-development\/files\/2023\/05\/IMG_2277-768x1024.jpeg 768w, https:\/\/semmelweis.hu\/peto-development\/files\/2023\/05\/IMG_2277-1152x1536.jpeg 1152w, https:\/\/semmelweis.hu\/peto-development\/files\/2023\/05\/IMG_2277-753x1004.jpeg 753w, https:\/\/semmelweis.hu\/peto-development\/files\/2023\/05\/IMG_2277.jpeg 1536w\" >\r\n        <\/a><\/div><\/span>\r\n            <\/div>\r\n\r\n            [\/slb_exclude]\r\n\t\n<div class=\"w-100\" style=\"text-align: center\">\u00a0<\/div>\n","protected":false},"excerpt":{"rendered":"<p>Feln\u0151tt \u00e9letvitel program Eg\u00e9sz napos \u00e9letvitel-programunkon az \u00f6n\u00e1ll\u00f3 \u00e9letvitelhez sz\u00fcks\u00e9ges kompetenci\u00e1kat saj\u00e1t\u00edthatj\u00e1k el \u00e9s gyakorolhatj\u00e1k a r\u00e9sztvev\u0151k. A kondukt\u00edv pedag\u00f3giai programon elsaj\u00e1t\u00edtott k\u00e9szs\u00e9geket alkalmazhatj\u00e1k a mindennapi tev\u00e9kenys\u00e9gekben. Az \u00e9letm\u00f3dprogramhoz akad\u00e1lymentes\u00edtett konyha \u00e9s f\u00fcrd\u0151szoba \u00e1ll rendelkez\u00e9sre. Milyen ter\u00fcleteket \u00f6lel fel t\u00f6bbek k\u00f6z\u00f6tt a program? h\u00e1ztart\u00e1si feladatokat, bev\u00e1s\u00e1rl\u00e1st, t\u00f6megk\u00f6zleked\u00e9st, p\u00e9nz-bankk\u00e1rtya kezel\u00e9st&#8230; A jelentkez\u00e9seket a <a href=\"mailto:pak.eletvitel@semmelweis.hu\">pak.eletvitel@semmelweis.hu<\/a> email c\u00edmen v\u00e1rjuk! &hellip;<\/p>\n","protected":false},"author":102184,"featured_media":0,"parent":80,"menu_order":5,"comment_status":"closed","ping_status":"closed","template":"","meta":{"_acf_changed":false,"footnotes":""},"categories":[],"tags":[],"class_list":["post-498","page","type-page","status-publish","hentry"],"acf":[],"_links":{"self":[{"href":"https:\/\/semmelweis.hu\/peto-development\/wp-json\/wp\/v2\/pages\/498","targetHints":{"allow":["GET"]}}],"collection":[{"href":"https:\/\/semmelweis.hu\/peto-development\/wp-json\/wp\/v2\/pages"}],"about":[{"href":"https:\/\/semmelweis.hu\/peto-development\/wp-json\/wp\/v2\/types\/page"}],"author":[{"embeddable":true,"href":"https:\/\/semmelweis.hu\/peto-development\/wp-json\/wp\/v2\/users\/102184"}],"replies":[{"embeddable":true,"href":"https:\/\/semmelweis.hu\/peto-development\/wp-json\/wp\/v2\/comments?post=498"}],"version-history":[{"count":10,"href":"https:\/\/semmelweis.hu\/peto-development\/wp-json\/wp\/v2\/pages\/498\/revisions"}],"predecessor-version":[{"id":2233,"href":"https:\/\/semmelweis.hu\/peto-development\/wp-json\/wp\/v2\/pages\/498\/revisions\/2233"}],"up":[{"embeddable":true,"href":"https:\/\/semmelweis.hu\/peto-development\/wp-json\/wp\/v2\/pages\/80"}],"wp:attachment":[{"href":"https:\/\/semmelweis.hu\/peto-development\/wp-json\/wp\/v2\/media?parent=498"}],"wp:term":[{"taxonomy":"category","embeddable":true,"href":"https:\/\/semmelweis.hu\/peto-development\/wp-json\/wp\/v2\/categories?post=498"},{"taxonomy":"post_tag","embeddable":true,"href":"https:\/\/semmelweis.hu\/peto-development\/wp-json\/wp\/v2\/tags?post=498"}],"curies":[{"name":"wp","href":"https:\/\/api.w.org\/{rel}","templated":true}]}}