{"id":484,"date":"2023-04-14T12:32:29","date_gmt":"2023-04-14T10:32:29","guid":{"rendered":"https:\/\/semmelweis.hu\/peto-development\/?page_id=484"},"modified":"2025-03-18T17:20:20","modified_gmt":"2025-03-18T16:20:20","slug":"sclerosis-multiplex","status":"publish","type":"page","link":"https:\/\/semmelweis.hu\/peto-development\/hu\/szolgaltatasok\/felnotteknek\/sclerosis-multiplex\/","title":{"rendered":"Sclerosis Multiplex (SM)"},"content":{"rendered":"<h1>Sclerosis Multiplex<\/h1>\n<p>Sclerosis multiplex (SM) egy kr\u00f3nikus autoimmun betegs\u00e9g, amely a k\u00f6zponti idegrendszer (agy \u00e9s gerincvel\u0151) gyullad\u00e1sos elv\u00e1ltoz\u00e1sait okozza. A betegs\u00e9g gyakran s\u00e9r\u00fcl\u00e9seket okoz az idegsejtek mielinh\u00fcvely\u00e9ben, ami motoros \u00e9s \u00e9rz\u00e9kszervi probl\u00e9m\u00e1kat eredm\u00e9nyezhet. A kondukt\u00edv ter\u00e1pia, amely eredetileg s\u00e9r\u00fclt gyermekek sz\u00e1m\u00e1ra lett kifejlesztve, sz\u00e9les k\u00f6rben alkalmazhat\u00f3 az SM-ben szenved\u0151 betegek kezel\u00e9s\u00e9re.<\/p>\n<p>A Pet\u0151-m\u00f3dszer a k\u00f6vetkez\u0151 m\u00f3don seg\u00edthet az SM-ben szenved\u0151knek:<\/p>\n<ul>\n<li><strong>Motoros k\u00e9pess\u00e9gek jav\u00edt\u00e1sa:<\/strong> Az SM \u00e1ltal \u00e9rintett betegek gyakran neh\u00e9zs\u00e9gekkel k\u00fczdenek a mozg\u00e1sban. A kondukt\u00edv ter\u00e1pia olyan specifikus gyakorlatokat \u00e9s technik\u00e1kat k\u00edn\u00e1l, amelyek seg\u00edthetnek a motoros k\u00e9pess\u00e9gek jav\u00edt\u00e1s\u00e1ban.<\/li>\n<li><strong>Izomdiszfunkci\u00f3k kezel\u00e9se:<\/strong> Az SM-ben gyakori a merevs\u00e9g, gyenges\u00e9g \u00e9s izomdiszfunkci\u00f3. A ter\u00e1pia seg\u00edthet ezen probl\u00e9m\u00e1k enyh\u00edt\u00e9s\u00e9ben \u00e9s az izmok rugalmass\u00e1g\u00e1nak n\u00f6vel\u00e9s\u00e9ben.<\/li>\n<li><strong>Koordin\u00e1ci\u00f3 \u00e9s egyens\u00faly jav\u00edt\u00e1sa:<\/strong> Az SM t\u00fcnetei k\u00f6z\u00e9 tartozhat az egyens\u00falyveszt\u00e9s \u00e9s a koordin\u00e1ci\u00f3s probl\u00e9m\u00e1k. A kondukt\u00edv ter\u00e1pia olyan gyakorlatokat ny\u00fajthat, amelyek seg\u00edtenek az egyens\u00faly \u00e9s a koordin\u00e1ci\u00f3 vissza\u00e1ll\u00edt\u00e1s\u00e1ban.<\/li>\n<li><strong>F\u00fcggetlens\u00e9g vissza\u00e1ll\u00edt\u00e1sa:<\/strong> Az SM t\u00fcnetei gyakran korl\u00e1tozhatj\u00e1k a mindennapi \u00e9letben val\u00f3 r\u00e9szv\u00e9telt. A ter\u00e1pia c\u00e9lja az \u00f6n\u00e1ll\u00f3s\u00e1g \u00e9s az \u00f6nell\u00e1t\u00e1s t\u00e1mogat\u00e1sa.<\/li>\n<li><strong>\u00d6nbizalom \u00e9s pszichol\u00f3giai j\u00f3l\u00e9t jav\u00edt\u00e1sa:<\/strong> A kondukt\u00edv ter\u00e1pia nemcsak a testi, hanem a ment\u00e1lis eg\u00e9szs\u00e9gre is hat\u00e1ssal lehet, \u00e9s seg\u00edthet az \u00f6nbizalom n\u00f6vel\u00e9s\u00e9ben \u00e9s a betegs\u00e9ggel val\u00f3 megbirk\u00f3z\u00e1sban.<\/li>\n<\/ul>\n<h5 style=\"text-align: center\"><span style=\"text-align: center;font-size: 14pt\">Magyar \u00e1llampolg\u00e1roknak:<\/span><\/h5>\n<p style=\"text-align: center\"><a class=\"btn btn-secondary\" href=\"https:\/\/semmelweis.hu\/peto-development\/hu\/jelentkezes\/jelentkezes-felnott-magyar-allampolgaroknak\/\" target=\"null\" rel=\"noopener\">Jelentkez\u00e9s<\/a><\/p>\n<h5 style=\"text-align: center\"><span style=\"text-align: center;font-size: 14pt\">K\u00fclf\u00f6ldi \u00e1llampolg\u00e1roknak:<\/span><\/h5>\n<p style=\"text-align: center\"><a class=\"btn btn-secondary\" href=\"https:\/\/semmelweis.hu\/peto-development\/jelentkezes\/jelentkezesi-lap-felnott\/\" target=\"null\" rel=\"noopener\">Jelentkez\u00e9s<\/a><\/p>\n<p>A kondukt\u00edv pedag\u00f3gia a tanul\u00e1si k\u00e9pess\u00e9gekre alapoz. Egy megv\u00e1ltozott \u00e9letben <strong>\u00faj szok\u00e1sokat, napirendet, \u00e9letritmust<\/strong> kell kialak\u00edtani. Alkalmazkodni kell a progresszi\u00f3 \u00e1ltal folyton v\u00e1ltoz\u00f3 \u00e1llapothoz, meg kell tanulni, hogy ebben a helyzetben is a legt\u00f6bbet hozz\u00e1k ki magukb\u00f3l, lehet\u0151s\u00e9geikb\u0151l. Ez\u00e9rt mindig az adott t\u00fcnetekb\u0151l indulunk ki, minden csoportunk programja kiterjed a s\u00e9r\u00fcl\u00e9s \u00e1ltal okozott \u00f6sszes funkci\u00f3zavar rehabilit\u00e1ci\u00f3j\u00e1ra.<\/p>\n<p>Fontos megjegyezni, hogy a kondukt\u00edv ter\u00e1pia az SM kezel\u00e9s\u00e9nek egy r\u00e9sze lehet, de nem helyettes\u00edtheti a hagyom\u00e1nyos orvosi kezel\u00e9st, p\u00e9ld\u00e1ul gy\u00f3gyszeres ter\u00e1pi\u00e1t vagy fizioter\u00e1pi\u00e1t. A betegs\u00e9g kezel\u00e9se komplex \u00e9s t\u00f6bb szakember, p\u00e9ld\u00e1ul neurol\u00f3gusok, fizioterapeut\u00e1k \u00e9s egy\u00e9b szakemberek k\u00f6zrem\u0171k\u00f6d\u00e9s\u00e9t ig\u00e9nyli.<\/p>\n<p>Miel\u0151tt elkezden\u00e9 a kondukt\u00edv ter\u00e1pi\u00e1t vagy b\u00e1rmilyen m\u00e1s alternat\u00edv ter\u00e1pi\u00e1t az SM kezel\u00e9s\u00e9re, fontos konzult\u00e1lni az orvos\u00e1val vagy egy szak\u00e9rt\u0151vel, hogy meghat\u00e1rozz\u00e1k, mely ter\u00e1pi\u00e1k lenn\u00e9nek a legmegfelel\u0151bbek az egy\u00e9ni sz\u00fcks\u00e9gletekhez.<\/p>\n<h5>Tov\u00e1bbi programjaink:<\/h5>\n<ul style=\"list-style-type: square\">\n<li><a href=\"https:\/\/semmelweis.hu\/peto-development\/hu\/szolgaltatasok\/felnotteknek\/kozponti-idegrendszeri-serules\/\">K\u00f6zponti idegrendszeri s\u00e9r\u00fcl\u00e9s (CP)<\/a><\/li>\n<li style=\"text-align: left\"><a href=\"https:\/\/semmelweis.hu\/peto-development\/hu\/szolgaltatasok\/felnotteknek\/stroke-hu\/\" target=\"_blank\" rel=\"noopener\">Stroke<\/a><\/li>\n<li style=\"text-align: left\"><a href=\"https:\/\/semmelweis.hu\/peto-development\/hu\/szolgaltatasok\/felnotteknek\/parkinson\/\" target=\"_blank\" rel=\"noopener\">Parkinson\u00a0<\/a><\/li>\n<\/ul>\n\r\n        [slb_exclude]\r\n        <div class=\"row galeria-wrapper mx-0 h-auto\">\r\n            <div class=\"col-9 pl-0 pr-2\">\r\n            <span class=\"gallery-item frame\">\r\n\t\t\t\t<div class=\"galeria-left-img\"><a href=\"https:\/\/semmelweis.hu\/peto-development\/files\/2024\/10\/IMG_9980-scaled.jpg\"><img src=https:\/\/semmelweis.hu\/peto-development\/files\/2024\/10\/IMG_9980-scaled.jpg  \r\n                            alt=\"\" \r\n                            class=\"attachment-sote-gallery-big size-sote-gallery-big\" \r\n                            srcset=\"https:\/\/semmelweis.hu\/peto-development\/files\/2024\/10\/IMG_9980-300x400.jpg 300w, https:\/\/semmelweis.hu\/peto-development\/files\/2024\/10\/IMG_9980-768x1024.jpg 768w, https:\/\/semmelweis.hu\/peto-development\/files\/2024\/10\/IMG_9980-1152x1536.jpg 1152w, https:\/\/semmelweis.hu\/peto-development\/files\/2024\/10\/IMG_9980-1536x2048.jpg 1536w, https:\/\/semmelweis.hu\/peto-development\/files\/2024\/10\/IMG_9980-753x1004.jpg 753w, https:\/\/semmelweis.hu\/peto-development\/files\/2024\/10\/IMG_9980-scaled.jpg 1920w\" ><\/a><\/div>\r\n            <\/span>\r\n\r\n            <\/div>\r\n\r\n\t\t\t<div class=\"col-3 pl-0 pr-0\">\r\n\t\t\t\t<div class=\"galeria-right-img d-flex justify-content-between flex-column h-100 w-100 px-0 mx-0 \">\r\n                <div class=\"galeria-box\">\r\n\t\t\t\t\t<h3 class=\"galeria-title\">Gallery<\/h3>\r\n\t\t\t\t\t<div class=\"galeria-subtitle\">\r\n\r\n\t\t\t\t\t\t<div class=\"galeria-page-counter\"><span>6<\/span>images<\/div>\r\n                    <\/div> <\/div>\r\n                    <span class=\"gallery-item frame d-none d-md-flex\">\r\n\t\t\t\t\t<div class=\"galeria-small-img mt-0\"><a href=\"https:\/\/semmelweis.hu\/peto-development\/files\/2023\/05\/IMG_1698-scaled.jpg\"><img src=https:\/\/semmelweis.hu\/peto-development\/files\/2023\/05\/IMG_1698-scaled.jpg \r\n                                alt=\"\"  \r\n                                class=\"attachment-sote-gallery-small size-sote-gallery-small\" \r\n                                srcset=\"https:\/\/semmelweis.hu\/peto-development\/files\/2023\/05\/IMG_1698-300x400.jpg 300w, https:\/\/semmelweis.hu\/peto-development\/files\/2023\/05\/IMG_1698-768x1024.jpg 768w, https:\/\/semmelweis.hu\/peto-development\/files\/2023\/05\/IMG_1698-1152x1536.jpg 1152w, https:\/\/semmelweis.hu\/peto-development\/files\/2023\/05\/IMG_1698-1536x2048.jpg 1536w, https:\/\/semmelweis.hu\/peto-development\/files\/2023\/05\/IMG_1698-753x1004.jpg 753w, https:\/\/semmelweis.hu\/peto-development\/files\/2023\/05\/IMG_1698-scaled.jpg 1920w\" ><\/a><\/div>\r\n                    <\/span>\r\n                    <span class=\"gallery-item frame d-none d-md-flex\">\r\n\t\t\t\t\t<div class=\"galeria-small-img mt-0\"><a href=\"https:\/\/semmelweis.hu\/peto-development\/files\/2023\/05\/IMG_1683-scaled.jpg\"><img src=https:\/\/semmelweis.hu\/peto-development\/files\/2023\/05\/IMG_1683-scaled.jpg \r\n                                alt=\"\" \r\n                                class=\"attachment-sote-gallery-small size-sote-gallery-small\" \r\n                                srcset=\"https:\/\/semmelweis.hu\/peto-development\/files\/2023\/05\/IMG_1683-300x400.jpg 300w, https:\/\/semmelweis.hu\/peto-development\/files\/2023\/05\/IMG_1683-768x1024.jpg 768w, https:\/\/semmelweis.hu\/peto-development\/files\/2023\/05\/IMG_1683-1152x1536.jpg 1152w, https:\/\/semmelweis.hu\/peto-development\/files\/2023\/05\/IMG_1683-1536x2048.jpg 1536w, https:\/\/semmelweis.hu\/peto-development\/files\/2023\/05\/IMG_1683-753x1004.jpg 753w, https:\/\/semmelweis.hu\/peto-development\/files\/2023\/05\/IMG_1683-scaled.jpg 1920w\" ><\/a><\/div>\r\n                    <\/span>\r\n\r\n                <\/div>\r\n\r\n            <\/div>\r\n\r\n            <span class=\"gallery-item\"><div class=\"hidden\"><a href=\"https:\/\/semmelweis.hu\/peto-development\/files\/2023\/05\/IMG_1690-scaled.jpg\">\r\n        <img src=https:\/\/semmelweis.hu\/peto-development\/files\/2023\/05\/IMG_1690-scaled.jpg alt=\"\" class=\"attachment-sote-gallery-big size-sote-gallery-big\" srcset=\"https:\/\/semmelweis.hu\/peto-development\/files\/2023\/05\/IMG_1690-300x400.jpg 300w, https:\/\/semmelweis.hu\/peto-development\/files\/2023\/05\/IMG_1690-768x1024.jpg 768w, https:\/\/semmelweis.hu\/peto-development\/files\/2023\/05\/IMG_1690-1152x1536.jpg 1152w, https:\/\/semmelweis.hu\/peto-development\/files\/2023\/05\/IMG_1690-1536x2048.jpg 1536w, https:\/\/semmelweis.hu\/peto-development\/files\/2023\/05\/IMG_1690-753x1004.jpg 753w, https:\/\/semmelweis.hu\/peto-development\/files\/2023\/05\/IMG_1690-scaled.jpg 1920w\" >\r\n        <\/a><\/div><\/span><span class=\"gallery-item\"><div class=\"hidden\"><a href=\"https:\/\/semmelweis.hu\/peto-development\/files\/2024\/10\/IMG_9622-scaled.jpg\">\r\n        <img src=https:\/\/semmelweis.hu\/peto-development\/files\/2024\/10\/IMG_9622-scaled.jpg alt=\"\" class=\"attachment-sote-gallery-big size-sote-gallery-big\" srcset=\"https:\/\/semmelweis.hu\/peto-development\/files\/2024\/10\/IMG_9622-300x400.jpg 300w, https:\/\/semmelweis.hu\/peto-development\/files\/2024\/10\/IMG_9622-768x1024.jpg 768w, https:\/\/semmelweis.hu\/peto-development\/files\/2024\/10\/IMG_9622-1152x1536.jpg 1152w, https:\/\/semmelweis.hu\/peto-development\/files\/2024\/10\/IMG_9622-1536x2048.jpg 1536w, https:\/\/semmelweis.hu\/peto-development\/files\/2024\/10\/IMG_9622-753x1004.jpg 753w, https:\/\/semmelweis.hu\/peto-development\/files\/2024\/10\/IMG_9622-scaled.jpg 1920w\" >\r\n        <\/a><\/div><\/span><span class=\"gallery-item\"><div class=\"hidden\"><a href=\"https:\/\/semmelweis.hu\/peto-development\/files\/2024\/10\/IMG_9621-scaled.jpg\">\r\n        <img src=https:\/\/semmelweis.hu\/peto-development\/files\/2024\/10\/IMG_9621-scaled.jpg alt=\"\" class=\"attachment-sote-gallery-big size-sote-gallery-big\" srcset=\"https:\/\/semmelweis.hu\/peto-development\/files\/2024\/10\/IMG_9621-300x400.jpg 300w, https:\/\/semmelweis.hu\/peto-development\/files\/2024\/10\/IMG_9621-768x1024.jpg 768w, https:\/\/semmelweis.hu\/peto-development\/files\/2024\/10\/IMG_9621-1152x1536.jpg 1152w, https:\/\/semmelweis.hu\/peto-development\/files\/2024\/10\/IMG_9621-1536x2048.jpg 1536w, https:\/\/semmelweis.hu\/peto-development\/files\/2024\/10\/IMG_9621-753x1004.jpg 753w, https:\/\/semmelweis.hu\/peto-development\/files\/2024\/10\/IMG_9621-scaled.jpg 1920w\" >\r\n        <\/a><\/div><\/span>\r\n            <\/div>\r\n\r\n            [\/slb_exclude]\r\n\t\n<p>&nbsp;<\/p>\n","protected":false},"excerpt":{"rendered":"<p>Sclerosis Multiplex Sclerosis multiplex (SM) egy kr\u00f3nikus autoimmun betegs\u00e9g, amely a k\u00f6zponti idegrendszer (agy \u00e9s gerincvel\u0151) gyullad\u00e1sos elv\u00e1ltoz\u00e1sait okozza. A betegs\u00e9g gyakran s\u00e9r\u00fcl\u00e9seket okoz az idegsejtek mielinh\u00fcvely\u00e9ben, ami motoros \u00e9s \u00e9rz\u00e9kszervi probl\u00e9m\u00e1kat eredm\u00e9nyezhet. A kondukt\u00edv ter\u00e1pia, amely eredetileg s\u00e9r\u00fclt gyermekek sz\u00e1m\u00e1ra lett kifejlesztve, sz\u00e9les k\u00f6rben alkalmazhat\u00f3 az SM-ben szenved\u0151 betegek kezel\u00e9s\u00e9re. A Pet\u0151-m\u00f3dszer a k\u00f6vetkez\u0151 &hellip;<\/p>\n","protected":false},"author":102184,"featured_media":0,"parent":437,"menu_order":3,"comment_status":"closed","ping_status":"closed","template":"","meta":{"_acf_changed":false,"footnotes":""},"categories":[],"tags":[],"class_list":["post-484","page","type-page","status-publish","hentry"],"acf":[],"_links":{"self":[{"href":"https:\/\/semmelweis.hu\/peto-development\/wp-json\/wp\/v2\/pages\/484","targetHints":{"allow":["GET"]}}],"collection":[{"href":"https:\/\/semmelweis.hu\/peto-development\/wp-json\/wp\/v2\/pages"}],"about":[{"href":"https:\/\/semmelweis.hu\/peto-development\/wp-json\/wp\/v2\/types\/page"}],"author":[{"embeddable":true,"href":"https:\/\/semmelweis.hu\/peto-development\/wp-json\/wp\/v2\/users\/102184"}],"replies":[{"embeddable":true,"href":"https:\/\/semmelweis.hu\/peto-development\/wp-json\/wp\/v2\/comments?post=484"}],"version-history":[{"count":11,"href":"https:\/\/semmelweis.hu\/peto-development\/wp-json\/wp\/v2\/pages\/484\/revisions"}],"predecessor-version":[{"id":2261,"href":"https:\/\/semmelweis.hu\/peto-development\/wp-json\/wp\/v2\/pages\/484\/revisions\/2261"}],"up":[{"embeddable":true,"href":"https:\/\/semmelweis.hu\/peto-development\/wp-json\/wp\/v2\/pages\/437"}],"wp:attachment":[{"href":"https:\/\/semmelweis.hu\/peto-development\/wp-json\/wp\/v2\/media?parent=484"}],"wp:term":[{"taxonomy":"category","embeddable":true,"href":"https:\/\/semmelweis.hu\/peto-development\/wp-json\/wp\/v2\/categories?post=484"},{"taxonomy":"post_tag","embeddable":true,"href":"https:\/\/semmelweis.hu\/peto-development\/wp-json\/wp\/v2\/tags?post=484"}],"curies":[{"name":"wp","href":"https:\/\/api.w.org\/{rel}","templated":true}]}}