{"id":480,"date":"2023-04-14T12:30:26","date_gmt":"2023-04-14T10:30:26","guid":{"rendered":"https:\/\/semmelweis.hu\/peto-development\/?page_id=480"},"modified":"2025-03-18T17:19:37","modified_gmt":"2025-03-18T16:19:37","slug":"stroke-hu","status":"publish","type":"page","link":"https:\/\/semmelweis.hu\/peto-development\/hu\/szolgaltatasok\/felnotteknek\/stroke-hu\/","title":{"rendered":"Stroke (Hemipl\u00e9gia \u00e9s aphasia csoportok)"},"content":{"rendered":"<h1>Stroke<\/h1>\n<h5>Hemipl\u00e9gia \u00e9s aphasia csoportok<\/h5>\n<p>A stroke ut\u00e1ni rehabilit\u00e1ci\u00f3 fontos r\u00e9sze a min\u00e9l hamarabbi visszat\u00e9r\u00e9s a lehet\u0151 legjobb \u00e9letmin\u0151s\u00e9g el\u00e9r\u00e9se \u00e9rdek\u00e9ben. Kondukt\u00edv ter\u00e1pia egy olyan ter\u00e1pi\u00e1s megk\u00f6zel\u00edt\u00e9s lehet, amely seg\u00edthet a stroke ut\u00e1ni rehabilit\u00e1ci\u00f3ban.<\/p>\n<p>Kondukt\u00edv ter\u00e1pia a k\u00f6vetkez\u0151 m\u00f3don seg\u00edthet a stroke ut\u00e1ni rehabilit\u00e1ci\u00f3 sor\u00e1n:<\/p>\n<ul>\n<li><strong>Motoros funkci\u00f3k helyre\u00e1ll\u00edt\u00e1sa:<\/strong> A stroke \u00e1ltal okozott gyenges\u00e9g \u00e9s motoros probl\u00e9m\u00e1k gyakoriak. Kondukt\u00edv ter\u00e1pia c\u00e9lja az izomer\u0151 n\u00f6vel\u00e9se, az izomkoordin\u00e1ci\u00f3 \u00e9s a mozg\u00e1smin\u0151s\u00e9g jav\u00edt\u00e1sa.<\/li>\n<li><strong>K\u00e9z \u00e9s kar rehabilit\u00e1ci\u00f3ja:<\/strong> Sok stroke ut\u00e1n a k\u00e9z \u00e9s a kar mozg\u00e9konys\u00e1ga \u00e9s er\u0151ss\u00e9ge s\u00e9r\u00fclhet. Kondukt\u00edv ter\u00e1pia olyan gyakorlatokat k\u00edn\u00e1l, amelyek seg\u00edthetnek a k\u00e9z- \u00e9s karfunkci\u00f3k jav\u00edt\u00e1s\u00e1ban.<\/li>\n<li><strong>Egyens\u00faly \u00e9s koordin\u00e1ci\u00f3 jav\u00edt\u00e1sa:<\/strong> A stroke gyakran egyens\u00faly- \u00e9s koordin\u00e1ci\u00f3s probl\u00e9m\u00e1kat is okoz. Kondukt\u00edv ter\u00e1pia olyan gyakorlatokat \u00e9s tev\u00e9kenys\u00e9geket tartalmazhat, amelyek jav\u00edtj\u00e1k ezeket a k\u00e9pess\u00e9geket.<\/li>\n<li><strong>\u00d6n\u00e1ll\u00f3s\u00e1g vissza\u00e1ll\u00edt\u00e1sa:<\/strong> A stroke ut\u00e1n sokan elvesz\u00edtik az \u00f6n\u00e1ll\u00f3s\u00e1gukat, \u00e9s seg\u00edts\u00e9gre szorulnak az egyszer\u0171 napi tev\u00e9kenys\u00e9gek v\u00e9grehajt\u00e1s\u00e1ban. Kondukt\u00edv ter\u00e1pia olyan gyakorlatokat \u00e9s technik\u00e1kat k\u00edn\u00e1lhat, amelyek visszaadj\u00e1k az \u00f6n\u00e1ll\u00f3s\u00e1got a mindennapi \u00e9letben.<\/li>\n<\/ul>\n<p>Fontos megjegyezni, hogy a stroke ut\u00e1ni rehabilit\u00e1ci\u00f3 egy\u00e9ni sz\u00fcks\u00e9gletek alapj\u00e1n t\u00f6rt\u00e9nik, \u00e9s a kondukt\u00edv ter\u00e1pia csak egy r\u00e9sze lehet ennek a tervnek. A stroke ut\u00e1ni rehabilit\u00e1ci\u00f3 komplex \u00e9s t\u00f6bb szakember, p\u00e9ld\u00e1ul neurol\u00f3gusok, fizioterapeut\u00e1k, logop\u00e9dusok \u00e9s pszichol\u00f3gusok k\u00f6zrem\u0171k\u00f6d\u00e9s\u00e9t ig\u00e9nyli.<\/p>\n<div class=\"fontos_div\">\n<p>A lehet\u0151<strong> legkor\u00e1bban megkezdett rehabilit\u00e1ci\u00f3 <\/strong>a\u00a0kulcsa a <strong>mozg\u00e1s,<\/strong> a <strong>besz\u00e9d \u00e9s a kognit\u00edv<\/strong> k\u00e9pess\u00e9gek fejleszt\u00e9s\u00e9nek.<\/p>\n<\/div>\n<h5 style=\"text-align: center\"><span style=\"text-align: center;font-size: 14pt\">Magyar \u00e1llampolg\u00e1roknak:<\/span><\/h5>\n<p style=\"text-align: center\"><a class=\"btn btn-secondary\" href=\"https:\/\/semmelweis.hu\/peto-development\/hu\/jelentkezes\/jelentkezes-felnott-magyar-allampolgaroknak\/\" target=\"null\" rel=\"noopener\">Jelentkez\u00e9s<\/a><\/p>\n<h5 style=\"text-align: center\"><span style=\"text-align: center;font-size: 14pt\">K\u00fclf\u00f6ldi \u00e1llampolg\u00e1roknak:<\/span><\/h5>\n<p style=\"text-align: center\"><a class=\"btn btn-secondary\" href=\"https:\/\/semmelweis.hu\/peto-development\/jelentkezes\/jelentkezesi-lap-felnott\/\" target=\"null\" rel=\"noopener\">Jelentkez\u00e9s<\/a><\/p>\n<div class=\"keretes w-100\">\n<h5>A kondukt\u00edv program sor\u00e1n c\u00e9lunk:<\/h5>\n<ul style=\"list-style-type: square\">\n<li>j\u00e1r\u00e1smin\u0151s\u00e9g jav\u00edt\u00e1sa,<\/li>\n<li>mindk\u00e9t k\u00e9z bevon\u00e1sa a tev\u00e9kenys\u00e9gekbe,<\/li>\n<li>akt\u00edv \u00e9letvitel kialak\u00edt\u00e1sa \u00e9s megtart\u00e1sa, \u00f6nell\u00e1t\u00e1s el\u00e9r\u00e9se a mozg\u00e1s\u00e1llapothoz m\u00e9rten,<\/li>\n<li>valamint a besz\u00e9d \u00e9s a kommunik\u00e1ci\u00f3s technik\u00e1k fejleszt\u00e9se.<\/li>\n<\/ul>\n<\/div>\n<h5>Tov\u00e1bbi programjaink:<\/h5>\n<ul style=\"list-style-type: square\">\n<li><a href=\"https:\/\/semmelweis.hu\/peto-development\/hu\/szolgaltatasok\/felnotteknek\/kozponti-idegrendszeri-serules\/\">K\u00f6zponti idegrendszeri s\u00e9r\u00fcl\u00e9s (CP)<\/a><\/li>\n<li><a href=\"https:\/\/semmelweis.hu\/peto-development\/hu\/szolgaltatasok\/felnotteknek\/sclerosis-multiplex\/\" target=\"_blank\" rel=\"noopener\">Sclerosis Multiplex\u00a0<\/a><\/li>\n<li style=\"text-align: left\"><a href=\"https:\/\/semmelweis.hu\/peto-development\/hu\/szolgaltatasok\/felnotteknek\/parkinson\/\" target=\"_blank\" rel=\"noopener\">Parkinson\u00a0<\/a><\/li>\n<\/ul>\n\r\n        [slb_exclude]\r\n        <div class=\"row galeria-wrapper mx-0 h-auto\">\r\n            <div class=\"col-9 pl-0 pr-2\">\r\n            <span class=\"gallery-item frame\">\r\n\t\t\t\t<div class=\"galeria-left-img\"><a href=\"https:\/\/semmelweis.hu\/peto-development\/files\/2024\/10\/IMG_9743-scaled.jpg\"><img src=https:\/\/semmelweis.hu\/peto-development\/files\/2024\/10\/IMG_9743-scaled.jpg  \r\n                            alt=\"\" \r\n                            class=\"attachment-sote-gallery-big size-sote-gallery-big\" \r\n                            srcset=\"https:\/\/semmelweis.hu\/peto-development\/files\/2024\/10\/IMG_9743-300x400.jpg 300w, https:\/\/semmelweis.hu\/peto-development\/files\/2024\/10\/IMG_9743-768x1024.jpg 768w, https:\/\/semmelweis.hu\/peto-development\/files\/2024\/10\/IMG_9743-1152x1536.jpg 1152w, https:\/\/semmelweis.hu\/peto-development\/files\/2024\/10\/IMG_9743-1536x2048.jpg 1536w, https:\/\/semmelweis.hu\/peto-development\/files\/2024\/10\/IMG_9743-753x1004.jpg 753w, https:\/\/semmelweis.hu\/peto-development\/files\/2024\/10\/IMG_9743-scaled.jpg 1920w\" ><\/a><\/div>\r\n            <\/span>\r\n\r\n            <\/div>\r\n\r\n\t\t\t<div class=\"col-3 pl-0 pr-0\">\r\n\t\t\t\t<div class=\"galeria-right-img d-flex justify-content-between flex-column h-100 w-100 px-0 mx-0 \">\r\n                <div class=\"galeria-box\">\r\n\t\t\t\t\t<h3 class=\"galeria-title\">Gallery<\/h3>\r\n\t\t\t\t\t<div class=\"galeria-subtitle\">\r\n\r\n\t\t\t\t\t\t<div class=\"galeria-page-counter\"><span>3<\/span>images<\/div>\r\n                    <\/div> <\/div>\r\n                    <span class=\"gallery-item frame d-none d-md-flex\">\r\n\t\t\t\t\t<div class=\"galeria-small-img mt-0\"><a href=\"https:\/\/semmelweis.hu\/peto-development\/files\/2024\/10\/IMG_9717-scaled.jpg\"><img src=https:\/\/semmelweis.hu\/peto-development\/files\/2024\/10\/IMG_9717-scaled.jpg \r\n                                alt=\"\"  \r\n                                class=\"attachment-sote-gallery-small size-sote-gallery-small\" \r\n                                srcset=\"https:\/\/semmelweis.hu\/peto-development\/files\/2024\/10\/IMG_9717-300x400.jpg 300w, https:\/\/semmelweis.hu\/peto-development\/files\/2024\/10\/IMG_9717-768x1024.jpg 768w, https:\/\/semmelweis.hu\/peto-development\/files\/2024\/10\/IMG_9717-1152x1536.jpg 1152w, https:\/\/semmelweis.hu\/peto-development\/files\/2024\/10\/IMG_9717-1536x2048.jpg 1536w, https:\/\/semmelweis.hu\/peto-development\/files\/2024\/10\/IMG_9717-753x1004.jpg 753w, https:\/\/semmelweis.hu\/peto-development\/files\/2024\/10\/IMG_9717-scaled.jpg 1920w\" ><\/a><\/div>\r\n                    <\/span>\r\n                    <span class=\"gallery-item frame d-none d-md-flex\">\r\n\t\t\t\t\t<div class=\"galeria-small-img mt-0\"><a href=\"https:\/\/semmelweis.hu\/peto-development\/files\/2024\/04\/IMG_1687-scaled.jpg\"><img src=https:\/\/semmelweis.hu\/peto-development\/files\/2024\/04\/IMG_1687-scaled.jpg \r\n                                alt=\"\" \r\n                                class=\"attachment-sote-gallery-small size-sote-gallery-small\" \r\n                                srcset=\"https:\/\/semmelweis.hu\/peto-development\/files\/2024\/04\/IMG_1687-300x400.jpg 300w, https:\/\/semmelweis.hu\/peto-development\/files\/2024\/04\/IMG_1687-768x1024.jpg 768w, https:\/\/semmelweis.hu\/peto-development\/files\/2024\/04\/IMG_1687-1152x1536.jpg 1152w, https:\/\/semmelweis.hu\/peto-development\/files\/2024\/04\/IMG_1687-1536x2048.jpg 1536w, https:\/\/semmelweis.hu\/peto-development\/files\/2024\/04\/IMG_1687-753x1004.jpg 753w, https:\/\/semmelweis.hu\/peto-development\/files\/2024\/04\/IMG_1687-scaled.jpg 1920w\" ><\/a><\/div>\r\n                    <\/span>\r\n\r\n                <\/div>\r\n\r\n            <\/div>\r\n\r\n            \r\n            <\/div>\r\n\r\n            [\/slb_exclude]\r\n\t\n<p style=\"text-align: center\">\u00a0<\/p>\n","protected":false},"excerpt":{"rendered":"<p>Stroke Hemipl\u00e9gia \u00e9s aphasia csoportok A stroke ut\u00e1ni rehabilit\u00e1ci\u00f3 fontos r\u00e9sze a min\u00e9l hamarabbi visszat\u00e9r\u00e9s a lehet\u0151 legjobb \u00e9letmin\u0151s\u00e9g el\u00e9r\u00e9se \u00e9rdek\u00e9ben. Kondukt\u00edv ter\u00e1pia egy olyan ter\u00e1pi\u00e1s megk\u00f6zel\u00edt\u00e9s lehet, amely seg\u00edthet a stroke ut\u00e1ni rehabilit\u00e1ci\u00f3ban. Kondukt\u00edv ter\u00e1pia a k\u00f6vetkez\u0151 m\u00f3don seg\u00edthet a stroke ut\u00e1ni rehabilit\u00e1ci\u00f3 sor\u00e1n: Motoros funkci\u00f3k helyre\u00e1ll\u00edt\u00e1sa: A stroke \u00e1ltal okozott gyenges\u00e9g \u00e9s motoros &hellip;<\/p>\n","protected":false},"author":102184,"featured_media":0,"parent":437,"menu_order":2,"comment_status":"closed","ping_status":"closed","template":"","meta":{"_acf_changed":false,"footnotes":""},"categories":[],"tags":[],"class_list":["post-480","page","type-page","status-publish","hentry"],"acf":[],"_links":{"self":[{"href":"https:\/\/semmelweis.hu\/peto-development\/wp-json\/wp\/v2\/pages\/480","targetHints":{"allow":["GET"]}}],"collection":[{"href":"https:\/\/semmelweis.hu\/peto-development\/wp-json\/wp\/v2\/pages"}],"about":[{"href":"https:\/\/semmelweis.hu\/peto-development\/wp-json\/wp\/v2\/types\/page"}],"author":[{"embeddable":true,"href":"https:\/\/semmelweis.hu\/peto-development\/wp-json\/wp\/v2\/users\/102184"}],"replies":[{"embeddable":true,"href":"https:\/\/semmelweis.hu\/peto-development\/wp-json\/wp\/v2\/comments?post=480"}],"version-history":[{"count":11,"href":"https:\/\/semmelweis.hu\/peto-development\/wp-json\/wp\/v2\/pages\/480\/revisions"}],"predecessor-version":[{"id":2260,"href":"https:\/\/semmelweis.hu\/peto-development\/wp-json\/wp\/v2\/pages\/480\/revisions\/2260"}],"up":[{"embeddable":true,"href":"https:\/\/semmelweis.hu\/peto-development\/wp-json\/wp\/v2\/pages\/437"}],"wp:attachment":[{"href":"https:\/\/semmelweis.hu\/peto-development\/wp-json\/wp\/v2\/media?parent=480"}],"wp:term":[{"taxonomy":"category","embeddable":true,"href":"https:\/\/semmelweis.hu\/peto-development\/wp-json\/wp\/v2\/categories?post=480"},{"taxonomy":"post_tag","embeddable":true,"href":"https:\/\/semmelweis.hu\/peto-development\/wp-json\/wp\/v2\/tags?post=480"}],"curies":[{"name":"wp","href":"https:\/\/api.w.org\/{rel}","templated":true}]}}