{"id":435,"date":"2023-04-14T10:51:16","date_gmt":"2023-04-14T08:51:16","guid":{"rendered":"https:\/\/semmelweis.hu\/peto-development\/?page_id=435"},"modified":"2024-09-30T12:32:07","modified_gmt":"2024-09-30T10:32:07","slug":"egyeni-tanacsadas","status":"publish","type":"page","link":"https:\/\/semmelweis.hu\/peto-development\/hu\/szolgaltatasok\/egyeni-tanacsadas\/","title":{"rendered":"Egy\u00e9ni tan\u00e1csad\u00e1s"},"content":{"rendered":"<h1>Egy\u00e9ni tan\u00e1csad\u00e1s<\/h1>\n<p>A k\u00f6z\u00f6s munk\u00e1hoz elengedhetetlen a <strong>komplex \u00e1llapot \u00e9s mozg\u00e1s\u00e1llapot felm\u00e9r\u00e9s<\/strong>, ekkor besz\u00e9lj\u00fck meg a p\u00e1ciens eddigi fejl\u0151d\u00e9s menet\u00e9t, jelenlegi helyzet\u00e9t, \u00e9s kijel\u00f6lj\u00fck a fejleszt\u00e9s f\u0151 c\u00e9ljait, ez egy nagyj\u00e1b\u00f3l m\u00e1sf\u00e9l \u00f3r\u00e1s felv\u00e9tel sor\u00e1n t\u00f6rt\u00e9nik. Az \u00faj jelentkez\u0151k eset\u00e9ben a program megkezd\u00e9s\u00e9t mindig felv\u00e9teli besz\u00e9lget\u00e9s el\u0151zi meg.<\/p>\n<div class=\"keretes w-100\">\n<h6>A vizsg\u00e1lat sor\u00e1n begy\u0171jt\u00f6tt inform\u00e1ci\u00f3k alapj\u00e1n alak\u00edtjuk ki a r\u00e9sztvev\u0151 fejleszt\u00e9si terv\u00e9t, m\u00f3dj\u00e1t.<\/h6>\n<h6>K\u00e9rj\u00fck, hozz\u00e1k magukkal a jelentkez\u0151 relev\u00e1ns orvosi leleteit \u00e9s seg\u00e9deszk\u00f6zeit!<\/h6>\n<h6>Az egy\u00e9ni tan\u00e1csad\u00e1s \u00e1ra: 18.000 Ft<\/h6>\n<\/div>\n<p>A kondukt\u00edv pedag\u00f3giai sz\u0171r\u00e9st konduktor szakember v\u00e9gzi. A sz\u00fcl\u0151 sokszor m\u00e1r k\u00fcl\u00f6nb\u00f6z\u0151 szakvizsg\u00e1latok eredm\u00e9nyeivel (belgy\u00f3gy\u00e1szati, neurol\u00f3giai, ortop\u00e9diai, EEG, stb.) keresi fel k\u00f6zpontunkat, de sok esetben a mi tan\u00e1csunkra ker\u00fclnek a fenn eml\u00edtett szakter\u00fcletek rendel\u00e9seire.<\/p>\n<p>A sz\u0171r\u00e9s sor\u00e1n az anamn\u00e9zis ismert szempontjait alkalmazzuk. Ezen k\u00edv\u00fcl a sz\u00fcl\u0151 kik\u00e9rdez\u00e9se sor\u00e1n fontos inform\u00e1ci\u00f3kat nyer\u00fcnk a gyermek <strong>\u00f6nkiszolg\u00e1l\u00e1s\u00e1t<\/strong>, <strong>szobatisztas\u00e1g\u00e1t, \u00e9tkez\u00e9s\u00e9t, \u00f6lt\u00f6zk\u00f6d\u00e9s\u00e9t<\/strong> \u00e9rint\u0151en is, melyek mind hozz\u00e1seg\u00edtenek az optim\u00e1lis fejleszt\u00e9si terv elk\u00e9sz\u00edt\u00e9s\u00e9hez.<\/p>\n<div class=\"keretes w-100\">\n<p style=\"text-align: center\"><strong>A jelentkez\u00e9seket a <a href=\"mailto:pak.ce@semmelweis.hu\">pak.ce@semmelweis.hu<\/a> email c\u00edmen v\u00e1rjuk!<\/strong><\/p>\n<\/div>\n<h5>\nA felv\u00e9teli sz\u0171r\u0151vizsg\u00e1lat sor\u00e1n megfigyelj\u00fck<\/h5>\n<ul style=\"list-style-type: square\">\n<li>a gyermek \u00e1ltal\u00e1nos fejletts\u00e9g\u00e9t (s\u00faly, testalkat, koponya deformit\u00e1s, csontrendszeri rendelleness\u00e9g&#8230;)<\/li>\n<li>a kontaktus felv\u00e9tel lehet\u0151s\u00e9geit (\u00e9l\u00e9nks\u00e9g, figyelem, arckifejez\u00e9s, verb\u00e1lis kommunik\u00e1ci\u00f3, hypermotilit\u00e1s vagy ind\u00edt\u00e9khi\u00e1ny)<\/li>\n<li>szembe\u00f6tl\u0151 statikai elv\u00e1ltoz\u00e1sokat (jellegzetes tart\u00e1s, parapar\u00e9zis, hemipar\u00e9zis, addukci\u00f3s, flexi\u00f3s, extenzi\u00f3s t\u00f3nusfokoz\u00f3d\u00e1s, skoli\u00f3zis k\u00fcl\u00f6nb\u00f6z\u0151 form\u00e1i, lord\u00f3zis, kyphozis, v\u00e9gtagdeformit\u00e1sok, stb.)<\/li>\n<li>mimikai izmok m\u0171k\u00f6d\u00e9s\u00e9t<\/li>\n<li>l\u00e1t\u00e1s, tekint\u00e9s milyens\u00e9g\u00e9t (kancsals\u00e1g, nystagmus, stb.)<\/li>\n<li>hall\u00e1s m\u00e9rt\u00e9k\u00e9t<\/li>\n<li>nyelv, ajak m\u0171k\u00f6d\u00e9s\u00e9t (szop\u00e1s, r\u00e1g\u00e1s, nyel\u00e9s, ny\u00e1lz\u00e1s, stb.)<\/li>\n<li>besz\u00e9det<\/li>\n<li>izomzat, t\u00f3nuseloszl\u00e1st (akt\u00edv, passz\u00edv mozg\u00e1sok korl\u00e1tozotts\u00e1ga, van-e m\u00e1r kialakult kontrakt\u00fara, stb.)<\/li>\n<li>a koordin\u00e1ci\u00f3t (t\u00falmozg\u00e1s id\u0151beli, t\u00e9rbeli jellemz\u00e9se, c\u00e9lz\u00f3 mozg\u00e1s, egyens\u00faly, stb.)<\/li>\n<li>mozg\u00e1s\u00e1llapot\u00e1t (hely- \u00e9s helyzetv\u00e1ltoztat\u00e1s, \u00fcl\u00e9s, \u00e1ll\u00e1s, fog\u00e1s, stb.)<\/li>\n<\/ul>\n<p>&nbsp;<\/p>\n","protected":false},"excerpt":{"rendered":"<p>Egy\u00e9ni tan\u00e1csad\u00e1s A k\u00f6z\u00f6s munk\u00e1hoz elengedhetetlen a komplex \u00e1llapot \u00e9s mozg\u00e1s\u00e1llapot felm\u00e9r\u00e9s, ekkor besz\u00e9lj\u00fck meg a p\u00e1ciens eddigi fejl\u0151d\u00e9s menet\u00e9t, jelenlegi helyzet\u00e9t, \u00e9s kijel\u00f6lj\u00fck a fejleszt\u00e9s f\u0151 c\u00e9ljait, ez egy nagyj\u00e1b\u00f3l m\u00e1sf\u00e9l \u00f3r\u00e1s felv\u00e9tel sor\u00e1n t\u00f6rt\u00e9nik. Az \u00faj jelentkez\u0151k eset\u00e9ben a program megkezd\u00e9s\u00e9t mindig felv\u00e9teli besz\u00e9lget\u00e9s el\u0151zi meg. A vizsg\u00e1lat sor\u00e1n begy\u0171jt\u00f6tt inform\u00e1ci\u00f3k alapj\u00e1n alak\u00edtjuk &hellip;<\/p>\n","protected":false},"author":102184,"featured_media":0,"parent":80,"menu_order":1,"comment_status":"closed","ping_status":"closed","template":"","meta":{"_acf_changed":false,"footnotes":""},"categories":[],"tags":[],"class_list":["post-435","page","type-page","status-publish","hentry"],"acf":[],"_links":{"self":[{"href":"https:\/\/semmelweis.hu\/peto-development\/wp-json\/wp\/v2\/pages\/435","targetHints":{"allow":["GET"]}}],"collection":[{"href":"https:\/\/semmelweis.hu\/peto-development\/wp-json\/wp\/v2\/pages"}],"about":[{"href":"https:\/\/semmelweis.hu\/peto-development\/wp-json\/wp\/v2\/types\/page"}],"author":[{"embeddable":true,"href":"https:\/\/semmelweis.hu\/peto-development\/wp-json\/wp\/v2\/users\/102184"}],"replies":[{"embeddable":true,"href":"https:\/\/semmelweis.hu\/peto-development\/wp-json\/wp\/v2\/comments?post=435"}],"version-history":[{"count":10,"href":"https:\/\/semmelweis.hu\/peto-development\/wp-json\/wp\/v2\/pages\/435\/revisions"}],"predecessor-version":[{"id":2108,"href":"https:\/\/semmelweis.hu\/peto-development\/wp-json\/wp\/v2\/pages\/435\/revisions\/2108"}],"up":[{"embeddable":true,"href":"https:\/\/semmelweis.hu\/peto-development\/wp-json\/wp\/v2\/pages\/80"}],"wp:attachment":[{"href":"https:\/\/semmelweis.hu\/peto-development\/wp-json\/wp\/v2\/media?parent=435"}],"wp:term":[{"taxonomy":"category","embeddable":true,"href":"https:\/\/semmelweis.hu\/peto-development\/wp-json\/wp\/v2\/categories?post=435"},{"taxonomy":"post_tag","embeddable":true,"href":"https:\/\/semmelweis.hu\/peto-development\/wp-json\/wp\/v2\/tags?post=435"}],"curies":[{"name":"wp","href":"https:\/\/api.w.org\/{rel}","templated":true}]}}